{"id":4,"date":"2024-04-04T07:56:05","date_gmt":"2024-04-04T04:56:05","guid":{"rendered":"https:\/\/sisu.ut.ee\/praktikajuhendaja\/praktika-ulikoolis\/"},"modified":"2024-04-04T07:56:16","modified_gmt":"2024-04-04T04:56:16","slug":"praktika-ulikoolis","status":"publish","type":"page","link":"https:\/\/sisu.ut.ee\/praktikajuhendaja\/praktika-ulikoolis\/","title":{"rendered":"Praktika \u00fclikoolis"},"content":{"rendered":"<p>\n\tSelles osas saad \u00fclevaate praktika m\u00f5istest, protsessist ja olulisusest.\n<\/p>\n<h3>\n\tMis on praktika?<br>\n<\/h3>\n<p>\n\tPraktika on \u00f5pitud teadmiste rakendamine ja kinnistamine reaalses elus ning muidugi ka uute oskuste \u00f5ppimine. \u00dclikoolis toimub \u00f5ppet\u00f6\u00f6 kontakt\u00f5ppe, <b>praktika<\/b> ja iseseisva t\u00f6\u00f6na.\n<\/p>\n<p>\n\t<\/p><div class=\"ratio ratio-16x9 mb-3\"><div class=\"video-placeholder-wrapper video-placeholder-wrapper--16x9\">\n\t\t\t    <div class=\"video-placeholder d-flex justify-content-center align-items-center\">\n\t\t\t        <div class=\"overlay text-white p-2 w-100 text-center d-block justify-content-center align-items-center\">\n\t\t\t            <div>Kolmandate osapoolte sisu n\u00e4gemiseks palun n\u00f5ustu k\u00fcpsistega.<\/div>\n\t\t\t            <button class=\"btn btn-secondary btn-sm mt-1 consent-change\">Muuda n\u00f5usolekut<\/button>\n\t\t\t        <\/div>\n\t\t\t    <\/div>\n\t\t\t<\/div>\n<\/div>\n\n<p>\n\tPraktika maht s\u00f5ltub erialast ja see m\u00e4\u00e4ratakse \u00f5ppekavas.\n<\/p>\n<ul>\n<li>\n\t\t<strong>Bakalaureuse- ja magistri\u00f5ppes<\/strong> on praktika siis, kui see on vajalik \u00f5ppekava v\u00f5i eriala \u00f5piv\u00e4ljundite saavutamiseks. Sel juhul m\u00e4\u00e4ratakse praktika maht \u00f5ppekavas ja praktika v\u00f5ib olla \u00fcli\u00f5pilasele kohustuslik v\u00f5i vabatahtlikult valitav. <strong>Rakendusk\u00f5rgharidus\u00f5ppes<\/strong> moodustab praktika 15% \u00f5ppe mahust ja on \u00fcldjuhul \u00fcli\u00f5pilasele kohustuslik.\n\t<\/li>\n<li>\n\t\t\u00d5ppe, sh praktika, mahtu arvestatakse Euroopa ainepunktis\u00fcsteemi ainepunktides (EAP). \u00dcks EAP vastab arvestuslikult 26 tunnile \u00fcli\u00f5pilase \u00f5ppet\u00f6\u00f6le. \u00dche \u00f5ppeaasta maht k\u00f5rgharidustaseme \u00f5ppes on 60 ainepunkti.\n\t<\/li>\n<li>\n\t\t<strong>Tartu \u00dclikooli<\/strong> k\u00f5igis bakalaureuse\u00f5ppekavades on praktika 6 EAP mahus. Ka k\u00f5igis magistri\u00f5ppekavades on praktika ette n\u00e4htud.\n\t<\/li>\n<\/ul>\n<h3>\n\tKuidas praktika on korraldatud?<br>\n<\/h3>\n<p>\n\tPraktika protsess on \u00fcldine tegevusraamistik. See on \u00fchine k\u00f5igile kolmele praktika poolele: \u00fclikoolipoolsele juhendajale, \u00fcli\u00f5pilasele ja praktikajuhendajale.\n<\/p>\n<p style=\"text-align: center\">\n\t<a class=\"colorbox\" data-url=\"https:\/\/sisu.ut.ee\/wp-content\/uploads\/sites\/554\/praktika-protsess-l.jpg\" href=\"https:\/\/sisu.ut.ee\/wp-content\/uploads\/sites\/554\/praktika-protsess-l.jpg\" target=\"_blank\" title=\"Praktika protsessi joonis\" rel=\"noopener\"><img loading=\"lazy\" decoding=\"async\" width=\"720\" height=\"405\" class=\"alignnone wp-image-29\" style=\"width: 708px;height: 398px\" src=\"https:\/\/sisu.ut.ee\/wp-content\/uploads\/sites\/554\/praktika-protsess.png\" title=\"praktika-protsess.png\" alt=\"Praktika protsessi joonis\" srcset=\"https:\/\/sisu.ut.ee\/wp-content\/uploads\/sites\/554\/praktika-protsess.png 720w, https:\/\/sisu.ut.ee\/wp-content\/uploads\/sites\/554\/praktika-protsess-300x169.png 300w\" sizes=\"auto, (max-width: 720px) 100vw, 720px\"><\/a>\n<\/p>\n<h3>\n\tMiks on praktika vajalik?<br>\n<\/h3>\n<p>\n\tPraktikal omandab \u00fcli\u00f5pilane praktilised oskused, kogemuse ja teadmised, mis aitavad tal paremini tulevikus t\u00f6\u00f6turul hakkama saada. See t\u00e4hendab, et praktikal on oluline panustada tulevikuoskuste arendamisele.\n<\/p>\n<h4>\n\tMis on tulevikuoskused?<br>\n<\/h4>\n<p>\n\tM\u00f5istega \u201ctulevikuoskused\u201d t\u00e4histatakse v\u00f5imekust lahendada keerulisi probleeme tuleviku tundmatus kontekstis ning inimese oskust k\u00e4ituda ennast juhtivalt. Seega aitavad tulevikuoskused inimesel kohaneda tulevikus (kiiresti) muutuvate t\u00f6\u00f6\u00fclesannetega ja neid edukalt t\u00e4ita.\n<\/p>\n<p>\n\t<\/p><div class=\"ratio ratio-16x9 mb-3\"><div class=\"video-placeholder-wrapper video-placeholder-wrapper--16x9\">\n\t\t\t    <div class=\"video-placeholder d-flex justify-content-center align-items-center\">\n\t\t\t        <div class=\"overlay text-white p-2 w-100 text-center d-block justify-content-center align-items-center\">\n\t\t\t            <div>Kolmandate osapoolte sisu n\u00e4gemiseks palun n\u00f5ustu k\u00fcpsistega.<\/div>\n\t\t\t            <button class=\"btn btn-secondary btn-sm mt-1 consent-change\">Muuda n\u00f5usolekut<\/button>\n\t\t\t        <\/div>\n\t\t\t    <\/div>\n\t\t\t<\/div>\n<\/div>\n\n<blockquote>\n<p>\n\t\tOled saanud \u00fcldise \u00fclevaate sellest, mis on praktika. N\u00fc\u00fcd saad l\u00e4hemalt tutvuda nii enda kui ka teiste poolte \u00fclesannetega praktika protsessi eri etappides. Kui valid enda rolli (nt praktikajuhendaja), n\u00e4ed vaid neid \u00fclesandeid, mis on olulised Sinu jaoks. Soovitame Sul siiski tutvuda ka teiste praktikapoolte \u00fclesannetega, sest nii saad paremini kavandada ka oma tegevusi ning m\u00f5ista \u00fcli\u00f5pilase vajadusi ja kohustusi ning \u00fclikooli ootusi.\n\t<\/p>\n<\/blockquote>\n","protected":false},"excerpt":{"rendered":"<p>Selles osas saad \u00fclevaate praktika m\u00f5istest, protsessist ja olulisusest. Mis on praktika? Praktika on \u00f5pitud teadmiste rakendamine ja kinnistamine reaalses elus ning muidugi ka uute oskuste \u00f5ppimine. \u00dclikoolis toimub \u00f5ppet\u00f6\u00f6 kontakt\u00f5ppe, praktika ja iseseisva t\u00f6\u00f6na. Kolmandate osapoolte sisu n\u00e4gemiseks palun &#8230;<\/p>\n","protected":false},"author":164,"featured_media":0,"parent":0,"menu_order":0,"comment_status":"closed","ping_status":"closed","template":"","meta":{"_acf_changed":false,"inline_featured_image":false,"footnotes":""},"class_list":["post-4","page","type-page","status-publish","hentry"],"acf":[],"_links":{"self":[{"href":"https:\/\/sisu.ut.ee\/praktikajuhendaja\/wp-json\/wp\/v2\/pages\/4","targetHints":{"allow":["GET"]}}],"collection":[{"href":"https:\/\/sisu.ut.ee\/praktikajuhendaja\/wp-json\/wp\/v2\/pages"}],"about":[{"href":"https:\/\/sisu.ut.ee\/praktikajuhendaja\/wp-json\/wp\/v2\/types\/page"}],"author":[{"embeddable":true,"href":"https:\/\/sisu.ut.ee\/praktikajuhendaja\/wp-json\/wp\/v2\/users\/164"}],"replies":[{"embeddable":true,"href":"https:\/\/sisu.ut.ee\/praktikajuhendaja\/wp-json\/wp\/v2\/comments?post=4"}],"version-history":[{"count":1,"href":"https:\/\/sisu.ut.ee\/praktikajuhendaja\/wp-json\/wp\/v2\/pages\/4\/revisions"}],"predecessor-version":[{"id":72,"href":"https:\/\/sisu.ut.ee\/praktikajuhendaja\/wp-json\/wp\/v2\/pages\/4\/revisions\/72"}],"wp:attachment":[{"href":"https:\/\/sisu.ut.ee\/praktikajuhendaja\/wp-json\/wp\/v2\/media?parent=4"}],"curies":[{"name":"wp","href":"https:\/\/api.w.org\/{rel}","templated":true}]}}