{"id":3,"date":"2024-04-04T07:56:05","date_gmt":"2024-04-04T04:56:05","guid":{"rendered":"https:\/\/sisu.ut.ee\/praktikajuhendaja\/avaleht\/"},"modified":"2024-04-15T23:01:58","modified_gmt":"2024-04-15T20:01:58","slug":"avaleht","status":"publish","type":"page","link":"https:\/\/sisu.ut.ee\/praktikajuhendaja\/","title":{"rendered":"Avaleht"},"content":{"rendered":"<h2>\n\tHea juhendaja!<br>\n<\/h2>\n<p>\n\tMeil on hea meel tervitada Sind praktikajuhendaja e-kursusel.\n<\/p>\n<h3>\n\tMis see on?<br>\n<\/h3>\n<p>\n\tSee on kursus praktika juhendamisest, mida saad v\u00f5tta kohe, kui Sulle selleks vajadus avaneb. N\u00e4iteks tuleb Sulle \u00fcli\u00f5pilane praktikale v\u00f5i tahad teada, et kuidas on \u00fclikoolis praktika korraldatud. Sa ei pea minema selleks praktikajuhendajate kursusele, vaid oma esimesed teadmised saad siit.\n<\/p>\n<h3>\n\tMiks see kursus on just Sulle?<br>\n<\/h3>\n<p>\n\t<strong>Kursuse l\u00e4bimisel saab Sinust parem praktikajuhendaja, sest<\/strong>\n<\/p>\n<ul>\n<li>\n\t\tsee annab Sulle \u00fclevaate, miks praktika \u00fcli\u00f5pilaste \u00f5ppekavas on ja kuidas see on \u00fcles ehitatud;\n\t<\/li>\n<li>\n\t\tsaad teada, millised on ootused Sulle kui \u00fcli\u00f5pilase juhendajale ja mida peab \u00fcli\u00f5pilane praktikal tegema;\n\t<\/li>\n<li>\n\t\tleiad kasulikke n\u00f5uandeid \u00fcli\u00f5pilase juhendamiseks.\n\t<\/li>\n<\/ul>\n<h3>\n\tKuidas seda kursust l\u00e4bida?<br>\n<\/h3>\n<p>\n\t<strong>Kursus on \u00fcles ehitatud j\u00e4rgmiselt:<\/strong>\n<\/p>\n<p>\n\tAlustame l\u00fchikese selgitusega, milline on praktika ja selle protsess \u00fclikoolis. Seej\u00e4rel tutvustame praktika etappe pooltest l\u00e4htuvalt (praktikajuhendaja, \u00fcli\u00f5pilane, \u00fclikoolipoolne juhendaja). K\u00f5ikides osades anname vastused k\u00fcsimustele \u201cmis\/mida?\u201d, \u201ckuidas?\u201d ja \u201cmiks?\u201d.\n<\/p>\n<p>\n\tKursusel on kasutusel\u00a0kolm\u00a0v\u00e4rvi: oran\u017e \u2013 t\u00e4histab \u00fcli\u00f5pilase tegevusi\u00a0ja ootusi\u00a0talle; tumehall \u2013 t\u00e4histab praktikajuhendaja tegevusi\u00a0ning sinine \u2013 t\u00e4histab \u00fclikooli poolse juhendaja tegevusi.\u00a0\n<\/p>\n<p>\n\t<strong>Kursuse l\u00e4bimiseks on kaks v\u00f5imalust:<\/strong>\n<\/p>\n<ol>\n<li>\n\t\t<strong>Tunnistuseta<\/strong> \u2013 Sa loed iseseisvalt l\u00e4bi tekstid ja saad \u00fcldjoontes aru, kuidas praktika on \u00fcles ehitatud, kuidas \u00fcli\u00f5pilane selle l\u00e4bib ning mida ja kuidas Sina praktikajuhendajana pead tegema. Iseseisvalt ilma \u00fclesanneteta kursuse l\u00e4bimise soovitame valida siis, kui \u00fcli\u00f5pilane on juba praktikale tulnud ja kohe on vaja teada, mida ja kuidas teha. Kui tunned, et tegelikult tahaksid rohkem teada, on Sul v\u00f5imalus ka hiljem l\u00e4bida pikem \u00fclesannetega kursus ja saada tunnistus.\n\t<\/li>\n<li>\n\t\t<strong>Tunnistusega<\/strong> \u2013 Sa loed l\u00e4bi tekstid, tutvud t\u00e4iendavate materjalidega, vastad eneseanal\u00fc\u00fcsi k\u00fcsimustele ja saad tagasisidet. Sel moel m\u00f5istad paremini, mida pead juhendajana t\u00e4hele panema ja kuidas olla hea juhendaja, mida teeb \u00fclikool praktika edukaks toimimiseks ning millised on \u00fcli\u00f5pilase kohustused. Sel moel kursust l\u00e4bides saad sa Tartu \u00dclikooli t\u00e4ienduskoolituse tunnistuse (1 EAP).<br>\u00dclesannetega kursuse soovitame valida, kui soovid p\u00f5hjalikumalt valmistuda \u00fcli\u00f5pilase juhendamiseks v\u00f5i tunned lihtsalt huvi selle vastu, milline on t\u00e4nap\u00e4evane ja kvaliteetne praktika, et \u00fcli\u00f5pilasi paremini t\u00f6\u00f6turule ette valmistada.\n\t<\/li>\n<\/ol>\n<p>\n\tM\u00f5lemal juhul on Sul v\u00f5imalik \u00f5ppida just endale sobivas tempos, ajal ja kohas. Samuti saad valida, kas avad vaid Sind kui juhendajat puudutavad osad v\u00f5i tutvud ka sellega, mida \u00fclikool ja \u00fcli\u00f5pilane praktikaga seoses teevad.\n<\/p>\n<p>\n\tSelle kursuse koostasime Sinu jaoks, kuna tegeleme praktika ja selle arendamisega ning usume, et praktika on \u00fcli\u00f5pilaste ja t\u00f6\u00f6andjate jaoks v\u00e4ga oluline.\n<\/p>\n<div class=\"row\">\n<div class=\"offset-3 col-md-3 col-sm-3 col-xs-3\" style=\"text-align: center\">\n\t\t<img loading=\"lazy\" decoding=\"async\" width=\"422\" height=\"423\" class=\"alignnone wp-image-28\" src=\"https:\/\/sisu.ut.ee\/wp-content\/uploads\/sites\/554\/anneli-r.png\" title=\"anneli-r.png\" alt=\"Anneli Lorenz\" srcset=\"https:\/\/sisu.ut.ee\/wp-content\/uploads\/sites\/554\/anneli-r.png 422w, https:\/\/sisu.ut.ee\/wp-content\/uploads\/sites\/554\/anneli-r-300x300.png 300w, https:\/\/sisu.ut.ee\/wp-content\/uploads\/sites\/554\/anneli-r-150x150.png 150w\" sizes=\"auto, (max-width: 422px) 100vw, 422px\">\u00a0<strong>Anneli Lorenz<\/strong>\n<p>\n\t\t\tidee autor, ekspert, T\u00dc\u00a0majandusteaduskond\n\t\t<\/p>\n<\/div>\n<div class=\"col-md-3 col-sm-3 col-xs-3\" style=\"text-align: center\">\n\t\t<img loading=\"lazy\" decoding=\"async\" width=\"422\" height=\"422\" class=\"alignnone wp-image-25\" src=\"https:\/\/sisu.ut.ee\/wp-content\/uploads\/sites\/554\/siret-r.png\" title=\"siret-r.png\" alt=\"Siret Rutiku\" srcset=\"https:\/\/sisu.ut.ee\/wp-content\/uploads\/sites\/554\/siret-r.png 422w, https:\/\/sisu.ut.ee\/wp-content\/uploads\/sites\/554\/siret-r-300x300.png 300w, https:\/\/sisu.ut.ee\/wp-content\/uploads\/sites\/554\/siret-r-150x150.png 150w\" sizes=\"auto, (max-width: 422px) 100vw, 422px\">\u00a0<strong>Siret Rutiku<\/strong>\n<p>\n\t\t\tekspert, n\u00f5ustaja, toimetaja, T\u00dc\n\t\t<\/p>\n<\/div>\n<\/div>\n<div class=\"row\">\n<div class=\"offset-3 col-sm-3 col-md-2 col-xs-3\" style=\"text-align: center\">\n\t\t<img loading=\"lazy\" decoding=\"async\" width=\"422\" height=\"422\" class=\"alignnone wp-image-27\" src=\"https:\/\/sisu.ut.ee\/wp-content\/uploads\/sites\/554\/anu-r.png\" title=\"anu-r.png\" alt=\"Anu Sarv\" srcset=\"https:\/\/sisu.ut.ee\/wp-content\/uploads\/sites\/554\/anu-r.png 422w, https:\/\/sisu.ut.ee\/wp-content\/uploads\/sites\/554\/anu-r-300x300.png 300w, https:\/\/sisu.ut.ee\/wp-content\/uploads\/sites\/554\/anu-r-150x150.png 150w\" sizes=\"auto, (max-width: 422px) 100vw, 422px\">\u00a0<strong>Anu Sarv<\/strong>\n<p>\n\t\t\t\u00f5petamis-oskuste konsultant, T\u00dc\n\t\t<\/p>\n<\/div>\n<div class=\" col-md-2 col-sm-3 col-xs-3\" style=\"text-align: center\">\n\t\t<img loading=\"lazy\" decoding=\"async\" width=\"422\" height=\"422\" class=\"alignnone wp-image-26\" src=\"https:\/\/sisu.ut.ee\/wp-content\/uploads\/sites\/554\/aet-r.png\" title=\"aet-r.png\" alt=\"Aet Kiisla\" srcset=\"https:\/\/sisu.ut.ee\/wp-content\/uploads\/sites\/554\/aet-r.png 422w, https:\/\/sisu.ut.ee\/wp-content\/uploads\/sites\/554\/aet-r-300x300.png 300w, https:\/\/sisu.ut.ee\/wp-content\/uploads\/sites\/554\/aet-r-150x150.png 150w\" sizes=\"auto, (max-width: 422px) 100vw, 422px\">\u00a0<strong>Aet Kiisla<\/strong>\n<p>\n\t\t\tpodcastid, T\u00dc\u00a0Narva kolled\u017e\n\t\t<\/p>\n<\/div>\n<div class=\"col-md-2 col-sm-3 col-xs-3\" style=\"text-align: center\">\n\t\t<img loading=\"lazy\" decoding=\"async\" width=\"422\" height=\"422\" class=\"alignnone wp-image-24\" src=\"https:\/\/sisu.ut.ee\/wp-content\/uploads\/sites\/554\/airi-r.png\" title=\"airi-r.png\" alt=\"Airi Niilo\" srcset=\"https:\/\/sisu.ut.ee\/wp-content\/uploads\/sites\/554\/airi-r.png 422w, https:\/\/sisu.ut.ee\/wp-content\/uploads\/sites\/554\/airi-r-300x300.png 300w, https:\/\/sisu.ut.ee\/wp-content\/uploads\/sites\/554\/airi-r-150x150.png 150w\" sizes=\"auto, (max-width: 422px) 100vw, 422px\">\u00a0<strong>Airi Niilo<\/strong>\n<p>\n\t\t\t\u00f5petamis-oskuste konsultant, T\u00dc\n\t\t<\/p>\n<\/div>\n<\/div>\n<hr>\n<h4 style=\"text-align: center\">\n\tKui tahad\u00a0veel midagi t\u00e4psustada v\u00f5i teha ettepanekuid, kirjuta: <a href=\"mailto:praktika@ut.ee\">praktika@ut.ee<\/a>.<br>\n<\/h4>\n<hr>\n<p style=\"text-align: center\">\n\t<strong>EDU JUHENDAMISEL!<\/strong><\/p>\n","protected":false},"excerpt":{"rendered":"<p>Hea juhendaja! Meil on hea meel tervitada Sind praktikajuhendaja e-kursusel. Mis see on? See on kursus praktika juhendamisest, mida saad v\u00f5tta kohe, kui Sulle selleks vajadus avaneb. N\u00e4iteks tuleb Sulle \u00fcli\u00f5pilane praktikale v\u00f5i tahad teada, et kuidas on \u00fclikoolis praktika &#8230;<\/p>\n","protected":false},"author":164,"featured_media":0,"parent":0,"menu_order":0,"comment_status":"closed","ping_status":"closed","template":"","meta":{"_acf_changed":false,"inline_featured_image":false,"footnotes":""},"class_list":["post-3","page","type-page","status-publish","hentry"],"acf":[],"_links":{"self":[{"href":"https:\/\/sisu.ut.ee\/praktikajuhendaja\/wp-json\/wp\/v2\/pages\/3","targetHints":{"allow":["GET"]}}],"collection":[{"href":"https:\/\/sisu.ut.ee\/praktikajuhendaja\/wp-json\/wp\/v2\/pages"}],"about":[{"href":"https:\/\/sisu.ut.ee\/praktikajuhendaja\/wp-json\/wp\/v2\/types\/page"}],"author":[{"embeddable":true,"href":"https:\/\/sisu.ut.ee\/praktikajuhendaja\/wp-json\/wp\/v2\/users\/164"}],"replies":[{"embeddable":true,"href":"https:\/\/sisu.ut.ee\/praktikajuhendaja\/wp-json\/wp\/v2\/comments?post=3"}],"version-history":[{"count":3,"href":"https:\/\/sisu.ut.ee\/praktikajuhendaja\/wp-json\/wp\/v2\/pages\/3\/revisions"}],"predecessor-version":[{"id":96,"href":"https:\/\/sisu.ut.ee\/praktikajuhendaja\/wp-json\/wp\/v2\/pages\/3\/revisions\/96"}],"wp:attachment":[{"href":"https:\/\/sisu.ut.ee\/praktikajuhendaja\/wp-json\/wp\/v2\/media?parent=3"}],"curies":[{"name":"wp","href":"https:\/\/api.w.org\/{rel}","templated":true}]}}