{"id":18,"date":"2024-04-04T07:56:06","date_gmt":"2024-04-04T04:56:06","guid":{"rendered":"https:\/\/sisu.ut.ee\/praktikajuhendaja\/kasutatud-allikad\/"},"modified":"2024-04-04T07:56:15","modified_gmt":"2024-04-04T04:56:15","slug":"kasutatud-allikad","status":"publish","type":"page","link":"https:\/\/sisu.ut.ee\/praktikajuhendaja\/kasutatud-allikad\/","title":{"rendered":"Kasutatud allikad"},"content":{"rendered":"<p>\n\tSiit leiate\u00a0kasutatud allikad ja t\u00e4iendavad materjalid huvi korral tutvumiseks.\n<\/p>\n<ul>\n<li>\n\t\tAlderman, M. K. (2008). Motivation for Achievement. Routledge\n\t<\/li>\n<li>\n\t\tAshwin, P. et al. (2015). Reflective teaching in higher education. London: Bloomsbury\n\t<\/li>\n<li>\n\t\tDavis D. (2003). The ideal supervisor from the candidate\u2019s perspective: what qualities do\n\t<\/li>\n<li>\n\t\tstudents actually want? \u2013 Journal of Further and Higher Education, 44(9), 1220-1232.\n\t<\/li>\n<li>\n\t\tEhlers, U.-D., Kellermann, S. A. (2019). Future Skills. The future of Learning and Higher education. Results of the International Future Skills Delphi Survey. Karlsruhe (https:\/\/nextskills.files.wordpress.com\/2019\/05\/2019-05-17-reportvs.15.pdf)\n\t<\/li>\n<li>\n\t\tGordon, T. (2003). T\u00f5hus juht. V\u00e4ike Vanker\n\t<\/li>\n<li>\n\t\tHattie, J., Timperley, H. (2007). The Power of feedback. Review of Educational research 77 (1) 81-112\n\t<\/li>\n<li>\n\t\tKarm, M. (2010). \u00d5ppemeetodid k\u00f5rgkoolis. Juhendmaterjal. Primus, SA Archimedes, Tartu\n\t<\/li>\n<li>\n\t\tK\u00f5rgharidusstandard \u2013 https:\/\/www.riigiteataja.ee\/akt\/112072019017\n\t<\/li>\n<li>\n\t\tLandsberg, Max (2003). Juhendamise kunst: suurenda oma t\u00f6\u00f6 efektiivsust inspireerides ja arendades end \u00fcmbritsevaid inimesi. Varrak, Tallinn\n\t<\/li>\n<li>\n\t\tLumpre, J., Sarv, A., Niilo, A., Karm, M., Haldre, S. (2019). T\u00dc meditsiiniteaduste valdkonna arstiteaduse \u00f5ppekava praktikantide ja arst-residentitde juhendajate juhendmaterjal. Tartu \u00dclikool\n\t<\/li>\n<li>\n\t\tMiller, S., Miller, P., Nunnally, W., Wackman, B. (1995). Suhdetaitoja. Resurssi. Naanatali\n\t<\/li>\n<li>\n\t\tRosenberg, M. B. (2005). V\u00e4givallatu suhtlemine. Nebadon\n\t<\/li>\n<li>\n\t\tRutiku, S., Lorenz, A., Pedak, E. (2013). Projektip\u00f5hine praktika k\u00f5rgkoolis. Juhendmaterjal. SA Archimedes, Tartu (https:\/\/www.innove.ee\/wp-content\/uploads\/2018\/08\/projektip%C3%B5hine-praktika-k%C3%B5rgkoolis.pdf)\u00a0\n\t<\/li>\n<li>\n\t\tRutiku, S. (2014). \u00dclekantavate p\u00e4devuste arendamine k\u00f5rghariduses. Juhendmaterjal, SA Archimedes, Tartu (https:\/\/www.digar.ee\/arhiiv\/nlib-digar:198187)\u00a0\n\t<\/li>\n<li>\n\t\tSiegel, B. (3.01.2020). Tips for Conducting Intern Evaluations (https:\/\/hirescholars.com\/tips-for-conducting-intern-evaluations\/)\u00a0\n\t<\/li>\n<li>\n\t\tTrue, M. (2018). InternQube. Professional Skills for the Workplace.\n\t<\/li>\n<li>\n\t\tVahtram\u00e4e, A., Sikk, J. jt. (2011). Praktika k\u00f5rgkoolis, SA Archimedes, Tartu \u00a0(https:\/\/www.innove.ee\/wp-content\/uploads\/2018\/08\/praktika-k%C3%B5rgkoolis-trykki_0.pdf)\u00a0\n\t<\/li>\n<\/ul>\n","protected":false},"excerpt":{"rendered":"<p>Siit leiate\u00a0kasutatud allikad ja t\u00e4iendavad materjalid huvi korral tutvumiseks. Alderman, M. K. (2008). Motivation for Achievement. Routledge Ashwin, P. et al. (2015). Reflective teaching in higher education. London: Bloomsbury Davis D. (2003). The ideal supervisor from the candidate\u2019s perspective: what &#8230;<\/p>\n","protected":false},"author":164,"featured_media":0,"parent":0,"menu_order":0,"comment_status":"closed","ping_status":"closed","template":"","meta":{"_acf_changed":false,"inline_featured_image":false,"footnotes":""},"class_list":["post-18","page","type-page","status-publish","hentry"],"acf":[],"_links":{"self":[{"href":"https:\/\/sisu.ut.ee\/praktikajuhendaja\/wp-json\/wp\/v2\/pages\/18","targetHints":{"allow":["GET"]}}],"collection":[{"href":"https:\/\/sisu.ut.ee\/praktikajuhendaja\/wp-json\/wp\/v2\/pages"}],"about":[{"href":"https:\/\/sisu.ut.ee\/praktikajuhendaja\/wp-json\/wp\/v2\/types\/page"}],"author":[{"embeddable":true,"href":"https:\/\/sisu.ut.ee\/praktikajuhendaja\/wp-json\/wp\/v2\/users\/164"}],"replies":[{"embeddable":true,"href":"https:\/\/sisu.ut.ee\/praktikajuhendaja\/wp-json\/wp\/v2\/comments?post=18"}],"version-history":[{"count":1,"href":"https:\/\/sisu.ut.ee\/praktikajuhendaja\/wp-json\/wp\/v2\/pages\/18\/revisions"}],"predecessor-version":[{"id":58,"href":"https:\/\/sisu.ut.ee\/praktikajuhendaja\/wp-json\/wp\/v2\/pages\/18\/revisions\/58"}],"wp:attachment":[{"href":"https:\/\/sisu.ut.ee\/praktikajuhendaja\/wp-json\/wp\/v2\/media?parent=18"}],"curies":[{"name":"wp","href":"https:\/\/api.w.org\/{rel}","templated":true}]}}