{"id":16,"date":"2024-04-04T07:56:06","date_gmt":"2024-04-04T04:56:06","guid":{"rendered":"https:\/\/sisu.ut.ee\/praktikajuhendaja\/annab-hinnangu-praktikaaruandele\/"},"modified":"2024-06-18T17:06:44","modified_gmt":"2024-06-18T14:06:44","slug":"annab-hinnangu-praktikaaruandele","status":"publish","type":"page","link":"https:\/\/sisu.ut.ee\/praktikajuhendaja\/annab-hinnangu-praktikaaruandele\/","title":{"rendered":"\u00dclikoolipoolne juhendaja annab hinnangu praktikaaruandele"},"content":{"rendered":"<p>\n\tSelles osas selgitatakse, mida \u00fclikooli poolne juhendaja praktikaaruandes hindab ning miks on hinnangu andmine oluline.\n<\/p>\n<h3>\n\tMida praktikaaruandes hinnatakse?<br>\n<\/h3>\n<p>\n\t<\/p><div class=\"ratio ratio-16x9 mb-3\"><div class=\"video-placeholder-wrapper video-placeholder-wrapper--16x9\">\n\t\t\t    <div class=\"video-placeholder d-flex justify-content-center align-items-center\">\n\t\t\t        <div class=\"overlay text-white p-2 w-100 text-center d-block justify-content-center align-items-center\">\n\t\t\t            <div>Kolmandate osapoolte sisu n\u00e4gemiseks palun n\u00f5ustu k\u00fcpsistega.<\/div>\n\t\t\t            <button class=\"btn btn-secondary btn-sm mt-1 consent-change\">Muuda n\u00f5usolekut<\/button>\n\t\t\t        <\/div>\n\t\t\t    <\/div>\n\t\t\t<\/div>\n<\/div>\n\n<p>\n\tIga \u00fcli\u00f5pilane saab tagasiside oma praktikaaruandele ning isiklikule arengule. Nii praktikaaruande vorm kui ka hindamine on m\u00e4\u00e4ratletud instituudis. Praktikaaruande hindamise eesm\u00e4rk on anda \u00fcli\u00f5pilasele tagasisidet tema oskuse kohta anal\u00fc\u00fcsida oma \u00f5ppimiskogemust.\n<\/p>\n<p>\n\tPraktikaaruandes ja selle esitlusel hinnatakse aspekte, mis on olulised \u00fcli\u00f5pilase isikliku arengu jaoks (Mida ma tahan praktikal \u00f5ppida? Kuidas ma plaanin seda \u00f5ppida? Kuidas ma t\u00f5endan, et ma seda \u00f5ppisin?).\n<\/p>\n<ul>\n<li>\n\t\tEesm\u00e4rkide seadmine ja saavutamine\n\t<\/li>\n<li>\n\t\tEneseanal\u00fc\u00fcs eesm\u00e4rkide saavutamisel\n\t<\/li>\n<li>\n\t\tErialaste p\u00e4devuste arendamine\n\t<\/li>\n<li>\n\t\tTulevikuoskuste kasutamine ja arendamine\n\t<\/li>\n<li>\n\t\t\u00d5pikogemuse reflekteerimine\n\t<\/li>\n<li>\n\t\tVormistus ja esitlus\n\t<\/li>\n<\/ul>\n<h3>\n\tKuidas anda praktikaaruandele ja esitlemisele hinnangut?<br>\n<\/h3>\n<p>\n\tPraktikaaruande ja selle kaitsmise hindamisel on oluline anda \u00fcli\u00f5pilasele terviklikku ja konstruktiivset tagasisidet. See t\u00e4hendab, et tagasisidet tuleb anda nii \u00fcli\u00f5pilase arengule (praktikaaruande osa) kui ka tema oskusele ennast kirjalikult ja suuliselt v\u00e4ljendada. Tagasisides on oluline v\u00e4lja tuua nii tugevused (mis on v\u00e4ga h\u00e4sti, mis v\u00e4\u00e4rib tunnustamist jmt) kui ka arenguvajadused (millised on olulisemad puudused, mida saaks paremini teha, millele edaspidi t\u00e4helepanu p\u00f6\u00f6rata jmt). Igal praktikal v\u00f5ivad olla spetsiifilised hindamiskriteeriumid. Need v\u00f5ivad varieeruda l\u00e4htuvalt \u00f5ppekavast ja \u00f5ppetasemest.\n<\/p>\n<h3>\n\tMiks on \u00fcli\u00f5pilasele praktikaaruande kohta hinnangu ja tagasiside andmine oluline?<br>\n<\/h3>\n<p>\n\tTerviklik ja konstruktiivne tagasiside toetab \u00fcli\u00f5pilase arengut, kuna aitab \u00fcli\u00f5pilasel parandada eneseanal\u00fc\u00fcsi oskust, selgitada v\u00e4lja teadmiste ja oskuste t\u00e4iendamise vajadused ning kavandada edasisi \u00f5pinguid v\u00f5i planeerida karj\u00e4\u00e4ri.\n<\/p>\n<p>\n\t<\/p><div class=\"ratio ratio-16x9 mb-3\"><div class=\"video-placeholder-wrapper video-placeholder-wrapper--16x9\">\n\t\t\t    <div class=\"video-placeholder d-flex justify-content-center align-items-center\">\n\t\t\t        <div class=\"overlay text-white p-2 w-100 text-center d-block justify-content-center align-items-center\">\n\t\t\t            <div>Kolmandate osapoolte sisu n\u00e4gemiseks palun n\u00f5ustu k\u00fcpsistega.<\/div>\n\t\t\t            <button class=\"btn btn-secondary btn-sm mt-1 consent-change\">Muuda n\u00f5usolekut<\/button>\n\t\t\t        <\/div>\n\t\t\t    <\/div>\n\t\t\t<\/div>\n<\/div>\n","protected":false},"excerpt":{"rendered":"<p>Selles osas selgitatakse, mida \u00fclikooli poolne juhendaja praktikaaruandes hindab ning miks on hinnangu andmine oluline. Mida praktikaaruandes hinnatakse? Kolmandate osapoolte sisu n\u00e4gemiseks palun n\u00f5ustu k\u00fcpsistega. Muuda n\u00f5usolekut Iga \u00fcli\u00f5pilane saab tagasiside oma praktikaaruandele ning isiklikule arengule. Nii praktikaaruande vorm kui &#8230;<\/p>\n","protected":false},"author":164,"featured_media":0,"parent":0,"menu_order":0,"comment_status":"closed","ping_status":"closed","template":"","meta":{"_acf_changed":false,"inline_featured_image":false,"footnotes":""},"class_list":["post-16","page","type-page","status-publish","hentry"],"acf":[],"_links":{"self":[{"href":"https:\/\/sisu.ut.ee\/praktikajuhendaja\/wp-json\/wp\/v2\/pages\/16","targetHints":{"allow":["GET"]}}],"collection":[{"href":"https:\/\/sisu.ut.ee\/praktikajuhendaja\/wp-json\/wp\/v2\/pages"}],"about":[{"href":"https:\/\/sisu.ut.ee\/praktikajuhendaja\/wp-json\/wp\/v2\/types\/page"}],"author":[{"embeddable":true,"href":"https:\/\/sisu.ut.ee\/praktikajuhendaja\/wp-json\/wp\/v2\/users\/164"}],"replies":[{"embeddable":true,"href":"https:\/\/sisu.ut.ee\/praktikajuhendaja\/wp-json\/wp\/v2\/comments?post=16"}],"version-history":[{"count":2,"href":"https:\/\/sisu.ut.ee\/praktikajuhendaja\/wp-json\/wp\/v2\/pages\/16\/revisions"}],"predecessor-version":[{"id":110,"href":"https:\/\/sisu.ut.ee\/praktikajuhendaja\/wp-json\/wp\/v2\/pages\/16\/revisions\/110"}],"wp:attachment":[{"href":"https:\/\/sisu.ut.ee\/praktikajuhendaja\/wp-json\/wp\/v2\/media?parent=16"}],"curies":[{"name":"wp","href":"https:\/\/api.w.org\/{rel}","templated":true}]}}