{"id":15,"date":"2024-04-04T07:56:06","date_gmt":"2024-04-04T04:56:06","guid":{"rendered":"https:\/\/sisu.ut.ee\/praktikajuhendaja\/koostab-ja-kaitseb-praktikaaruande\/"},"modified":"2024-06-18T17:06:24","modified_gmt":"2024-06-18T14:06:24","slug":"koostab-ja-kaitseb-praktikaaruande","status":"publish","type":"page","link":"https:\/\/sisu.ut.ee\/praktikajuhendaja\/koostab-ja-kaitseb-praktikaaruande\/","title":{"rendered":"\u00dcli\u00f5pilane koostab ja kaitseb praktikaaruande"},"content":{"rendered":"<p>\n\tSelles osas saad teada, mis on praktikaaruanne ja milleks seda vaja on.\n<\/p>\n<h3>\n\tMis on praktikaaruanne?<br>\n<\/h3>\n<p>\n\tPraktikaaruanne on \u00fcli\u00f5pilase anal\u00fc\u00fctiline kokkuv\u00f5te praktikast, mis annab talle v\u00f5imaluse oma praktikakogemust anal\u00fc\u00fcsida nii \u00f5ppimise kui ka professionaalse enesearengu seisukohast.\n<\/p>\n<p>\n\tPraktikaaruanne v\u00f5ib olla v\u00e4ga mitmes erinevas suulises v\u00f5i kirjalikus vormis, n\u00e4iteks:\n<\/p>\n<ul>\n<li>\n\t\tVeebip\u00e4evik (blogi) \u2013 hea meetod kvalitatiivseks \u00fclevaateks kogu praktika jooksul ja kogemuse jagamiseks. Seda on raske hinnata, kui ei ole paigas spetsiifilised kriteeriumid. Veebip\u00e4evik tohi olla praktika ajal tehtud tegevuste kirjeldus, vaid peab sisaldama seda, mida \u00fcli\u00f5pilane \u00f5ppis.\n\t<\/li>\n<li>\n\t\tL\u00fchike raport \u2013 hea anal\u00fc\u00fcsi alus, eriti kui on antud ette ka k\u00fcsimused, millele vastata. Raport katab teemad, mis on seotud organisatsiooni missiooni, kultuuri, juhtimise ja kommunikatsiooniga.\u00a0\n\t<\/li>\n<li>\n\t\tPortfoolio \u2013 hea dokumenteerimiseks. Portfoolio sisaldab tehtud t\u00f6id, nt ajaleht, graafika, v\u00e4ljav\u00f5tted tehtud t\u00f6\u00f6dest.\n\t<\/li>\n<li>\n\t\tUurimus \u2013 hea v\u00e4ljund nii ettev\u00f5ttele kui \u00fcli\u00f5pilasele. M\u00f5eldud k\u00f5rgema taseme \u00fcli\u00f5pilastele. Selle fookus on olulistel asjadel ja sisaldab soovitusi edaspidiseks.\n\t<\/li>\n<li>\n\t\tKokkuv\u00f5tlik \u00fclevaade praktikakogemusest ja tagasiside \u00fclikoolis \u00f5pitu kohta. \u00dclevaade sisaldab t\u00f6id, mida tehti, tulevikuplaane, tagasisidet \u00fclikoolile.\n\t<\/li>\n<li>\n\t\tGrupi seminarid \u2013 hea v\u00f5imalus jagada kogemusi ja ideid. \u00dcli\u00f5pilased saavad \u00fchiselt leida lahendusi samasugustele probleemidele, mis neil praktikal tekkisid.\n\t<\/li>\n<li>\n\t\tSuuline ettekanne \u2013\u00a0hea v\u00f5imalus aidata \u00fcli\u00f5pilastel ideid koguda ja s\u00f5nastada ning arendada esitlusoskusi.\n\t<\/li>\n<li>\n\t\tHindamine \u2013 \u00fcli\u00f5pilased annavad tagasisidet juhendajale, t\u00f6\u00f6andjale ning oma arengule.\u00a0\n\t<\/li>\n<\/ul>\n<p>\n\tAlati v\u00f5ib erinevaid vorme kombineerida. Oluline iga vormi juures on \u00fcli\u00f5pilase eneseanal\u00fc\u00fcs.\n<\/p>\n<h3>\n\tKuidas praktikaaruannet koostada ja kuidas toimub selle kaitsmine?<br>\n<\/h3>\n<p>\n\tPraktikaaruande vorm antakse \u00fcli\u00f5pilasele ette \u00fclikooli (instituudi) poolt. Praktikaaruanne koosneb mitmest osast, millest \u00fcks on kohustuslik eneseanal\u00fc\u00fcs. Selles anal\u00fc\u00fcsib \u00fcli\u00f5pilane praktikaplaani t\u00e4itmist, eesm\u00e4rkide saavutamist ja tulevikuoskuste arengut. Lisaks eneseanal\u00fc\u00fcsile on aruandes soovitatav koostada ka \u00fclevaade ettev\u00f5ttest, oma t\u00f6\u00f6\u00fclesannetest, saadud kogemustest jne.\n<\/p>\n<p>\n\t\u00dcli\u00f5pilane kaitseb praktikaaruande kas n\u00e4iteks esitlusena vastaval kaitsmis\u00fcritusel v\u00f5i tutvustab seda teistele \u00fcli\u00f5pilastele praktika l\u00f5puseminaril, kus jagatakse kogemusi ja r\u00fchmas vastatakse \u00fcksteise k\u00fcsimustele. Praktikaaruandele ja selle kaitsmisele v\u00f5i tutvustamisele annab hinnangu ja tagasiside \u00fclikoolipoolne juhendaja.\u00a0\n<\/p>\n<h4>\n\tJuhised \u00fcli\u00f5pilasele praktikaaruande koostamiseks<br>\n<\/h4>\n<ul>\n<li>\n\t\tEneseanal\u00fc\u00fcsi koostamisel kasuta <strong>STARR<\/strong>-meetodit. See annab ette hea struktuuri ja selle k\u00fcsimused toetavad s\u00fcsteemset eneseanal\u00fc\u00fcsi.\n<ul>\n<li>\n\t\t\t\t<strong>S<\/strong> \u2013 situation; olukord, kus kogemus saadi (nt t\u00f6\u00f6koha kirjeldus);\n\t\t\t<\/li>\n<li>\n\t\t\t\t<strong>T<\/strong> \u2013 task; \u00fclesanded ja rollid, mida t\u00e4ideti praktikal olles (peavad olemas seotud \u00f5ppekaval \u00f5pituga);\u00a0\n\t\t\t<\/li>\n<li>\n\t\t\t\t<strong>A<\/strong> \u2013 activities; tegevused ja meetodid (tehnikad, ettevalmistus, meetodi valiku p\u00f5him\u00f5tted ja alternatiivid);\u00a0\n\t\t\t<\/li>\n<li>\n\t\t\t\t<strong>R<\/strong> \u2013 results; k\u00f5ige olulisemad tulemused (parimad, aga ka \u00fcllatuslikumad, mis panid oma tegevust anal\u00fc\u00fcsima ja muutma), kes, kuidas ja mille p\u00f5hjal hindas, mida tulemustega edasi tehti;\n\t\t\t<\/li>\n<li>\n\t\t\t\t<strong>R<\/strong> \u2013 reflection; anal\u00fc\u00fcs, milles selguvad praktika k\u00e4igus saadud p\u00e4devused ja arenguv\u00f5imalused.\n\t\t\t<\/li>\n<\/ul>\n<\/li>\n<li>\n\t\tAruande koostamisel on oluline l\u00e4htuda praktikaaine v\u00e4ljunditest, p\u00fcstitatud eesm\u00e4rgist ja \u00fclesannetest. Tuleta meelde vastused kolmele k\u00fcsimusele enne praktikaplaani koostamist (Mida ma tahan praktikal \u00f5ppida? Kuidas ma plaanin seda \u00f5ppida? Kuidas ma t\u00f5endan, et ma seda \u00f5ppisin?).\u00a0\n\t<\/li>\n<li>\n\t\tPraktikaaruanne ei ole ainult tegevuste kirjeldus. Ole konkreetne ja anal\u00fc\u00fctiline.\u00a0\n\t<\/li>\n<li>\n\t\tOle valmis vastama k\u00fcsimustele.\n\t<\/li>\n<\/ul>\n<h4>\n\tJuhised \u00fcli\u00f5pilasele praktikaaruande esitlemiseks ja kaitsmiseks<br>\n<\/h4>\n<ul>\n<li>\n\t\tValmista ette oma praktikakogemuse k\u00f5ige olulisem s\u00f5num ja too v\u00e4lja kuni kolm k\u00f5ige olulisemat asja, mida sa ise \u00f5ppisid ja mida sinu kogemusest oleks teistel \u00f5ppida.\n\t<\/li>\n<li>\n\t\tOle aus ja \u00e4ra karda tuua v\u00e4lja ka eba\u00f5nnestumisi. Oluline on mitte eba\u00f5nnestumine, vaid see, mida sellest \u00f5ppisid.\u00a0\n\t<\/li>\n<li>\n\t\tM\u00f5tle, mida sa ise teiste ettekannete puhul tahad kuulda.\n\t<\/li>\n<li>\n\t\tKujunda oma esitlus visuaalselt k\u00f5netavaks. Kasuta erinevaid esitlusv\u00f5imalusi (pildid, infograafika, kujundusprogrammid, nagu n\u00e4iteks Canva jt).\u00a0\n\t<\/li>\n<\/ul>\n<h3>\n\tMiks on praktikaaruanne vajalik?<br>\n<\/h3>\n<p>\n\tPraktikaaruande eesm\u00e4rk on suunata \u00fcli\u00f5pilast anal\u00fc\u00fcsima praktikal kogetut ja \u00f5pitut ning andma hinnangut oma praktikaplaani t\u00e4itmisele. Sellega aitab praktikaaruanne kindlustada praktika \u00fcldise eesm\u00e4rgi saavutamist \u2013 \u00fcli\u00f5pilase isiklikku ja professionaalset arengut. \u00a0<\/p>\n","protected":false},"excerpt":{"rendered":"<p>Selles osas saad teada, mis on praktikaaruanne ja milleks seda vaja on. Mis on praktikaaruanne? Praktikaaruanne on \u00fcli\u00f5pilase anal\u00fc\u00fctiline kokkuv\u00f5te praktikast, mis annab talle v\u00f5imaluse oma praktikakogemust anal\u00fc\u00fcsida nii \u00f5ppimise kui ka professionaalse enesearengu seisukohast. Praktikaaruanne v\u00f5ib olla v\u00e4ga mitmes &#8230;<\/p>\n","protected":false},"author":164,"featured_media":0,"parent":0,"menu_order":0,"comment_status":"closed","ping_status":"closed","template":"","meta":{"_acf_changed":false,"inline_featured_image":false,"footnotes":""},"class_list":["post-15","page","type-page","status-publish","hentry"],"acf":[],"_links":{"self":[{"href":"https:\/\/sisu.ut.ee\/praktikajuhendaja\/wp-json\/wp\/v2\/pages\/15","targetHints":{"allow":["GET"]}}],"collection":[{"href":"https:\/\/sisu.ut.ee\/praktikajuhendaja\/wp-json\/wp\/v2\/pages"}],"about":[{"href":"https:\/\/sisu.ut.ee\/praktikajuhendaja\/wp-json\/wp\/v2\/types\/page"}],"author":[{"embeddable":true,"href":"https:\/\/sisu.ut.ee\/praktikajuhendaja\/wp-json\/wp\/v2\/users\/164"}],"replies":[{"embeddable":true,"href":"https:\/\/sisu.ut.ee\/praktikajuhendaja\/wp-json\/wp\/v2\/comments?post=15"}],"version-history":[{"count":2,"href":"https:\/\/sisu.ut.ee\/praktikajuhendaja\/wp-json\/wp\/v2\/pages\/15\/revisions"}],"predecessor-version":[{"id":108,"href":"https:\/\/sisu.ut.ee\/praktikajuhendaja\/wp-json\/wp\/v2\/pages\/15\/revisions\/108"}],"wp:attachment":[{"href":"https:\/\/sisu.ut.ee\/praktikajuhendaja\/wp-json\/wp\/v2\/media?parent=15"}],"curies":[{"name":"wp","href":"https:\/\/api.w.org\/{rel}","templated":true}]}}