{"id":12,"date":"2024-04-04T07:56:06","date_gmt":"2024-04-04T04:56:06","guid":{"rendered":"https:\/\/sisu.ut.ee\/praktikajuhendaja\/uliopilane-praktikal\/"},"modified":"2024-06-18T17:06:13","modified_gmt":"2024-06-18T14:06:13","slug":"uliopilane-praktikal","status":"publish","type":"page","link":"https:\/\/sisu.ut.ee\/praktikajuhendaja\/uliopilane-praktikal\/","title":{"rendered":"\u00dcli\u00f5pilane on praktikal"},"content":{"rendered":"<p>\n\tSelles osas kirjeldatakse, kuidas \u00fcli\u00f5pilane praktika l\u00e4bib. Saad teada, milliseid \u00fclesandeid ta peab t\u00e4itma ja milliseid suuniseid on talle antud praktika edukaks l\u00e4bimiseks.\u00a0\n<\/p>\n<h3>\n\tMida \u00fcli\u00f5pilane praktikal teeb?\u00a0<br>\n<\/h3>\n<p>\n\tPraktikal kokku lepitud t\u00f6\u00f6\u00fclesandeid t\u00e4ites \u00fcli\u00f5pilane\n<\/p>\n<ul>\n<li>\n\t\trakendab \u00fclikoolis \u00f5pitud erialaseid teadmisi ja tulevikuoskusi reaalses t\u00f6\u00f6keskkonnas,\n\t<\/li>\n<li>\n\t\tomandab uusi erialaseid ja t\u00f6\u00f6alaseid p\u00e4devusi,\n\t<\/li>\n<li>\n\t\tsuurendab vilumust,\n\t<\/li>\n<li>\n\t\tarendab tulevikuoskusi,\n\t<\/li>\n<li>\n\t\tlaiendab suhtev\u00f5rgustikku,\n\t<\/li>\n<li>\n\t\tparandab t\u00f6\u00f6kogemusega (CVs) oma konkurentsiv\u00f5imet,\n\t<\/li>\n<li>\n\t\tpraktika eduka sooritamise korral v\u00f5ib saada soovituskirja v\u00f5i t\u00f6\u00f6pakkumise.\n\t<\/li>\n<\/ul>\n<h3>\n\tKuidas \u00fcli\u00f5pilane praktikal t\u00f6\u00f6\u00fclesandeid t\u00e4idab?<br>\n<\/h3>\n<p>\n\t\u00dcli\u00f5pilane l\u00e4bib praktika kokkulepitud praktikaplaani alusel ja praktikajuhendaja juhendamisel. \u00dcli\u00f5pilane ja praktikajuhendaja arutavad regulaarselt praktikaplaani t\u00e4itmist, tekkinud probleeme ja takistusi ning teevad vajadusel t\u00f6\u00f6plaanis muudatusi.\u00a0\n<\/p>\n<p>\n\tKuigi praktika on eelk\u00f5ige vajalik ja kasulik \u00fcli\u00f5pilastele, peaks juhendamise kogemus pakkuma v\u00e4\u00e4rtust ka t\u00f6\u00f6andjatele.\u00a0\n<\/p>\n<p>\n\tSoovitused \u00fcli\u00f5pilasele praktika edukaks l\u00e4bimiseks\n<\/p>\n<ul>\n<li>\n\t\tEnne praktika algust tutvu ettev\u00f5tte v\u00e4\u00e4rtuste ja struktuuriga. K\u00fcsi k\u00fcsimusi, sest see on k\u00f5ige parem viis teadmisi omandada, kuna tavaliselt ollakse v\u00e4ga valmis r\u00e4\u00e4kima ettev\u00f5ttest ja seal toimuvast.\n\t<\/li>\n<li>\n\t\tOle profesionaalne. M\u00f5tle oma praktikakohale nagu tegelikule t\u00f6\u00f6le, sest igal pool oodatakse profesionaalset k\u00e4itumist. Vaata \u00fcle oma riietus ja \u00e4ra kunagi hiline.\u00a0\n\t<\/li>\n<li>\n\t\t\u00c4ra tegele t\u00f6\u00f6l oma isiklike asjadega, sh \u00e4ra j\u00e4lgi telefonis pidevalt sotsiaalmeedias toimuvat.\u00a0\n\t<\/li>\n<li>\n\t\tT\u00e4ida sulle antud kohustusi ning ole proaktiivne. Vahel antakse sulle t\u00e4ita liiga lihtsana n\u00e4ivaid \u00fclesandeid, mis v\u00f5ivad v\u00e4hendada sinu motivatsiooni. \u00c4ra heitu, sest ka need on t\u00f6\u00f6 igap\u00e4evased osad ning kui sa n\u00e4itad, et suhtud kohusetundlikult erinevatesse t\u00f6\u00f6desse, v\u00f5id praktika jooksul saada j\u00e4rjest olulisemaid t\u00f6\u00f6\u00fclesandeid. Seejuures \u00e4ra unusta plaani, mis on sinu praktika aluseks.\u00a0\n\t<\/li>\n<li>\n\t\tSelleks, et arendada h\u00e4id t\u00f6\u00f6suhteid, suhtle kolleegidega ja v\u00f5imalusel paku neile oma abi. Osale ettev\u00f5tte korraldatud \u00fcritustel, seal on sul v\u00f5imalus kohtuda ja suhelda veel rohkemate inimestega. T\u00f6\u00f6alased head suhted v\u00f5ivad aidata praktikal edu saavutada ning luua aluse karj\u00e4\u00e4ri alustamiseks ja hilisemaks edenemiseks. Vabatahtlikku lisat\u00f6\u00f6d v\u00f5ib alati teha, aga ennek\u00f5ike t\u00e4ida need \u00fclesanded, mis on sinu praktikaplaanis.\n\t<\/li>\n<li>\n\t\tLepi juhendajaga kokku regulaarsed kohtumised, kus ta saab anda sulle tagasisidet ning kus vaatate koos \u00fcle praktikaplaani ja kinnitate t\u00e4htajad.\u00a0\n\t<\/li>\n<li>\n\t\tK\u00fcsi kindlasti tagasisidet kolleegidelt ning \u00e4ra karda kriitikat, sest sellest saad sa \u00f5ppida.\n\t<\/li>\n<li>\n\t\tOmanda nii palju uusi teadmisi ja kogemusi kui v\u00f5imalik. Praktika on v\u00f5imalus \u00f5ppida seda, mida \u00f5ppekava raames ei \u00f5pita. Selleks, et praktikakogemus oleks v\u00f5imalikult kasulik, esita asjakohaseid k\u00fcsimusi. Sa ei pruugi alati k\u00f5iki vastuseid saada, aga see n\u00e4itab, et huvitud oma t\u00f6\u00f6st ning soovid areneda ja edu saavutada. Sa saad k\u00fcsida ka koolitusv\u00f5imaluste ja valdkonna infomaterjalide kohta.\u00a0\n\t<\/li>\n<li>\n\t\tTegele regulaarselt eneseanal\u00fc\u00fcsiga: Mis l\u00e4ks h\u00e4sti? Mida oleks saanud teha paremini? Millega olen eriti rahul?\n\t<\/li>\n<\/ul>\n<h3>\n\tMiks on oluline t\u00e4ita praktikal erinevaid \u00fclesandeid, sh ka selliseid, mis ei ole otseselt erialaga seotud?\u00a0<br>\n<\/h3>\n<p>\n\t<\/p><div class=\"ratio ratio-16x9 mb-3\"><div class=\"video-placeholder-wrapper video-placeholder-wrapper--16x9\">\n\t\t\t    <div class=\"video-placeholder d-flex justify-content-center align-items-center\">\n\t\t\t        <div class=\"overlay text-white p-2 w-100 text-center d-block justify-content-center align-items-center\">\n\t\t\t            <div>Kolmandate osapoolte sisu n\u00e4gemiseks palun n\u00f5ustu k\u00fcpsistega.<\/div>\n\t\t\t            <button class=\"btn btn-secondary btn-sm mt-1 consent-change\">Muuda n\u00f5usolekut<\/button>\n\t\t\t        <\/div>\n\t\t\t    <\/div>\n\t\t\t<\/div>\n<\/div>\n\n<p>\n\t\u00d5ppekava raames omandavad \u00fcli\u00f5pilased teadmisi enamasti ilma nende rakendamiseta. \u00dche eriala l\u00f5petajad v\u00f5ivad asuda t\u00f6\u00f6le v\u00e4ga erinevatel ametikohtadel, sh sellistel, millel otsene seos erialaga puudub, ent \u00f5pingute raames omandatud teadmised on siiski olulised. Samuti ei piisa eduks t\u00f6\u00f6elus ainult erialastest teadmistest, vaid \u00fcha olulisemad on nn tulevikuoskused (suhtlemisoskus, meeskonnat\u00f6\u00f6oskus, ajajuhtimisoskus jne). Erialaste ja tulevikuoskuste rakendamist erinevates olukordades arendabki \u00fcli\u00f5pilane praktika k\u00e4igus.\u00a0\n<\/p>\n<p>\n\t\u00dcli\u00f5pilase \u201ckasu\u201d praktikal erinevate \u00fclesannete t\u00e4itmisest.\n<\/p>\n<p>\n\t\u00dcli\u00f5pilane \u2026\n<\/p>\n<ul>\n<li>\n\t\t\u00fchendab \u00fclikoolis saadud teadmised reaalse kogemusega. Ilma teadmiste praktikasse rakendamiseta ei ole v\u00f5imalik saada teada erinevatest karj\u00e4\u00e4riv\u00f5imalustest.\n\t<\/li>\n<li>\n\t\tomandab kogemusi ja loob enda br\u00e4ndi. Praktiliste kogemustega on v\u00f5imalus ennast n\u00e4idata ja arendada soovitud karj\u00e4\u00e4rivaldkonnas. Praktiline kogemus annab eelise teiste kandidaatide ees ja valmistab ette selles valkonnas edasi liikumiseks.\n\t<\/li>\n<li>\n\t\tloob t\u00f6\u00f6alase suhtev\u00f5rgustiku. V\u00f5imalus leida t\u00f6\u00f6koht t\u00f6\u00f6kuulutuste v\u00f5i inimestega suhtluse kaudu on 1:16. Praktika pakub suurep\u00e4rast keskkonda sarnaste huvidega inimeste kokkusaamiseks.\n\t<\/li>\n<li>\n\t\tt\u00f5stab oma professionaalsust. Praktika v\u00f5imaldab arendada oskusi, mida on vaja, et edukalt t\u00f6\u00f6turul hakkama saada.\u00a0\n\t<\/li>\n<li>\n\t\t\u00f5pib, kuidas reaalne (v\u00f5i tema senisest kogemusest erinev) organisatsioon toimib. Praktikal on v\u00f5imalik tundma \u00f5ppida organisatsiooni struktuuri, t\u00f6\u00f6tajate \u00fclesandeid, juhtimisprotsesse, nn kirjutamata reegleid jpm. Sellist kogemust teiste \u00f5ppeainete raames ei saa.\n\t<\/li>\n<li>\n\t\tlisab t\u00f6\u00f6kogemuse oma CVsse. Enamik t\u00f6\u00f6andjaid soovib, et t\u00f6\u00f6le kandideerijatel oleks varasem t\u00f6\u00f6kogemus.\n\t<\/li>\n<li>\n\t\t\u00f5pib teistelt. Praktikal saab \u00fcli\u00f5pilane j\u00e4lgida ka teisi t\u00f6\u00f6tajaid ning nendelt \u00f5ppida, olla kellegi \u201cvarjuks\u201d, osaleda koosolekutel ja \u00fcritustel.\n\t<\/li>\n<li>\n\t\tsaab t\u00f6\u00f6alast tagasisidet ja \u00f5pib ennast paremini tundma. Tavaliselt on praktikal k\u00e4imine seotud positiivse emotsiooniga, kuna reaalsete t\u00f6\u00f6\u00fclesannete t\u00e4itmisega kaasneb eduelamus. Samas v\u00f5ib \u00fcli\u00f5pilane just praktikal aru saada, et talle see t\u00f6\u00f6 ei meeldi v\u00f5i ei sobi. See annab \u00fcli\u00f5pilasele hea v\u00f5imaluse edasisi \u00f5pinguid ja karj\u00e4\u00e4ri kavandada.\u00a0\n\t<\/li>\n<\/ul>\n","protected":false},"excerpt":{"rendered":"<p>Selles osas kirjeldatakse, kuidas \u00fcli\u00f5pilane praktika l\u00e4bib. Saad teada, milliseid \u00fclesandeid ta peab t\u00e4itma ja milliseid suuniseid on talle antud praktika edukaks l\u00e4bimiseks.\u00a0 Mida \u00fcli\u00f5pilane praktikal teeb?\u00a0 Praktikal kokku lepitud t\u00f6\u00f6\u00fclesandeid t\u00e4ites \u00fcli\u00f5pilane rakendab \u00fclikoolis \u00f5pitud erialaseid teadmisi ja tulevikuoskusi &#8230;<\/p>\n","protected":false},"author":164,"featured_media":0,"parent":0,"menu_order":0,"comment_status":"closed","ping_status":"closed","template":"","meta":{"_acf_changed":false,"inline_featured_image":false,"footnotes":""},"class_list":["post-12","page","type-page","status-publish","hentry"],"acf":[],"_links":{"self":[{"href":"https:\/\/sisu.ut.ee\/praktikajuhendaja\/wp-json\/wp\/v2\/pages\/12","targetHints":{"allow":["GET"]}}],"collection":[{"href":"https:\/\/sisu.ut.ee\/praktikajuhendaja\/wp-json\/wp\/v2\/pages"}],"about":[{"href":"https:\/\/sisu.ut.ee\/praktikajuhendaja\/wp-json\/wp\/v2\/types\/page"}],"author":[{"embeddable":true,"href":"https:\/\/sisu.ut.ee\/praktikajuhendaja\/wp-json\/wp\/v2\/users\/164"}],"replies":[{"embeddable":true,"href":"https:\/\/sisu.ut.ee\/praktikajuhendaja\/wp-json\/wp\/v2\/comments?post=12"}],"version-history":[{"count":2,"href":"https:\/\/sisu.ut.ee\/praktikajuhendaja\/wp-json\/wp\/v2\/pages\/12\/revisions"}],"predecessor-version":[{"id":107,"href":"https:\/\/sisu.ut.ee\/praktikajuhendaja\/wp-json\/wp\/v2\/pages\/12\/revisions\/107"}],"wp:attachment":[{"href":"https:\/\/sisu.ut.ee\/praktikajuhendaja\/wp-json\/wp\/v2\/media?parent=12"}],"curies":[{"name":"wp","href":"https:\/\/api.w.org\/{rel}","templated":true}]}}