{"id":11,"date":"2024-04-04T07:56:06","date_gmt":"2024-04-04T04:56:06","guid":{"rendered":"https:\/\/sisu.ut.ee\/praktikajuhendaja\/uliopilane-koostab-praktikaplaani\/"},"modified":"2024-06-18T17:06:01","modified_gmt":"2024-06-18T14:06:01","slug":"uliopilane-koostab-praktikaplaani","status":"publish","type":"page","link":"https:\/\/sisu.ut.ee\/praktikajuhendaja\/uliopilane-koostab-praktikaplaani\/","title":{"rendered":"\u00dcli\u00f5pilane koostab praktikaplaani"},"content":{"rendered":"<p>\n\tSelles osas selgitatakse, mis on \u00fcli\u00f5pilase praktikaplaan ja miks see on vajalik. Saad teada, kuidas \u00fcli\u00f5pilane praktikaplaani koostab ja milline on Sinu osa selles.\n<\/p>\n<h3>\n\tMis on praktikaplaan?<br>\n<\/h3>\n<p>\n\tPraktikaplaan on eesm\u00e4rgistatud tegevuskava, millest \u00fcli\u00f5pilane praktikal l\u00e4htub ja mille t\u00e4itmist praktika l\u00f5pus hinnatakse.\n<\/p>\n<p>\n\t<\/p><div class=\"ratio ratio-16x9 mb-3\"><div class=\"video-placeholder-wrapper video-placeholder-wrapper--16x9\">\n\t\t\t    <div class=\"video-placeholder d-flex justify-content-center align-items-center\">\n\t\t\t        <div class=\"overlay text-white p-2 w-100 text-center d-block justify-content-center align-items-center\">\n\t\t\t            <div>Kolmandate osapoolte sisu n\u00e4gemiseks palun n\u00f5ustu k\u00fcpsistega.<\/div>\n\t\t\t            <button class=\"btn btn-secondary btn-sm mt-1 consent-change\">Muuda n\u00f5usolekut<\/button>\n\t\t\t        <\/div>\n\t\t\t    <\/div>\n\t\t\t<\/div>\n<\/div>\n\n<h3>\n\tKuidas praktikaplaan koostatakse?<br>\n<\/h3>\n<p>\n\tTulenevalt \u00f5ppekavast, praktika \u00fcldeesm\u00e4rkidest (vaata t\u00e4psemalt osast \u201c<a data-url=\"https:\/\/sisu.ut.ee\/praktikajuhendaja\/praktika-%C3%BClikoolis\" href=\"https:\/\/sisu.ut.ee\/praktikajuhendaja\/praktika-%C3%BClikoolis\" target=\"_blank\" title=\"\" rel=\"noopener\">Praktika \u00fclikoolis<\/a>\u201c) ning isiklikest huvidest ja vajadustest, seab \u00fcli\u00f5pilane praktikale konkreetse(d) eesm\u00e4rgi(d), mida ta praktika l\u00f5puks saavutada tahab, ning m\u00e4\u00e4ratleb tegevused ja \u00fclesanded nende eesm\u00e4rkide saavutamiseks. \u00dcli\u00f5pilane arutab praktikajuhendajaga l\u00e4bi, kas tegevuskava on teostatav, kas eesm\u00e4rgid on realistlikud ning millist abi praktikajuhendaja saab pakkuda. Seej\u00e4rel koosk\u00f5lastab \u00fcli\u00f5pilane praktikaplaani \u00fclikoolipoolse juhendajaga.\u00a0\n<\/p>\n<p>\n\tPraktika l\u00f5pus hinnatakse praktikaplaani alusel, kas \u00fcli\u00f5pilane saavutas praktika eesm\u00e4rgid.\n<\/p>\n<h4>\n\tJuhised \u00fcli\u00f5pilasele praktikaplaani koostamiseks<br>\n<\/h4>\n<p>\n\tKolm k\u00fcsimust enne praktikaplaani koostamist\n<\/p>\n<ul>\n<li>\n\t\tMida ma tahan praktikal \u00f5ppida?\u00a0\n\t<\/li>\n<li>\n\t\tKuidas ma plaanin seda \u00f5ppida?\u00a0\n\t<\/li>\n<li>\n\t\tKuidas ma t\u00f5endan, et ma seda \u00f5ppisin?\u00a0\n\t<\/li>\n<\/ul>\n<p>\n\t\u00dcli\u00f5pilase spikker praktikaplaani koostamiseks:\n<\/p>\n<p>\n\tTutvun ainekavas praktikale esitatud n\u00f5uetega ja toetava \u00f5pikeskkonnaga (nt Moodle\u2019is).\n<\/p>\n<p>\n\tS\u00f5nastan praktika eesm\u00e4rgid ja \u00fclesanded oma arengut suunavast kahest olulisest punktist l\u00e4htuvalt mina-vormis:\u00a0\n<\/p>\n<ol>\n<li>\n\t\tKuidas ma seon \u00f5pingute k\u00e4igus omandatud teadmised teadmised praktikaga?\n\t<\/li>\n<li>\n\t\tKuidas ma kasutan ja arendan praktikal v\u00e4hemalt \u00fchte tulevikuoskust?\u00a0\n\t<\/li>\n<\/ol>\n<p>\n\tM\u00e4\u00e4ratlen praktikaplaanis konkreetsed tegevused ja nende ajaraami, sh millal ma s\u00f5lmin praktikalepingu, k\u00fcsin praktikajuhendajalt tagasisidet, koostan praktikaaruande, osalen praktika l\u00f5puseminaris v\u00f5i kaitsmisel.\n<\/p>\n<h3>\n\tMiks on praktikaplaani vaja?<br>\n<\/h3>\n<p>\n\tEelnevalt l\u00e4bi m\u00f5eldud ja koosk\u00f5lastatud tegevuskava aitab efektiivselt kavandada \u00fclesannete t\u00e4itmiseks kuluvat aega ja seada realistlikke eesm\u00e4rke. Eesm\u00e4rgid annavad tegutsemisele suuna, aitavad keskenduda tulemusele ja saavutatud tulemust hinnata.\u00a0\n<\/p>\n<p>\n\tEesm\u00e4rgistatud praktikaplaan on hea ettevalmistus praktika l\u00e4bimiseks ja annab oskuse ka hilisemas t\u00f6\u00f6elus paremini oma aega ja ressursse planeerida.\u00a0\u00a0\n<\/p>\n<p>\n\tPraktikaplaan v\u00f5imaldab praktikajuhendajal kavandada oma aega ja vajadusel n\u00e4ha ette t\u00e4iendavaid ressursse, et ei tekiks ootamatuid takistusi.\u00a0<\/p>\n","protected":false},"excerpt":{"rendered":"<p>Selles osas selgitatakse, mis on \u00fcli\u00f5pilase praktikaplaan ja miks see on vajalik. Saad teada, kuidas \u00fcli\u00f5pilane praktikaplaani koostab ja milline on Sinu osa selles. Mis on praktikaplaan? Praktikaplaan on eesm\u00e4rgistatud tegevuskava, millest \u00fcli\u00f5pilane praktikal l\u00e4htub ja mille t\u00e4itmist praktika l\u00f5pus &#8230;<\/p>\n","protected":false},"author":164,"featured_media":0,"parent":0,"menu_order":0,"comment_status":"closed","ping_status":"closed","template":"","meta":{"_acf_changed":false,"inline_featured_image":false,"footnotes":""},"class_list":["post-11","page","type-page","status-publish","hentry"],"acf":[],"_links":{"self":[{"href":"https:\/\/sisu.ut.ee\/praktikajuhendaja\/wp-json\/wp\/v2\/pages\/11","targetHints":{"allow":["GET"]}}],"collection":[{"href":"https:\/\/sisu.ut.ee\/praktikajuhendaja\/wp-json\/wp\/v2\/pages"}],"about":[{"href":"https:\/\/sisu.ut.ee\/praktikajuhendaja\/wp-json\/wp\/v2\/types\/page"}],"author":[{"embeddable":true,"href":"https:\/\/sisu.ut.ee\/praktikajuhendaja\/wp-json\/wp\/v2\/users\/164"}],"replies":[{"embeddable":true,"href":"https:\/\/sisu.ut.ee\/praktikajuhendaja\/wp-json\/wp\/v2\/comments?post=11"}],"version-history":[{"count":2,"href":"https:\/\/sisu.ut.ee\/praktikajuhendaja\/wp-json\/wp\/v2\/pages\/11\/revisions"}],"predecessor-version":[{"id":106,"href":"https:\/\/sisu.ut.ee\/praktikajuhendaja\/wp-json\/wp\/v2\/pages\/11\/revisions\/106"}],"wp:attachment":[{"href":"https:\/\/sisu.ut.ee\/praktikajuhendaja\/wp-json\/wp\/v2\/media?parent=11"}],"curies":[{"name":"wp","href":"https:\/\/api.w.org\/{rel}","templated":true}]}}