{"id":10,"date":"2024-04-04T07:56:06","date_gmt":"2024-04-04T04:56:06","guid":{"rendered":"https:\/\/sisu.ut.ee\/praktikajuhendaja\/asutusettevote-votab-uliopilase-praktikandiks\/"},"modified":"2024-06-18T17:05:10","modified_gmt":"2024-06-18T14:05:10","slug":"asutusettevote-votab-uliopilase-praktikandiks","status":"publish","type":"page","link":"https:\/\/sisu.ut.ee\/praktikajuhendaja\/asutusettevote-votab-uliopilase-praktikandiks\/","title":{"rendered":"Asutus\/ettev\u00f5te v\u00f5tab \u00fcli\u00f5pilase praktikandiks"},"content":{"rendered":"<p>\n\tSelles osas selgitatakse praktikajuhendaja tegevusi nii enne praktikat, selle ajal kui j\u00e4rel. Saad n\u00f5uandeid, kuidas valmistuda \u00fcli\u00f5pilase praktikale v\u00f5tmiseks, mida teha kohe praktika alguses ning miks \u00fcli\u00f5pilase praktikale v\u00f5tmine organisatsiooni on oluline.\u00a0\n<\/p>\n<p>\n\t<br><strong>Kes on praktikant?<\/strong>\n<\/p>\n<p>\n\tPraktikant on \u00fcli\u00f5pilane, kes \u00f5ppekava raames peab sooritama praktika ja t\u00e4idab selleks m\u00f5nes organisatsioonis kindlal ajaperioodil ja juhendaja juhendamisel eelnevalt kokkulepitud \u00fclesandeid.\n<\/p>\n<p>\n\t<\/p><div class=\"ratio ratio-16x9 mb-3\"><div class=\"video-placeholder-wrapper video-placeholder-wrapper--16x9\">\n\t\t\t    <div class=\"video-placeholder d-flex justify-content-center align-items-center\">\n\t\t\t        <div class=\"overlay text-white p-2 w-100 text-center d-block justify-content-center align-items-center\">\n\t\t\t            <div>Kolmandate osapoolte sisu n\u00e4gemiseks palun n\u00f5ustu k\u00fcpsistega.<\/div>\n\t\t\t            <button class=\"btn btn-secondary btn-sm mt-1 consent-change\">Muuda n\u00f5usolekut<\/button>\n\t\t\t        <\/div>\n\t\t\t    <\/div>\n\t\t\t<\/div>\n<\/div>\n\n<p>\n\t<strong>Kes on juhendaja?<\/strong>\n<\/p>\n<p>\n\tJuhendaja on organisatsiooni v\u00f5i asutuse t\u00f6\u00f6taja, kes on v\u00f5tnud kohustuse ja vastutuse toetada kindlal ajaperioodil \u00fcli\u00f5pilase arengut\u00a0kokkulepitud eesm\u00e4rgis ja \u00fclesannetes.\n<\/p>\n<p>\n\t<\/p><div class=\"ratio ratio-16x9 mb-3\"><div class=\"video-placeholder-wrapper video-placeholder-wrapper--16x9\">\n\t\t\t    <div class=\"video-placeholder d-flex justify-content-center align-items-center\">\n\t\t\t        <div class=\"overlay text-white p-2 w-100 text-center d-block justify-content-center align-items-center\">\n\t\t\t            <div>Kolmandate osapoolte sisu n\u00e4gemiseks palun n\u00f5ustu k\u00fcpsistega.<\/div>\n\t\t\t            <button class=\"btn btn-secondary btn-sm mt-1 consent-change\">Muuda n\u00f5usolekut<\/button>\n\t\t\t        <\/div>\n\t\t\t    <\/div>\n\t\t\t<\/div>\n<\/div>\n\n<p>\n\t<strong>\u00dcli\u00f5pilase palve praktikajuhendajale:\u00a0<\/strong>\n<\/p>\n<p>\n\t<strong>Palun \u2026<\/strong>\n<\/p>\n<p class=\"os-column-2\">\n\t\u2026 anna mulle \u201cp\u00e4ris\u201d t\u00f6\u00f6d.<br>\u2026 ole aus, st \u00e4ra luba seda, mida ei saa teha.<br>\u2026 ole valmis, kui ma tulen.<br>\u2026 anna mulle vajalikud t\u00f6\u00f6vahendid ja koht.<br>\u2026 kaasa mind.<br>\u2026 selgita, kui ma \u00fctlen, et ei saa aru.<br>\u2026 juhenda mind.\u00a0<br>\u2026 anna mulle tagasisidet, sest siis ma \u00f5pin.<br>\u2026 maksa mulle v\u00f5imalusel tasu.\n<\/p>\n<h3>\n\tMida k\u00fcsida enne \u00fcli\u00f5pilase v\u00f5tmist?<br>\n<\/h3>\n<p>\n\tJuhendajal on v\u00e4ga oluline roll selles, et \u00fcli\u00f5pilase \u00f5ppimine praktika k\u00e4igus oleks eesm\u00e4rgip\u00e4rane ja t\u00f5hus. Enne \u00fcli\u00f5pilase praktikale v\u00f5tmist m\u00f5tle l\u00e4bi k\u00f5ik juhendamisega seotud kohustused.\n<\/p>\n<h4>\n\tK\u00f5ige olulisemad k\u00fcsimused, millele esmalt vastata:<br>\n<\/h4>\n<ul>\n<li>\n\t\tMilline on minu motivatsioon \u00fcli\u00f5pilast juhendada (kas soovin panustada noore inimese arengusse, kas tahan luua eeldused uute kolleegide j\u00e4relkasvuks v\u00f5i soovin oma t\u00f6\u00f6le lisat\u00f6\u00f6j\u00f5udu ja abik\u00e4si vmt)?\n\t<\/li>\n<li>\n\t\tKui palju aega olen valmis \u00fcli\u00f5pilase juhendamisse panustama (kas mul on selleks piisavalt aega ja energiat, kas olen valmis praktika juhendamisega seoses oma tavap\u00e4raseid tegevusi \u00fcmber korraldama jmt)?\n\t<\/li>\n<li>\n\t\tMida olen valmis \u00fcli\u00f5pilase juhendamiseks tegema (kas olen valmis s\u00f5lmima kokkulepped ja p\u00fcstitama eesm\u00e4rgid, temaga regulaarselt kohtuma, andma talle toetavat ja arendavat tagasisidet ja n\u00f5u ning teda probleemide ja murede korral abistama jne)?\n\t<\/li>\n<\/ul>\n<p>\n\t<\/p><div class=\"accordion mb-3\">\n        <div class=\"accordion-item accordion-item--white\">\n        <h2 class=\"accordion-header\" id=\"accordion-69df1d37b4b48-heading\">\n            <button class=\"accordion-button collapsed\" type=\"button\" data-bs-toggle=\"collapse\" data-bs-target=\"#accordion-69df1d37b4b48-collapse\" aria-expanded=\"true\" aria-controls=\"accordion-69df1d37b4b48-collapse\">KUI SA VASTASID \u2026<\/button>\n        <\/h2>\n        <div id=\"accordion-69df1d37b4b48-collapse\" class=\"accordion-collapse collapse\" aria-labelledby=\"accordion-69df1d37b4b48-heading\">\n            <div class=\"accordion-body\">\u2026et oled motiveeritud \u00fcli\u00f5pilast praktikale v\u00f5tma ja valmis tema juhendamisse panustama, on see v\u00e4ga hea eeldus edukaks juhendamiseks. Kui k\u00fcsimustele vastates siiski selgus, et sel perioodil ei ole aega, energiat v\u00f5i soovi juhendada, siis on nii \u00fcli\u00f5pilase kui ka kolleegide suhtes aus juhendamisest seekord loobuda.<\/div>\n        <\/div>\n        <\/div>\n    <\/div>\n\n<p>\n\t<strong>MIDA TEHA, KUI\u2026\u00a0<\/strong>\n<\/p>\n<p>\n\tLoe l\u00e4bi j\u00e4rgnevad juhtumid. Kuidas oleks saanud probleeme ennetada?\n<\/p>\n<p>\n\t<\/p><div class=\"accordion mb-3\">\n        <div class=\"accordion-item accordion-item--white\">\n        <h2 class=\"accordion-header\" id=\"accordion-69df1d37b4b53-heading\">\n            <button class=\"accordion-button collapsed\" type=\"button\" data-bs-toggle=\"collapse\" data-bs-target=\"#accordion-69df1d37b4b53-collapse\" aria-expanded=\"true\" aria-controls=\"accordion-69df1d37b4b53-collapse\"><strong>Juhtum 1.<\/strong><br>Praktika kestab neli n\u00e4dalat. Esimesed kaks n\u00e4dalat kulgesid t\u00f6iselt: \u00fcli\u00f5pilane t\u00e4itis juhendaja antud \u00fclesandeid, omavahel suheldi vajadusel. Kolmanda n\u00e4dala alguses ei ilmunud \u00fcli\u00f5pilane kohale. Juhendaja ootas p\u00e4eva, ootas teise, seej\u00e4rel hakkas muretsema. Kuna tal ei ole \u00fcli\u00f5pilase kontakte, siis ta ei tea, kas ja kust peaks \u00fcli\u00f5pilast otsima.<\/button>\n        <\/h2>\n        <div id=\"accordion-69df1d37b4b53-collapse\" class=\"accordion-collapse collapse\" aria-labelledby=\"accordion-69df1d37b4b53-heading\">\n            <div class=\"accordion-body\">\n\n<p>\n\tV\u00f5imalik lahendus: Sellise olukorra ennetamiseks on oluline leppida praktika alguses kokku, kuidas, kui tihti ning milliste sidevahendite abil vajadusel suheldakse.\n<\/p>\n<p>\n\t<\/p><\/div>\n        <\/div>\n        <\/div>\n    <\/div>\n\n<p>\n\t<\/p><div class=\"accordion mb-3\">\n        <div class=\"accordion-item accordion-item--white\">\n        <h2 class=\"accordion-header\" id=\"accordion-69df1d37b4b58-heading\">\n            <button class=\"accordion-button collapsed\" type=\"button\" data-bs-toggle=\"collapse\" data-bs-target=\"#accordion-69df1d37b4b58-collapse\" aria-expanded=\"true\" aria-controls=\"accordion-69df1d37b4b58-collapse\"><strong>Juhtum 2.<\/strong><br>\u00dcli\u00f5pilane on praktikal ning t\u00e4idab talle antud \u00fclesandeid. Juhendajat h\u00e4irib, et \u00fcli\u00f5pilane ei n\u00e4ita \u00fcles initsiatiivi. Iga vaba hetke t\u00e4idab \u00fcli\u00f5pilane sotsiaalmeediaga. Juhendaja meelest segab see nii tema kui \u00fcli\u00f5pilase enda tegevust praktika ajal.\u00a0<\/button>\n        <\/h2>\n        <div id=\"accordion-69df1d37b4b58-collapse\" class=\"accordion-collapse collapse\" aria-labelledby=\"accordion-69df1d37b4b58-heading\">\n            <div class=\"accordion-body\">\n\n<p>\n\tV\u00f5imalik lahendus: Ennetamaks sellist olukorda, on oluline arutada \u00fcli\u00f5pilasega praktika alguses, milline on t\u00f6\u00f6kultuur, mida j\u00e4rgitakse, milline on kokkulepe isikliku telefoni kasutamise kohta t\u00f6\u00f6 ajal.\n<\/p>\n<p>\n\t<\/p><\/div>\n        <\/div>\n        <\/div>\n    <\/div>\n\n<p>\n\t<\/p><div class=\"accordion mb-3\">\n        <div class=\"accordion-item accordion-item--white\">\n        <h2 class=\"accordion-header\" id=\"accordion-69df1d37b4b5d-heading\">\n            <button class=\"accordion-button collapsed\" type=\"button\" data-bs-toggle=\"collapse\" data-bs-target=\"#accordion-69df1d37b4b5d-collapse\" aria-expanded=\"true\" aria-controls=\"accordion-69df1d37b4b5d-collapse\"><strong>Juhtum 3.<\/strong><br>Juhendaja ja \u00fcli\u00f5pilane lepivad iga praktikap\u00e4eva alguses kokku \u00fclesanded, mis tuleb t\u00e4ita. \u00dcli\u00f5pilane on kohusetundlik ning t\u00e4idab k\u00f5ik antud \u00fclesanded t\u00e4pselt ja korralikult. Tal ei kulu \u00fclesannete t\u00e4itmiseks tervet t\u00f6\u00f6p\u00e4eva. Seet\u00f5ttu lahkub ta \u00fclesannete sooritamise j\u00e4rel. Juhendaja on h\u00e4iritud, et \u00fcli\u00f5pilane ei viibi t\u00f6\u00f6l tervet t\u00f6\u00f6p\u00e4eva.\u00a0<\/button>\n        <\/h2>\n        <div id=\"accordion-69df1d37b4b5d-collapse\" class=\"accordion-collapse collapse\" aria-labelledby=\"accordion-69df1d37b4b5d-heading\">\n            <div class=\"accordion-body\">\n\n<p>\n\tV\u00f5imalik lahendus: Ennetamaks sellist olukorda, lepitakse enne praktika algust kokku t\u00f6\u00f6p\u00e4eva pikkus ja \u00fclesannete maht.\n<\/p>\n<p>\n\t<\/p><\/div>\n        <\/div>\n        <\/div>\n    <\/div>\n\n<h3>\n\tKuidas \u00fcli\u00f5pilane k\u00f5ige paremini sisse elab?<br>\n<\/h3>\n<p>\n\tV\u00f5ta esimeseks kohtumiseks piisavalt aega, et enne praktika algust r\u00e4\u00e4kida l\u00e4bi mitmed praktikat m\u00f5jutavad aspektid:\n<\/p>\n<ul>\n<li>\n\t\tRuumid, t\u00f6\u00f6keskkond ja t\u00f6\u00f6tajate tutvustamine. Samuti on olulised t\u00f6\u00f6kultuur ja tavad.\n\t<\/li>\n<li>\n\t\tT\u00f6\u00f6ohutuse n\u00f5uded ja juhised. \u00dcli\u00f5pilasel on oluline teada, milliste ohuteguritega ta peab arvestama (vt T\u00f6\u00f6tervishoiu ja t\u00f6\u00f6ohutuse seadus).\n\t<\/li>\n<li>\n\t\tVastastikused ootused. Milliseid oskusi ja teadmisi \u00fcli\u00f5pilane soovib omandada, millised on tema varasemad kogemused, ootused praktikaperioodile ja teineteisele. Kas praktikaasutus pakub \u00fcli\u00f5pilasle mingeid h\u00fcvesid (koolitused vms).\n\t<\/li>\n<li>\n\t\tT\u00f6\u00f6korraldus praktikal. Mitu tundi p\u00e4evas\/n\u00e4dalas \u00fcli\u00f5pilane t\u00f6\u00f6tab, milline on t\u00f6\u00f6graafik ja -\u00fclesanded; millistel t\u00f6\u00f6ga seotud kogunemistel ta osaleb; kes on see isik, kes tegeleb \u00fcli\u00f5pilasega juhul, kui juhendaja seda teha ei saa (nt l\u00e4hetuse v\u00f5i haiguse t\u00f5ttu).\u00a0\n\t<\/li>\n<li>\n\t\tSuhtlemine ja infovahetus. Tuleb kokku leppida, milliseid suhtlusvahendeid kasutatakse (nt e-kiri, telefon, kohtumised); aeg, millal olete \u00fcli\u00f5pilasele k\u00e4ttesaadav jm. Oluline on leida m\u00f5lemale sobivad viisid ja ajad regulaarseteks kohtumisteks, et vahetada infot, anda ja saada tagasisidet, teha edasisi plaane.\u00a0\n\t<\/li>\n<li>\n\t\tKonfidentsiaalsusn\u00f5uded. R\u00e4\u00e4kida l\u00e4bi, millist infot tohib \u00fcli\u00f5pilane teistega jagada ning milline info on ainult ametialaseks kasutamiseks.\u00a0\n\t<\/li>\n<li>\n\t\tPraktika l\u00f5petamine. Praktika alguses tuleb kokku leppida, millised on praktika l\u00f5puks esitatavad dokumendid.\u00a0\n\t<\/li>\n<\/ul>\n<h3>\n\tMiks on \u00fcli\u00f5pilase praktikale v\u00f5tmine oluline ja kasulik?<br>\n<\/h3>\n<p>\n\t\u00dcli\u00f5pilase v\u00f5tmine praktikale annab juhendajale ja organisatsioonile potentsiaalse v\u00f5imaluse saada endale koolitatud asjatundlikke t\u00f6\u00f6tajaid. Samal ajal v\u00f5imaldab nendega tegelemine hoida juhendajal ennast kursis oma valdkonna k\u00f5ige ajakohasemate teadmistega ning teadlik oma tegevuse erinevatest aspektidest, et seda juhendatavale edasi anda.\u00a0\n<\/p>\n<p>\n\t<\/p><div class=\"ratio ratio-16x9 mb-3\"><div class=\"video-placeholder-wrapper video-placeholder-wrapper--16x9\">\n\t\t\t    <div class=\"video-placeholder d-flex justify-content-center align-items-center\">\n\t\t\t        <div class=\"overlay text-white p-2 w-100 text-center d-block justify-content-center align-items-center\">\n\t\t\t            <div>Kolmandate osapoolte sisu n\u00e4gemiseks palun n\u00f5ustu k\u00fcpsistega.<\/div>\n\t\t\t            <button class=\"btn btn-secondary btn-sm mt-1 consent-change\">Muuda n\u00f5usolekut<\/button>\n\t\t\t        <\/div>\n\t\t\t    <\/div>\n\t\t\t<\/div>\n<\/div>\n","protected":false},"excerpt":{"rendered":"<p>Selles osas selgitatakse praktikajuhendaja tegevusi nii enne praktikat, selle ajal kui j\u00e4rel. Saad n\u00f5uandeid, kuidas valmistuda \u00fcli\u00f5pilase praktikale v\u00f5tmiseks, mida teha kohe praktika alguses ning miks \u00fcli\u00f5pilase praktikale v\u00f5tmine organisatsiooni on oluline.\u00a0 Kes on praktikant? Praktikant on \u00fcli\u00f5pilane, kes \u00f5ppekava &#8230;<\/p>\n","protected":false},"author":164,"featured_media":0,"parent":0,"menu_order":0,"comment_status":"closed","ping_status":"closed","template":"","meta":{"_acf_changed":false,"inline_featured_image":false,"footnotes":""},"class_list":["post-10","page","type-page","status-publish","hentry"],"acf":[],"_links":{"self":[{"href":"https:\/\/sisu.ut.ee\/praktikajuhendaja\/wp-json\/wp\/v2\/pages\/10","targetHints":{"allow":["GET"]}}],"collection":[{"href":"https:\/\/sisu.ut.ee\/praktikajuhendaja\/wp-json\/wp\/v2\/pages"}],"about":[{"href":"https:\/\/sisu.ut.ee\/praktikajuhendaja\/wp-json\/wp\/v2\/types\/page"}],"author":[{"embeddable":true,"href":"https:\/\/sisu.ut.ee\/praktikajuhendaja\/wp-json\/wp\/v2\/users\/164"}],"replies":[{"embeddable":true,"href":"https:\/\/sisu.ut.ee\/praktikajuhendaja\/wp-json\/wp\/v2\/comments?post=10"}],"version-history":[{"count":2,"href":"https:\/\/sisu.ut.ee\/praktikajuhendaja\/wp-json\/wp\/v2\/pages\/10\/revisions"}],"predecessor-version":[{"id":102,"href":"https:\/\/sisu.ut.ee\/praktikajuhendaja\/wp-json\/wp\/v2\/pages\/10\/revisions\/102"}],"wp:attachment":[{"href":"https:\/\/sisu.ut.ee\/praktikajuhendaja\/wp-json\/wp\/v2\/media?parent=10"}],"curies":[{"name":"wp","href":"https:\/\/api.w.org\/{rel}","templated":true}]}}