{"id":6,"date":"2024-04-04T04:00:42","date_gmt":"2024-04-04T01:00:42","guid":{"rendered":"https:\/\/sisu.ut.ee\/portfoolio\/abi-ja-kontakt\/"},"modified":"2024-04-04T04:00:45","modified_gmt":"2024-04-04T01:00:45","slug":"abi-ja-kontakt","status":"publish","type":"page","link":"https:\/\/sisu.ut.ee\/portfoolio\/abi-ja-kontakt\/","title":{"rendered":"Abi ja kontakt"},"content":{"rendered":"<p>\n\tSisulistes k\u00fcsimustes p\u00f6\u00f6rduge T\u00dc\u00a0personaliarenduskeskuse\u00a0\u00f5petamisoskuste arendamise konsultandi poole (Tartus, Lossi 36-102):\n<\/p>\n<p style=\"padding-left: 60px\">\n\t<strong>Kadri Ugur\u00a0<\/strong><br>(humanitaarteaduste ja kunstide valdkond)<br>e-kiri: kadri.ugur@ut.ee, tel:\u00a0517 5174 (3191)\n<\/p>\n<p style=\"padding-left: 60px\">\n\t<strong>Airi Niilo<\/strong><br>(sotsiaalteaduste valdkond)<br>e-kiri: airi.niilo@ut.ee, tel: 737 6261 v\u00f5i\u00a0515 3706 (6261)\n<\/p>\n<p style=\"padding-left: 60px\">\n\t<strong>Anu Sarv<\/strong><br>(meditsiiniteaduste valdkond)<br>e-kiri: anu.sarv@ut.ee, tel: 737 6266 v\u00f5i\u00a05361 4342 (3342)\n<\/p>\n<p style=\"padding-left: 60px\">\n\t<strong>Kaire Uiboleht<\/strong><br>(loodus- ja t\u00e4ppisteaduste valdkond)<br>e-kiri: kaire.uiboleht@ut.ee, tel: 524 3435\n<\/p>\n<p>\n\tTehnilistes k\u00fcsimustes aitavad\u00a0T\u00dc \u00f5ppedisainerid\u00a0elukestva \u00f5ppe keskuses\u00a0(Tartus, \u00dclikooli 18-238, 240-242):\n<\/p>\n<p style=\"padding-left: 60px\">\n\t<strong>Marju Piir\u00a0<\/strong><br>(humanitaarteaduste ja kunstide valdkond)<br>e-kiri:\u00a0Marju.Piir@ut.ee, tel: 737 6204\n<\/p>\n<p style=\"padding-left: 60px\">\n\t<strong>Diana L\u00f5vi<\/strong><br><span>(sotsiaalteaduste valdkond)<\/span><br><span>e-kiri:\u00a0diana.lovi@ut.ee, tel: 737 6603<\/span>\n<\/p>\n<p style=\"padding-left: 60px\">\n\t<strong>Triin Marandi\u00a0<\/strong><br>(meditsiiniteaduste valdkond)<br>e-kiri:\u00a0Triin.Marandi@ut.ee, tel: 737 6268\n<\/p>\n<p style=\"padding-left: 60px\">\n\t<strong>Ly S\u00f5\u00f5rd<\/strong><br>(loodus- ja t\u00e4ppisteaduste valdkond)<br><span>e-kiri:\u00a0<\/span>ly.soord@ut.ee, tel: 737 6608<\/p>\n","protected":false},"excerpt":{"rendered":"<p>Sisulistes k\u00fcsimustes p\u00f6\u00f6rduge T\u00dc\u00a0personaliarenduskeskuse\u00a0\u00f5petamisoskuste arendamise konsultandi poole (Tartus, Lossi 36-102): Kadri Ugur\u00a0(humanitaarteaduste ja kunstide valdkond)e-kiri: kadri.ugur@ut.ee, tel:\u00a0517 5174 (3191) Airi Niilo(sotsiaalteaduste valdkond)e-kiri: airi.niilo@ut.ee, tel: 737 6261 v\u00f5i\u00a0515 3706 (6261) Anu Sarv(meditsiiniteaduste valdkond)e-kiri: anu.sarv@ut.ee, tel: 737 6266 v\u00f5i\u00a05361 4342 (3342) Kaire &#8230;<\/p>\n","protected":false},"author":9,"featured_media":0,"parent":0,"menu_order":0,"comment_status":"closed","ping_status":"closed","template":"","meta":{"_acf_changed":false,"inline_featured_image":false,"footnotes":""},"class_list":["post-6","page","type-page","status-publish","hentry"],"acf":[],"_links":{"self":[{"href":"https:\/\/sisu.ut.ee\/portfoolio\/wp-json\/wp\/v2\/pages\/6","targetHints":{"allow":["GET"]}}],"collection":[{"href":"https:\/\/sisu.ut.ee\/portfoolio\/wp-json\/wp\/v2\/pages"}],"about":[{"href":"https:\/\/sisu.ut.ee\/portfoolio\/wp-json\/wp\/v2\/types\/page"}],"author":[{"embeddable":true,"href":"https:\/\/sisu.ut.ee\/portfoolio\/wp-json\/wp\/v2\/users\/9"}],"replies":[{"embeddable":true,"href":"https:\/\/sisu.ut.ee\/portfoolio\/wp-json\/wp\/v2\/comments?post=6"}],"version-history":[{"count":1,"href":"https:\/\/sisu.ut.ee\/portfoolio\/wp-json\/wp\/v2\/pages\/6\/revisions"}],"predecessor-version":[{"id":25,"href":"https:\/\/sisu.ut.ee\/portfoolio\/wp-json\/wp\/v2\/pages\/6\/revisions\/25"}],"wp:attachment":[{"href":"https:\/\/sisu.ut.ee\/portfoolio\/wp-json\/wp\/v2\/media?parent=6"}],"curies":[{"name":"wp","href":"https:\/\/api.w.org\/{rel}","templated":true}]}}