{"id":5,"date":"2024-04-04T04:00:42","date_gmt":"2024-04-04T01:00:42","guid":{"rendered":"https:\/\/sisu.ut.ee\/portfoolio\/tehnilised-juhised\/"},"modified":"2024-04-04T04:00:45","modified_gmt":"2024-04-04T01:00:45","slug":"tehnilised-juhised","status":"publish","type":"page","link":"https:\/\/sisu.ut.ee\/portfoolio\/tehnilised-juhised\/","title":{"rendered":"Tehnilised juhised"},"content":{"rendered":"<p>\n\tPortfoolio loomiseks Maharas l\u00e4bige j\u00e4rjest j\u00e4rgmised sammud:\n<\/p>\n<ol id=\"yui_3_17_2_1_1513077026178_1808\">\n<li id=\"yui_3_17_2_1_1513077026178_1807\">\n\t\t<strong>Kopeerige endale portfoolio mall.<\/strong>\u00a0Selleks avage lingist \u00d5ppej\u00f5u portfoolio mall Maharas\u00a0<a href=\"https:\/\/mahara.ut.ee\/view\/view.php?id=2047\" style=\"background-color: #ffffff\" target=\"_blank\" rel=\"noopener\">https:\/\/mahara.ut.ee\/view\/view.php?id=2047<\/a> ja kl\u00f5psake nupul <em>Kopeeri<\/em>. Avanevas aknas valige, et soovite kopeerida <strong>kollektsiooni<\/strong>.\n\t<\/li>\n<li>\n\t\t<strong>Sisenege Maharasse<\/strong>\u00a0T\u00dc keskserveri kasutajakontoga.\n\t<\/li>\n<li>\n\t\t<strong>Muutke ja t\u00e4itke kopeeritud portfooliot<\/strong>\u00a0<strong>enda sisuga\u00a0<\/strong>(juhendid leiate\u00a0\u00a0<a href=\"https:\/\/sisu.ut.ee\/juhendid\/mahara\" target=\"_blank\" rel=\"noopener\">https:\/\/sisu.ut.ee\/juhendid\/mahara<\/a>).\n\t<\/li>\n<li>\n\t\t<strong>T\u00e4itke enda DigiCV<\/strong> v\u00f5i selle vajalikud osad ja lisage portfooliosse (juhend\u00a0<a href=\"https:\/\/sisu.ut.ee\/juhendid\/digicv-koostamine\" target=\"_blank\" rel=\"noopener\">https:\/\/sisu.ut.ee\/juhendid\/digicv-koostamine<\/a>).\n\t<\/li>\n<li>\n\t\t<strong>Avalikustage<\/strong>\u00a0enda portfoolio (juhend\u00a0<a href=\"https:\/\/sisu.ut.ee\/juhendid\/lehtede-ja-kollektsioonide-avalikustamine\" target=\"_blank\" rel=\"noopener\">https:\/\/sisu.ut.ee\/juhendid\/lehtede-ja-kollektsioonide-avalikustamine<\/a>).\n\t<\/li>\n<li>\n\t\t<strong>Edastage<\/strong>\u00a0enda portfoolio veebiaadressi kaudu soovitud inimestele.\n\t<\/li>\n<\/ol>\n","protected":false},"excerpt":{"rendered":"<p>Portfoolio loomiseks Maharas l\u00e4bige j\u00e4rjest j\u00e4rgmised sammud: Kopeerige endale portfoolio mall.\u00a0Selleks avage lingist \u00d5ppej\u00f5u portfoolio mall Maharas\u00a0https:\/\/mahara.ut.ee\/view\/view.php?id=2047 ja kl\u00f5psake nupul Kopeeri. Avanevas aknas valige, et soovite kopeerida kollektsiooni. Sisenege Maharasse\u00a0T\u00dc keskserveri kasutajakontoga. Muutke ja t\u00e4itke kopeeritud portfooliot\u00a0enda sisuga\u00a0(juhendid leiate\u00a0\u00a0https:\/\/sisu.ut.ee\/juhendid\/mahara). T\u00e4itke &#8230;<\/p>\n","protected":false},"author":9,"featured_media":0,"parent":0,"menu_order":0,"comment_status":"closed","ping_status":"closed","template":"","meta":{"_acf_changed":false,"inline_featured_image":false,"footnotes":""},"class_list":["post-5","page","type-page","status-publish","hentry"],"acf":[],"_links":{"self":[{"href":"https:\/\/sisu.ut.ee\/portfoolio\/wp-json\/wp\/v2\/pages\/5","targetHints":{"allow":["GET"]}}],"collection":[{"href":"https:\/\/sisu.ut.ee\/portfoolio\/wp-json\/wp\/v2\/pages"}],"about":[{"href":"https:\/\/sisu.ut.ee\/portfoolio\/wp-json\/wp\/v2\/types\/page"}],"author":[{"embeddable":true,"href":"https:\/\/sisu.ut.ee\/portfoolio\/wp-json\/wp\/v2\/users\/9"}],"replies":[{"embeddable":true,"href":"https:\/\/sisu.ut.ee\/portfoolio\/wp-json\/wp\/v2\/comments?post=5"}],"version-history":[{"count":1,"href":"https:\/\/sisu.ut.ee\/portfoolio\/wp-json\/wp\/v2\/pages\/5\/revisions"}],"predecessor-version":[{"id":24,"href":"https:\/\/sisu.ut.ee\/portfoolio\/wp-json\/wp\/v2\/pages\/5\/revisions\/24"}],"wp:attachment":[{"href":"https:\/\/sisu.ut.ee\/portfoolio\/wp-json\/wp\/v2\/media?parent=5"}],"curies":[{"name":"wp","href":"https:\/\/api.w.org\/{rel}","templated":true}]}}