{"id":4,"date":"2024-04-04T04:00:42","date_gmt":"2024-04-04T01:00:42","guid":{"rendered":"https:\/\/sisu.ut.ee\/portfoolio\/naited\/"},"modified":"2024-04-04T04:00:45","modified_gmt":"2024-04-04T01:00:45","slug":"naited","status":"publish","type":"page","link":"https:\/\/sisu.ut.ee\/portfoolio\/naited\/","title":{"rendered":"N\u00e4ited"},"content":{"rendered":"<h2><span data-mce-mark=\"1\"><span data-mce-mark=\"1\">Ettev\u00f5tlus\u00f5ppej\u00f5u portfoolio\u00a0<\/span><\/span><\/h2>\n<h3><span data-mce-mark=\"1\">1. \u00d5ppej\u00f5u \u00f5petamisarusaamad<\/span><\/h3>\n<p><span data-mce-mark=\"1\">\u00d5petamisel ja \u00f5ppekavade arendamisel on minu juhtv\u00e4\u00e4rtusteks uuenduslikkus. Olen veendunud, et pidevalt muutuvas ning uusi v\u00e4ljakutseid esitavas maailmas j\u00f5uavad l\u00e4bimurdeliste lahendusteni inimesed, kes mitte ei korda juba teadaolevat, vaid leiavad erinevaid teadmisi kombineerides t\u00e4iesti uue vaatnurga ning v\u00f5imalused \u00a0selle rakendamiseks. Koostan ja esitan oma kursused nii, et \u00fcli\u00f5pilased saaksid v\u00f5imalikult palju loovust ja ettev\u00f5tlikkust n\u00e4idata ning arendada. \u00dcli\u00f5pilase t\u00f6\u00f6 originaalsus on \u00a0hindamiskriteeriumina minu ainetes l\u00f5pphinde kujunemisel ka suhteliselt suurema osakaaluga. \u00a0<\/span><span data-mce-mark=\"1\">\u2026 jne<\/span><\/p>\n<h3><span data-mce-mark=\"1\">2. Eneseareng \u00a0<\/span><\/h3>\n<p><span data-mce-mark=\"1\">Minu arengus \u00f5ppej\u00f5una on olulisel kohal hea koost\u00f6\u00f6 ja partnerlus \u00fclikooli ettev\u00f5tlus- ja innovatsioonikeskusega. Olen viimase aasta jooksul osalenud kahel nende poolt korraldatud koolitusel (\u201e\u00dcli\u00f5pilasest ettev\u00f5tjaks? \u00d5ppej\u00f5u panus\u201c, 12 h, 23.-24.01.17 ja \u201eLoovad meetodid \u00f5ppet\u00f6\u00f6s\u201c 2.04.17, 8 t. Viimatinimetatud kursuse korraldamisel oli mul ka aktiivne roll, aitasin seda kavandada ning osalesin p\u00e4eva l\u00f5pus toimunud paneeldiskussioonis. Kavandame 2018. a kevadel koost\u00f6\u00f6s keskusega HV \u00fcli\u00f5pilastele suunatud ettev\u00f5tlusp\u00e4eva, ettekannetega esinevad kolm \u00fcli\u00f5pilast, kes on minu \u00f5petatava aine \u201eDisainm\u00f5tlemine\u201c projektit\u00f6\u00f6voorus arendatud ideedega j\u00f5udnud oma ettev\u00f5tte loomise etappi. <\/span><span data-mce-mark=\"1\">\u2026 jne<\/span><\/p>\n<h3><span data-mce-mark=\"1\">3. Tegevused ja refleksioon (anal\u00fc\u00fcs)<\/span><\/h3>\n<p><span data-mce-mark=\"1\">Olen viimse kahe aasta jookusul l\u00e4bi vaadanud ning uuendanud k\u00f5igi oma \u00f5ppeainete sisu ja \u00f5petamismeetodid, t\u00e4iendades neid ettev\u00f5tlikkust ja loovust toetavate individuaal- ja meeskonnat\u00f6\u00f6 \u00fclesannetega. N\u00e4iteks peavad \u00f5ppeaineaine \u201eM\u00f5ttesuunad\u00fcnaamika\u201c osalejad looma tegevuskava ning reaalselt k\u00e4ivitama uudse tegevuse, mis aitab valitud sihtr\u00fchmal hoiakumuutust esile kutsuda. Projekt peab olema originaalne ning seda tuleb kaitsta ettev\u00f5tjatest ja loomeinimestest koosneva ekspertr\u00fchma ees, kes tulemusi hindab ja tagasisidet annab. See uuendus on toonud tudengitelt palju positiivset tagasisidet (vt lisa 1) ning m\u00f6\u00f6dunud aastal p\u00e4lvisin Eesti humanitaartudengite liidu \u201eKuldav\u00e4\u00e4rt \u00f5ppej\u00f5u\u201c auhinna. Olen oma \u00f5petamismeetodeid kahel korral tutvustanud ka head \u00f5petamist populariseerivas telesaates \u201eKes ei m\u00f5ista lugeda, \u2026\u201c <\/span><span data-mce-mark=\"1\">\u2026 jne<\/span><\/p>\n<h3><span data-mce-mark=\"1\"> 4. Uued arengu\u00fclesanded<\/span><\/h3>\n<p><span data-mce-mark=\"1\">J\u00e4rgmise aasta arengueesm\u00e4rgiks on liituda p\u00f5hjamaade ettev\u00f5tlike \u00f5ppej\u00f5udude kontaktv\u00f5rgustikuga NOSTAND ning k\u00e4ivitada v\u00e4hemalt \u00fcks rahvusvaheline koost\u00f6\u00f6projekt, mis edendab originaalsete aktiiv\u00f5ppemeetodite kasutamist T\u00dc-s. Taotlen Erasmus+ \u00f5ppej\u00f5ukoolituse mobiilsustoetust, et Aarhus \u00fclikoolis k\u00fclalisloenguid pidada ning v\u00f5rgustiku kohtumisel osaleda.<\/span><\/p>\n<p><span><span><span><span>Minu \u00f5petamise tugevateks k\u00fclgedeks peetakse v\u00e4rsket ja uudset l\u00e4henemist, ettev\u00f5tjate kaasamist ning haaravat esituslaadi. Muude tegemiste k\u00f5rval on j\u00e4\u00e4nud l\u00f5pule viimata \u00fclevaatliku loovmeetodite veebikursuse loomine. Kavatsen selle l\u00f5pule viia j\u00e4rgmisesse kevadesse kavandatud vaba semestri jooksul. <\/span><span>\u2026 jne<\/span><\/span><\/span><\/span><\/p>\n","protected":false},"excerpt":{"rendered":"<p>Ettev\u00f5tlus\u00f5ppej\u00f5u portfoolio\u00a0 1. \u00d5ppej\u00f5u \u00f5petamisarusaamad \u00d5petamisel ja \u00f5ppekavade arendamisel on minu juhtv\u00e4\u00e4rtusteks uuenduslikkus. Olen veendunud, et pidevalt muutuvas ning uusi v\u00e4ljakutseid esitavas maailmas j\u00f5uavad l\u00e4bimurdeliste lahendusteni inimesed, kes mitte ei korda juba teadaolevat, vaid leiavad erinevaid teadmisi kombineerides t\u00e4iesti uue &#8230;<\/p>\n","protected":false},"author":9,"featured_media":0,"parent":0,"menu_order":0,"comment_status":"closed","ping_status":"closed","template":"","meta":{"_acf_changed":false,"inline_featured_image":false,"footnotes":""},"class_list":["post-4","page","type-page","status-publish","hentry"],"acf":[],"_links":{"self":[{"href":"https:\/\/sisu.ut.ee\/portfoolio\/wp-json\/wp\/v2\/pages\/4","targetHints":{"allow":["GET"]}}],"collection":[{"href":"https:\/\/sisu.ut.ee\/portfoolio\/wp-json\/wp\/v2\/pages"}],"about":[{"href":"https:\/\/sisu.ut.ee\/portfoolio\/wp-json\/wp\/v2\/types\/page"}],"author":[{"embeddable":true,"href":"https:\/\/sisu.ut.ee\/portfoolio\/wp-json\/wp\/v2\/users\/9"}],"replies":[{"embeddable":true,"href":"https:\/\/sisu.ut.ee\/portfoolio\/wp-json\/wp\/v2\/comments?post=4"}],"version-history":[{"count":1,"href":"https:\/\/sisu.ut.ee\/portfoolio\/wp-json\/wp\/v2\/pages\/4\/revisions"}],"predecessor-version":[{"id":23,"href":"https:\/\/sisu.ut.ee\/portfoolio\/wp-json\/wp\/v2\/pages\/4\/revisions\/23"}],"wp:attachment":[{"href":"https:\/\/sisu.ut.ee\/portfoolio\/wp-json\/wp\/v2\/media?parent=4"}],"curies":[{"name":"wp","href":"https:\/\/api.w.org\/{rel}","templated":true}]}}