{"id":31,"date":"2024-04-04T04:41:50","date_gmt":"2024-04-04T01:41:50","guid":{"rendered":"https:\/\/sisu.ut.ee\/plutof\/data-uploading-using-file-or-mobile-device\/"},"modified":"2024-04-16T16:17:13","modified_gmt":"2024-04-16T13:17:13","slug":"data-uploading-using-file-or-mobile-device","status":"publish","type":"page","link":"https:\/\/sisu.ut.ee\/plutof\/data-uploading-using-file-or-mobile-device\/?lang=en","title":{"rendered":"Data uploading using a file or mobile device"},"content":{"rendered":"<p>\n\t<\/p><div class=\"ratio ratio-16x9 mb-3\"><div class=\"video-placeholder-wrapper video-placeholder-wrapper--16x9\">\n\t\t\t    <div class=\"video-placeholder d-flex justify-content-center align-items-center\">\n\t\t\t        <div class=\"overlay text-white p-2 w-100 text-center d-block justify-content-center align-items-center\">\n\t\t\t            <div>Kolmandate osapoolte sisu n\u00e4gemiseks palun n\u00f5ustu k\u00fcpsistega.<\/div>\n\t\t\t            <button class=\"btn btn-secondary btn-sm mt-1 consent-change\">Muuda n\u00f5usolekut<\/button>\n\t\t\t        <\/div>\n\t\t\t    <\/div>\n\t\t\t<\/div>\n<\/div>\n<p><strong>Data gathering using mobile device:<\/strong><br><\/p><div class=\"ratio ratio-16x9 mb-3\"><div class=\"video-placeholder-wrapper video-placeholder-wrapper--16x9\">\n\t\t\t    <div class=\"video-placeholder d-flex justify-content-center align-items-center\">\n\t\t\t        <div class=\"overlay text-white p-2 w-100 text-center d-block justify-content-center align-items-center\">\n\t\t\t            <div>Kolmandate osapoolte sisu n\u00e4gemiseks palun n\u00f5ustu k\u00fcpsistega.<\/div>\n\t\t\t            <button class=\"btn btn-secondary btn-sm mt-1 consent-change\">Muuda n\u00f5usolekut<\/button>\n\t\t\t        <\/div>\n\t\t\t    <\/div>\n\t\t\t<\/div>\n<\/div>\n<p><strong>Overview of import module:<\/strong><br>(User manual for Import module <a data-url=\"https:\/\/plutof.ut.ee\/assets\/varia\/manuals\/docs\/import_manual_3_en.pdf\" href=\"https:\/\/plutof.ut.ee\/assets\/varia\/manuals\/docs\/import_manual_3_en.pdf\" target=\"_blank\" title=\"https:\/\/plutof.ut.ee\/assets\/varia\/manuals\/docs\/import_manual_3_en.pdf\" rel=\"noopener\">https:\/\/plutof.ut.ee\/assets\/varia\/manuals\/docs\/import_manual_3_en.pdf<\/a>)<br><\/p><div class=\"ratio ratio-16x9 mb-3\"><div class=\"video-placeholder-wrapper video-placeholder-wrapper--16x9\">\n\t\t\t    <div class=\"video-placeholder d-flex justify-content-center align-items-center\">\n\t\t\t        <div class=\"overlay text-white p-2 w-100 text-center d-block justify-content-center align-items-center\">\n\t\t\t            <div>Kolmandate osapoolte sisu n\u00e4gemiseks palun n\u00f5ustu k\u00fcpsistega.<\/div>\n\t\t\t            <button class=\"btn btn-secondary btn-sm mt-1 consent-change\">Muuda n\u00f5usolekut<\/button>\n\t\t\t        <\/div>\n\t\t\t    <\/div>\n\t\t\t<\/div>\n<\/div>\n\n<p>\n\t<br>\u00a0\n<\/p>\n<p>\n\t<span style=\"font-size:26px\"><b id=\"docs-internal-guid-c05e09be-7fff-0c74-91ea-5d0cca05f7aa\">Exercise 2 \u2013 <\/b>Insert least one Taxon Occurrence (using PlutoF Taxon Occurrence module, Legulus mobile application or PlutoF import module) and link the occurrence with your project.<\/span><\/p>\n<p>\u00a0<\/p>\n","protected":false},"excerpt":{"rendered":"<p>Kolmandate osapoolte sisu n\u00e4gemiseks palun n\u00f5ustu k\u00fcpsistega. Muuda n\u00f5usolekut Data gathering using mobile device: Kolmandate osapoolte sisu n\u00e4gemiseks palun n\u00f5ustu k\u00fcpsistega. Muuda n\u00f5usolekut Overview of import module:(User manual for Import module https:\/\/plutof.ut.ee\/assets\/varia\/manuals\/docs\/import_manual_3_en.pdf) Kolmandate osapoolte sisu n\u00e4gemiseks palun n\u00f5ustu k\u00fcpsistega. Muuda &#8230;<\/p>\n","protected":false},"author":169,"featured_media":0,"parent":0,"menu_order":0,"comment_status":"closed","ping_status":"closed","template":"","meta":{"_acf_changed":false,"inline_featured_image":false,"footnotes":""},"class_list":["post-31","page","type-page","status-publish","hentry"],"acf":[],"_links":{"self":[{"href":"https:\/\/sisu.ut.ee\/plutof\/wp-json\/wp\/v2\/pages\/31","targetHints":{"allow":["GET"]}}],"collection":[{"href":"https:\/\/sisu.ut.ee\/plutof\/wp-json\/wp\/v2\/pages"}],"about":[{"href":"https:\/\/sisu.ut.ee\/plutof\/wp-json\/wp\/v2\/types\/page"}],"author":[{"embeddable":true,"href":"https:\/\/sisu.ut.ee\/plutof\/wp-json\/wp\/v2\/users\/169"}],"replies":[{"embeddable":true,"href":"https:\/\/sisu.ut.ee\/plutof\/wp-json\/wp\/v2\/comments?post=31"}],"version-history":[{"count":1,"href":"https:\/\/sisu.ut.ee\/plutof\/wp-json\/wp\/v2\/pages\/31\/revisions"}],"predecessor-version":[{"id":74,"href":"https:\/\/sisu.ut.ee\/plutof\/wp-json\/wp\/v2\/pages\/31\/revisions\/74"}],"wp:attachment":[{"href":"https:\/\/sisu.ut.ee\/plutof\/wp-json\/wp\/v2\/media?parent=31"}],"curies":[{"name":"wp","href":"https:\/\/api.w.org\/{rel}","templated":true}]}}