{"id":11,"date":"2024-04-04T04:41:51","date_gmt":"2024-04-04T01:41:51","guid":{"rendered":"https:\/\/sisu.ut.ee\/plutof\/kasutajanime-loomine\/"},"modified":"2024-04-04T04:42:00","modified_gmt":"2024-04-04T01:42:00","slug":"kasutajanime-loomine","status":"publish","type":"page","link":"https:\/\/sisu.ut.ee\/plutof\/kasutajanime-loomine\/","title":{"rendered":"6. Kasutajakonto loomine"},"content":{"rendered":"<p>PlutoF platvormi kasutajakonto luuakse alati konkreetsele isikule. Isik omakorda saab olla seotud asutuse, t\u00f6\u00f6r\u00fchma v\u00f5i projektiga. Viimastele omaette andmehalduse kontosid ei looda.<\/p>\n<p><span><span>\u00a0<\/span><\/span><\/p>\n<p><span>Kasutajakonto loomine koosneb kahest etapist:<\/span><\/p>\n<p><strong>1)<\/strong> registreerumisvormi t\u00e4itmine (<a href=\"https:\/\/plutof.ut.ee\/#\/register\" target=\"_blank\" rel=\"noopener\"><span>https:\/\/plutof.ut.ee\/#\/register<\/span><\/a><span>) ja <br><strong>2)<\/strong> kasutaja e-posti aadressile saabunud lingi kaudu konto aktiveerimine.<\/span><span><br class=\"kix-line-break\"><\/span><span><br class=\"kix-line-break\"><\/span><span>Registreerumisel tuleb t\u00e4ita v\u00e4ljad: eesnimi, perenimi, kasutajanimi\/kasutajatunnus, e-posti aadress, (toimiv ja personaalne) ja parool.<\/span><span><br class=\"kix-line-break\"><\/span><span><br class=\"kix-line-break\"><\/span><span>\u00d5ige ja t\u00e4ielikult kasutaja valduses olev e-posti aadress on vajalik rakenduse mugavaks kasutamiseks. Nt. suhtlus t\u00f6\u00f6r\u00fchma liikmetega, anal\u00fc\u00fcside ja teiste suuremahuliste toimigute teavitused, moderaatori teavitused.<\/span><span><br class=\"kix-line-break\"><br class=\"kix-line-break\"><\/span><\/p>\n<p><strong>Hoiatus<\/strong><\/p>\n<p><span>\u00dchel isikul ei tohiks olla rohkem kui \u00fcks konto. Mitme konto omamine teeb \u00fchisprojektides andmehalduse keerukamaks ning otsingud muutuvad t\u00fclikamaks.<\/span><span><br class=\"kix-line-break\"><br class=\"kix-line-break\"><\/span><\/p>\n<p><span>Anon\u00fc\u00fcmseid, teise isiku nimel v\u00f5i libakontode loomine ei ole lubatud. Andmekvaliteet kannatab, valeandmed risustavad ka ka teiste kasutajate otsinguid. Libakonto v\u00f5idakse kustutada etteteatamiseta.<\/span><\/p>\n<p><span><br class=\"kix-line-break\"><\/span><strong>Isikud s\u00fcsteemis<\/strong><\/p>\n<p><span>Kasutaja esmakordsel sisselogimisel (<\/span><a href=\"https:\/\/plutof.ut.ee\/#\/login\" target=\"_blank\" rel=\"noopener\"><span>https:\/\/plutof.ut.ee\/#\/login<\/span><\/a><span>) luuakse s\u00fcsteemi andmebaasi kasutaja nimeline <\/span><span>isik<\/span><span>. On oluline m\u00f5ista, et <\/span><span>kasutajakonto<\/span><span> on alati seotud \u00fche <\/span><span>isikuga<\/span><span>. <\/span><span>Isik<\/span><span> aga, ei pea alati olema seotud <\/span><span>kasutajakontoga<\/span><span>. Iga kasutaja saab vajadusel luua piiramata arvu isikuid, millega hiljem oma andmeid siduda. <\/span><\/p>\n<p><span><span>Nt. olukord kui, teadusartikli avaldamisel v\u00f5ib ette tulla mitmeid autoreid\/isikuid, kellel PlutoF kasutajakontot ei ole, kuid keda kindlasti tuleb andmetega siduda.<\/span><span><br class=\"kix-line-break\"><\/span><span><br class=\"kix-line-break\"><\/span><span><strong>Duplikaat isik<\/strong><\/span><\/span><\/p>\n<p><span><span>Kasutaja nimeline isik v\u00f5ib teiste kasutajate (t\u00f5en\u00e4oliselt kolleegide v\u00f5i tuttavate) poolt juba s\u00fcsteemi sisestatud olla. Olles veendunud, et selle isiku all on t\u00f5esti teid m\u00f5eldud v\u00f5ib need kaks isikut \u00fcksteisega siduda. Sidumine saab toimuda l\u00e4bi \u201cIsiku\u201d v\u00e4lja \u201cKehtiv nimi\u201d. Isiku sidumine v\u00f5imaldab edaspidi k\u00f5iki teie isikuga seotud andmeid h\u00f5lpsamalt leida. Sarnase isikute sidumise v\u00f5iks ette v\u00f5tta ka sama isiku erinevate nimekujude puhul ja vale kirjapildi puhul. Nt J.Smith kehtivaks nimeks siduda John Smith. <\/span><\/span><\/p>\n","protected":false},"excerpt":{"rendered":"<p>PlutoF platvormi kasutajakonto luuakse alati konkreetsele isikule. Isik omakorda saab olla seotud asutuse, t\u00f6\u00f6r\u00fchma v\u00f5i projektiga. Viimastele omaette andmehalduse kontosid ei looda. \u00a0 Kasutajakonto loomine koosneb kahest etapist: 1) registreerumisvormi t\u00e4itmine (https:\/\/plutof.ut.ee\/#\/register) ja 2) kasutaja e-posti aadressile saabunud lingi kaudu &#8230;<\/p>\n","protected":false},"author":169,"featured_media":0,"parent":0,"menu_order":0,"comment_status":"closed","ping_status":"closed","template":"","meta":{"_acf_changed":false,"inline_featured_image":false,"footnotes":""},"class_list":["post-11","page","type-page","status-publish","hentry"],"acf":[],"_links":{"self":[{"href":"https:\/\/sisu.ut.ee\/plutof\/wp-json\/wp\/v2\/pages\/11","targetHints":{"allow":["GET"]}}],"collection":[{"href":"https:\/\/sisu.ut.ee\/plutof\/wp-json\/wp\/v2\/pages"}],"about":[{"href":"https:\/\/sisu.ut.ee\/plutof\/wp-json\/wp\/v2\/types\/page"}],"author":[{"embeddable":true,"href":"https:\/\/sisu.ut.ee\/plutof\/wp-json\/wp\/v2\/users\/169"}],"replies":[{"embeddable":true,"href":"https:\/\/sisu.ut.ee\/plutof\/wp-json\/wp\/v2\/comments?post=11"}],"version-history":[{"count":1,"href":"https:\/\/sisu.ut.ee\/plutof\/wp-json\/wp\/v2\/pages\/11\/revisions"}],"predecessor-version":[{"id":97,"href":"https:\/\/sisu.ut.ee\/plutof\/wp-json\/wp\/v2\/pages\/11\/revisions\/97"}],"wp:attachment":[{"href":"https:\/\/sisu.ut.ee\/plutof\/wp-json\/wp\/v2\/media?parent=11"}],"curies":[{"name":"wp","href":"https:\/\/api.w.org\/{rel}","templated":true}]}}