{"id":8,"date":"2024-04-04T00:42:57","date_gmt":"2024-04-03T21:42:57","guid":{"rendered":"https:\/\/sisu.ut.ee\/planeerimiskonverents\/tartuplaneerimiskonverents2015\/"},"modified":"2024-04-04T01:46:10","modified_gmt":"2024-04-03T22:46:10","slug":"tartuplaneerimiskonverents2015","status":"publish","type":"page","link":"https:\/\/sisu.ut.ee\/planeerimiskonverents\/tartuplaneerimiskonverents2015\/","title":{"rendered":"TARTU PLANEERIMISKONVERENTS 2015"},"content":{"rendered":"<p><strong>TARTU PLANEERIMISKONVERENTS 2015<\/strong><\/p><p>Toimub 5.-6. novembril 2015 Tartus, aadressil\u00a0Riia 23b-105 <a href=\"http:\/\/kaart.delfi.ee\/\/?bookmark=3c9cd5af84e2ac4c45893c15a04260b3\" target=\"_blank\" rel=\"noopener\">(<\/a><a href=\"http:\/\/kaart.delfi.ee\/\/?bookmark=3c9cd5af84e2ac4c45893c15a04260b3\" target=\"_blank\" rel=\"noopener\">KAART<\/a>).<\/p><p>Osalema oodatud on\u00a0planeerijad ja arhitektid, teadlased ja \u00f5ppej\u00f5ud, KOV ja riigiametnikud, volikogude ja planeerimiskomisjonide liikmed, tudengid ja k\u00f5ik teised huvilised.<\/p><p>Selle aasta peateema on<strong>\u00a0<\/strong><strong>\u201eKeskused maal ja linnas\u201c.\u00a0<\/strong><\/p><p>Esinejaid on end \u00fcles andnud enam kui paar tosinat.<a href=\"http:\/\/www.planeerimiskonverents.ut.ee\/\" target=\"_blank\" rel=\"noopener\"><\/a>\u00a0M\u00f5ned teemad ja nimed:<\/p><ul><li>Avasessiooni linnakeskustest ja keskuskohtadest\u00a0juhib professor Tiit Tammaru. Peaesinejaks on professor Jussi Jauhiainen ja talle sekundeerib Toomas Paaver.<\/li><li>Teemal \u201eTransport ja linnakeskused\u201c\u00a0annab sisendi tehnokraat Dago Antov .\u00a0\u00a0<\/li><li>V\u00e4ikelinnade keskuste tulevikest ja planeerimisest pajatavad Jaak Kliimask ja Peep Vassiljev.<\/li><li>Veronika Valk korraldab jututoa\u00a0linnaehitusest ja arhitektuurist kaasates Villem Tomiste ja professor Rein Ahase.<\/li><li>M\u00f5jude\u00a0hindamise teema v\u00f5tavad kanda\u00a0Heikki Kalle ja\u00a0Tiit Oidj\u00e4rv.<\/li><li>Kui juba Tartus, siis selle\u00a0kesklinna planeeringut tutvustab legendaarne kolmik Mart Hiob, Heikki Kalle ja Indrek Ranniku.<\/li><\/ul><p><strong>Korraldajad<\/strong>:\u00a0Tartu \u00dclikool (Rein Ahas, Garri Raagmaa, Kristi S\u00f5mer) ja Eesti Planeerijate \u00dching (Pille Metspalu, Maila Kuusik)<\/p><p>Konverents toimub Tartu \u00dclikooli, Eesti Maastikuarhitektide Liidu,\u00a0Eesti Planeerijate \u00dchingu, Eesti Arhitektide Liidu, Eesti Linnade Liidu,\u00a0Eesti Keskkonnam\u00f5ju Hindajate \u00dchingu, Hendrikson &amp; Ko,\u00a0Eesti Planeerijate \u00dchingu, Eesti Maaomavalitsuste Liidu, Rahandusministeeriumi planeeringute ja regionaalarengu osakonna, Tallinna \u00dclikooli, Eesti Maa\u00fclikooli ja Eesti Kunstiakadeemia koost\u00f6\u00f6s.<\/p><p><strong>Allj\u00e4rgnevalt Tartu Planeerimiskonverentsi kava:<\/strong><\/p><br><div class=\"wp-block-group attached-files-group is-layout-constrained wp-block-group-is-layout-constrained\"><div class=\"wp-block-file\"><a href=\"https:\/\/sisu.ut.ee\/wp-content\/uploads\/sites\/135\/planeerimiskonverentsikava03_11_2015.pdf\" target=\"_blank\" rel=\"noreferrer noopener\">planeerimiskonverentsikava03_11_2015.pdf<\/a><\/div><\/div>","protected":false},"excerpt":{"rendered":"<p>TARTU PLANEERIMISKONVERENTS 2015 Toimub 5.-6. novembril 2015 Tartus, aadressil\u00a0Riia 23b-105 (KAART). Osalema oodatud on\u00a0planeerijad ja arhitektid, teadlased ja \u00f5ppej\u00f5ud, KOV ja riigiametnikud, volikogude ja planeerimiskomisjonide liikmed, tudengid ja k\u00f5ik teised huvilised. Selle aasta peateema on\u00a0\u201eKeskused maal ja linnas\u201c.\u00a0 Esinejaid on &#8230;<\/p>\n","protected":false},"author":64,"featured_media":0,"parent":0,"menu_order":0,"comment_status":"closed","ping_status":"closed","template":"","meta":{"_acf_changed":false,"inline_featured_image":false,"footnotes":""},"class_list":["post-8","page","type-page","status-publish","hentry"],"acf":[],"_links":{"self":[{"href":"https:\/\/sisu.ut.ee\/planeerimiskonverents\/wp-json\/wp\/v2\/pages\/8","targetHints":{"allow":["GET"]}}],"collection":[{"href":"https:\/\/sisu.ut.ee\/planeerimiskonverents\/wp-json\/wp\/v2\/pages"}],"about":[{"href":"https:\/\/sisu.ut.ee\/planeerimiskonverents\/wp-json\/wp\/v2\/types\/page"}],"author":[{"embeddable":true,"href":"https:\/\/sisu.ut.ee\/planeerimiskonverents\/wp-json\/wp\/v2\/users\/64"}],"replies":[{"embeddable":true,"href":"https:\/\/sisu.ut.ee\/planeerimiskonverents\/wp-json\/wp\/v2\/comments?post=8"}],"version-history":[{"count":2,"href":"https:\/\/sisu.ut.ee\/planeerimiskonverents\/wp-json\/wp\/v2\/pages\/8\/revisions"}],"predecessor-version":[{"id":1723,"href":"https:\/\/sisu.ut.ee\/planeerimiskonverents\/wp-json\/wp\/v2\/pages\/8\/revisions\/1723"}],"wp:attachment":[{"href":"https:\/\/sisu.ut.ee\/planeerimiskonverents\/wp-json\/wp\/v2\/media?parent=8"}],"curies":[{"name":"wp","href":"https:\/\/api.w.org\/{rel}","templated":true}]}}