{"id":7,"date":"2024-04-04T00:42:56","date_gmt":"2024-04-03T21:42:56","guid":{"rendered":"https:\/\/sisu.ut.ee\/planeerimiskonverents\/avaleht\/"},"modified":"2026-03-16T11:38:28","modified_gmt":"2026-03-16T09:38:28","slug":"avaleht","status":"publish","type":"page","link":"https:\/\/sisu.ut.ee\/planeerimiskonverents\/","title":{"rendered":"Avaleht"},"content":{"rendered":"<div class=\"wp-block-media-text has-media-on-the-right is-stacked-on-mobile\" style=\"grid-template-columns:auto 24%\"><div class=\"wp-block-media-text__content\">\n<p class=\"has-text-align-center\"><span style=\"font-size: 24px;\"><\/span><span style=\"font-size: 22px;\">XI Tartu Planeerimiskonverents<\/span><\/p>\n\n\n\n<p class=\"has-text-align-center\"><span style=\"font-size: 22px;\">\u201eKultuur planeerimises ja planeerimiskultuur\u201c <\/span><\/p>\n\n\n\n<p class=\"has-text-align-center\"><span style=\"font-size: 22px;\">19.-20. november 2026<\/span><\/p>\n\n\n\n<p class=\"has-text-align-center has-primary-color has-text-color has-link-color wp-elements-f1e89544bbc18f7a9d1c3756d8877219\"><strong>Sessioonide kutse avatud 16. m\u00e4rts kuni 30. aprill 2026<\/strong><\/p>\n<\/div><figure class=\"wp-block-media-text__media\"><img loading=\"lazy\" decoding=\"async\" width=\"1024\" height=\"681\" src=\"https:\/\/sisu.ut.ee\/wp-content\/uploads\/sites\/135\/TPK-main@4x-1024x681.png\" alt=\"\" class=\"wp-image-1735 size-full\" srcset=\"https:\/\/sisu.ut.ee\/wp-content\/uploads\/sites\/135\/TPK-main@4x-1024x681.png 1024w, https:\/\/sisu.ut.ee\/wp-content\/uploads\/sites\/135\/TPK-main@4x-300x200.png 300w, https:\/\/sisu.ut.ee\/wp-content\/uploads\/sites\/135\/TPK-main@4x-768x511.png 768w, https:\/\/sisu.ut.ee\/wp-content\/uploads\/sites\/135\/TPK-main@4x.png 1317w\" sizes=\"auto, (max-width: 1024px) 100vw, 1024px\"><\/figure><\/div>\n\n\n\n<p>Kultuur planeerimises ei t\u00e4henda \u00fcksnes arhitektuuri, p\u00e4randhooneid v\u00f5i kunstilist v\u00e4ljendust, vaid palju laiemat v\u00e4\u00e4rtusmaailma, mis kujundab meie arusaamu planeerimisest, ruumist ja selle kasutamisest. Kultuuri alla kuuluvad normid, elustiilid, identiteedid, kohalikud traditsioonid, usaldus ning igap\u00e4evased praktikad, mis m\u00e4\u00e4ravad, millist ruumi inimesed peavad t\u00e4henduslikuks ja kuidas me seda loome, olgu need seotud maakasutuse suunamise, liikuvuse, rohealade v\u00f5i arhitektuurip\u00e4randi hoidmisega. Nii on n\u00e4iteks liikuvuse ja roheteemade konfliktid sageli v\u00e4\u00e4rtuste ja identiteedi ehk laiemas m\u00f5ttes kultuuri kesksed ja kultuur v\u00e4\u00e4rtuste kontekstis on igap\u00e4evaseks dialoogiks ruumilises planeerimises \u2013 milliseid v\u00e4\u00e4rtusi ruum, eelk\u00f5ige avalik ruum kannab v\u00f5i peab kandma ja kes neid defineerib.\u00a0\u00a0<br><br>Konverentsil uurime, kuidas kultuurilised t\u00e4hendused m\u00f5jutavad planeerimisotsuseid, millisel viisil planeerimis- ja ruumikultuur s\u00fcnnib ja muutub ning kuidas erinevad kogukonnad t\u00f5lgendavad \u201chead ruumi\u201d. Samuti arutleme, kuidas tuleviku elukeskkondi luuakse \u00fcheskoos elanikega \u2013 milline roll on usaldusel, osaluspraktikatel ja milline on v\u00f5i v\u00f5iks olla koosloomekultuur.<\/p>\n\n\n\n<p class=\"has-primary-color has-text-color has-link-color wp-elements-37528c556de20bbe4dd23dd784c0d9b8\"><strong>Kutsume k\u00f5iki planeerimisvaldkonna eksperte, praktikuid ja teadlasi konverentsi korraldusse panustama ning v\u00e4lja pakkuma oma sessioone. Sessioonide kutse avatud 16. m\u00e4rts kuni 30. aprill 2026.<\/strong>\u00a0<br>\u00a0<br>Kahele p\u00e4evale mahub kuni 15 paralleelsessiooni. Soovime kujundada programmi demokraatlikult, kaasates \u00fclikoole, riigiasutusi, kodaniku\u00fchendusi ja ettev\u00f5tteid, et k\u00e4sitluse saaksid Eesti ruumiplaneerimise k\u00f5ige olulisemad teemad. Sessioone kavandades on oluline arvestada laia auditooriumiga, kuhu kuuluvad praktikud, teadlased, tudengid, ettev\u00f5tjad, riigi- ja KOV ametnikud ning poliitikud. Sessioonide l\u00f5plikul valikul eelistatakse neid, mis haakuvad t\u00e4navuse peateemaga, kuid programmiga v\u00f5ivad liituda ka teised aktuaalsed ja olulised teemad. \u00a0<br>\u00a0<br><strong>Sessioonide \u00fcldine formaat <\/strong>\u00a0<br>Sessiooni pikkus on 1 tund 30 minutit ning sessioonijuhid v\u00f5ivad valida endale sobiva formaadi. Klassikalise formaadi puhul (ettekanded ja k\u00fcsimuste-vastuste osa) soovitame planeerida kuni 3 esinejat ning aruteluringides maksimaalselt 4 osalejaga \u2013 praktika n\u00e4itab, et suurema osalejate arvuga ei j\u00e4\u00e4 piisavalt aega publiku k\u00fcsimusteks ja vastuseks. Eriti oodatud on erinevad debatid ja kaasavad aruteluvormid.\u00a0<br>\u00a0<br>Palun esitage sessiooni kirjeldus <strong>hiljemalt 30. aprilliks<\/strong> sellel vormil: <strong>\u00a0<\/strong><a href=\"https:\/\/forms.cloud.microsoft\/e\/PWb4RVuNz2\"><strong>https:\/\/forms.cloud.microsoft\/e\/PWb4RVuNz2<\/strong><\/a><br>\u00a0<br>Konverentsi programmi lisatavad sessioonid valib programmi n\u00f5ukogu, kuhu kuuluvad \u00fclikoolide, riigiasutuste, omavalitsuste ja planeerijate \u00fchenduste esindajad, maikuu jooksul. \u00a0<br>\u00a0<br>Esinejatele ja sessioonijuhtidele pakume j\u00e4rgmisi soodustusi: esinejad on vabastatud osalustasust esinemisp\u00e4eval; sessiooni korralduse eest vastutavale isikule (1 inimene) on kogu konverentsil osalemine ja \u00f5htus\u00f6\u00f6k tasuta. \u00a0<br>\u00a0<br>\u00a0<br><strong>Kontaktisik:<\/strong> Mari Kirss, <a href=\"mailto:mari.kirss.1@ut.ee\" target=\"_blank\" rel=\"noreferrer noopener\">mari.kirss.1@ut.ee<\/a>\u00a0<\/p>\n\n\n\n<p><\/p>\n\n\n\n<div class=\"wp-block-columns is-layout-flex wp-container-core-columns-is-layout-9d6595d7 wp-block-columns-is-layout-flex\">\n<div class=\"wp-block-column is-layout-flow wp-block-column-is-layout-flow\">\n<figure class=\"wp-block-image aligncenter is-resized\"><img loading=\"lazy\" decoding=\"async\" width=\"3761\" height=\"904\" src=\"https:\/\/sisu.ut.ee\/wp-content\/uploads\/sites\/135\/tartu_ylikool-pohilogo-sinine-est.png\" alt=\"tartu \u00fclikool\" class=\"wp-image-74\" style=\"aspect-ratio:4.1606226557629356;width:356px;height:auto\" title=\"tartu_ylikool-pohilogo-sinine-est.png\" srcset=\"https:\/\/sisu.ut.ee\/wp-content\/uploads\/sites\/135\/tartu_ylikool-pohilogo-sinine-est.png 3761w, https:\/\/sisu.ut.ee\/wp-content\/uploads\/sites\/135\/tartu_ylikool-pohilogo-sinine-est-300x72.png 300w, https:\/\/sisu.ut.ee\/wp-content\/uploads\/sites\/135\/tartu_ylikool-pohilogo-sinine-est-1024x246.png 1024w, https:\/\/sisu.ut.ee\/wp-content\/uploads\/sites\/135\/tartu_ylikool-pohilogo-sinine-est-768x185.png 768w, https:\/\/sisu.ut.ee\/wp-content\/uploads\/sites\/135\/tartu_ylikool-pohilogo-sinine-est-1536x369.png 1536w, https:\/\/sisu.ut.ee\/wp-content\/uploads\/sites\/135\/tartu_ylikool-pohilogo-sinine-est-2048x492.png 2048w, https:\/\/sisu.ut.ee\/wp-content\/uploads\/sites\/135\/tartu_ylikool-pohilogo-sinine-est-1920x461.png 1920w\" sizes=\"auto, (max-width: 3761px) 100vw, 3761px\"><\/figure>\n\n\n\n<figure class=\"wp-block-image size-full is-resized\"><img loading=\"lazy\" decoding=\"async\" width=\"1022\" height=\"594\" src=\"https:\/\/sisu.ut.ee\/wp-content\/uploads\/sites\/135\/doktorikooli-logo.jpg\" alt=\"\" class=\"wp-image-2687\" style=\"aspect-ratio:1.720556000371033;width:221px;height:auto\" srcset=\"https:\/\/sisu.ut.ee\/wp-content\/uploads\/sites\/135\/doktorikooli-logo.jpg 1022w, https:\/\/sisu.ut.ee\/wp-content\/uploads\/sites\/135\/doktorikooli-logo-300x174.jpg 300w, https:\/\/sisu.ut.ee\/wp-content\/uploads\/sites\/135\/doktorikooli-logo-768x446.jpg 768w\" sizes=\"auto, (max-width: 1022px) 100vw, 1022px\"><\/figure>\n<\/div>\n\n\n\n<div class=\"wp-block-column is-layout-flow wp-block-column-is-layout-flow\">\n<figure class=\"wp-block-image alignright\"><img decoding=\"async\" src=\"https:\/\/sisu.ut.ee\/wp-content\/uploads\/sites\/135\/epl.png\" alt=\"\" style=\"object-fit:cover\"><\/figure>\n<\/div>\n\n\n\n<div class=\"wp-block-column is-layout-flow wp-block-column-is-layout-flow\"><\/div>\n<\/div>\n\n\n\n<p class=\"has-text-align-left\">\u00dcritus on korraldatud projektist \u201c\u00dclikoolide koost\u00f6\u00f6 doktori\u00f5ppe edendamisel\u201c (2021-2027.4.04.24-0003), mida kaasrahastab Euroopa Liit.\u00a0<\/p>\n\n\n\n<p><\/p>\n","protected":false},"excerpt":{"rendered":"<p>XI Tartu Planeerimiskonverents \u201eKultuur planeerimises ja planeerimiskultuur\u201c 19.-20. november 2026 Sessioonide kutse avatud 16. m\u00e4rts kuni 30. aprill 2026 Kultuur planeerimises ei t\u00e4henda \u00fcksnes arhitektuuri, p\u00e4randhooneid v\u00f5i kunstilist v\u00e4ljendust, vaid palju laiemat v\u00e4\u00e4rtusmaailma, mis kujundab meie arusaamu planeerimisest, ruumist ja &#8230;<\/p>\n","protected":false},"author":64,"featured_media":0,"parent":0,"menu_order":0,"comment_status":"closed","ping_status":"closed","template":"","meta":{"_acf_changed":false,"inline_featured_image":false,"footnotes":""},"class_list":["post-7","page","type-page","status-publish","hentry"],"acf":[],"_links":{"self":[{"href":"https:\/\/sisu.ut.ee\/planeerimiskonverents\/wp-json\/wp\/v2\/pages\/7","targetHints":{"allow":["GET"]}}],"collection":[{"href":"https:\/\/sisu.ut.ee\/planeerimiskonverents\/wp-json\/wp\/v2\/pages"}],"about":[{"href":"https:\/\/sisu.ut.ee\/planeerimiskonverents\/wp-json\/wp\/v2\/types\/page"}],"author":[{"embeddable":true,"href":"https:\/\/sisu.ut.ee\/planeerimiskonverents\/wp-json\/wp\/v2\/users\/64"}],"replies":[{"embeddable":true,"href":"https:\/\/sisu.ut.ee\/planeerimiskonverents\/wp-json\/wp\/v2\/comments?post=7"}],"version-history":[{"count":30,"href":"https:\/\/sisu.ut.ee\/planeerimiskonverents\/wp-json\/wp\/v2\/pages\/7\/revisions"}],"predecessor-version":[{"id":2704,"href":"https:\/\/sisu.ut.ee\/planeerimiskonverents\/wp-json\/wp\/v2\/pages\/7\/revisions\/2704"}],"wp:attachment":[{"href":"https:\/\/sisu.ut.ee\/planeerimiskonverents\/wp-json\/wp\/v2\/media?parent=7"}],"curies":[{"name":"wp","href":"https:\/\/api.w.org\/{rel}","templated":true}]}}