{"id":51,"date":"2024-04-04T00:42:59","date_gmt":"2024-04-03T21:42:59","guid":{"rendered":"https:\/\/sisu.ut.ee\/planeerimiskonverents\/tartu-planeerimiskonverents-2017-0\/"},"modified":"2024-04-04T01:46:09","modified_gmt":"2024-04-03T22:46:09","slug":"tartu-planeerimiskonverents-2017-0","status":"publish","type":"page","link":"https:\/\/sisu.ut.ee\/planeerimiskonverents\/tartu-planeerimiskonverents-2017-0\/","title":{"rendered":"Tartu Planeerimiskonverents 2017"},"content":{"rendered":"<p>2.-3. novembril 2017 toimus j\u00e4rjekorras juba kolmas Tartu Planeerimiskonverents. Konverentsi peateemaks oli\u00a0\u00a0<strong>\u201ePlaneerimine ja eetika\u201c<\/strong>, kus peak\u00f5nelejaks oli Tartu \u00dclikooli eetikakeskuse juhataja prof. Margit Sutrop.<\/p>\n<p>Ettekandesessioonid k\u00e4sitlesid veel planeerimise metoodika, arhitektuurse planeerimise, transpordiplaneerimise ja linnaplaneerimise teemasid. Teise konverentsip\u00e4eva peaesinejaks oli riigihalduse minister Jaak Aab, millele j\u00e4rgnes sessioon haldusreformi m\u00f5judest planeerimise korraldusele ja praktikale. T\u00f5mbasime ka eraldi t\u00e4helepanu planeerimisega tegelevate firmade koost\u00f6\u00f6 edendamisele ja \u00fchiste v\u00e4lispakkumiste korraldajatele. Samuti oli paralleelsessioon Euroopa Liidu planeerimisinitsiatiivide v\u00f5imaluste tutvustamiseks Eesti omavalitsustele ja planeerijatele. K\u00e4sitlemist leidsid URBACT, ESPON, SPINA, INTERREG jt \u00fcleeuroopalised initsiatiivid.\u00a0<\/p>\n<p>K\u00fcsimused:\u00a0<a href=\"mailto:planeerimiskonverents@ut.ee\">planeerimiskonverents@ut.ee<\/a><\/p>\n<p><strong>Korraldustoimkonna nimel<\/strong><\/p>\n<p>Heiki Kalberg,\u00a0Eesti Planeerijate \u00dching<\/p>\n<p>Rein Ahas,\u00a0Tartu \u00dclikooli geograafia osakond\u00a0<\/p>\n<p>TOETAJAD: Eesti Biokeskus, URBACT,\u00a0Rahandusministeerium, Tartu \u00dclikool, Tallinna \u00dclikool, Eesti Maa\u00fclikool<\/p>\n","protected":false},"excerpt":{"rendered":"<p>2.-3. novembril 2017 toimus j\u00e4rjekorras juba kolmas Tartu Planeerimiskonverents. Konverentsi peateemaks oli\u00a0\u00a0\u201ePlaneerimine ja eetika\u201c, kus peak\u00f5nelejaks oli Tartu \u00dclikooli eetikakeskuse juhataja prof. Margit Sutrop. Ettekandesessioonid k\u00e4sitlesid veel planeerimise metoodika, arhitektuurse planeerimise, transpordiplaneerimise ja linnaplaneerimise teemasid. Teise konverentsip\u00e4eva peaesinejaks oli riigihalduse &#8230;<\/p>\n","protected":false},"author":64,"featured_media":0,"parent":0,"menu_order":0,"comment_status":"closed","ping_status":"closed","template":"","meta":{"_acf_changed":false,"inline_featured_image":false,"footnotes":""},"class_list":["post-51","page","type-page","status-publish","hentry"],"acf":[],"_links":{"self":[{"href":"https:\/\/sisu.ut.ee\/planeerimiskonverents\/wp-json\/wp\/v2\/pages\/51","targetHints":{"allow":["GET"]}}],"collection":[{"href":"https:\/\/sisu.ut.ee\/planeerimiskonverents\/wp-json\/wp\/v2\/pages"}],"about":[{"href":"https:\/\/sisu.ut.ee\/planeerimiskonverents\/wp-json\/wp\/v2\/types\/page"}],"author":[{"embeddable":true,"href":"https:\/\/sisu.ut.ee\/planeerimiskonverents\/wp-json\/wp\/v2\/users\/64"}],"replies":[{"embeddable":true,"href":"https:\/\/sisu.ut.ee\/planeerimiskonverents\/wp-json\/wp\/v2\/comments?post=51"}],"version-history":[{"count":1,"href":"https:\/\/sisu.ut.ee\/planeerimiskonverents\/wp-json\/wp\/v2\/pages\/51\/revisions"}],"predecessor-version":[{"id":1671,"href":"https:\/\/sisu.ut.ee\/planeerimiskonverents\/wp-json\/wp\/v2\/pages\/51\/revisions\/1671"}],"wp:attachment":[{"href":"https:\/\/sisu.ut.ee\/planeerimiskonverents\/wp-json\/wp\/v2\/media?parent=51"}],"curies":[{"name":"wp","href":"https:\/\/api.w.org\/{rel}","templated":true}]}}