{"id":50,"date":"2024-04-04T00:42:59","date_gmt":"2024-04-03T21:42:59","guid":{"rendered":"https:\/\/sisu.ut.ee\/planeerimiskonverents\/tartu-planeerimiskonverents-2018\/"},"modified":"2024-04-04T01:46:09","modified_gmt":"2024-04-03T22:46:09","slug":"tartu-planeerimiskonverents-2018","status":"publish","type":"page","link":"https:\/\/sisu.ut.ee\/planeerimiskonverents\/tartu-planeerimiskonverents-2018\/","title":{"rendered":"Tartu Planeerimiskonverents 2018"},"content":{"rendered":"<h2 style=\"text-align: center\">T\u00f5de ja \u00f5igus ruumilises planeerimises<\/h2>\n\n<p>Kui iga\u00fchel on oma t\u00f5de, siis kuidas saavutada \u00fchiskondlikku \u00f5iglust?<\/p>\n<p>Avalikkuse osalemine Eesti eluruumi kujundamisel kasvab ja\u00a0planeerimine muutub aina keerukamaks \u2013 meeskonnat\u00f6\u00f6ks, kus v\u00f5tmet\u00e4htsusega on erialaspetsialistide omavaheline \u00fcksteisem\u00f5istmine.\u00a0Suurprojektid nagu Rail Baltic ja puidurafineerismistehas on tekitanud tulise emotsioonidest tulvil \u00fcldrahvaliku arutelu. Ka j\u00e4rve kaldale v\u00f5i parki planeeritav elurajoon paneb kogukonnad ja sotsiaalmeedia kihama. Palju on nii pooldajaid kui ka vastaseid ja leppimist ei paista ka p\u00e4rast kohtukulli ees k\u00e4imist: ristuvad erinevad arusaamad ja t\u00f5lgendused, emotsioonid ja hirmud. Kas ratsionaalsete argumentide tahaplaanile j\u00e4\u00e4des on planeerijatel ja poliitikutel \u00fclepea v\u00f5imalik valida parimat planeeringulahendust? Kuidas hallata meedia ja seda \u00fcha agaramalt pruukivate huvigruppide m\u00f5jutamisel toimuvat planeerimistegevust, kus iga\u00fchel on oma t\u00f5de ja \u00f5igus? Kuidas aga tagada \u00f5iglus?<\/p>\n<p>Asukoht: Vanemuise 46-225, Tartu<\/p>\n<p>K\u00fcsimused:\u00a0<a href=\"mailto:planeerimiskonverents@ut.ee\">planeerimiskonverents@ut.ee<\/a>\u00a0\u00a0<\/p>\n<p><strong>Korraldustoimkonna nimel<\/strong><\/p>\n<p>Heiki Kalberg (<a href=\"mailto:heiki@artes.ee\">heiki@artes.ee<\/a>),\u00a0Eesti Planeerijate \u00dching<\/p>\n<p>Garri Raagmaa (<a href=\"mailto:garri@ut.ee\">garri@ut.ee<\/a>),\u00a0Tartu \u00dclikooli geograafia osakond\u00a0<\/p>\n<p>TOETAJAD:\u00a0\u00a0Tartu \u00dclikool,\u00a0Rahandusministeerium,\u00a0URBACT,\u00a0Tallinna \u00dclikool, Eesti Maa\u00fclikool, Tartu linn, Eesti Kultuurkapital<\/p>\n","protected":false},"excerpt":{"rendered":"<p>T\u00f5de ja \u00f5igus ruumilises planeerimises Kui iga\u00fchel on oma t\u00f5de, siis kuidas saavutada \u00fchiskondlikku \u00f5iglust? Avalikkuse osalemine Eesti eluruumi kujundamisel kasvab ja\u00a0planeerimine muutub aina keerukamaks \u2013 meeskonnat\u00f6\u00f6ks, kus v\u00f5tmet\u00e4htsusega on erialaspetsialistide omavaheline \u00fcksteisem\u00f5istmine.\u00a0Suurprojektid nagu Rail Baltic ja puidurafineerismistehas on tekitanud &#8230;<\/p>\n","protected":false},"author":64,"featured_media":0,"parent":0,"menu_order":0,"comment_status":"closed","ping_status":"closed","template":"","meta":{"_acf_changed":false,"inline_featured_image":false,"footnotes":""},"class_list":["post-50","page","type-page","status-publish","hentry"],"acf":[],"_links":{"self":[{"href":"https:\/\/sisu.ut.ee\/planeerimiskonverents\/wp-json\/wp\/v2\/pages\/50","targetHints":{"allow":["GET"]}}],"collection":[{"href":"https:\/\/sisu.ut.ee\/planeerimiskonverents\/wp-json\/wp\/v2\/pages"}],"about":[{"href":"https:\/\/sisu.ut.ee\/planeerimiskonverents\/wp-json\/wp\/v2\/types\/page"}],"author":[{"embeddable":true,"href":"https:\/\/sisu.ut.ee\/planeerimiskonverents\/wp-json\/wp\/v2\/users\/64"}],"replies":[{"embeddable":true,"href":"https:\/\/sisu.ut.ee\/planeerimiskonverents\/wp-json\/wp\/v2\/comments?post=50"}],"version-history":[{"count":1,"href":"https:\/\/sisu.ut.ee\/planeerimiskonverents\/wp-json\/wp\/v2\/pages\/50\/revisions"}],"predecessor-version":[{"id":1672,"href":"https:\/\/sisu.ut.ee\/planeerimiskonverents\/wp-json\/wp\/v2\/pages\/50\/revisions\/1672"}],"wp:attachment":[{"href":"https:\/\/sisu.ut.ee\/planeerimiskonverents\/wp-json\/wp\/v2\/media?parent=50"}],"curies":[{"name":"wp","href":"https:\/\/api.w.org\/{rel}","templated":true}]}}