{"id":40,"date":"2024-04-04T00:42:58","date_gmt":"2024-04-03T21:42:58","guid":{"rendered":"https:\/\/sisu.ut.ee\/planeerimiskonverents\/kava-2017\/"},"modified":"2024-04-04T01:46:09","modified_gmt":"2024-04-03T22:46:09","slug":"kava-2017","status":"publish","type":"page","link":"https:\/\/sisu.ut.ee\/planeerimiskonverents\/kava-2017\/","title":{"rendered":"Kava 2017"},"content":{"rendered":"<p class=\"Body\"><strong>Neljap\u00e4ev, 02.11.2017<\/strong><\/p>\n<p class=\"Body\"><strong>Noorteadurite v\u00e4lkettekannete sessioon. Korraldaja: Siiri Silm (Tartu \u00dclikool)<\/strong><\/p>\n<ul>\n<li>Elamusandmed ruumi kujundajana \u2013<a href=\"https:\/\/sisu.ut.ee\/wp-content\/uploads\/sites\/135\/1_johanna_joekalda_plan_konv.pdf\" target=\"_blank\" data-fid=\"25751\" rel=\"noopener\">Johanna J\u00f5ekalda<\/a>\u00a0(Eesti Kunstiakadeemia)<\/li>\n<li>Kohalike elanike hinnang linnaruumilistele muutustele ja s\u00fcmboolne t\u00f5rjutus: P\u00f5hja-Tallinn \u2013 <a href=\"https:\/\/sisu.ut.ee\/wp-content\/uploads\/sites\/135\/2_planeerimiskonverents_hinnang_muutustele_ja_sumboolne_torjutus_02112017.pdf\" target=\"_blank\" data-fid=\"25752\" rel=\"noopener\">Ingmar Pastak<\/a>\u00a0(Tartu \u00dclikool)<\/li>\n<li>Koolihoovide kujundamine koos noortega \u2013 <a href=\"https:\/\/sisu.ut.ee\/wp-content\/uploads\/sites\/135\/3_tpk_esitlus_2.11.2017.pdf\" target=\"_blank\" data-fid=\"25753\" rel=\"noopener\">Siiri Treufeld<\/a>\u00a0(MT\u00dc Eesti Rohelised Koolihoovid, Tallinna \u00dclikool)<\/li>\n<li>Rannakultuuriruum. \u00c4\u00e4remaaliste rannakogukondade elavdamisest \u2013 <a href=\"https:\/\/sisu.ut.ee\/wp-content\/uploads\/sites\/135\/4_evaliisa_lepik_rannakultuuriruumid.pdf\" target=\"_blank\" data-fid=\"25754\" rel=\"noopener\">Eva-Liisa Lepik<\/a>\u00a0(Eesti Kunstiakadeemia)<\/li>\n<li>Getting the picture: the reality in rural areas? \u2013 <a href=\"https:\/\/sisu.ut.ee\/wp-content\/uploads\/sites\/135\/5_joanna_storie_rural_communities.pdf\" target=\"_blank\" data-fid=\"25755\" rel=\"noopener\">Joanna Storie<\/a>\u00a0(Eesti Maa\u00fclikool)<\/li>\n<\/ul>\n<p class=\"Body\"><strong>I Sessioon: Eetika ja planeerimine. Korraldaja: Heiki Kalberg (Eesti Planeerijate \u00dching)<\/strong><\/p>\n<ul>\n<li>Peaesineja \u2013 <a href=\"https:\/\/sisu.ut.ee\/wp-content\/uploads\/sites\/135\/1_planeeerimiseetika_021117.pdf\" target=\"_blank\" data-fid=\"25756\" rel=\"noopener\">Margit Sutrop<\/a>\u00a0\u2013 Eetilised valikud planeerimisel \u2013 avalik huvi versus erahuvi (Tartu \u00dclikool)<\/li>\n<li>Millise s\u00f5numiga ruumi me loome? \u2013 <a href=\"https:\/\/sisu.ut.ee\/wp-content\/uploads\/sites\/135\/2millise_sonumiga_ruumi_me_loome.pdf\" target=\"_blank\" data-fid=\"25757\" rel=\"noopener\">Grete Arro<\/a><strong>\u00a0<\/strong>(Tallinna \u00dclikool)<\/li>\n<li>S\u00fcsteemimuutus \u2013 <a href=\"https:\/\/sisu.ut.ee\/wp-content\/uploads\/sites\/135\/3_planeerimiskonvekal_teele_pehk.pdf\" target=\"_blank\" data-fid=\"25758\" rel=\"noopener\">Teele Pehk<\/a>\u00a0(Koost\u00f6\u00f6 Kogu)\u00a0 \u00a0 \u00a0 \u00a0 \u00a0\u00a0<\/li>\n<\/ul>\n<p class=\"Body\"><strong>II Sessioon: Planeeringud ja arhitekti t\u00f6\u00f6. Korraldaja: Toomas Paaver (EAL)<\/strong><\/p>\n<ul>\n<li>Projekteerimispraktikast seoses planeeringutega \u2013 <a href=\"https:\/\/sisu.ut.ee\/wp-content\/uploads\/sites\/135\/1_tartu_planeerimispaev_loeng.pdf\" target=\"_blank\" data-fid=\"25759\" rel=\"noopener\">Mihkel T\u00fc\u00fcr<\/a>\u00a0(Kadarik T\u00fc\u00fcr Arhitektid)<\/li>\n<li>Kivilinnade avaliku ruumi arendamisest Annelinna n\u00e4itel \u2013 <a href=\"https:\/\/sisu.ut.ee\/wp-content\/uploads\/sites\/135\/2_kaja_pae_02112017.pdf\" target=\"_blank\" data-fid=\"25760\" rel=\"noopener\">Kaja Pae<\/a>\u00a0(Tartu \u00dclikool, Eesti Kunstiakadeemia, ajakiri MAJA)<\/li>\n<li>Kas eetikal on planeerimises tulevikku? \u2013<a href=\"https:\/\/sisu.ut.ee\/wp-content\/uploads\/sites\/135\/3_plan_eetika_2017.pdf\" target=\"_blank\" data-fid=\"25761\" rel=\"noopener\">Margus Koot<\/a>\u00a0(Kootplaan O\u00dc<\/li>\n<li>Me k\u00f5ik armastame kana: arhitekti ja planeerija vastuoludest \u2013 <a href=\"https:\/\/sisu.ut.ee\/wp-content\/uploads\/sites\/135\/4_planeerimiskonverents-2017-rynkla.pdf\" target=\"_blank\" data-fid=\"25762\" rel=\"noopener\">Indrek R\u00fcnkla<\/a>\u00a0(Kultuuriministeerium)<\/li>\n<\/ul>\n<p><strong>IIIa Sessioon: Liikuvus linnaruumis. Korraldajad: Indrek Gailan (Majandus- ja Kommunikatsiooniministeerium), Dago Antov (Tallinna Tehnika\u00fclikool)<\/strong><\/p>\n<ul>\n<li>Mobiilpositsioneerimine \u2013 uudne meetod transpordiplaneerimises \u2013 <a href=\"https:\/\/sisu.ut.ee\/wp-content\/uploads\/sites\/135\/1_positium_planeerimiskonverents_lauraaltin.pdf\" target=\"_blank\" data-fid=\"25763\" rel=\"noopener\">Laura Altin<\/a>\u00a0(Positium LBS)<\/li>\n<li>Tartu \u00fchistranspordi projekt \u2013<a href=\"https:\/\/sisu.ut.ee\/wp-content\/uploads\/sites\/135\/2_uhistranspordi_esitlus_planeerimiskonverentsil.pdf\" target=\"_blank\" data-fid=\"25764\" rel=\"noopener\">Jarno Laur<\/a>\u00a0(Tartu Linnavalitsus)<\/li>\n<li>Isejuhtiv auto \u2013 <a href=\"https:\/\/sisu.ut.ee\/wp-content\/uploads\/sites\/135\/3_planeerimiskonverents_marten_kaevats.pdf\" target=\"_blank\" data-fid=\"25831\" rel=\"noopener\">Marten Kaevats<\/a>\u00a0(Riigikantselei)<\/li>\n<li>Tallinna SUMP \u2013 <a href=\"https:\/\/sisu.ut.ee\/wp-content\/uploads\/sites\/135\/4_vahter_02112017.pdf\" target=\"_blank\" data-fid=\"25765\" rel=\"noopener\">Liis Vahter<\/a>\u00a0(Majandus- ja Kommunikatsiooniministeerium)<\/li>\n<\/ul>\n<p class=\"Body\"><strong>IIIb Sessioon: Konsultatsiooni- ja planeerimisfirmade konsolideerimine. Korraldajad: Garri Raagmaa (Tartu \u00dclikool), Ander Ojandu (Civitta)<\/strong><\/p>\n<p class=\"Body\">Europrojektide valud ja r\u00f5\u00f5mud \u2013 <strong>Garri Raagmaa<\/strong> (Tartu \u00dclikool), <strong>Ander Ojandu<\/strong> (Civitta) Ettev\u00f5tjate pitch\u2019id ja huvid, maailmakohvik \u00fcldteemal: \u201eKuidas europrojektides juhtrolli v\u00f5tta?\u201c\u00a0\u00a0\u00a0\u00a0\u00a0\u00a0\u00a0\u00a0\u00a0<\/p>\n<ul>\n<li>V\u00f5rgustumine Euroopas \u2013 kuidas allhankeredelil kerkida v\u00f5rgustiku keskuseks? \u00a0<strong>Ander Ojandu <\/strong>(Civitta)<\/li>\n<li>Riiklikud abiskeemid oma firmadele: kuidas teised maad nii edukad on? <strong>Katrin Pihor<\/strong> (Praxis)<\/li>\n<li>\u00a0\u00dclemaailmne-euroopaline sertifitseerimine. Kellele ja milleks? <strong>Rivo Noork\u00f5iv (Geomedia)<\/strong><\/li>\n<li>\u00a0Konsulandi rolli muutumine ja organiseerumine Eestis ja Euroopas \u2013 <strong>Kaarel Lehtsalu <\/strong>(Viljandimaa Arenduskeskus)<\/li>\n<li>\u00a0Kutsestandard(id): kuidas see v\u00f5iks rahvusvahelistumisel abiks olla? <strong>Mart Hiob <\/strong>(AB Artes Terrae)<\/li>\n<li>\u00a0Kuidas ja millele omavahel spetsialiseeruda? <strong>Mihkel Laan <\/strong>(Cumulus Consulting)<\/li>\n<\/ul>\n<p class=\"Body\"><strong>Reede, 03.11.2017<\/strong><\/p>\n<p class=\"Body\"><strong>IVa Sessioon: Linna s\u00f5numid. Korraldajad: Tauri Tuvikene (Tallinna \u00dclikool), Keiti Kljavin, Elo Kiivet, Epp Vahtram\u00e4e, Maria Derl\u00f5\u0161 (Linnalabor)<\/strong><\/p>\n<ul>\n<li>Miks m\u00f5ne maja ehitamise lugu j\u00f5uab ajalehe esik\u00fcljele? <a href=\"https:\/\/sisu.ut.ee\/wp-content\/uploads\/sites\/135\/01_planeerimiskonverents_juri_saar.pdf\" target=\"_blank\" data-fid=\"25767\" rel=\"noopener\">J\u00fcri Saar<\/a>\u00a0(Tartu Postimees)<\/li>\n<li>Linnade digitaalne kultuurilugu \u2013 Ajapaik ja teised \u00fchisloome algatused \u2013 <a href=\"http:\/\/bit.ly\/171103tpkap\" target=\"_blank\" title=\"\" data-url=\"http:\/\/bit.ly\/171103tpkap\" rel=\"noopener\">Vahur Puik<\/a>\u00a0(MT\u00dc Eesti Fotop\u00e4rand)<\/li>\n<li>R\u00e4\u00e4mas v\u00e4ikelinnade keskv\u00e4ljakud. EV100 arhitektuurkonkurss \u201cHea avalik ruum\u201d\u2013 <a href=\"https:\/\/sisu.ut.ee\/wp-content\/uploads\/sites\/135\/3_tartu031117_helen.pdf\" target=\"_blank\" data-fid=\"25769\" rel=\"noopener\">Helen Soov\u00e4li-Sepping<\/a>\u00a0(Tallinna \u00dclikool)<\/li>\n<li>Festival v\u00e4ikelinnas \u2013 Paide ruumieksperiment \u2013 <a href=\"https:\/\/sisu.ut.ee\/wp-content\/uploads\/sites\/135\/4_plankonv_031117_elo_kiivet.pdf\" target=\"_blank\" data-fid=\"25770\" rel=\"noopener\">Elo Kiivet<\/a>\u00a0(Linnalabor)<\/li>\n<\/ul>\n<p class=\"Body\"><strong>IVb Sessioon:\u00a0 Planeerimise ja linnapoliitika rahvusvaheline m\u00f5\u00f5de \u2013 kuidas Eesti valdade ja linnade arendust\u00f6\u00f6 sellega seostub? Korraldajad: Kadri Leetmaa (Tartu \u00dclikool, URBACT Eesti), Priidu Ristkok (Rahandusministeerium<\/strong><strong>)<\/strong><\/p>\n<ul>\n<li>\u00dclevaade rahvusvahelistest \/ Euroopa linna- ja regionaalplaneerimise anal\u00fc\u00fcsidest ja initsiatiividest \u2013 kuidas Eesti planeerimismaastik v\u00f5iks sellega seostuda<strong> <\/strong>\u2013<a href=\"https:\/\/sisu.ut.ee\/wp-content\/uploads\/sites\/135\/1_rahvusvahelisest_tegevusest_planeerimisvaldkonnas_031117c.pdf\" target=\"_blank\" data-fid=\"25772\" rel=\"noopener\"> Priidu Ristkok<\/a>\u00a0(Rahandusministeerium)<\/li>\n<li>Euroopa linnapoliitikate toetusskeem URBACT \u2013 v\u00f5imalused Eesti linnadele ja valdadele teadmiste p\u00f5hise linnapoliitika kujundamiseks. Alanud Transfer Networks Call \u2013 <a href=\"https:\/\/sisu.ut.ee\/wp-content\/uploads\/sites\/135\/2_urbacti_ettekanne_planeerimiskonverentsil.pdf\" target=\"_blank\" data-fid=\"25773\" rel=\"noopener\">Kadri Leetmaa<\/a>\u00a0(Tartu \u00dclikool\/ URBACT Eesti)<\/li>\n<li>URBACT v\u00f5rgustikus Wood Footprint osalemisese kogemused \u2013 kuidas rahvusvahelises v\u00f5rgustikus kogemuste vahetamise kaudu kujunevad kohapealsed l\u00e4henemised? <a href=\"https:\/\/sisu.ut.ee\/wp-content\/uploads\/sites\/135\/3_pk._03.11.17.pdf\" target=\"_blank\" data-fid=\"25774\" rel=\"noopener\">Mati Raamat<\/a>\u00a0(Tartu Linnavalitsus)<\/li>\n<\/ul>\n<p class=\"Body\">Riigihalduse minister \u2013<a href=\"https:\/\/sisu.ut.ee\/wp-content\/uploads\/sites\/135\/0_aab_planeeringute_konverents.pdf\" target=\"_blank\" data-fid=\"25775\" rel=\"noopener\"> <strong>Jaak Aab<\/strong><\/a><\/p>\n<p class=\"Body\"><strong>V Sessioon: Haldusreform ja planeerimine \u2013 mis saab edasi? Korraldaja: Maila Kuusik (Eesti Planeerijate \u00dching)<\/strong><\/p>\n<ul>\n<li>Sissejuhatus \u2013\u00a0<a href=\"https:\/\/sisu.ut.ee\/wp-content\/uploads\/sites\/135\/1_kuusik_haldusreform_ja_planeerimine.pdf\" target=\"_blank\" data-fid=\"25776\" rel=\"noopener\">Maila Kuusik<\/a><\/li>\n<li>Haldusreformi m\u00f5just ruumilisele planeerimisele omavalitsuse vaates \u2013 <a href=\"https:\/\/sisu.ut.ee\/wp-content\/uploads\/sites\/135\/2_haldusreformi_mojust_ruumilisele_planeerimisele_omavalitsuse_vaates.pdf\" target=\"_blank\" data-fid=\"25777\" rel=\"noopener\">Anti Allas<\/a>\u00a0(V\u00f5ru Linnavalitsus)<\/li>\n<li>Reformi marjad maakonnatasandil: magus v\u00f5i hapu, aga uus maitse igatahes! <a href=\"https:\/\/sisu.ut.ee\/wp-content\/uploads\/sites\/135\/3_jogi_plankonv17.pdf\" target=\"_blank\" data-fid=\"25778\" rel=\"noopener\">Mati J\u00f5gi<\/a>(L\u00e4\u00e4ne-Viru Maavalitsus)<\/li>\n<li>Haldusreform ja planeerimine \u2013 kohtuniku k\u00fcsimused. <a href=\"https:\/\/sisu.ut.ee\/wp-content\/uploads\/sites\/135\/4_haldureform_ja_planeerimine_-_kohtuniku_kusimused_liiv.pdf\" target=\"_blank\" data-fid=\"25779\" rel=\"noopener\">Daimar Liiv<\/a>\u00a0(Tallinna Halduskohus)\u00a0\u00a0<\/li>\n<\/ul>\n<p class=\"Body\"><strong>VI Sessioon: Uusi metoodilisi l\u00e4htekohti \u00fcldisemal planeerimisel. Korraldaja: Pille Metspalu (Eesti Planeerijate \u00dching)<\/strong><\/p>\n<ul>\n<li>Abiks uute \u00fcldplaneeringute koostamisel \u2013\u00a0 \u00fcldplaneeringu metoodilise juhendmaterjali tutvustus \u2013 <a href=\"https:\/\/sisu.ut.ee\/wp-content\/uploads\/sites\/135\/2_muiso_03.11.17.pdf\" target=\"_blank\" data-fid=\"25780\" rel=\"noopener\">Merje Muiso<\/a>\u00a0(Rahandusministeerium)<\/li>\n<li>Rohev\u00f5rgustik \u2013 kellele ja milleks? Keskkonnaagentuuri poolt tellitud rohev\u00f5rgustiku planeerimisjuhendi esialgse versiooni tutvustus \u2013\u00a0<a href=\"https:\/\/sisu.ut.ee\/wp-content\/uploads\/sites\/135\/3_kutsar.pdf\" target=\"_blank\" data-fid=\"25781\" rel=\"noopener\">Riin Kutsar<\/a>\u00a0(Hendrikson &amp; Ko, Eesti Keskkonnam\u00f5ju Hindajate \u00dching), Kalev Sepp (Eesti Maa\u00fclikool)<\/li>\n<li>L\u00f5petamata linn: Kiirkursus planeerimispraktikatesse \u2013 <a href=\"https:\/\/sisu.ut.ee\/wp-content\/uploads\/sites\/135\/4_tali_20.06.2017.pdf\" target=\"_blank\" data-fid=\"25782\" rel=\"noopener\">Johan Tali<\/a>\u00a0(Eesti Kunstiakadeemia)\u00a0\u00a0 <strong>\u00a0<\/strong><\/li>\n<\/ul>\n<p class=\"Body\">\n<\/p><p class=\"Body\">\u00a0<\/p>\n","protected":false},"excerpt":{"rendered":"<p>Neljap\u00e4ev, 02.11.2017 Noorteadurite v\u00e4lkettekannete sessioon. Korraldaja: Siiri Silm (Tartu \u00dclikool) Elamusandmed ruumi kujundajana \u2013Johanna J\u00f5ekalda\u00a0(Eesti Kunstiakadeemia) Kohalike elanike hinnang linnaruumilistele muutustele ja s\u00fcmboolne t\u00f5rjutus: P\u00f5hja-Tallinn \u2013 Ingmar Pastak\u00a0(Tartu \u00dclikool) Koolihoovide kujundamine koos noortega \u2013 Siiri Treufeld\u00a0(MT\u00dc Eesti Rohelised Koolihoovid, Tallinna &#8230;<\/p>\n","protected":false},"author":64,"featured_media":0,"parent":0,"menu_order":0,"comment_status":"closed","ping_status":"closed","template":"","meta":{"_acf_changed":false,"inline_featured_image":false,"footnotes":""},"class_list":["post-40","page","type-page","status-publish","hentry"],"acf":[],"_links":{"self":[{"href":"https:\/\/sisu.ut.ee\/planeerimiskonverents\/wp-json\/wp\/v2\/pages\/40","targetHints":{"allow":["GET"]}}],"collection":[{"href":"https:\/\/sisu.ut.ee\/planeerimiskonverents\/wp-json\/wp\/v2\/pages"}],"about":[{"href":"https:\/\/sisu.ut.ee\/planeerimiskonverents\/wp-json\/wp\/v2\/types\/page"}],"author":[{"embeddable":true,"href":"https:\/\/sisu.ut.ee\/planeerimiskonverents\/wp-json\/wp\/v2\/users\/64"}],"replies":[{"embeddable":true,"href":"https:\/\/sisu.ut.ee\/planeerimiskonverents\/wp-json\/wp\/v2\/comments?post=40"}],"version-history":[{"count":1,"href":"https:\/\/sisu.ut.ee\/planeerimiskonverents\/wp-json\/wp\/v2\/pages\/40\/revisions"}],"predecessor-version":[{"id":1682,"href":"https:\/\/sisu.ut.ee\/planeerimiskonverents\/wp-json\/wp\/v2\/pages\/40\/revisions\/1682"}],"wp:attachment":[{"href":"https:\/\/sisu.ut.ee\/planeerimiskonverents\/wp-json\/wp\/v2\/media?parent=40"}],"curies":[{"name":"wp","href":"https:\/\/api.w.org\/{rel}","templated":true}]}}