{"id":39,"date":"2024-04-04T00:42:58","date_gmt":"2024-04-03T21:42:58","guid":{"rendered":"https:\/\/sisu.ut.ee\/planeerimiskonverents\/registreerimine-2017\/"},"modified":"2024-04-04T01:46:09","modified_gmt":"2024-04-03T22:46:09","slug":"registreerimine-2017","status":"publish","type":"page","link":"https:\/\/sisu.ut.ee\/planeerimiskonverents\/registreerimine-2017\/","title":{"rendered":"Registreerimine 2017"},"content":{"rendered":"<p>Osalustasu katab kohvipausid ja l\u00f5unad m\u00f5lemal p\u00e4eval.<\/p>\n<p>2. novembril 2017 toimub \u00fchine \u00f5htune programm ERM-is, mis sisaldab \u00f5htus\u00f6\u00f6ki ning mille eest lisandub huvi korral 20\u20ac osalustasule.<\/p>\n<p><strong>Suure huvi t\u00f5ttu on konverentsi kohad t\u00e4is ning registreerimine on l\u00f5ppenud!<\/strong><\/p>\n<p><strong>Osalemisest loobumise korral palun andke teada: planeerimiskonverents@ut.ee<\/strong><\/p>\n<p><strong>\u00a0<\/strong><\/p>\n","protected":false},"excerpt":{"rendered":"<p>Osalustasu katab kohvipausid ja l\u00f5unad m\u00f5lemal p\u00e4eval. 2. novembril 2017 toimub \u00fchine \u00f5htune programm ERM-is, mis sisaldab \u00f5htus\u00f6\u00f6ki ning mille eest lisandub huvi korral 20\u20ac osalustasule. Suure huvi t\u00f5ttu on konverentsi kohad t\u00e4is ning registreerimine on l\u00f5ppenud! Osalemisest loobumise korral &#8230;<\/p>\n","protected":false},"author":64,"featured_media":0,"parent":0,"menu_order":0,"comment_status":"closed","ping_status":"closed","template":"","meta":{"_acf_changed":false,"inline_featured_image":false,"footnotes":""},"class_list":["post-39","page","type-page","status-publish","hentry"],"acf":[],"_links":{"self":[{"href":"https:\/\/sisu.ut.ee\/planeerimiskonverents\/wp-json\/wp\/v2\/pages\/39","targetHints":{"allow":["GET"]}}],"collection":[{"href":"https:\/\/sisu.ut.ee\/planeerimiskonverents\/wp-json\/wp\/v2\/pages"}],"about":[{"href":"https:\/\/sisu.ut.ee\/planeerimiskonverents\/wp-json\/wp\/v2\/types\/page"}],"author":[{"embeddable":true,"href":"https:\/\/sisu.ut.ee\/planeerimiskonverents\/wp-json\/wp\/v2\/users\/64"}],"replies":[{"embeddable":true,"href":"https:\/\/sisu.ut.ee\/planeerimiskonverents\/wp-json\/wp\/v2\/comments?post=39"}],"version-history":[{"count":1,"href":"https:\/\/sisu.ut.ee\/planeerimiskonverents\/wp-json\/wp\/v2\/pages\/39\/revisions"}],"predecessor-version":[{"id":1683,"href":"https:\/\/sisu.ut.ee\/planeerimiskonverents\/wp-json\/wp\/v2\/pages\/39\/revisions\/1683"}],"wp:attachment":[{"href":"https:\/\/sisu.ut.ee\/planeerimiskonverents\/wp-json\/wp\/v2\/media?parent=39"}],"curies":[{"name":"wp","href":"https:\/\/api.w.org\/{rel}","templated":true}]}}