{"id":36,"date":"2024-04-04T00:42:58","date_gmt":"2024-04-03T21:42:58","guid":{"rendered":"https:\/\/sisu.ut.ee\/planeerimiskonverents\/varasemad-konverentsid\/"},"modified":"2025-10-08T11:11:45","modified_gmt":"2025-10-08T08:11:45","slug":"varasemad-konverentsid","status":"publish","type":"page","link":"https:\/\/sisu.ut.ee\/planeerimiskonverents\/varasemad-konverentsid\/","title":{"rendered":"Varasemad konverentsid"},"content":{"rendered":"<p>2025 \u2013 X Tartu Planeerimiskonverents<br>\n\u201cPlaneerida v\u00f5i mitte?!\u201d<br>\nPeaesinejad: Raivo Vare, Kati Tamtik<\/p>\n<p>2<a href=\"https:\/\/planeerimiskonverents.ut.ee\/planeerimiskonverents-2024\/\">024 \u2013 IX Tartu Planeerimiskonverents<\/a><br>\n\u201cJulge olek planeerimises\u201d<br>\nPeaesineja: Katri Raik<\/p>\n<p><a title=\"\" href=\"https:\/\/sisu.ut.ee\/planeerimiskonverents\/tartu-planeerimiskonverents-2023\" data-url=\"https:\/\/sisu.ut.ee\/planeerimiskonverents\/tartu-planeerimiskonverents-2023\">2023\u00a0\u2013 VIII Tartu Planeerimiskonverents\u00a0<\/a><br>\n\u201c\u00dcle riigi planeerimine\u201d<br>\nPeaesineja: Laur Kanger<\/p>\n<p><a title=\"\" href=\"https:\/\/sisu.ut.ee\/planeerimiskonverents\/tartu-planeerimiskonverents-2021\" data-url=\"https:\/\/sisu.ut.ee\/planeerimiskonverents\/tartu-planeerimiskonverents-2021\">2021\u00a0\u2013 VII Tartu Planeerimiskonverents\u00a0<\/a><br>\n\u201cRuumiline planeerimine digiajastul\u201d<br>\nPeaesinejad: Katrin Tiidenberg, Ott Velsberg<\/p>\n<p><a title=\"\" href=\"http:\/\/planeerimiskonverents.ut.ee\/2020\" data-url=\"http:\/\/planeerimiskonverents.ut.ee\/2020\">2020 \u2013 VI Tartu Planeerimiskonverents<\/a><br>\n\u201cPlaneerimis\u00f5igus ja ruum \u2013 25 aastat planeerimisseadust, 100 aastat p\u00f5hiseadust\u201d<br>\nPeaesinejad: riigikohtunik Ivo Pilving, endine Saaremaa vallavanem Madis Kallas ja planeerija Pille Metspalu.<\/p>\n<p><a title=\"\" href=\"http:\/\/planeerimiskonverents.ut.ee\/tartu-planeerimiskonverents-2019\" data-url=\"http:\/\/planeerimiskonverents.ut.ee\/tartu-planeerimiskonverents-2019\">2019 \u2013 V Tartu Planeerimiskonverents<\/a><br>\n\u201cDemokraatia ja tehnoloogia \u00fchises ruumis\u201d<br>\nPeaesinejad: TL\u00dc keskkonnakorralduse professor Helen Soov\u00e4li-Sepping, MIT teadlane Andres Sevt\u0161uk ja arhitekt Endrik M\u00e4nd.<\/p>\n<p><a title=\"\" href=\"http:\/\/planeerimiskonverents.ut.ee\/tartu-planeerimiskonverents-2018-0\" data-url=\"http:\/\/planeerimiskonverents.ut.ee\/tartu-planeerimiskonverents-2018-0\">2018 \u2013 IV Tartu Planeerimiskonverents<\/a><br>\n\u201cT\u00f5de ja \u00f5igus ruumilises planeerimises\u201d<br>\nPeaesinejad:\u00a0T\u00dc vabade kunstide professor Ilmar Raag, vandeadvokaat Allar J\u00f5ks ja riigihalduse minister Janek M\u00e4ggi.<\/p>\n<p><a title=\"\" href=\"http:\/\/planeerimiskonverents.ut.ee\/tartu-planeerimiskonverents-2017-0\" target=\"_blank\" rel=\"noopener\" data-url=\"http:\/\/planeerimiskonverents.ut.ee\/tartu-planeerimiskonverents-2017-0\">2017 \u2013 III Tartu Planeerimiskonverents<\/a><br>\n\u201cPlaneerimine ja eetika\u201d<br>\nPeaesineja: T\u00dc professor\u00a0Margit Sutrop.<\/p>\n<p><a title=\"\" href=\"http:\/\/planeerimiskonverents.ut.ee\/tartu-planeerimiskonverents-2016-2\" target=\"_blank\" rel=\"noopener\" data-url=\"http:\/\/planeerimiskonverents.ut.ee\/tartu-planeerimiskonverents-2016-2\">2016 \u2013 II Tartu Planeerimiskonverents<\/a><br>\n\u201cRuumiline ebav\u00f5rdsus ja planeerimine\u201d<br>\nPeaesinejad: T\u00dc professor\u00a0Marju Lauristin ja riigihalduse minister Arto Aas.<\/p>\n<p><a title=\"\" href=\"http:\/\/planeerimiskonverents.ut.ee\/tartuplaneerimiskonverents2015\" target=\"_blank\" rel=\"noopener\" data-url=\"http:\/\/planeerimiskonverents.ut.ee\/tartuplaneerimiskonverents2015\">2015 \u2013 I Tartu Planeerimiskonverents<\/a><br>\n\u201cKeskused maal ja linnas\u201d<br>\nPeaesineja: professor Jussi Jauhiainen.<\/p>\n","protected":false},"excerpt":{"rendered":"<p>2025 \u2013 X Tartu Planeerimiskonverents \u201cPlaneerida v\u00f5i mitte?!\u201d Peaesinejad: Raivo Vare, Kati Tamtik 2024 \u2013 IX Tartu Planeerimiskonverents \u201cJulge olek planeerimises\u201d Peaesineja: Katri Raik 2023\u00a0\u2013 VIII Tartu Planeerimiskonverents\u00a0 \u201c\u00dcle riigi planeerimine\u201d Peaesineja: Laur Kanger 2021\u00a0\u2013 VII Tartu Planeerimiskonverents\u00a0 \u201cRuumiline planeerimine &#8230;<\/p>\n","protected":false},"author":64,"featured_media":0,"parent":0,"menu_order":0,"comment_status":"closed","ping_status":"closed","template":"","meta":{"_acf_changed":false,"inline_featured_image":false,"footnotes":""},"class_list":["post-36","page","type-page","status-publish","hentry"],"acf":[],"_links":{"self":[{"href":"https:\/\/sisu.ut.ee\/planeerimiskonverents\/wp-json\/wp\/v2\/pages\/36","targetHints":{"allow":["GET"]}}],"collection":[{"href":"https:\/\/sisu.ut.ee\/planeerimiskonverents\/wp-json\/wp\/v2\/pages"}],"about":[{"href":"https:\/\/sisu.ut.ee\/planeerimiskonverents\/wp-json\/wp\/v2\/types\/page"}],"author":[{"embeddable":true,"href":"https:\/\/sisu.ut.ee\/planeerimiskonverents\/wp-json\/wp\/v2\/users\/64"}],"replies":[{"embeddable":true,"href":"https:\/\/sisu.ut.ee\/planeerimiskonverents\/wp-json\/wp\/v2\/comments?post=36"}],"version-history":[{"count":4,"href":"https:\/\/sisu.ut.ee\/planeerimiskonverents\/wp-json\/wp\/v2\/pages\/36\/revisions"}],"predecessor-version":[{"id":2672,"href":"https:\/\/sisu.ut.ee\/planeerimiskonverents\/wp-json\/wp\/v2\/pages\/36\/revisions\/2672"}],"wp:attachment":[{"href":"https:\/\/sisu.ut.ee\/planeerimiskonverents\/wp-json\/wp\/v2\/media?parent=36"}],"curies":[{"name":"wp","href":"https:\/\/api.w.org\/{rel}","templated":true}]}}