{"id":32,"date":"2024-04-04T00:42:58","date_gmt":"2024-04-03T21:42:58","guid":{"rendered":"https:\/\/sisu.ut.ee\/planeerimiskonverents\/majutus\/"},"modified":"2025-02-19T11:37:27","modified_gmt":"2025-02-19T09:37:27","slug":"majutus2025","status":"publish","type":"page","link":"https:\/\/sisu.ut.ee\/planeerimiskonverents\/majutus2025\/","title":{"rendered":"Majutus"},"content":{"rendered":"<div><\/div>\n<div>Soovitame majutuse broneerida v\u00f5imalikult varakult, kuna paljud Tartu hotellid on kevadise turismihooaja t\u00f5ttu v\u00e4ljam\u00fc\u00fcdud.<\/div>\n<div><\/div>\n<div>\n<hr>\n<\/div>\n<div><\/div>\n<div><strong>Hotellide sooduspakkumised 14-16.05.2025<\/strong>\n<hr>\n<\/div>\n<p><a title=\"\" href=\"https:\/\/hotelantonius.ee\/\" target=\"_blank\" rel=\"noopener\" data-url=\"https:\/\/hotelantonius.ee\/\">Hotell Antonius<\/a><\/p>\n<p>Sooduskoodi \u201c<strong>planeerimiskonverents<\/strong>\u201d esitamisel -10% avalikest hindadest kuup\u00e4evadele 14.05-16.05.2025. Broneerida saab hotelli kodulehel <a title=\"\" href=\"https:\/\/hotelantonius.ee\/\" target=\"_blank\" rel=\"noopener\" data-url=\"https:\/\/hotelantonius.ee\/\">https:\/\/hotelantonius.ee\/<\/a>, e-maili\u00a0<a href=\"mailto:sales@hotelantonius.ee\" target=\"_blank\" rel=\"noopener noreferrer\">sales@hotelantonius.ee<\/a> v\u00f5i telefoni +372 737 0377 teel. Sooduskood on broneerimiseks aktiivne vastavalt tubade saadavusele kuni 30.04.2025.<\/p>\n<div>\n<hr>\n<\/div>\n<p><a title=\"\" href=\"https:\/\/www.dorpat.ee\/hotell\" target=\"_blank\" rel=\"noopener\" data-url=\"https:\/\/www.dorpat.ee\/hotell\">Dorpat hotell\u00a0<\/a><\/p>\n<div>Standard klassi tuba \u00fche inimese kasutuses 67,00 EUR\/\u00f6\u00f6<\/div>\n<div>Standard klassi tuba kahe inimese kasutuses 78,00 EUR\/\u00f6\u00f6<\/div>\n<div>Hinnad sisaldavad k\u00e4ibemaksu, buffet hommikus\u00f6\u00f6ki.<\/div>\n<div>Broneerimisel palume kasutada m\u00e4rks\u00f5na \u201c<strong>planeerimiskonverents<\/strong>\u201d<\/div>\n<div>Broneerida saab e-maili <a href=\"mailto:info@dorpat.ee\">info@dorpat.ee<\/a> teel.<\/div>\n<div><\/div>\n<div>\n<hr>\n<\/div>\n<p><a title=\"\" href=\"https:\/\/www.lydia.ee\/\" target=\"_blank\" rel=\"noopener\" data-url=\"https:\/\/www.lydia.ee\/\">Lydia hotell<\/a><\/p>\n<div>Klassik tuba \u00fche inimese kasutuses 105,00 EUR \/\u00f6\u00f6p\u00e4ev<\/div>\n<div>Klassik tuba kahe inimese kasutuses 125,00 EUR \/\u00f6\u00f6p\u00e4ev<\/div>\n<div>Hinnad sisaldavad k\u00e4ibemaksu, buffet hommikus\u00f6\u00f6ki restoranis H\u00f5lm ja sissep\u00e4\u00e4su spaasse.<\/div>\n<div>Broneerimisel palume kasutada m\u00e4rks\u00f5na \u201c <strong>planeerimiskonverents<\/strong>\u201d<\/div>\n<div>Broneerida saab e-maili\u00a0<a href=\"mailto:sales@lydia.ee\">sales@lydia.ee<\/a>\u00a0teel.<\/div>\n<div><\/div>\n<div>\n<hr>\n<\/div>\n<p><a title=\"\" href=\"https:\/\/vspahotel.ee\/\" target=\"_blank\" rel=\"noopener\" data-url=\"https:\/\/vspahotel.ee\/\">V Spaahotell<\/a><\/p>\n<p><span data-olk-copy-source=\"MessageBody\">-10% p\u00e4eva parimast hinnast\u00a0 (majutus valitud toat\u00fc\u00fcbis, rikkalik hommikus\u00f6\u00f6k restoranis Joyce, veekeskuse- ja saunamaailma k\u00fclastus v\u00f5i siis ilma spaata) m\u00e4rks\u00f5na <strong>\u201cplaneerimiskonverents\u201d<\/strong> alusel. <\/span>Sooduskood on broneerimiseks aktiivne vastavalt tubade saadavusele kuni 30.04.2025.<\/p>\n<p>Broneerida saab hotelli kodulehelt v\u00f5i otse hotelli vastuv\u00f5tuga \u00fchendust v\u00f5ttes kirjutades info@vspahotel.ee v\u00f5i helistades +372 677 6677.<\/p>\n<hr>\n<p><a href=\"https:\/\/sophia.tartuhotels.ee\/\">Hotell Sophia<\/a><\/p>\n<p><span data-olk-copy-source=\"MessageBody\">-12% p\u00e4eva parimast hinnast\u00a0 (majutus valitud toat\u00fc\u00fcbis ja rikkalik hommikus\u00f6\u00f6k restoranis Fii).\u00a0<\/span>Broneerida saab hotelli kodulehelt kasutades soodukoodi\u00a0<b>\u201cplaneerimiskonverents\u201d<\/b>.<b><\/b><\/p>\n<p>Sooduskood on broneerimiseks aktiivne vastavalt tubade saadavusele.<\/p>\n<hr>\n","protected":false},"excerpt":{"rendered":"<p>Soovitame majutuse broneerida v\u00f5imalikult varakult, kuna paljud Tartu hotellid on kevadise turismihooaja t\u00f5ttu v\u00e4ljam\u00fc\u00fcdud. Hotellide sooduspakkumised 14-16.05.2025 Hotell Antonius Sooduskoodi \u201cplaneerimiskonverents\u201d esitamisel -10% avalikest hindadest kuup\u00e4evadele 14.05-16.05.2025. Broneerida saab hotelli kodulehel https:\/\/hotelantonius.ee\/, e-maili\u00a0sales@hotelantonius.ee v\u00f5i telefoni +372 737 0377 teel. Sooduskood &#8230;<\/p>\n","protected":false},"author":64,"featured_media":0,"parent":0,"menu_order":0,"comment_status":"closed","ping_status":"closed","template":"","meta":{"_acf_changed":false,"inline_featured_image":false,"footnotes":""},"class_list":["post-32","page","type-page","status-publish","hentry"],"acf":[],"_links":{"self":[{"href":"https:\/\/sisu.ut.ee\/planeerimiskonverents\/wp-json\/wp\/v2\/pages\/32","targetHints":{"allow":["GET"]}}],"collection":[{"href":"https:\/\/sisu.ut.ee\/planeerimiskonverents\/wp-json\/wp\/v2\/pages"}],"about":[{"href":"https:\/\/sisu.ut.ee\/planeerimiskonverents\/wp-json\/wp\/v2\/types\/page"}],"author":[{"embeddable":true,"href":"https:\/\/sisu.ut.ee\/planeerimiskonverents\/wp-json\/wp\/v2\/users\/64"}],"replies":[{"embeddable":true,"href":"https:\/\/sisu.ut.ee\/planeerimiskonverents\/wp-json\/wp\/v2\/comments?post=32"}],"version-history":[{"count":11,"href":"https:\/\/sisu.ut.ee\/planeerimiskonverents\/wp-json\/wp\/v2\/pages\/32\/revisions"}],"predecessor-version":[{"id":1937,"href":"https:\/\/sisu.ut.ee\/planeerimiskonverents\/wp-json\/wp\/v2\/pages\/32\/revisions\/1937"}],"wp:attachment":[{"href":"https:\/\/sisu.ut.ee\/planeerimiskonverents\/wp-json\/wp\/v2\/media?parent=32"}],"curies":[{"name":"wp","href":"https:\/\/api.w.org\/{rel}","templated":true}]}}