{"id":3,"date":"2024-04-04T00:42:56","date_gmt":"2024-04-03T21:42:56","guid":{"rendered":"https:\/\/sisu.ut.ee\/planeerimiskonverents\/2020-2\/"},"modified":"2024-04-04T01:46:10","modified_gmt":"2024-04-03T22:46:10","slug":"2020-2","status":"publish","type":"page","link":"https:\/\/sisu.ut.ee\/planeerimiskonverents\/2020-2\/","title":{"rendered":"Tartu Planeerimiskonverents 2020"},"content":{"rendered":"<p>\n\t5. novemberil 2020 toimunud<strong>\u00a0VI Tartu Planeerimiskonverents \u201ePlaneerimis\u00f5igus ja ruum \u2013 25 aastat planeerimisseadust, 100 aastat p\u00f5hiseadust<\/strong><strong>\u201c\u00a0<\/strong>oli erakordne, sest koroonaviiruse ohu t\u00f5ttu olid Tartusse kohale kutsutud vaid esinejad, k\u00f5ik teised planeerimisvaldkonna huvilised said konverentsi j\u00e4lgida oma kontoritest ja kodudest otse\u00fclekande vahendusel. Erakordsel aastal registreerus konverentsile ka rekordarv huvilisi \u2013 veidi \u00fcle 500!\n<\/p>\n<p>\n\tKonverentsi salvestus on k\u00f5igile tasuta j\u00e4relvaadatav\u00a0<a data-url=\"https:\/\/worksup.com\/app#id=PLANEERIMISKONVERENTS2020\" href=\"https:\/\/worksup.com\/app#id=PLANEERIMISKONVERENTS2020\" target=\"_blank\" title=\"\" rel=\"noopener\">Worksup keskkonnas lingiga<\/a>\u00a0v\u00f5i\u00a0Worksup kodulehele sisselogides kasutades ID-koodi:\u00a0PLANEERIMISKONVERENTS2020.\u00a0Salvestused\u00a0igast sessioonist\u00a0eraldi on lingitud\u00a0<a href=\"http:\/\/planeerimiskonverents.ut.ee\/programm2020\" target=\"_blank\" title=\"\" rel=\"noopener\">programmi alamlehele<\/a>.\n<\/p>\n<p>\n\t<img loading=\"lazy\" decoding=\"async\" width=\"2560\" height=\"1828\" class=\"alignnone wp-image-59\" src=\"https:\/\/sisu.ut.ee\/wp-content\/uploads\/sites\/135\/20201105_151739v-scaled.jpg\" title=\"20201105_151739v.jpg\" alt=\"konv2020\" srcset=\"https:\/\/sisu.ut.ee\/wp-content\/uploads\/sites\/135\/20201105_151739v-scaled.jpg 2560w, https:\/\/sisu.ut.ee\/wp-content\/uploads\/sites\/135\/20201105_151739v-300x214.jpg 300w, https:\/\/sisu.ut.ee\/wp-content\/uploads\/sites\/135\/20201105_151739v-1024x731.jpg 1024w, https:\/\/sisu.ut.ee\/wp-content\/uploads\/sites\/135\/20201105_151739v-768x548.jpg 768w, https:\/\/sisu.ut.ee\/wp-content\/uploads\/sites\/135\/20201105_151739v-1536x1097.jpg 1536w, https:\/\/sisu.ut.ee\/wp-content\/uploads\/sites\/135\/20201105_151739v-2048x1462.jpg 2048w, https:\/\/sisu.ut.ee\/wp-content\/uploads\/sites\/135\/20201105_151739v-1920x1371.jpg 1920w\" sizes=\"auto, (max-width: 2560px) 100vw, 2560px\">\n<\/p>\n<p>\n\tKellel on Eestis \u00f5igus ruumi planeerida? Millised suunised annab planeerijale v\u00e4\u00e4rikas vanuses p\u00f5hiseadus? Milline on kohaliku omavalitsuse \u00f5igus ja vastutus planeerimisel? Mida on kaasa toonud riigi tsentraliseerimine? Milliseks v\u00f5iks tulevikus kujuneda regioonitasandi planeerimine? Kas maakonna m\u00f5\u00f5tu omavalitsus on planeerijana v\u00f5rreldav endise maavalitsusega? Kus asub Eesti ruumiplaneerimine Euroopa ja maailma planeerimismaastikul? Millist planeerimisharidust anname?\u00a0\n<\/p>\n<p>\n\tKonverentsi peaesinejatena astusid\u00a0kuulajate ette\u00a0riigikohtunik Ivo\u00a0Pilving, endine Saaremaa vallavanem Madis Kallas ja planeerija Pille Metspalu.\u00a0Lisaks peaesinejatele oli konverentsi kavas kaheksa paralleelsessiooni\u00a0linna-\u00a0ja\u00a0mereplaneerimisest\u00a0tehniliste lahenduste ja keskkonnateemadeni. Konverentsi kava ja ettekannete slaidid on leitavad\u00a0<a href=\"http:\/\/planeerimiskonverents.ut.ee\/programm2020\" target=\"_blank\" title=\"\" rel=\"noopener\">programmi alamlehelt<\/a>.\n<\/p>\n<p>\n\t\u00a0\n<\/p>\n<p>\n\tKonverentsi peakorraldajateks olid\u00a0Tartu \u00dclikool ja Eesti Planeerijate \u00dching.\n<\/p>\n<p>\n\tKonverentsi toetasid\u00a0Tartu \u00dclikool, EL URBACT programm, Rahandusministeerium,\u00a0Tallinna \u00dclikool, Eesti Maa\u00fclikool, Eesti Kunstiakadeemia,\u00a0Tallinna Tehnika\u00fclikool ja EL ESPON programm.\n<\/p>\n<p>\n\tInfo:\u00a0<a href=\"mailto:planeerimiskonverents@ut.ee\">planeerimiskonverents@ut.ee<\/a>\n<\/p>\n<p>\n\tVaata ka\u00a0<a href=\"https:\/\/www.facebook.com\/events\/224322885442739\/\" target=\"_blank\" title=\"\" rel=\"noopener\">\u00fcritust Facebookis<\/a><\/p>\n","protected":false},"excerpt":{"rendered":"<p>5. novemberil 2020 toimunud\u00a0VI Tartu Planeerimiskonverents \u201ePlaneerimis\u00f5igus ja ruum \u2013 25 aastat planeerimisseadust, 100 aastat p\u00f5hiseadust\u201c\u00a0oli erakordne, sest koroonaviiruse ohu t\u00f5ttu olid Tartusse kohale kutsutud vaid esinejad, k\u00f5ik teised planeerimisvaldkonna huvilised said konverentsi j\u00e4lgida oma kontoritest ja kodudest otse\u00fclekande vahendusel. &#8230;<\/p>\n","protected":false},"author":64,"featured_media":0,"parent":0,"menu_order":0,"comment_status":"closed","ping_status":"closed","template":"","meta":{"_acf_changed":false,"inline_featured_image":false,"footnotes":""},"class_list":["post-3","page","type-page","status-publish","hentry"],"acf":[],"_links":{"self":[{"href":"https:\/\/sisu.ut.ee\/planeerimiskonverents\/wp-json\/wp\/v2\/pages\/3","targetHints":{"allow":["GET"]}}],"collection":[{"href":"https:\/\/sisu.ut.ee\/planeerimiskonverents\/wp-json\/wp\/v2\/pages"}],"about":[{"href":"https:\/\/sisu.ut.ee\/planeerimiskonverents\/wp-json\/wp\/v2\/types\/page"}],"author":[{"embeddable":true,"href":"https:\/\/sisu.ut.ee\/planeerimiskonverents\/wp-json\/wp\/v2\/users\/64"}],"replies":[{"embeddable":true,"href":"https:\/\/sisu.ut.ee\/planeerimiskonverents\/wp-json\/wp\/v2\/comments?post=3"}],"version-history":[{"count":1,"href":"https:\/\/sisu.ut.ee\/planeerimiskonverents\/wp-json\/wp\/v2\/pages\/3\/revisions"}],"predecessor-version":[{"id":1719,"href":"https:\/\/sisu.ut.ee\/planeerimiskonverents\/wp-json\/wp\/v2\/pages\/3\/revisions\/1719"}],"wp:attachment":[{"href":"https:\/\/sisu.ut.ee\/planeerimiskonverents\/wp-json\/wp\/v2\/media?parent=3"}],"curies":[{"name":"wp","href":"https:\/\/api.w.org\/{rel}","templated":true}]}}