{"id":27,"date":"2024-04-04T00:42:58","date_gmt":"2024-04-03T21:42:58","guid":{"rendered":"https:\/\/sisu.ut.ee\/planeerimiskonverents\/tartu-planeerimiskonverents-2018-0\/"},"modified":"2024-04-04T01:46:09","modified_gmt":"2024-04-03T22:46:09","slug":"tartu-planeerimiskonverents-2018-0","status":"publish","type":"page","link":"https:\/\/sisu.ut.ee\/planeerimiskonverents\/tartu-planeerimiskonverents-2018-0\/","title":{"rendered":"Tartu Planeerimiskonverents 2018"},"content":{"rendered":"<p>\n\t1.-2. novembril 2018 toimunud Tartu Planeerimiskonverentsi teema\u00a0 \u201eT\u00f5de ja \u00f5igus ruumilises planeerimises\u201c oli <strong>ajendatud viimaste aastate kuumadest rahvaliikumise m\u00f5\u00f5tu planeerimisv\u00f5itlustest<\/strong>. Nagu Andres ja Pearu omal ajal, veavad v\u00e4gikaigast arendajad ja kogukonnad, kohalik v\u00f5im ja riigivalitsejad. \u00d5igust j\u00e4\u00e4b eri pooltel \u00fclegi! T\u00f5de kipub aga p\u00e4rast kohtuveskitest ja sotsiaalmeediast l\u00e4bi k\u00e4imist peris \u00f5hukeseks kuluma. Mida siin siis veel planeerida?\n<\/p>\n<p>\n\t<strong>2018. aasta\u00a0peaesinejaks oli Tartu \u00fclikooli vabade kunstide professor Ilmar Raag.<\/strong> <strong>Teise p\u00e4eva naelaks kujunes <\/strong><strong>Allar J\u00f5ksi<\/strong><strong>\u00a0ja riigihalduse minister Janek M\u00e4ggi duett-duell teemal \u201eMis on kelle asi?\u201c<\/strong>.\n<\/p>\n<p>\n\tSessioonides r\u00e4\u00e4giti lisaks veel paneelelamupiirkondadest, linnade rohealadest, linnaregioonide ja merealade planeerimisest, targast linnast, arhitektuurist ja suurobjektide planeerimisest. K\u00fclakosti eeslinnade planeerimisest ja rohealadest linnas t\u00f5id kolleegid Riiast, Tamperest\u00a0 ja Birminghamist, Euroopa poliitikaid ja nende m\u00f5ju aitasid hinnata asjatundjad Helsingist ja Luksemburgist.\n<\/p>\n<p>\n\t\u00a0\n<\/p>\n<p>\n\tToetajad: Tartu \u00dclikool, Rahandusministeerium, URBACT, Tallinna \u00dclikool, Eesti Maa\u00fclikool, Eesti Kultuurkapital, Eesti Maastikuarhitektide Liit\n<\/p>\n<p style=\"text-align:left\">\n\tKonverentsi toimumispaik:<strong> Vanemuise 46-225, Tartu<\/strong>\n<\/p>\n<p>\n\tKorraldustoimkonna nimel:\n<\/p>\n<p>\n\tHeiki Kalberg (<a href=\"mailto:heiki@artes.ee\">heiki@artes.ee<\/a>),\u00a0Eesti Planeerijate \u00dching\n<\/p>\n<p>\n\tGarri Raagmaa (<a href=\"mailto:garri@ut.ee\">garri@ut.ee<\/a>),\u00a0Tartu \u00dclikooli geograafia osakond\u00a0<\/p>\n","protected":false},"excerpt":{"rendered":"<p>1.-2. novembril 2018 toimunud Tartu Planeerimiskonverentsi teema\u00a0 \u201eT\u00f5de ja \u00f5igus ruumilises planeerimises\u201c oli ajendatud viimaste aastate kuumadest rahvaliikumise m\u00f5\u00f5tu planeerimisv\u00f5itlustest. Nagu Andres ja Pearu omal ajal, veavad v\u00e4gikaigast arendajad ja kogukonnad, kohalik v\u00f5im ja riigivalitsejad. \u00d5igust j\u00e4\u00e4b eri pooltel \u00fclegi! &#8230;<\/p>\n","protected":false},"author":64,"featured_media":0,"parent":0,"menu_order":0,"comment_status":"closed","ping_status":"closed","template":"","meta":{"_acf_changed":false,"inline_featured_image":false,"footnotes":""},"class_list":["post-27","page","type-page","status-publish","hentry"],"acf":[],"_links":{"self":[{"href":"https:\/\/sisu.ut.ee\/planeerimiskonverents\/wp-json\/wp\/v2\/pages\/27","targetHints":{"allow":["GET"]}}],"collection":[{"href":"https:\/\/sisu.ut.ee\/planeerimiskonverents\/wp-json\/wp\/v2\/pages"}],"about":[{"href":"https:\/\/sisu.ut.ee\/planeerimiskonverents\/wp-json\/wp\/v2\/types\/page"}],"author":[{"embeddable":true,"href":"https:\/\/sisu.ut.ee\/planeerimiskonverents\/wp-json\/wp\/v2\/users\/64"}],"replies":[{"embeddable":true,"href":"https:\/\/sisu.ut.ee\/planeerimiskonverents\/wp-json\/wp\/v2\/comments?post=27"}],"version-history":[{"count":1,"href":"https:\/\/sisu.ut.ee\/planeerimiskonverents\/wp-json\/wp\/v2\/pages\/27\/revisions"}],"predecessor-version":[{"id":1695,"href":"https:\/\/sisu.ut.ee\/planeerimiskonverents\/wp-json\/wp\/v2\/pages\/27\/revisions\/1695"}],"wp:attachment":[{"href":"https:\/\/sisu.ut.ee\/planeerimiskonverents\/wp-json\/wp\/v2\/media?parent=27"}],"curies":[{"name":"wp","href":"https:\/\/api.w.org\/{rel}","templated":true}]}}