{"id":2673,"date":"2025-10-08T11:19:48","date_gmt":"2025-10-08T08:19:48","guid":{"rendered":"https:\/\/sisu.ut.ee\/planeerimiskonverents\/?page_id=2673"},"modified":"2025-10-08T11:19:49","modified_gmt":"2025-10-08T08:19:49","slug":"tartu-planeerimiskonverents-2025","status":"publish","type":"page","link":"https:\/\/sisu.ut.ee\/planeerimiskonverents\/tartu-planeerimiskonverents-2025\/","title":{"rendered":"Tartu Planeerimiskonverents 2025"},"content":{"rendered":"<p><\/p>\n\n\n\n<p class=\"has-text-align-center\">X Tartu Planeerimiskonverents \u201cPlaneerida v\u00f5i mitte?!<\/p>\n\n\n\n<p class=\"has-text-align-center\">15.-16. mai 2025<\/p>\n\n\n\n<p class=\"has-text-align-center\">Eesti Rahva Muuseum, Tartu<\/p>\n\n\n\n<p>K\u00fcmnenda juubelikonverentsi keskmes olid ruumilise planeerimise olemuslikud k\u00fcsimused: \u00fchiskonna ootused planeerimisele, selle uusi arenguid takistav m\u00f5ju ja milleks seda \u00fcldse vaja on. Peaettekannetes arutleti planeerimisest laiemalt majandusarengu suunamisel uues julgeolekuolukorras ja \u00fcha n\u00f5udlikumate kestlikku arengu regulatsioonide raamistikus. Lisaks v\u00f5eti teemaks Eesti ruumilise planeerimise organisatoorsed arengud terviklikku ruumiloomet tagamisel ja paremate ruumiotsuste tegemisel. Juubelikonverents heitis ka pilgu m\u00f6\u00f6dunud k\u00fcmnele aastale ja esitles Eesti ruumilise planeerimise edulugusid.<\/p>\n\n\n\n<p><mark style=\"background-color:rgba(0, 0, 0, 0)\" class=\"has-inline-color has-primary-color\">Sessioonide kirjeldused ja ettekanded on leitavad konverentsi <a href=\"https:\/\/planeerimiskonverents.ut.ee\/kava-2\/\">kava lehelt<\/a>.<\/mark><\/p>\n\n\n\n<p><strong>Konverentsi\u00a0toetajad<\/strong>: T\u00dc geograafia osakond, Skepast ja Puhkim, Hendrikson DGE, Tartu vald, LIFE IP BuildEST, Eesti Planeerijate \u00dching, AlphaGIS, O\u00dc Igavad Anal\u00fc\u00fcsid, O\u00dc Ruum ja Maastik, K-Projekt AS, EL URBACT programm, Euroopa linnaarengu algatus, ESPON, Majandus- ja Kommunikatsiooniministeerium, Tallinna \u00dclikool, Eesti Linnade ja Valdade Liit, Eesti Maa\u00fclikool, Tartu Linnatransport, ESTWELL heaoluteaduste tippkeskus, Energiat\u00f5hususe tippkeskus, Eesti Kunstiakadeemia, T\u00dc maastikugeoinformaatika t\u00f6\u00f6r\u00fchm, TalTech, Tallinna Linnaplaneerimise Amet.\u00a0<\/p>\n\n\n\n<p>\u00dcritus korraldati projektist \u201c\u00dclikoolide koost\u00f6\u00f6 doktori\u00f5ppe edendamisel\u201c (2021-2027.4.04.24-0003), mida kaasrahastab Euroopa Liit.<\/p>\n\n\n\n<p><\/p>\n","protected":false},"excerpt":{"rendered":"<p>X Tartu Planeerimiskonverents \u201cPlaneerida v\u00f5i mitte?! 15.-16. mai 2025 Eesti Rahva Muuseum, Tartu K\u00fcmnenda juubelikonverentsi keskmes olid ruumilise planeerimise olemuslikud k\u00fcsimused: \u00fchiskonna ootused planeerimisele, selle uusi arenguid takistav m\u00f5ju ja milleks seda \u00fcldse vaja on. Peaettekannetes arutleti planeerimisest laiemalt majandusarengu &#8230;<\/p>\n","protected":false},"author":138,"featured_media":0,"parent":0,"menu_order":0,"comment_status":"closed","ping_status":"closed","template":"","meta":{"_acf_changed":false,"inline_featured_image":false,"footnotes":""},"class_list":["post-2673","page","type-page","status-publish","hentry"],"acf":[],"_links":{"self":[{"href":"https:\/\/sisu.ut.ee\/planeerimiskonverents\/wp-json\/wp\/v2\/pages\/2673","targetHints":{"allow":["GET"]}}],"collection":[{"href":"https:\/\/sisu.ut.ee\/planeerimiskonverents\/wp-json\/wp\/v2\/pages"}],"about":[{"href":"https:\/\/sisu.ut.ee\/planeerimiskonverents\/wp-json\/wp\/v2\/types\/page"}],"author":[{"embeddable":true,"href":"https:\/\/sisu.ut.ee\/planeerimiskonverents\/wp-json\/wp\/v2\/users\/138"}],"replies":[{"embeddable":true,"href":"https:\/\/sisu.ut.ee\/planeerimiskonverents\/wp-json\/wp\/v2\/comments?post=2673"}],"version-history":[{"count":1,"href":"https:\/\/sisu.ut.ee\/planeerimiskonverents\/wp-json\/wp\/v2\/pages\/2673\/revisions"}],"predecessor-version":[{"id":2674,"href":"https:\/\/sisu.ut.ee\/planeerimiskonverents\/wp-json\/wp\/v2\/pages\/2673\/revisions\/2674"}],"wp:attachment":[{"href":"https:\/\/sisu.ut.ee\/planeerimiskonverents\/wp-json\/wp\/v2\/media?parent=2673"}],"curies":[{"name":"wp","href":"https:\/\/api.w.org\/{rel}","templated":true}]}}