{"id":25,"date":"2024-04-04T00:42:58","date_gmt":"2024-04-03T21:42:58","guid":{"rendered":"https:\/\/sisu.ut.ee\/planeerimiskonverents\/tartu-planeerimiskonverents-2019\/"},"modified":"2024-04-04T01:46:09","modified_gmt":"2024-04-03T22:46:09","slug":"tartu-planeerimiskonverents-2019","status":"publish","type":"page","link":"https:\/\/sisu.ut.ee\/planeerimiskonverents\/tartu-planeerimiskonverents-2019\/","title":{"rendered":"Tartu Planeerimiskonverents 2019"},"content":{"rendered":"<p>\n\t<strong>7.-8. novembril 2019<\/strong>\u00a0toimus\u00a0Tartus Dorpati konverentsikeskuses Eesti \u00fchise eluruumi kujundajaid koondav V Tartu Planeerimiskonverents. Kahep\u00e4evasest sisutihedast konverentsist v\u00f5ttis osa \u00fcle 370 inimese.\n<\/p>\n<p>\n\t<img loading=\"lazy\" decoding=\"async\" alt=\"grupipilt2019\" height=\"249\" src=\"http:\/\/planeerimiskonverents.ut.ee\/wp-content\/uploads\/sites\/135\/grupipilt_2019.png\" title=\"\" width=\"706\">\n<\/p>\n<p>\n\tKonverentsi m\u00f5lemal p\u00e4eva toimunud peaesinejate ettekanded salvestas UTTV meeskond:\n<\/p>\n<ul>\n<li>\n\t\tAvamine ja Helen Soov\u00e4li-Sepping ettekanne \u201cMeie \u00fchine ruum \u2013 Eesti ruumiline arengutee\u201d\n\t<\/li>\n<\/ul>\n<p>\n\t<\/p><div class=\"ratio ratio-16x9 mb-3\"><div class=\"video-placeholder-wrapper video-placeholder-wrapper--16x9\">\n\t\t\t    <div class=\"video-placeholder d-flex justify-content-center align-items-center\">\n\t\t\t        <div class=\"overlay text-white p-2 w-100 text-center d-block justify-content-center align-items-center\">\n\t\t\t            <div>Kolmandate osapoolte sisu n\u00e4gemiseks palun n\u00f5ustu k\u00fcpsistega.<\/div>\n\t\t\t            <button class=\"btn btn-secondary btn-sm mt-1 consent-change\">Muuda n\u00f5usolekut<\/button>\n\t\t\t        <\/div>\n\t\t\t    <\/div>\n\t\t\t<\/div>\n<\/div>\n\n<ul>\n<li>\n\t\tAndres Sevt\u0161uk \u201cLinna ruum ja liikumisviiside valikud\u201d\n\t<\/li>\n<\/ul>\n<p>\n\t<\/p><div class=\"ratio ratio-16x9 mb-3\"><div class=\"video-placeholder-wrapper video-placeholder-wrapper--16x9\">\n\t\t\t    <div class=\"video-placeholder d-flex justify-content-center align-items-center\">\n\t\t\t        <div class=\"overlay text-white p-2 w-100 text-center d-block justify-content-center align-items-center\">\n\t\t\t            <div>Kolmandate osapoolte sisu n\u00e4gemiseks palun n\u00f5ustu k\u00fcpsistega.<\/div>\n\t\t\t            <button class=\"btn btn-secondary btn-sm mt-1 consent-change\">Muuda n\u00f5usolekut<\/button>\n\t\t\t        <\/div>\n\t\t\t    <\/div>\n\t\t\t<\/div>\n<\/div>\n\n<ul>\n<li>\n\t\tEndrik M\u00e4nd \u201cPlaneerimise ja poliitika seostest\u201d\n\t<\/li>\n<\/ul>\n<p>\n\t<\/p><div class=\"ratio ratio-16x9 mb-3\"><div class=\"video-placeholder-wrapper video-placeholder-wrapper--16x9\">\n\t\t\t    <div class=\"video-placeholder d-flex justify-content-center align-items-center\">\n\t\t\t        <div class=\"overlay text-white p-2 w-100 text-center d-block justify-content-center align-items-center\">\n\t\t\t            <div>Kolmandate osapoolte sisu n\u00e4gemiseks palun n\u00f5ustu k\u00fcpsistega.<\/div>\n\t\t\t            <button class=\"btn btn-secondary btn-sm mt-1 consent-change\">Muuda n\u00f5usolekut<\/button>\n\t\t\t        <\/div>\n\t\t\t    <\/div>\n\t\t\t<\/div>\n<\/div>\n\n<p>\n\tSeekordse, j\u00e4rjekorras juba viienda konverentsi peateema oli\u00a0<strong>\u201eDemokraatia ja tehnoloogia \u00fchises ruumis\u201c.<\/strong>\u00a0Ruumi loomine pole Eestis enam ammu vaid professionaalsete planeerijate ja ruumikorraldajate p\u00e4rusmaa. Igap\u00e4evase elukeskkonna kohta omab seisukohta praktiliselt iga\u00fcks. Ruum ja selle kvaliteet l\u00e4heb korda j\u00e4rjest rohkematele meist. Ruumi loomine on kunst, milles saavad kokku v\u00e4ga erinevad ekspertteadmised, elukogemused, ootused, vaated ja isegi v\u00e4\u00e4rtused. M\u00f6\u00f6da ei saa ka uutest tehnoloogialahendustest. Tehnoloogia muudab nii \u00fcmbritsevat ruumi kui ka meid ennast. Planeerimiskonverentsil arutleme, mida t\u00e4hendab \u00fchine demokraatlik ruumiloome ning millised on muutuvast tehnoloogiast l\u00e4htuvad uued v\u00f5imalused.\n<\/p>\n<p>\n\tSelle aasta peaesinejad olid\u00a0Tallinna \u00dclikooli keskkonnakorralduse professor\u00a0<strong>Helen Soov\u00e4li-Sepping<\/strong>\u00a0ning Massachusettsi Tehnoloogiainstituudi teadlane\u00a0<strong>Andres Sevt\u0161uk<\/strong>. Peatselt avaldatava avaliku ruumi k\u00fcsimustele keskenduva Eesti inimarengu aruande peatoimetajana r\u00e4\u00e4kis\u00a0professor Soov\u00e4li-Sepping konverentsi esimesel p\u00e4eval hea avaliku ruumi tunnusjoontest ja Eesti mitmekesise elukeskkonna j\u00e4tkusuutlikkusest. Andres Sevt\u0161uk arutles\u00a0avaliku ruumi ja liikumisviiside seoste \u00fcle konverentsi teisel p\u00e4eval.\n<\/p>\n<p>\n\tLisaks peasessioonidele oli\u00a0konverentsi kavas 12\u00a0teemasessiooni uutest \u00fcldplaneeringutest, avaliku ruumi kvaliteedist, transpordi pikaajalistest planeerimisest, targast linnast ja maast, tehnoloogia arengu m\u00f5just, kaasamisest linna- ja regionaalplaneerimises, planeerimise kaasaegsest metoodikast, maastikuplaneerimisest, ruumiplaneerimise ja turvalisuse seostest, Eesti regioonide arenguv\u00e4ljavaadetest ja paljust muust.\n<\/p>\n<p>\n\tKonverentsi peakorraldajateks on Tartu \u00dclikool ja Eesti Planeerijate \u00dching.\n<\/p>\n<p>\n\tKonverentsi toetavad Tartu \u00dclikool, EL URBACT programm, Rahandusministeerium, Tartu Linnavalitsus, Tallinna \u00dclikool, Eesti Maa\u00fclikool, Eesti Kunstiakadeemia, Eesti Kultuurkapital, Eesti Maastikuarhitektide Liit.\n<\/p>\n<p>Info:\u00a0<a href=\"mailto:planeerimiskonverents@ut.ee\">planeerimiskonverents@ut.ee<\/a><\/p>\n","protected":false},"excerpt":{"rendered":"<p>7.-8. novembril 2019\u00a0toimus\u00a0Tartus Dorpati konverentsikeskuses Eesti \u00fchise eluruumi kujundajaid koondav V Tartu Planeerimiskonverents. Kahep\u00e4evasest sisutihedast konverentsist v\u00f5ttis osa \u00fcle 370 inimese. Konverentsi m\u00f5lemal p\u00e4eva toimunud peaesinejate ettekanded salvestas UTTV meeskond: Avamine ja Helen Soov\u00e4li-Sepping ettekanne \u201cMeie \u00fchine ruum \u2013 Eesti &#8230;<\/p>\n","protected":false},"author":64,"featured_media":0,"parent":0,"menu_order":0,"comment_status":"closed","ping_status":"closed","template":"","meta":{"_acf_changed":false,"inline_featured_image":false,"footnotes":""},"class_list":["post-25","page","type-page","status-publish","hentry"],"acf":[],"_links":{"self":[{"href":"https:\/\/sisu.ut.ee\/planeerimiskonverents\/wp-json\/wp\/v2\/pages\/25","targetHints":{"allow":["GET"]}}],"collection":[{"href":"https:\/\/sisu.ut.ee\/planeerimiskonverents\/wp-json\/wp\/v2\/pages"}],"about":[{"href":"https:\/\/sisu.ut.ee\/planeerimiskonverents\/wp-json\/wp\/v2\/types\/page"}],"author":[{"embeddable":true,"href":"https:\/\/sisu.ut.ee\/planeerimiskonverents\/wp-json\/wp\/v2\/users\/64"}],"replies":[{"embeddable":true,"href":"https:\/\/sisu.ut.ee\/planeerimiskonverents\/wp-json\/wp\/v2\/comments?post=25"}],"version-history":[{"count":1,"href":"https:\/\/sisu.ut.ee\/planeerimiskonverents\/wp-json\/wp\/v2\/pages\/25\/revisions"}],"predecessor-version":[{"id":1697,"href":"https:\/\/sisu.ut.ee\/planeerimiskonverents\/wp-json\/wp\/v2\/pages\/25\/revisions\/1697"}],"wp:attachment":[{"href":"https:\/\/sisu.ut.ee\/planeerimiskonverents\/wp-json\/wp\/v2\/media?parent=25"}],"curies":[{"name":"wp","href":"https:\/\/api.w.org\/{rel}","templated":true}]}}