{"id":24,"date":"2024-04-04T00:42:57","date_gmt":"2024-04-03T21:42:57","guid":{"rendered":"https:\/\/sisu.ut.ee\/planeerimiskonverents\/kava-2021\/"},"modified":"2024-04-04T01:46:09","modified_gmt":"2024-04-03T22:46:09","slug":"kava-2021","status":"publish","type":"page","link":"https:\/\/sisu.ut.ee\/planeerimiskonverents\/kava-2021\/","title":{"rendered":"Kava 2021\/2022"},"content":{"rendered":"<p style=\"text-align: center\">\n\t<strong>Konverentsi kava ja ettekanded<\/strong>\n<\/p>\n<p style=\"text-align: center\">\n\t<strong>I p\u00e4ev, 24. m\u00e4rts 2022<\/strong>\n<\/p>\n<p>\n\t\u00a0\n<\/p>\n<p>\n\t<strong>Sessioon 1a:\u00a0<\/strong><a data-fid=\"69193\" href=\"https:\/\/sisu.ut.ee\/wp-content\/uploads\/sites\/135\/oidjarv_metspalu_kalberg_planeeringute_digilahenduste_head_ja_vead.pdf\">Planeeringute digilahenduste head ja vead<\/a>\u00a0<br><a data-url=\"https:\/\/www.uttv.ee\/naita?id=33185\" href=\"https:\/\/www.uttv.ee\/naita?id=33185\" target=\"_blank\" title=\"\" rel=\"noopener\">Salvestus<\/a>\n<\/p>\n<p>\n\tVestluse juhtrollis olid\u00a0Pille Metspalu (Eesti Planeerijate \u00dching, Hendrikson&amp;Ko), Tiit Oidj\u00e4rv (Ernst &amp; Young konsultant,\u00a0planeerimishuviline) ja Heiki Kalberg (Eesti Planeerijate \u00dching, AB Artes Terrae).\n<\/p>\n<p>\n\t<strong>Sessioon 1b: Siniv\u00f5rgustik linnaruumis<\/strong><br><a data-url=\"https:\/\/www.uttv.ee\/naita?id=33258\" href=\"https:\/\/www.uttv.ee\/naita?id=33258\" target=\"_blank\" title=\"\" rel=\"noopener\">Salvestus<\/a><br>Sessioonijuht: Toomas Muru (Eesti Maa\u00fclikool)\n<\/p>\n<ul>\n<li lang=\"ET-EE\" xml:lang=\"ET-EE\">\n\t\tprof Simon Bell (EM\u00dc): Overview\u00a0of\u00a0the\u00a0Bluespace\u00a0topic\u00a0and\u00a0the\u00a0BlueHealth\u00a0project\u00a0\u00a0\n\t<\/li>\n<li lang=\"ET-EE\" xml:lang=\"ET-EE\">\n\t\tPeeter Vassiljev &amp; Gloria Niin (EM\u00dc): <a data-fid=\"69194\" href=\"https:\/\/sisu.ut.ee\/wp-content\/uploads\/sites\/135\/2_peeter_vassiljev_-_vassiljev_peeter_planeerimiskonverents_2022.pdf\">BH projekti raames loodud t\u00f6\u00f6riistad\u00a0siniv\u00f5rgustiku\u00a0k\u00e4sitlemiseks ja n\u00e4iteid kasutajak\u00e4itumise uuringutes<\/a>t\n\t<\/li>\n<li lang=\"ET-EE\" xml:lang=\"ET-EE\">\n\t\tJekaterina\u00a0Balicka\u00a0&amp; Anna\u00a0Wilczynska\u00a0(EM\u00dc): <a data-fid=\"69195\" href=\"https:\/\/sisu.ut.ee\/wp-content\/uploads\/sites\/135\/3_jekaterina_balicka_-_02_balicka_wilczynska_bluehealth_research_for_design_changed_2022-3-22.pdf\">BH\u00a0research\u00a0by\u00a0design\u00a0interventions,\u00a0learning\u00a0from\u00a0the\u00a0Estonian and\u00a0other\u00a0case-studies<\/a>\u00a0\n\t<\/li>\n<li lang=\"ET-EE\" xml:lang=\"ET-EE\">\n\t\tprof Mart K\u00fclvik (EM\u00dc) <a data-fid=\"69196\" href=\"https:\/\/sisu.ut.ee\/wp-content\/uploads\/sites\/135\/4._mart_kulvik.pdf\">Vaba ligip\u00e4\u00e4suga raamatu \u201cUrban\u00a0Blue\u00a0Spaces\u00a0\u2013\u00a0Planning\u00a0and Design\u00a0for\u00a0Water, Health and\u00a0Well-Being\u201c tutvustus<\/a>\n\t<\/li>\n<\/ul>\n<p>\n\t<strong>Konverentsi avamine<\/strong><br>Kadri Leetmaa (T\u00dc), Pille Metspalu (Eesti Planeerijate \u00dching), Erik Puura (T\u00dc), Gea Kangilaski (Tartu linn)\n<\/p>\n<p>\n\t<strong>Peaesineja Katrin Tiidenberg<\/strong>: <a data-fid=\"69197\" href=\"https:\/\/sisu.ut.ee\/wp-content\/uploads\/sites\/135\/katrin_tiidenberg.pdf\">Ruumitaju ja internet: v\u00e4lit\u00f6\u00f6m\u00e4rkmeid digikeskkondadest?<\/a><br><a data-url=\"https:\/\/www.uttv.ee\/naita?id=33195\" href=\"https:\/\/www.uttv.ee\/naita?id=33195\" target=\"_blank\" title=\"\" rel=\"noopener\">Salvestus<\/a>\n<\/p>\n<p>\n\t<strong>Sessioon 2a: Vananevad linnad: Suuga teeme suure linna, k\u00e4ega\u2026?<\/strong><br><a data-url=\"https:\/\/www.uttv.ee\/naita?id=33196\" href=\"https:\/\/www.uttv.ee\/naita?id=33196\" target=\"_blank\" title=\"\" rel=\"noopener\">Salvestus<\/a><br>Sessionijuht: Sirle Salmistu (Tallinna Tehnika\u00fclikooli Tartu kolled\u017e)\n<\/p>\n<ul>\n<li>\n\t\tLuule Sakkeus (TL\u00dc Eesti demograafia keskus): <a data-fid=\"69198\" href=\"https:\/\/sisu.ut.ee\/wp-content\/uploads\/sites\/135\/luule_sakkeus.pdf\">Vananemine: kuidas m\u00f5testada k\u00e4ttesaadavust<\/a>\n\t<\/li>\n<li>\n\t\tPiret V\u00e4ljaots (Tartu linnavalitsus): <a data-fid=\"69199\" href=\"https:\/\/sisu.ut.ee\/wp-content\/uploads\/sites\/135\/piret_v2ljaots.pdf\">\u00d5ppetunnid Tartu eas\u00f5braliku linna strateegia koostamisest<\/a>\n\t<\/li>\n<li>\n\t\tSirle Salmistu (TalTech): <a data-fid=\"69200\" href=\"https:\/\/sisu.ut.ee\/wp-content\/uploads\/sites\/135\/sirle_salmistu_.pdf\">Vananevate\/eakate s\u00f5bralike linnade kujundamine. V\u00e4ljakutse planeerijatele<\/a>\n\t<\/li>\n<li>\n\t\tPaneeldiskussioon ja arutelu osalejatega\u00a0\n\t<\/li>\n<\/ul>\n<p>\n\t<strong>Sessioon 2b: Planeeringute menetluse GIS-t\u00f6\u00f6riistad<\/strong><br><a data-url=\"https:\/\/www.uttv.ee\/naita?id=33261\" href=\"https:\/\/www.uttv.ee\/naita?id=33261\" target=\"_blank\" title=\"\" rel=\"noopener\">Salvestus<\/a><br>Sessioonijuht: Ranel Suurna (AlphaGIS O\u00dc)\n<\/p>\n<ul>\n<li>\n\t\tTiiu Kelviste (Tartu Linnavalitsus):\u00a0Digiraamat \u2013 luua v\u00f5i mitte luua?\n\t<\/li>\n<li>\n\t\tRaivo Laidma (Viljandi Vallavalitsus):\u00a0<a data-fid=\"69201\" href=\"https:\/\/sisu.ut.ee\/wp-content\/uploads\/sites\/135\/raivo_laidma.pdf\">\u00dcldplaneering kui j\u00e4\u00e4m\u00e4gi<\/a>\n\t<\/li>\n<li>\n\t\tAnni Konsap (Skepast&amp;Puhkim O\u00dc): <a data-fid=\"69202\" href=\"https:\/\/sisu.ut.ee\/wp-content\/uploads\/sites\/135\/anni_konsap.pdf\">GIS-lahendused ruumiotsuste toetajana<\/a>\n\t<\/li>\n<li>\n\t\tArutelu ja k\u00fcsimused\n\t<\/li>\n<\/ul>\n<p>\n\t<strong>Sessioon 2c: Eesti t\u00f6\u00f6stuspoliitika ja maakasutuse tulevik (ESPONi sessioon)<\/strong><br>Sessioonijuht:\u00a0Garri Raagmaa (Tartu \u00dclikool, ESPON Eesti kontaktpunkt)\n<\/p>\n<p>\n\tDavid Evers (The Netherlands Environmental Assessment Agency, Holland): <a data-fid=\"69227\" href=\"https:\/\/sisu.ut.ee\/wp-content\/uploads\/sites\/135\/david_evers_.pdf\">Sustainable Urbanization and land-use in European Regions<\/a><br><a data-url=\"https:\/\/www.uttv.ee\/naita?id=33418\" href=\"https:\/\/www.uttv.ee\/naita?id=33418\" target=\"_blank\" title=\"\" rel=\"noopener\">Salvestus<\/a>\n<\/p>\n<p>\n\t1. Muutused energeetikas: tuul ja\/v\u00f5i tuum? T\u00f6\u00f6stuse tulevikus\u00f5ltuvus energiast.<br><a data-url=\"https:\/\/www.uttv.ee\/naita?id=33419\" href=\"https:\/\/www.uttv.ee\/naita?id=33419\" target=\"_blank\" title=\"\" rel=\"noopener\">Salvestus<\/a>\n<\/p>\n<ul>\n<li>\n\t\tMihkel Annus, Taastuvenergia koja tegevjuht\n\t<\/li>\n<li>\n\t\t<a data-fid=\"69204\" href=\"https:\/\/sisu.ut.ee\/wp-content\/uploads\/sites\/135\/diana_revjako.pdf\">Diana Revjako, Fermi Energia juhatuse liige<\/a>\n\t<\/li>\n<li>\n\t\t<a data-fid=\"69203\" href=\"https:\/\/sisu.ut.ee\/wp-content\/uploads\/sites\/135\/kuido_kartau.pdf\">Kuido Kartau, Saare Wind Energy juhatuse liige<\/a>\n\t<\/li>\n<\/ul>\n<p>\n\t2. Bioressursi v\u00e4\u00e4rindamine puidu n\u00e4itel. Kuhu uued tehased kerkivad? Miks peaks?<br><a data-url=\"https:\/\/www.uttv.ee\/naita?id=33420\" href=\"https:\/\/www.uttv.ee\/naita?id=33420\" target=\"_blank\" title=\"\" rel=\"noopener\">Salvestus<\/a>\n<\/p>\n<ul>\n<li>\n\t\t<a data-fid=\"69211\" href=\"https:\/\/sisu.ut.ee\/wp-content\/uploads\/sites\/135\/liina_joller-vahter.pdf\">Liina Joller-Vahter, T\u00dc majandusteaduskonna k\u00fclalisteadur<\/a>\n\t<\/li>\n<li>\n\t\t<a data-fid=\"69210\" href=\"https:\/\/sisu.ut.ee\/wp-content\/uploads\/sites\/135\/annika_kiibus.pdf\">Annika Kibus, Puitmajaliidu tegevjuht<\/a>\n\t<\/li>\n<\/ul>\n<p>\n\t3. Millist t\u00f6\u00f6stust Eesti riik vajab? Ja kuhu?<br><a data-url=\"https:\/\/www.uttv.ee\/naita?id=33421\" href=\"https:\/\/www.uttv.ee\/naita?id=33421\" target=\"_blank\" title=\"\" rel=\"noopener\">Salvestus<\/a>\n<\/p>\n<ul>\n<li>\n\t\tEinar Vallbaum,\u00a0Viru-nigula vallavanem\n\t<\/li>\n<li>\n\t\tAsso Uibo, EAS L\u00f5una-Eesti investorkonsultant\n\t<\/li>\n<li>\n\t\tAndri Haran, MKM majandusarengu osakonna t\u00f6\u00f6stusvaldkonna juht\n\t<\/li>\n<\/ul>\n<p>\n\t<strong>Sessioon 3a: Digimaastikud ja rohekaksikud \u2013 kuidas planeerida rohelisemat elukeskkonda nutiajastul?\u00a0<\/strong><br><a data-url=\"https:\/\/www.uttv.ee\/naita?id=33197\" href=\"https:\/\/www.uttv.ee\/naita?id=33197\" target=\"_blank\" title=\"\" rel=\"noopener\">Salvestus<\/a><br>Moderaator: Veronika Valk-Siska (Kultuuriministeerium, TalTech)\n<\/p>\n<ul>\n<li>\n\t\tTiina Tuulik (TalTech): <a data-fid=\"69205\" href=\"https:\/\/sisu.ut.ee\/wp-content\/uploads\/sites\/135\/tiina_tuulik.pdf\">Tallinna rohelus ja unistus digirohelusest<\/a>\n\t<\/li>\n<li>\n\t\tMadli Linder (Keskkonnaagentuur): <a data-fid=\"69206\" href=\"https:\/\/sisu.ut.ee\/wp-content\/uploads\/sites\/135\/madlilinder.pdf\">Looduse v\u00e4\u00e4rtustega arvestamine planeerimis- ja otsustusprotsessides<\/a>\n\t<\/li>\n<li>\n\t\tKristi Gri\u0161akov (Taltech): <a data-fid=\"69207\" href=\"https:\/\/sisu.ut.ee\/wp-content\/uploads\/sites\/135\/kristi_grisakov.pdf\">Tallinna kaasamiskeskus<\/a>\n\t<\/li>\n<li>\n\t\tArutelupaneel: Milliseid t\u00f6\u00f6riistu ja oskuseid on meil vaja rohelisema elukeskonna loomiseks? Osaleb Tallinna linna esindaja Kaidi P\u00f5ldoja.\n\t<\/li>\n<\/ul>\n<p>\n\t<strong>Sessioon 3b: Tulevikut\u00e4htede sessioon I (Baltic saal)<\/strong><br><a data-url=\"https:\/\/www.uttv.ee\/naita?id=33262\" href=\"https:\/\/www.uttv.ee\/naita?id=33262\" target=\"_blank\" title=\"\" rel=\"noopener\">Salvestus<\/a><br>Moderaator: Kadri Leetmaa\u00a0(T\u00dc)\n<\/p>\n<ul>\n<li>\n\t\tAgo Tominga (Tartu \u00dclikool): <a data-fid=\"69216\" href=\"https:\/\/sisu.ut.ee\/wp-content\/uploads\/sites\/135\/ago_tominga_.pdf\">Mobiilpositsioneerimise andmete kasutamine h\u00e4daolukordade reguleerimisel<\/a>\n\t<\/li>\n<li>\n\t\tOlja Fomina (Tallinna \u00dclikool): <a data-fid=\"69215\" href=\"https:\/\/sisu.ut.ee\/wp-content\/uploads\/sites\/135\/olja_fomina.pdf\">Liikuvuskeskuste olemus ja t\u00fcpoloogiatel p\u00f5hinev kasutamine<\/a>\n\t<\/li>\n<\/ul>\n<p>\n\t<strong>Ekskursioonid<\/strong>\n<\/p>\n<ul>\n<li>\n\t\tOecologicum \u2013 vastne renoveeritud \u00f5ppehoone bioloogidele (Kristiina Voolaid ja Kersti P\u00fcssa)\n\t<\/li>\n<li>\n\t\tK\u00f5rgetest \u00e4\u00e4rekividest rattapealinnani: ajar\u00e4nnak Tartu eri ajastute rattateedel (Aksel Part)\n\t<\/li>\n<li>\n\t\tLiikuma kutsuvad koolihoovid (Laura Paide ja Reet T\u00fcrkson)\n\t<\/li>\n<\/ul>\n<p>\n\t\u00a0\n<\/p>\n<p style=\"text-align: center\">\n\t<strong>II p\u00e4ev, 25. m\u00e4rts<\/strong>\n<\/p>\n<p>\n\t<strong>Sessioon 4a: Rahvusvahelised kogemused planeeringute digip\u00f6\u00f6rde l\u00e4biviimisel<\/strong><br><a data-url=\"https:\/\/www.uttv.ee\/naita?id=33203\" href=\"https:\/\/www.uttv.ee\/naita?id=33203\" target=\"_blank\" title=\"\" rel=\"noopener\">Salvestus<\/a><br>Sessioonijuht: Triin Lepland (Rahandusministeerium)\n<\/p>\n<ul>\n<li>\n\t\tKitty CHO\u00a0(Urban Redevelopment Authority of Singapore. Singapur, Disaini- ja planeerimislabori vanemplaneerija): <a data-fid=\"69208\" href=\"https:\/\/sisu.ut.ee\/wp-content\/uploads\/sites\/135\/kitty_cho.pdf\">Urban Planning in the age of Artificial intelligence<\/a>\n\t<\/li>\n<li>\n\t\tTuija Pakkanen (Ministry of the Environment. Soome, vanemspetsialist):<a data-fid=\"69209\" href=\"https:\/\/sisu.ut.ee\/wp-content\/uploads\/sites\/135\/tuija_pakkanen.pdf\">\u00a0The information system for the built environment and data interoperability in Finland<\/a>\n\t<\/li>\n<li>\n\t\tChristian Fertner (University of Copenhagen,\u00a0Taani, maastikuarhitektuuri ja planeerimise dotsent):\u00a0How are countries digitalising spatial planning?\n\t<\/li>\n<li>\n\t\tDiskussioonarutelu: Changes that come with digitalisation\u00a0\n\t<\/li>\n<\/ul>\n<p>\n\t<strong>Sessioon 4b: Tulevikut\u00e4htede sessioon II\u00a0<\/strong><br><a data-url=\"https:\/\/www.uttv.ee\/naita?id=33276\" href=\"https:\/\/www.uttv.ee\/naita?id=33276\" target=\"_blank\" title=\"\" rel=\"noopener\">Salvestus<\/a><br>Moderaator:\u00a0Kadri Leetmaa\u00a0(T\u00dc)\n<\/p>\n<ul>\n<li>\n\t\tLouise Str\u00e4uli (Tallinna \u00dclikool): <a data-fid=\"69214\" href=\"https:\/\/sisu.ut.ee\/wp-content\/uploads\/sites\/135\/louise_strauli.pdf\">Diverse practices and experiences of public transport as a digital and physical public space<\/a>\n\t<\/li>\n<li>\n\t\tAnn Kristiina Entson (Eesti Kunstiakadeemia): <a data-fid=\"69221\" href=\"https:\/\/sisu.ut.ee\/wp-content\/uploads\/sites\/135\/ann_kristiin_entson.pdf\">Avaliku ruumi loome: Osalusprojekt Valga keskv\u00e4ljaku n\u00e4itel<\/a>\n\t<\/li>\n<li>\n\t\tKeiti Lige (Eesti Kunstiakadeemia): <a data-fid=\"69213\" href=\"https:\/\/sisu.ut.ee\/wp-content\/uploads\/sites\/135\/keiti_lige.pdf\">Taasv\u00e4\u00e4rtustamine. Lammutusj\u00e4\u00e4tmete taaskasutamise m\u00f5ju Kivi\u00f5li linnale<\/a>\n\t<\/li>\n<li>\n\t\tMihkel Raev (Eesti Kunstiakadeemia): <a data-fid=\"69212\" href=\"https:\/\/sisu.ut.ee\/wp-content\/uploads\/sites\/135\/mihkel_raev.pdf\">Tehnoloogiline Paldiski<\/a>\n\t<\/li>\n<li>\n\t\tElina Liiva ja Helena Rummo (Eesti Kunstiakadeemia), <a data-fid=\"69226\" href=\"https:\/\/sisu.ut.ee\/wp-content\/uploads\/sites\/135\/helena_rummo-elina_liiva.pdf\">slaidid<\/a>\n\t<\/li>\n<\/ul>\n<p>\n\t<strong>Minister Jaak Aab<\/strong>: Planeerimise digip\u00f6\u00f6re \u2013 kas veel v\u00e4lditav v\u00f5i pigem paratamatu ja vajalik muutus?!<br><a data-url=\"https:\/\/www.uttv.ee\/naita?id=33193\" href=\"https:\/\/www.uttv.ee\/naita?id=33193\" target=\"_blank\" title=\"\" rel=\"noopener\">Salvestus<\/a>\n<\/p>\n<p>\n\t<strong>Peaesineaja Ott Velsberg<\/strong>:<strong>\u00a0<\/strong><a data-fid=\"69220\" href=\"https:\/\/sisu.ut.ee\/wp-content\/uploads\/sites\/135\/ott_velsberg.pdf\">Digi\u00fchiskonna eesm\u00e4rgid, olulisemad arengud ja m\u00f5ju \u00fchiskonnale<\/a><br><a data-url=\"https:\/\/www.uttv.ee\/naita?id=33194\" href=\"https:\/\/www.uttv.ee\/naita?id=33194\" target=\"_blank\" title=\"\" rel=\"noopener\">Salvestus<\/a>\n<\/p>\n<p>\n\t<strong>Sessioon 5a: Andmetega linna planeerimine<\/strong><br><a data-url=\"https:\/\/www.uttv.ee\/naita?id=33204\" href=\"https:\/\/www.uttv.ee\/naita?id=33204\" target=\"_blank\" title=\"\" rel=\"noopener\">Salvestus<\/a><br>Sessioonijuht:\u00a0K\u00fclli Tulvik (What If O\u00dc, planeeringute ja arenduste juht)\n<\/p>\n<ul>\n<li>\n\t\tChristopher-Robin Raitviir (Tallinna Strateegiakeskus, digitaalehituse valdkonna juht): <a data-fid=\"69222\" href=\"https:\/\/sisu.ut.ee\/wp-content\/uploads\/sites\/135\/christopher_raitviir.pdf\">Eesm\u00e4rgist andmeteni<\/a>\n\t<\/li>\n<li>\n\t\tMarek Rannala (Liikuvusagentuur, ekspert\/partner): <a data-fid=\"69223\" href=\"https:\/\/sisu.ut.ee\/wp-content\/uploads\/sites\/135\/marek_rannala.pdf\">Andmetest teadmiseni<\/a>\n\t<\/li>\n<li>\n\t\tRaul Kalvo (Inphysica Technology, arhitekt): <a data-fid=\"69224\" href=\"https:\/\/sisu.ut.ee\/wp-content\/uploads\/sites\/135\/raul_kalvo.pdf\">Teadmine kontekstis<\/a>\n\t<\/li>\n<\/ul>\n<p>\n\t<strong>Sessioon 5b:\u00a0Kes otsustab kui keskkonnam\u00f5ju hindamises ei j\u00f5uta kompromissini?<\/strong><br><a data-url=\"https:\/\/www.uttv.ee\/naita?id=33277\" href=\"https:\/\/www.uttv.ee\/naita?id=33277\" target=\"_blank\" title=\"\" rel=\"noopener\">Salvestus<\/a><br>Sessioonijuht:<strong>\u00a0<\/strong>Hendrik Puhkim (KeM\u00dc, Skepast&amp;Puhkim)\n<\/p>\n<ul>\n<li>\n\t\tToomas Pallo (KeM\u00dc, ELLE O\u00dc): <a data-fid=\"69225\" href=\"https:\/\/sisu.ut.ee\/wp-content\/uploads\/sites\/135\/toomas_pallo_.pdf\">Erinevate osapoolte rollid ja vastutus keskkonnam\u00f5jude hindamistes<\/a>\u00a0\n\t<\/li>\n<li>\n\t\tKarl Kupits (KeM\u00dc, Maves O\u00dc):\u00a0<a data-fid=\"69217\" href=\"https:\/\/sisu.ut.ee\/wp-content\/uploads\/sites\/135\/karl_kupits.pdf\">Riigi vastandlikud huvid J\u00e4gala HEJ n\u00e4itel<\/a> \u00a0\n\t<\/li>\n<li>\n\t\tPaneeldiskussioon:\u00a0Eleri Kautlenbach (Rahandusministeerium), Andres Lindemann (Majandus- ja kommunikatsiooniministeerium), Ulla Kadakas (muinsuskaitseekspert), Karl Kupits (KeM\u00dc, Maves O\u00dc), Erik Kosenkranius (Keskkonnaamet).\u00a0\n\t<\/li>\n<\/ul>\n<p>\n\t\u00a0\n<\/p>\n<p>\n\t\u00a0<\/p>\n","protected":false},"excerpt":{"rendered":"<p>Konverentsi kava ja ettekanded I p\u00e4ev, 24. m\u00e4rts 2022 \u00a0 Sessioon 1a:\u00a0Planeeringute digilahenduste head ja vead\u00a0Salvestus Vestluse juhtrollis olid\u00a0Pille Metspalu (Eesti Planeerijate \u00dching, Hendrikson&amp;Ko), Tiit Oidj\u00e4rv (Ernst &amp; Young konsultant,\u00a0planeerimishuviline) ja Heiki Kalberg (Eesti Planeerijate \u00dching, AB Artes Terrae). Sessioon &#8230;<\/p>\n","protected":false},"author":64,"featured_media":0,"parent":0,"menu_order":0,"comment_status":"closed","ping_status":"closed","template":"","meta":{"_acf_changed":false,"inline_featured_image":false,"footnotes":""},"class_list":["post-24","page","type-page","status-publish","hentry"],"acf":[],"_links":{"self":[{"href":"https:\/\/sisu.ut.ee\/planeerimiskonverents\/wp-json\/wp\/v2\/pages\/24","targetHints":{"allow":["GET"]}}],"collection":[{"href":"https:\/\/sisu.ut.ee\/planeerimiskonverents\/wp-json\/wp\/v2\/pages"}],"about":[{"href":"https:\/\/sisu.ut.ee\/planeerimiskonverents\/wp-json\/wp\/v2\/types\/page"}],"author":[{"embeddable":true,"href":"https:\/\/sisu.ut.ee\/planeerimiskonverents\/wp-json\/wp\/v2\/users\/64"}],"replies":[{"embeddable":true,"href":"https:\/\/sisu.ut.ee\/planeerimiskonverents\/wp-json\/wp\/v2\/comments?post=24"}],"version-history":[{"count":1,"href":"https:\/\/sisu.ut.ee\/planeerimiskonverents\/wp-json\/wp\/v2\/pages\/24\/revisions"}],"predecessor-version":[{"id":1698,"href":"https:\/\/sisu.ut.ee\/planeerimiskonverents\/wp-json\/wp\/v2\/pages\/24\/revisions\/1698"}],"wp:attachment":[{"href":"https:\/\/sisu.ut.ee\/planeerimiskonverents\/wp-json\/wp\/v2\/media?parent=24"}],"curies":[{"name":"wp","href":"https:\/\/api.w.org\/{rel}","templated":true}]}}