{"id":22,"date":"2024-04-04T00:42:57","date_gmt":"2024-04-03T21:42:57","guid":{"rendered":"https:\/\/sisu.ut.ee\/planeerimiskonverents\/ekskursioonid-0\/"},"modified":"2024-04-04T01:46:09","modified_gmt":"2024-04-03T22:46:09","slug":"ekskursioonid-0","status":"publish","type":"page","link":"https:\/\/sisu.ut.ee\/planeerimiskonverents\/ekskursioonid-0\/","title":{"rendered":"Ekskursioonid"},"content":{"rendered":"<p style=\"margin-top: 0cm;margin-right: 0cm;margin-bottom: 0.0001pt\">\n\t\u00a0\n<\/p>\n<p style=\"margin-top: 0cm;margin-right: 0cm;margin-bottom: 0.0001pt;text-align: center\">\n\t<span lang=\"ET\" style=\"color:red\">VABADELE KOHTADELE REGISTREERIMINE KOHAPEAL<\/span>\n<\/p>\n<p style=\"margin-top: 0cm;margin-right: 0cm;margin-bottom: 0.0001pt;text-align: center\">\n\t\u00a0\n<\/p>\n<p style=\"margin-top: 0cm;margin-right: 0cm;margin-bottom: 0.0001pt\">\n\t<span><b>1. Riia elamukvartal (Tiit Sild) <\/b><\/span>\n<\/p>\n<p style=\"margin-top:0cm;margin-right:0cm;margin-bottom:.0001pt;margin-left:36.0pt\">\n\tKOHAD T\u00c4IS\n<\/p>\n<p style=\"margin-top:0cm;margin-right:0cm;margin-bottom:.0001pt;margin-left:36.0pt\">\n\t\u00a0\n<\/p>\n<p style=\"margin-top:0cm;margin-right:0cm;margin-bottom:.0001pt;margin-left:36.0pt\">\n\tUnikaalse arhitektuuriga Riia kvartali lugu privaatne elukeskkond, kus kohtuvad suurlinn ja aedlinn. Ekskursioonil tuleb jutuks kvartali kujunemislugu ja kasutatud hoonestuse planeerimislahendused!\n<\/p>\n<p style=\"margin-top:0cm;margin-right:0cm;margin-bottom:.0001pt;margin-left:36.0pt\">\n\tEkskursioon algab Vspaa Konverentsikeskuse eest, kust liigutakse jalgsi Riia kvartali poole 15-20 min. Ekskursioon l\u00f5peb sihtpunktis ca 19.00 ajal.\n<\/p>\n<p style=\"margin-top:0cm;margin-right:0cm;margin-bottom:.0001pt;margin-left:36.0pt\">\n\t\u00a0\n<\/p>\n<p style=\"margin-top: 0cm;margin-right: 0cm;margin-bottom: 0.0001pt\">\n\t<span><b>2. Emaj\u00f5e vasakkalda kaldakindlustus (Edgar Kaare)<\/b><\/span>\n<\/p>\n<p style=\"margin-top:0cm;margin-right:0cm;margin-bottom:.0001pt;margin-left:36.0pt\">\n\tKuni 25 inimest\n<\/p>\n<p style=\"margin-top:0cm;margin-right:0cm;margin-bottom:.0001pt;margin-left:36.0pt\">\n\t\u00a0\n<\/p>\n<p style=\"margin-top:0cm;margin-right:0cm;margin-bottom:.0001pt;margin-left:36.0pt\">\n\tEkskursiooni k\u00e4igus k\u00fclastatakse Emaj\u00f5e kaldakindlustust (Atlantise ees) ning Koidula ning Jannseni m\u00e4lestusv\u00e4ljakut. Tutvustatakse nende kahe k\u00f5rvuti asetseva projektala erinevat tekkelugu, mille tulemusel kasvasid m\u00f5lemad \u00fcheks tervikuks. J\u00f5gi linnaruumis \u2013 ei me p\u00e4\u00e4se ka seekord ohutuse alasest elavast diskussioonist. Veel vaatame selle paiga tulevikku, mis lubab aina uusi t\u00e4iendusi.\n<\/p>\n<p style=\"margin-top:0cm;margin-right:0cm;margin-bottom:.0001pt;margin-left:36.0pt\">\n\tEkskursiooni kogunemine on Atlantise esisel kaldakindlustusel kell 17.30 ja l\u00f5peb sihtpunktis ca 18.30.\n<\/p>\n<p style=\"margin-bottom:.0001pt\">\n\t\u00a0\n<\/p>\n<p style=\"margin-top:0cm;margin-right:0cm;margin-bottom:.0001pt\">\n\t<span><b>3. Turuhoone (Ivo Tombak)<\/b><\/span>\n<\/p>\n<p style=\"margin-top:0cm;margin-right:0cm;margin-bottom:.0001pt;margin-left:36.0pt\">\n\tKuni 30 inimest\n<\/p>\n<p style=\"margin-top:0cm;margin-right:0cm;margin-bottom:.0001pt;margin-left:36.0pt\">\n\t\u00a0\n<\/p>\n<p style=\"margin-top:0cm;margin-right:0cm;margin-bottom:.0001pt;margin-left:36.0pt\">\n\tPika ja v\u00e4\u00e4rika ajalooga Tartu Turuhoone on p\u00f5nev muinsuskaitse all olev arhitektuuriobjekt, milles v\u00f5ib n\u00e4ha hoone algusaegade arhitektuuri kombineerituna t\u00e4nap\u00e4evasega. Ekskursioonil tutvutakse p\u00f5nevaid Turuhoone nurgataguseid, kuhu tavaliselt niisama ei satu!\n<\/p>\n<p style=\"margin-top:0cm;margin-right:0cm;margin-bottom:.0001pt;margin-left:36.0pt\">\n\tEkskursioon algab Turuhoone peaukse juures kell 19.00 ja l\u00f5peb \u00f5htus\u00f6\u00f6giga! Soovitatav on osaleda inimestel, kes v\u00f5tavad osa ka \u00f5htus\u00f6\u00f6gist.\n<\/p>\n<p style=\"margin-top:0cm;margin-right:0cm;margin-bottom:.0001pt;margin-left:36.0pt\">\n\t\u00a0\n<\/p>\n<p style=\"margin-top:0cm;margin-right:0cm;margin-bottom:.0001pt\">\n\t<span><b>4. Fortuuna uuselamupiirkond ja P\u00e4rmivabrik (Indrek Ranniku)<\/b><\/span>\n<\/p>\n<p style=\"margin-top:0cm;margin-right:0cm;margin-bottom:.0001pt;margin-left:36.0pt\">\n\tKOHAD T\u00c4IS\n<\/p>\n<p style=\"margin-top:0cm;margin-right:0cm;margin-bottom:.0001pt;margin-left:36.0pt\">\n\t\u00a0\n<\/p>\n<p style=\"margin-top:0cm;margin-right:0cm;margin-bottom:.0001pt;margin-left:36.0pt\">\n\tEkskursioonil jalutatakse m\u00f6\u00f6da Emaj\u00f5e kallast Fortuuna kvartalisse, kus on viimase 10 aasta jooksul toimunud suured muutused \u2013 vanad lagunenud majad on asendunud uute A-klassi \u00e4ri- ja elumajadeks. Tutvume ka Tartu \u00fche s\u00fcmboliga \u2013 P\u00e4rmivabriku ja selle \u00fcmbritseva piirkonnaga ning r\u00e4\u00e4gime selle piirkonna edasistest arengutest!\n<\/p>\n<p style=\"margin-top:0cm;margin-right:0cm;margin-bottom:.0001pt;margin-left:36.0pt\">\n\tEkskursioon algab kell 17.30 Vspaa Konverentsikeskuse eest, kust koos liigutakse Fortuuna t\u00e4navale ja P\u00e4rmivabriku juurde ning l\u00f5peb Turuhoone juures ca 19.00 ajal.\n<\/p>\n<p style=\"margin-top:0cm;margin-right:0cm;margin-bottom:.0001pt;margin-left:36.0pt\">\n\t\u00a0\n<\/p>\n<p style=\"margin-top:0cm;margin-right:0cm;margin-bottom:.0001pt\">\n\t<span><b>5. Sidususe toetamine linnaoja koridori kaudu (J\u00fcrgen Karvak)\u00a0 <\/b><\/span>\n<\/p>\n<p style=\"margin-top:0cm;margin-right:0cm;margin-bottom:.0001pt;margin-left:36.0pt\">\n\tKuni 20 inimest\n<\/p>\n<p style=\"margin-top:0cm;margin-right:0cm;margin-bottom:.0001pt;margin-left:36.0pt\">\n\t\u00a0\n<\/p>\n<p style=\"margin-top:0cm;margin-right:0cm;margin-bottom:.0001pt;margin-left:36.0pt\">\n\tLinnade kasvades on m\u00f5ned veekogud h\u00e4\u00e4bunud v\u00f5i osaliselt t\u00e4navate alla peidetud. Tasapisi v\u00f5tavad maailmas hoogu linnaveekogude tervendamise praktikad, mille puhul tehakse julge otsus muuta oluliselt linnaruumi ja anda linnavetele rohkem ruumi v\u00f5i koguni tuua nad t\u00e4navate alt p\u00e4evavalgele. Ekskursiooni teekonnal l\u00e4bime Jaamam\u00f5isa ojaga ja hiljuti rajatud Anne kanali konnalombiga seotud paikasid. R\u00e4\u00e4gime juba tehtud t\u00f6\u00f6dest, tulevikuplaanidest ja proovime end panna erinevatesse rollidesse olukorras, kus linnaruum on piiratud, rahalisi ressursse v\u00e4he ning huvisid palju. Teekonna pikkus on umbes 5 km.\n<\/p>\n<p style=\"margin-top:0cm;margin-right:0cm;margin-bottom:.0001pt;margin-left:36.0pt\">\n\tEkskursioon algab kell 17.30 Vspaa Konverentsikeskuse eest ja l\u00f5peb 19.30 Turuhoone juures.\n<\/p>\n<p style=\"margin-top:0cm;margin-right:0cm;margin-bottom:.0001pt;margin-left:36.0pt\">\n\t\u00a0\n<\/p>\n<p>\n\t<span><b>6. Tartu Veev\u00e4rk (Toomas Kapp)<\/b><\/span>\n<\/p>\n<p style=\"margin-left:36.0pt\">\n\tKuni 20 inimest\n<\/p>\n<p style=\"margin-left:36.0pt\">\n\tK\u00fclastame Tartu Veev\u00e4rgi hoonetega, kus tutvustatakse Tartu linna vees\u00fcsteemi toimimisest ja reovee puhastamisest ning uurime, kuidas puhas joogivesi tartlasteni j\u00f5uab.\n<\/p>\n<p style=\"margin-left:36.0pt\">\n\tEkskursioon algab T\u00e4he 118 (Tartu Veev\u00e4rgi parklast) kell 17.45. Kohale on v\u00f5imalik j\u00f5uda linnaliini bussiga nr 7 v\u00e4ljumisega peatusest Soola I (Kvartali ees Turu t\u00e4naval) kell 17.25 ja v\u00e4ljumisega peatusest T\u00e4he (9 peatust), sealt edasi ca 6 min jalgsi. Ekskursioon l\u00f5peb 19.00, kust on v\u00f5imalik T\u00e4he peatusest bussiga nr 7 kell 19.11 s\u00f5ita otse Turuhoone juurde (Vabaduse puiestee). Iga s\u00f5itja hoolitseb oma bussipileti eest ise (Kehtivad lisaks Tartu bussikaardile ka Tallinna ja P\u00e4rnu \u00fchiskaardid ning pileti ost on v\u00f5imalik ka viipemaksena).<\/p>\n","protected":false},"excerpt":{"rendered":"<p>\u00a0 VABADELE KOHTADELE REGISTREERIMINE KOHAPEAL \u00a0 1. Riia elamukvartal (Tiit Sild) KOHAD T\u00c4IS \u00a0 Unikaalse arhitektuuriga Riia kvartali lugu privaatne elukeskkond, kus kohtuvad suurlinn ja aedlinn. Ekskursioonil tuleb jutuks kvartali kujunemislugu ja kasutatud hoonestuse planeerimislahendused! Ekskursioon algab Vspaa Konverentsikeskuse eest, &#8230;<\/p>\n","protected":false},"author":64,"featured_media":0,"parent":0,"menu_order":0,"comment_status":"closed","ping_status":"closed","template":"","meta":{"_acf_changed":false,"inline_featured_image":false,"footnotes":""},"class_list":["post-22","page","type-page","status-publish","hentry"],"acf":[],"_links":{"self":[{"href":"https:\/\/sisu.ut.ee\/planeerimiskonverents\/wp-json\/wp\/v2\/pages\/22","targetHints":{"allow":["GET"]}}],"collection":[{"href":"https:\/\/sisu.ut.ee\/planeerimiskonverents\/wp-json\/wp\/v2\/pages"}],"about":[{"href":"https:\/\/sisu.ut.ee\/planeerimiskonverents\/wp-json\/wp\/v2\/types\/page"}],"author":[{"embeddable":true,"href":"https:\/\/sisu.ut.ee\/planeerimiskonverents\/wp-json\/wp\/v2\/users\/64"}],"replies":[{"embeddable":true,"href":"https:\/\/sisu.ut.ee\/planeerimiskonverents\/wp-json\/wp\/v2\/comments?post=22"}],"version-history":[{"count":1,"href":"https:\/\/sisu.ut.ee\/planeerimiskonverents\/wp-json\/wp\/v2\/pages\/22\/revisions"}],"predecessor-version":[{"id":1700,"href":"https:\/\/sisu.ut.ee\/planeerimiskonverents\/wp-json\/wp\/v2\/pages\/22\/revisions\/1700"}],"wp:attachment":[{"href":"https:\/\/sisu.ut.ee\/planeerimiskonverents\/wp-json\/wp\/v2\/media?parent=22"}],"curies":[{"name":"wp","href":"https:\/\/api.w.org\/{rel}","templated":true}]}}