{"id":21,"date":"2024-04-04T00:42:57","date_gmt":"2024-04-03T21:42:57","guid":{"rendered":"https:\/\/sisu.ut.ee\/planeerimiskonverents\/praktiline-info\/"},"modified":"2024-04-04T01:46:09","modified_gmt":"2024-04-03T22:46:09","slug":"praktiline-info","status":"publish","type":"page","link":"https:\/\/sisu.ut.ee\/planeerimiskonverents\/praktiline-info\/","title":{"rendered":"Praktiline info"},"content":{"rendered":"<p>Konverentsi peamine toimumiskoht on Riia 23b-105. Paralleelsessioonid toimuvad 3.11 (neljap\u00e4eval) ruumides 116 ja 217 ning 4.11 (reedel) ja Vanemuise 46 ruumides 335 ja 327. J\u00e4lgige sessiooni toimumise asukohta sessiooni kirjelduses! K\u00f5ik A sessioonid toimuvad suures saalis (Riia 23b-105).<\/p>\n<p>Saabumine konverentsile:\u00a0<\/p>\n<p>Rongiga \u2013 Tartu raudteejaam asub 10 min jalgsitee kaugusel konverentsi asukohast, <a href=\"http:\/\/elron.ee\/\" target=\"_blank\" rel=\"noopener\">http:\/\/elron.ee\/<\/a><\/p>\n<p>Bussiga \u2013 Tartu Bussijaam asub 15 min jalgsitee kaugusel konverentsi asukohast,\u00a0<a href=\"https:\/\/www.tpilet.ee\/\" target=\"_blank\" rel=\"noopener\">https:\/\/www.tpilet.ee\/<\/a><\/p>\n<p>Autoga \u2013 Tasuta parklad konverentsi l\u00e4heduses on Riia 26a (endise Kaubur k\u00f5rval) ja Vaksali 12b. Konverentsi \u00fcmbruse on peamiselt tegemist tasulise parkimisalaga!<\/p>\n<p>Kaart parklate ja konverentsi toimumiskohtadega leiate <a href=\"http:\/\/kaart.delfi.ee\/\/?bookmark=d4268ca1a15bd6ff4e9c960a3e92ff7c\" target=\"_blank\" rel=\"noopener\">SIIT<\/a>.<\/p>\n","protected":false},"excerpt":{"rendered":"<p>Konverentsi peamine toimumiskoht on Riia 23b-105. Paralleelsessioonid toimuvad 3.11 (neljap\u00e4eval) ruumides 116 ja 217 ning 4.11 (reedel) ja Vanemuise 46 ruumides 335 ja 327. J\u00e4lgige sessiooni toimumise asukohta sessiooni kirjelduses! K\u00f5ik A sessioonid toimuvad suures saalis (Riia 23b-105). Saabumine konverentsile:\u00a0 &#8230;<\/p>\n","protected":false},"author":64,"featured_media":0,"parent":0,"menu_order":0,"comment_status":"closed","ping_status":"closed","template":"","meta":{"_acf_changed":false,"inline_featured_image":false,"footnotes":""},"class_list":["post-21","page","type-page","status-publish","hentry"],"acf":[],"_links":{"self":[{"href":"https:\/\/sisu.ut.ee\/planeerimiskonverents\/wp-json\/wp\/v2\/pages\/21","targetHints":{"allow":["GET"]}}],"collection":[{"href":"https:\/\/sisu.ut.ee\/planeerimiskonverents\/wp-json\/wp\/v2\/pages"}],"about":[{"href":"https:\/\/sisu.ut.ee\/planeerimiskonverents\/wp-json\/wp\/v2\/types\/page"}],"author":[{"embeddable":true,"href":"https:\/\/sisu.ut.ee\/planeerimiskonverents\/wp-json\/wp\/v2\/users\/64"}],"replies":[{"embeddable":true,"href":"https:\/\/sisu.ut.ee\/planeerimiskonverents\/wp-json\/wp\/v2\/comments?post=21"}],"version-history":[{"count":1,"href":"https:\/\/sisu.ut.ee\/planeerimiskonverents\/wp-json\/wp\/v2\/pages\/21\/revisions"}],"predecessor-version":[{"id":1701,"href":"https:\/\/sisu.ut.ee\/planeerimiskonverents\/wp-json\/wp\/v2\/pages\/21\/revisions\/1701"}],"wp:attachment":[{"href":"https:\/\/sisu.ut.ee\/planeerimiskonverents\/wp-json\/wp\/v2\/media?parent=21"}],"curies":[{"name":"wp","href":"https:\/\/api.w.org\/{rel}","templated":true}]}}