{"id":20,"date":"2024-04-04T00:42:57","date_gmt":"2024-04-03T21:42:57","guid":{"rendered":"https:\/\/sisu.ut.ee\/planeerimiskonverents\/tartu-planeerimiskonverents-2021\/"},"modified":"2024-04-04T01:46:09","modified_gmt":"2024-04-03T22:46:09","slug":"tartu-planeerimiskonverents-2021","status":"publish","type":"page","link":"https:\/\/sisu.ut.ee\/planeerimiskonverents\/tartu-planeerimiskonverents-2021\/","title":{"rendered":"Tartu Planeerimiskonverents 2021"},"content":{"rendered":"<p>\n\t2021. aasta t\u00f5i taaskord erakordsed olud ja tingimused \u2013 korraldajad olid osalejate turvalisuse huvides sunnitud\u00a0<strong>VII Tartu Planeerimiskonverentsi \u201cRuumiline planeerimine digiajastul\u201d<\/strong>\u00a0edasi l\u00fckkama 2022. aasta m\u00e4rtsikuusse. Konverents toimus 24.-25. m\u00e4rtsil Tartus VSpa Konverentsikeskuses ning paralleelselt \u00fclekandena Worksup keskkonnas. Tartus v\u00f5ttis konverentsist osa 220 ning veebis 85 osalejat. Konverentsi kava ja\u00a0ettekannetega saab tutvuda <a data-url=\"https:\/\/planeerimiskonverents.ut.ee\/kava-2021\" href=\"https:\/\/planeerimiskonverents.ut.ee\/kava-2021\" target=\"_blank\" title=\"\" rel=\"noopener\">kava lehek\u00fcljel<\/a>.\u00a0Samast on leitavad ka lingid k\u00f5igi sessioonide salvestustele.\n<\/p>\n<p>\n\t<img loading=\"lazy\" decoding=\"async\" width=\"2560\" height=\"1707\" class=\"alignnone wp-image-87\" src=\"https:\/\/sisu.ut.ee\/wp-content\/uploads\/sites\/135\/tartuplaneerimiskonv2022-109-scaled.jpg\" title=\"Tartu Planeerimiskonverents 2022\" alt=\"Tartu Planeerimiskonverents 2022\" srcset=\"https:\/\/sisu.ut.ee\/wp-content\/uploads\/sites\/135\/tartuplaneerimiskonv2022-109-scaled.jpg 2560w, https:\/\/sisu.ut.ee\/wp-content\/uploads\/sites\/135\/tartuplaneerimiskonv2022-109-300x200.jpg 300w, https:\/\/sisu.ut.ee\/wp-content\/uploads\/sites\/135\/tartuplaneerimiskonv2022-109-1024x683.jpg 1024w, https:\/\/sisu.ut.ee\/wp-content\/uploads\/sites\/135\/tartuplaneerimiskonv2022-109-768x512.jpg 768w, https:\/\/sisu.ut.ee\/wp-content\/uploads\/sites\/135\/tartuplaneerimiskonv2022-109-1536x1024.jpg 1536w, https:\/\/sisu.ut.ee\/wp-content\/uploads\/sites\/135\/tartuplaneerimiskonv2022-109-2048x1365.jpg 2048w, https:\/\/sisu.ut.ee\/wp-content\/uploads\/sites\/135\/tartuplaneerimiskonv2022-109-1920x1280.jpg 1920w\" sizes=\"auto, (max-width: 2560px) 100vw, 2560px\">\n<\/p>\n<p>\n\t\u00a0\n<\/p>\n<p>\n\t<strong>Veebisessioon \u201cInimese elukoht digiajastul\u201d<\/strong>\n<\/p>\n<p>\n\tEt s\u00e4ilitada j\u00e4rjepidevust ning k\u00f5ik planeerijad ja planeerimishuvilised hoolimata oludest korraks kokku tuua, toimus \u00fcks konverentsile planeeritud sessioonidest ka novembris \u2013 olude sunnil veebis.\n<\/p>\n<p>\n\t5. novembril toimunud\u00a0veebisessiooni \u201cInimese elukoht digiajastul\u201d on v\u00f5imalik j\u00e4rele vaadata <a data-url=\"https:\/\/www.facebook.com\/geograafia\/videos\/344551504107300\" href=\"https:\/\/www.facebook.com\/geograafia\/videos\/344551504107300\" target=\"_blank\" title=\"\" rel=\"noopener\">Facebookis<\/a>.\n<\/p>\n<p>\n\tSessiooni k\u00e4igus tutvustati RITA projekti <a data-url=\"\/planeerimiskonverents\/www.mobelu.ut.ee\" href=\"\/planeerimiskonverents\/www.mobelu.ut.ee\" target=\"_blank\" title=\"\" rel=\"noopener\">\u201eMobiilne eluviis, avalike teenuste tarbimine ja elukohaandmed riiklikes registrites\u201c<\/a>\u00a0 tulemusi inimeste tegevusruumi muutustest tingitud probleemide lahendamiseks avalike teenuste planeerimisel ning arutati projekti tulemusena pakutavaid lahendusv\u00f5imalusi inimeste elukoha andmete kvaliteedi t\u00f5stmiseks.\n<\/p>\n<p>\n\tEsinejad ja ettekanded:\n<\/p>\n<ol>\n<li>\n\t\tMark Gortfelder (Tallinna \u00dclikool, Eesti demograafia keskus): Registriandmete hetkeseis ja ebat\u00e4pseid andmeid p\u00f5hjustavad tegurid\n\t<\/li>\n<li>\n\t\tMerle M\u00e4gi (Tartu \u00dclikool, RAKE): Inimeste harjumused ja vajadused seoses elukoha registreerimisega\n\t<\/li>\n<li>\n\t\tVeiko Lember ja Johanna Vallistu (Tallinna Tehnika\u00fclikool, Ragnar Nurkse innovatsiooni ja valitsemise instituut): Andmete kasutus kaasaegses avaliku sektori teenuste disainis ja elluviimisel\n\t<\/li>\n<li>\n\t\tKaidi N\u00f5mmela, Raul Eamets ja Tiit Tammaru (Tartu \u00dclikool): Sissejuhatus arutellu: esmased lahendusettepanekud\n\t<\/li>\n<li>\n\t\tArutelu\n\t<\/li>\n<\/ol>\n<p>\n\tModeraatorid: Tiit Tammaru ja Raul Eamets (Tartu \u00dclikool)\n<\/p>\n<p>\n\t\u00a0\n<\/p>\n<p>\n\t\u00a0<\/p>\n","protected":false},"excerpt":{"rendered":"<p>2021. aasta t\u00f5i taaskord erakordsed olud ja tingimused \u2013 korraldajad olid osalejate turvalisuse huvides sunnitud\u00a0VII Tartu Planeerimiskonverentsi \u201cRuumiline planeerimine digiajastul\u201d\u00a0edasi l\u00fckkama 2022. aasta m\u00e4rtsikuusse. Konverents toimus 24.-25. m\u00e4rtsil Tartus VSpa Konverentsikeskuses ning paralleelselt \u00fclekandena Worksup keskkonnas. Tartus v\u00f5ttis konverentsist osa &#8230;<\/p>\n","protected":false},"author":64,"featured_media":0,"parent":0,"menu_order":0,"comment_status":"closed","ping_status":"closed","template":"","meta":{"_acf_changed":false,"inline_featured_image":false,"footnotes":""},"class_list":["post-20","page","type-page","status-publish","hentry"],"acf":[],"_links":{"self":[{"href":"https:\/\/sisu.ut.ee\/planeerimiskonverents\/wp-json\/wp\/v2\/pages\/20","targetHints":{"allow":["GET"]}}],"collection":[{"href":"https:\/\/sisu.ut.ee\/planeerimiskonverents\/wp-json\/wp\/v2\/pages"}],"about":[{"href":"https:\/\/sisu.ut.ee\/planeerimiskonverents\/wp-json\/wp\/v2\/types\/page"}],"author":[{"embeddable":true,"href":"https:\/\/sisu.ut.ee\/planeerimiskonverents\/wp-json\/wp\/v2\/users\/64"}],"replies":[{"embeddable":true,"href":"https:\/\/sisu.ut.ee\/planeerimiskonverents\/wp-json\/wp\/v2\/comments?post=20"}],"version-history":[{"count":1,"href":"https:\/\/sisu.ut.ee\/planeerimiskonverents\/wp-json\/wp\/v2\/pages\/20\/revisions"}],"predecessor-version":[{"id":1702,"href":"https:\/\/sisu.ut.ee\/planeerimiskonverents\/wp-json\/wp\/v2\/pages\/20\/revisions\/1702"}],"wp:attachment":[{"href":"https:\/\/sisu.ut.ee\/planeerimiskonverents\/wp-json\/wp\/v2\/media?parent=20"}],"curies":[{"name":"wp","href":"https:\/\/api.w.org\/{rel}","templated":true}]}}