{"id":1816,"date":"2025-01-13T10:52:17","date_gmt":"2025-01-13T08:52:17","guid":{"rendered":"https:\/\/sisu.ut.ee\/planeerimiskonverents\/?page_id=1816"},"modified":"2025-05-05T15:04:38","modified_gmt":"2025-05-05T12:04:38","slug":"registreerimine2025","status":"publish","type":"page","link":"https:\/\/sisu.ut.ee\/planeerimiskonverents\/registreerimine2025\/","title":{"rendered":"Registreerimine"},"content":{"rendered":"<p><\/p>\n\n\n\n<p><strong>Konverentsile registreerimine on suletud!<\/strong><\/p>\n\n\n\n<hr class=\"wp-block-separator has-alpha-channel-opacity\">\n\n\n\n<hr class=\"wp-block-separator has-alpha-channel-opacity\">\n\n\n\n<p><strong>OSALUSE T\u00dcHISTAMINE<\/strong><\/p>\n\n\n\n<p>Palume teatada mitteosalemisest kirjalikult hiljemalt 13.04.2025 aadressil annika.vaiko@ut.ee<br>Sellisel juhul tagastame laekunud osalustasu v\u00f5i t\u00fchistame veel tasumata arve.<\/p>\n\n\n\n<p>Kui teatate mitteosalemisest hiljem v\u00f5i unustate teatada, osalustasu ei tagastata ja tasumisele kuulub 100% arvest.<\/p>\n","protected":false},"excerpt":{"rendered":"<p>Konverentsile registreerimine on suletud! OSALUSE T\u00dcHISTAMINE Palume teatada mitteosalemisest kirjalikult hiljemalt 13.04.2025 aadressil annika.vaiko@ut.eeSellisel juhul tagastame laekunud osalustasu v\u00f5i t\u00fchistame veel tasumata arve. Kui teatate mitteosalemisest hiljem v\u00f5i unustate teatada, osalustasu ei tagastata ja tasumisele kuulub 100% arvest.<\/p>\n","protected":false},"author":138,"featured_media":0,"parent":0,"menu_order":0,"comment_status":"closed","ping_status":"closed","template":"","meta":{"_acf_changed":false,"inline_featured_image":false,"footnotes":""},"class_list":["post-1816","page","type-page","status-publish","hentry"],"acf":[],"_links":{"self":[{"href":"https:\/\/sisu.ut.ee\/planeerimiskonverents\/wp-json\/wp\/v2\/pages\/1816","targetHints":{"allow":["GET"]}}],"collection":[{"href":"https:\/\/sisu.ut.ee\/planeerimiskonverents\/wp-json\/wp\/v2\/pages"}],"about":[{"href":"https:\/\/sisu.ut.ee\/planeerimiskonverents\/wp-json\/wp\/v2\/types\/page"}],"author":[{"embeddable":true,"href":"https:\/\/sisu.ut.ee\/planeerimiskonverents\/wp-json\/wp\/v2\/users\/138"}],"replies":[{"embeddable":true,"href":"https:\/\/sisu.ut.ee\/planeerimiskonverents\/wp-json\/wp\/v2\/comments?post=1816"}],"version-history":[{"count":24,"href":"https:\/\/sisu.ut.ee\/planeerimiskonverents\/wp-json\/wp\/v2\/pages\/1816\/revisions"}],"predecessor-version":[{"id":2174,"href":"https:\/\/sisu.ut.ee\/planeerimiskonverents\/wp-json\/wp\/v2\/pages\/1816\/revisions\/2174"}],"wp:attachment":[{"href":"https:\/\/sisu.ut.ee\/planeerimiskonverents\/wp-json\/wp\/v2\/media?parent=1816"}],"curies":[{"name":"wp","href":"https:\/\/api.w.org\/{rel}","templated":true}]}}