{"id":16,"date":"2024-04-04T00:42:57","date_gmt":"2024-04-03T21:42:57","guid":{"rendered":"https:\/\/sisu.ut.ee\/planeerimiskonverents\/tartu-planeerimiskonverents-2016-2\/"},"modified":"2024-04-04T01:46:09","modified_gmt":"2024-04-03T22:46:09","slug":"tartu-planeerimiskonverents-2016-2","status":"publish","type":"page","link":"https:\/\/sisu.ut.ee\/planeerimiskonverents\/tartu-planeerimiskonverents-2016-2\/","title":{"rendered":"Tartu Planeerimiskonverents 2016"},"content":{"rendered":"<p>3.-4. novembril 2016 toimus \u00a0teine Tartu Planeerimiskonverents (<a href=\"http:\/\/kaart.delfi.ee\/\/?bookmark=222cb6a26008699db137c4c0294781ec\" target=\"_blank\" rel=\"noopener\">Riia 23b, Tartu<\/a>).\u00a0Konverentsi teemaks oli \u00a0<strong>\u201eRuumiline ebav\u00f5rdsus ja planeerimine\u201c<\/strong>. Konverentsil esines \u00fcle 60 planeerija,\u00a0 peaettekannetega esines prof. Marju Lauristin ja riigihalduse minister Arto Aas.<\/p>\n<p>2016. a konverentsil oli sessioonide teemadeks ebav\u00f5rdsus linnades ja eluasemeturg, kus arenguid anal\u00fc\u00fcsisid planeerijad, arhitektid, geograafid, sotsioloogid ja kinnisvaraarendajad. Samuti k\u00e4sitlesid sessioonid keskkonnakaitse ja keskkonnam\u00f5ju hindamise, kliimamuutuste m\u00f5ju,\u00a0 transpordi ja targa linna temaatikat.\u00a0<\/p>\n<p><strong>Korraldustoimkonna nimel<\/strong><\/p>\n<p>Pille Metspalu,\u00a0Eesti Planeerijate \u00dching<\/p>\n<p>Rein Ahas,\u00a0Tartu \u00dclikooli geograafia osakond\u00a0<\/p>\n<p>TOETAJAD: Rahandusministeerium, Eesti Biokeskus, Tartu \u00dclikool, Tallinna \u00dclikool, Eesti Maa\u00fclikool<\/p>\n","protected":false},"excerpt":{"rendered":"<p>3.-4. novembril 2016 toimus \u00a0teine Tartu Planeerimiskonverents (Riia 23b, Tartu).\u00a0Konverentsi teemaks oli \u00a0\u201eRuumiline ebav\u00f5rdsus ja planeerimine\u201c. Konverentsil esines \u00fcle 60 planeerija,\u00a0 peaettekannetega esines prof. Marju Lauristin ja riigihalduse minister Arto Aas. 2016. a konverentsil oli sessioonide teemadeks ebav\u00f5rdsus linnades ja &#8230;<\/p>\n","protected":false},"author":64,"featured_media":0,"parent":0,"menu_order":0,"comment_status":"closed","ping_status":"closed","template":"","meta":{"_acf_changed":false,"inline_featured_image":false,"footnotes":""},"class_list":["post-16","page","type-page","status-publish","hentry"],"acf":[],"_links":{"self":[{"href":"https:\/\/sisu.ut.ee\/planeerimiskonverents\/wp-json\/wp\/v2\/pages\/16","targetHints":{"allow":["GET"]}}],"collection":[{"href":"https:\/\/sisu.ut.ee\/planeerimiskonverents\/wp-json\/wp\/v2\/pages"}],"about":[{"href":"https:\/\/sisu.ut.ee\/planeerimiskonverents\/wp-json\/wp\/v2\/types\/page"}],"author":[{"embeddable":true,"href":"https:\/\/sisu.ut.ee\/planeerimiskonverents\/wp-json\/wp\/v2\/users\/64"}],"replies":[{"embeddable":true,"href":"https:\/\/sisu.ut.ee\/planeerimiskonverents\/wp-json\/wp\/v2\/comments?post=16"}],"version-history":[{"count":1,"href":"https:\/\/sisu.ut.ee\/planeerimiskonverents\/wp-json\/wp\/v2\/pages\/16\/revisions"}],"predecessor-version":[{"id":1706,"href":"https:\/\/sisu.ut.ee\/planeerimiskonverents\/wp-json\/wp\/v2\/pages\/16\/revisions\/1706"}],"wp:attachment":[{"href":"https:\/\/sisu.ut.ee\/planeerimiskonverents\/wp-json\/wp\/v2\/media?parent=16"}],"curies":[{"name":"wp","href":"https:\/\/api.w.org\/{rel}","templated":true}]}}