{"id":12,"date":"2024-04-04T00:42:57","date_gmt":"2024-04-03T21:42:57","guid":{"rendered":"https:\/\/sisu.ut.ee\/planeerimiskonverents\/kava-2018\/"},"modified":"2024-04-04T01:46:10","modified_gmt":"2024-04-03T22:46:10","slug":"kava-2018","status":"publish","type":"page","link":"https:\/\/sisu.ut.ee\/planeerimiskonverents\/kava-2018\/","title":{"rendered":"Kava 2018"},"content":{"rendered":"<p class=\"Body\"><strong>Neljap\u00e4ev, 01.11.2018<\/strong><strong> <\/strong><strong><\/strong><\/p>\n<p class=\"Body\"><strong>Sissejuhatav sessioon. Korraldaja: Siiri Silm (Tartu \u00dclikool)<\/strong><\/p>\n<ul>\n<li>BEAT (BlueHealth Environmental Assessment Tool): Development and validation of a direct-observation audit tool for planning, design, management and post-occupancy evaluation of urban blue spaces \u2013 <a href=\"\/wp-content\/uploads\/sites\/135\/himansu_sekhar_mishra.pdf\" target=\"_blank\" rel=\"noopener\"><strong>Himansu Sekhar Mishra<\/strong><\/a> (Eesti Maa\u00fclikool)<\/li>\n<li>Kooli ja omavalitsuse koost\u00f6\u00f6st kaasava planeerimise \u00fclesannetes Tallinna virgestusalade kaardistamise n\u00e4itel \u2013 <strong><a href=\"\/wp-content\/uploads\/sites\/135\/kaisa_laur.pdf\" target=\"_blank\" rel=\"noopener\">Kaisa Lau<\/a>r <\/strong>(AlphaGIS)<\/li>\n<li>Teed ja t\u00e4navad vananemiss\u00f5bralikes linnades \u2013 <a href=\"\/wp-content\/uploads\/sites\/135\/anni_muuripeal.pdf\" target=\"_blank\" rel=\"noopener\"><strong>Anni M\u00fc\u00fcripeal <\/strong><\/a>(Tallinna \u00dclikool)<\/li>\n<\/ul>\n<p class=\"Body\"><strong>I Sessioon: T\u00f5de ja \u00f5igus. Korraldaja: Heiki Kalberg (Eesti Planeerijate \u00dching)<\/strong><\/p>\n<ul>\n<li>Sissejuhatus \u2013 <a href=\"\/wp-content\/uploads\/sites\/135\/heiki_kalberg.pdf\" target=\"_blank\" rel=\"noopener\"><strong>Heiki Kalberg<\/strong><\/a> (Eesti Planeerijate \u00dching)<\/li>\n<li>Peaettekanne: Kommunikatsioon \u00fchiskonnas, idee t\u00e4hendus erinevatele sotsiaalsetele gruppidele \u2013 <a href=\"\/wp-content\/uploads\/sites\/135\/ilmar_raag_plk.pdf\" target=\"_blank\" rel=\"noopener\"><strong>Ilmar Raag <\/strong><\/a>(Tartu \u00dclikool)\u00a0 \u00a0 \u00a0 \u00a0 \u00a0\u00a0<\/li>\n<li>Kommunikatsioon kogukonnas. Mis tegelikult elanikku k\u00f5netab? \u2013 <strong>Jarno Laur <\/strong>(Tartu Vallavalitsus)<\/li>\n<li>Diskussioon \u2013\u00a0<strong>Jarno Laur<\/strong> (Tartu Vallavalitsus), <strong>Mart Hiob<\/strong> (AB Artes Terrae), <strong>Maila Kuusik<\/strong> (Eesti Planeerijate \u00dching)<\/li>\n<\/ul>\n<p class=\"Body\"><strong>IIa Sessioon: Linnalise regiooni planeerimine. Korraldajad: Indrek Ranniku (Tartu Linnavalitsus), Antti Roose (Tartu Regiooni Energiaagentuur)<\/strong><\/p>\n<ul>\n<li>Sissejuhatus \u2013\u00a0<strong>\u00a0<a href=\"\/wp-content\/uploads\/sites\/135\/indrek_ranniku.pdf\" target=\"_blank\" rel=\"noopener\">Indrek Ranniku <\/a><\/strong><a href=\"\/wp-content\/uploads\/sites\/135\/indrek_ranniku.pdf\" target=\"_blank\" rel=\"noopener\">(Tartu Linnavalitsus)<strong>, Antti Roose <\/strong><\/a>(Tartu Regiooni Energiaagentuur)<\/li>\n<li>Tampere \u2013 twin town and its\u2019 neighbours on the track of smart growth \u2013 <strong>Hanna Montonen <\/strong>(Tampere Linnavalitsus)\u00a0<\/li>\n<li>Riga 2030 \u2013 <a href=\"\/wp-content\/uploads\/sites\/135\/andris_locmanis.pdf\" target=\"_blank\" rel=\"noopener\"><strong>Andris Lo\u010dmanis<\/strong><\/a> (Riia Linnavalitsus)<\/li>\n<li>Eeslinna-Eesti: kus on kasvu piirid? \u2013 <a href=\"\/wp-content\/uploads\/sites\/135\/antti_roose.pdf\" target=\"_blank\" rel=\"noopener\"><strong>Antti Roose<\/strong><\/a> (Tartu Regiooni Energiaagentuur)<\/li>\n<li>Diskussioon<\/li>\n<\/ul>\n<p class=\"Body\"><strong>IIb Sessioon: Rohealad linnades. Korraldajad: Kalev Sepp (Eesti\u00a0\u00a0\u00a0 Maa\u00fclikool), Sulev Nurme (AB Artes Terrae)\u00a0<\/strong><\/p>\n<ul>\n<li>Planning for Green Infrastructure in the UK \u2013 from little acorns to great oaks \u2013<a href=\"\/wp-content\/uploads\/sites\/135\/planning_for_gi_7-ianphilips.pdf\" target=\"_blank\" rel=\"noopener\"> <strong>Ian Phillips <\/strong><\/a>(Landscape Institute)<\/li>\n<li>Linna rohev\u00f5rk \u2013 kujutelm ja reaalsus \u2013<a href=\"\/wp-content\/uploads\/sites\/135\/sulev_nurme.pdf\" target=\"_blank\" rel=\"noopener\"> <strong>Sulev Nurme<\/strong><\/a> (AB Artes Terrae)<\/li>\n<li>Veekogu\u00e4\u00e4rsete haljasalade kasutusmustrid Anne kanali ja Stroomi ranna n\u00e4itel. Kellele me haljasalasid planeerime ja projekteerime? \u2013 <strong>Peeter Vassiljev<\/strong> (Eesti Maa\u00fclikool)<\/li>\n<li>Diskussioon<\/li>\n<\/ul>\n<p class=\"Body\"><strong>IIc Sessioon: Kortermajapiirkondade arengutrajektoorid Euroopas ja Eesti linnades. Senised eksperimendid linnapoliitika ja planeerimise valdkonnas. Korraldajad: Kadri Leetmaa (Tartu \u00dclikool), Toomas Tammis (Eesti Kunstiakadeemia)<\/strong><\/p>\n<ul>\n<li>Paneelelamupiirkondade sotsiaalmajanduslikud ja etnilised arengutrajektoorid Tallinna linnaregioonis \u2013 <a href=\"\/wp-content\/uploads\/sites\/135\/kahrik_plan2018_final.pdf\" target=\"_blank\" rel=\"noopener\"><strong>Anneli K\u00e4hrik, <\/strong>Kadri Leetmaa, Kadi M\u00e4gi, Karin Kangur (Tartu \u00dclikool)<\/a><\/li>\n<li>Kuidas planeerida (edasi) Lasnam\u00e4ed? Kogemused projektist \u201cL\u00f5petamata linn\u201d \u2013 <a href=\"\/wp-content\/uploads\/sites\/135\/toomas_tammis.pdf\" target=\"_blank\" rel=\"noopener\"><strong>Toomas Tammis <\/strong><\/a>(Eesti Kunstiakadeemia)<\/li>\n<li>Springer Publishing Euroopa paneelipiirkondi v\u00f5rdleva raamatu \u201cHousing Estates in Europe\u201d tulemuste tutvustus (toim. D. B. Hess, T. Tammaru, M. van Ham). Kuidas erinevad paneelelamupiirkondadega seotud linnapoliitikad ja planeerimislikud sekkumised meil Eestis ja mujal Euroopas? \u2013 <a href=\"\/wp-content\/uploads\/sites\/135\/paneelikad_-_planeerimiskonverents_2018_tiit_ja_kadri.pdf\" target=\"_blank\" rel=\"noopener\">Tiit Tammaru,\u00a0<strong>Kadri Leetmaa<\/strong>\u00a0(Tartu \u00dclikool)<\/a><\/li>\n<li>Urban metaMorphology. A European comparison and the case of Tallinn social housing districts\u2013 <strong>Damiano Cerrano<\/strong> (Eesti Kunstiakadeemia)<\/li>\n<li>Diskussioon<\/li>\n<\/ul>\n<p class=\"Body\"><strong>III Sessioon: Tark linn. Korraldajad: Veronika Mooses (Tartu \u00dclikool), Marek Muiste (Tartu Regiooni Energiaagentuur)<\/strong><\/p>\n<ul>\n<li>Integreeritud (energia)planeerimine \u2013 <a href=\"\/wp-content\/uploads\/sites\/135\/martin_kikas.pdf\" target=\"_blank\" rel=\"noopener\"><strong>Martin Kikas<\/strong><\/a> (Tartu Regiooni Energiaagentuur)<\/li>\n<li>Targa linna lahendused linnaplaneerimises \u2013 <a href=\"\/wp-content\/uploads\/sites\/135\/marek_alliksoo.pdf\" target=\"_blank\" rel=\"noopener\"><strong>Marek Alliksoo<\/strong><\/a> (Reach-U)\u00a0 \u00a0 \u00a0 \u00a0<\/li>\n<li>Diskussioon \u2013 <strong>Martin Kikas<\/strong> (Tartu Regiooni Energiaagentuur), <strong>Marek Alliksoo<\/strong> (Reach-U), <strong>Grete Kindel<\/strong> (Rahandusministeerium), <strong>Ralf-Martin Soe<\/strong> (Tallinna Tehnika\u00fclikool), <strong>Kaspar Alev<\/strong> (Tartu Linnavalitsus), <strong>Kertu Vuks<\/strong> (Elva Vallavalitsus)<\/li>\n<\/ul>\n<p class=\"Body\"><strong><\/strong><strong>Ekskursioonid:<\/strong><\/p>\n<ul>\n<li>Lasteaed Naerumaa \u2013 <strong>Edgar Kaare<\/strong> (TajuRuum)<\/li>\n<li>Smartovkade piirkond \u2013 <strong>T\u00f5nis Eelma<\/strong> (Archimedes), <strong>Andra Somelar<\/strong> (Balti Uuringute Instituut), <strong>Veronika Mooses<\/strong> (Tartu \u00dclikool)<\/li>\n<li>Vaksali v\u00e4ljak \u2013 <strong>Karin Bachmann<\/strong> (Kino Maastikuarhitektid)<\/li>\n<\/ul>\n<p class=\"Body\"><strong>Reede, 02.11.2018<\/strong><\/p>\n<p class=\"Body\"><strong>IVa Sessioon: T\u00e4iega avalik ruum. Korraldajad: Tauri Tuvikene (Tallinna \u00dclikool), Keiti Kljavin, Elo Kiivet, Epp Vahtram\u00e4e, Maria Derl\u00f5\u0161 (Linnalabor)<\/strong><\/p>\n<ul>\n<li>Maaline ja linnaline planeerimises \u2013 <a href=\"\/wp-content\/uploads\/sites\/135\/plankonv_kljavin_2018_sugis.pdf\" target=\"_blank\" rel=\"noopener\"><strong>Keiti Kljavin<\/strong><\/a> (Linnalabor\/Eesti Kunstiakadeemia)<\/li>\n<li>\u201e\u00dcheksa kuud me lihtsalt k\u00fclmetame\u201c Antropoloogilised uuringud noortest avalikus ruumis\u00a0 \u2013 <a href=\"\/wp-content\/uploads\/sites\/135\/helelyn_tammsaar.pdf\" target=\"_blank\" rel=\"noopener\"><strong>Helelyn Tammsaar<\/strong><\/a> (Rakendusliku Antropoloogia Keskus)<\/li>\n<li>Digij\u00e4ljed avalikus ruumis \u2013 <a href=\"\/wp-content\/uploads\/sites\/135\/poom_planeerimiskonverents_2018.pdf\" target=\"_blank\" rel=\"noopener\"><strong>Age Poom<\/strong><\/a> (Tartu \u00dclikool)<\/li>\n<li>Sugu, liikuvus ja linnaruum \u2013 <a href=\"\/wp-content\/uploads\/sites\/135\/planeerimiskonverents_marijussi2018.pdf\" target=\"_blank\" rel=\"noopener\"><strong>Mari J\u00fcssi <\/strong><\/a>(Maanteeamet)<\/li>\n<li>Diskussioon<\/li>\n<\/ul>\n<p class=\"Body\"><strong>IVb Sessioon: Riigi ja omavalitsuse \u00f5igus maal ja merel \u2013 kas eraldusjoon v\u00f5i\u00a0 \u00fchisosa. Korraldaja: Maila Kuusik (Eesti Planeerijate \u00dching)<\/strong><\/p>\n<ul>\n<li>Mereala planeerimise v\u00f5lud ja valud \u2013 <a href=\"\/wp-content\/uploads\/sites\/135\/triin_lepland.pdf\" target=\"_blank\" rel=\"noopener\"><strong>Triin Lepland<\/strong><\/a> (Rahandusministeerium)<\/li>\n<li>Mereala ruumiline planeerimine ja merekeskkonna kaitse \u2013 vastuolu, kompromiss v\u00f5i s\u00fcnergia? \u2013 <a href=\"\/wp-content\/uploads\/sites\/135\/aleksei_lotman.pdf\" target=\"_blank\" rel=\"noopener\"><strong>Aleksei Lotman<\/strong> <\/a>(Eestimaa Looduse Fond)<\/li>\n<li>Rannikuala korralduskavad \u2013 kellele ja milleks? \u2013<a href=\"\/wp-content\/uploads\/sites\/135\/printsmann_ja_kull_-_rannikuala_korralduskavadest.pdf\" target=\"_blank\" rel=\"noopener\"> <strong>Anu Printsmann<\/strong> (Tallinna \u00dclikool), <strong>Anne Kull<\/strong><\/a> (Eesti Maa\u00fclikool)<\/li>\n<li>Planeerimine Vee \u00c4\u00e4res \u2013 unistused ja reaalsus \u2013 <a href=\"\/wp-content\/uploads\/sites\/135\/kaido_koppel.pdf\" target=\"_blank\" rel=\"noopener\"><strong>Kaido Koppel<\/strong><\/a> (P\u00e4rnu Linnavalitsus)<\/li>\n<li>Diskussioon<\/li>\n<\/ul>\n<p class=\"Body\"><strong>IVc Sessioon: How do we measure territorial policy outputs and do we really know how the policy Works? (ESPON) Korraldaja: Garri Raagmaa (Tartu \u00dclikool)<\/strong><\/p>\n<ul>\n<li>Measuring the objective or objectifying the measure? The tyranny of New Philistinism in setting quantitative goals for EU territorial policy \u2013 <a href=\"\/wp-content\/uploads\/sites\/135\/2018-11-02_hanell_tartu.pdf\" target=\"_blank\" rel=\"noopener\"><strong>Tomas Hanell<\/strong><\/a> (Helsingi \u00dclikool)<\/li>\n<li>Monitoring the implementation of the Estonian Regional Development Strategy: how measurable are the policy outputs \u2013 <strong>Eedi Sepp <\/strong>(Rahandusministeerium)<\/li>\n<li>EU spatial data and energy policy \u2013 are these coherent across the scales? \u2013 <a href=\"\/wp-content\/uploads\/sites\/135\/kull_plan_conf_tartu_2018.pdf\" target=\"_blank\" rel=\"noopener\"><strong>Ain Kull<\/strong><\/a> (Tartu \u00dclikool)<\/li>\n<li>Diskussioon<\/li>\n<\/ul>\n<p class=\"Body\"><strong>V Sessioon: T\u00f5ej\u00e4rgne arhitektuur. Korraldaja: Veronika Valk-Siska (Tallinna Tehnika\u00fclikool)<\/strong><\/p>\n<ul>\n<li>Tuleviku linn ja \u00fchenduste olulisus \u2013 <a href=\"\/wp-content\/uploads\/sites\/135\/planeerimiskonverents_esitlus_juhan_kangilaski_02.11.2018.pdf\" target=\"_blank\" rel=\"noopener\"><strong>Juhan Kangilaski<\/strong><\/a> (Eesti Arhitektide Liit)<\/li>\n<li>Materjalip\u00f5hine narratiiv arhitektuuris \u2013 <strong>M\u00e4rten Peterson<\/strong> (Eesti Kunstiakadeemia)<\/li>\n<li>Ruumiloome ekspertr\u00fchma t\u00f6\u00f6st \u2013 <a href=\"\/wp-content\/uploads\/sites\/135\/looveer_ruumiloome_ekspertruhm_2610_jaoks_3ettekanne.pdf\" target=\"_blank\" rel=\"noopener\"><strong>Jaak-Adam Looveer<\/strong> <\/a>(Riigikantselei)<\/li>\n<li>Diskussioon<\/li>\n<\/ul>\n<p class=\"Body\"><strong>Ruumilise planeerimise rohelise raamatu tutvustus \u2013\u00a0<a href=\"\/wp-content\/uploads\/sites\/135\/planeerimiskonverents_tiit_oidjarv_2.11.2018.pdf\" target=\"_blank\" rel=\"noopener\"><strong>Tiit Oidj\u00e4rv<\/strong><\/a>\u00a0(Rahandusministeerium)<\/strong><\/p>\n<p class=\"Body\"><strong>Duett-duell M\u00e4ggi-J\u00f5ks teemal \u201cMis on kelle asi?\u201d Korraldaja: Garri Raagmaa (Tartu \u00dclikool)<\/strong><\/p>\n<ul>\n<li><strong>Allar J\u00f5ks <\/strong>(Advokaadib\u00fcroo Sorainen)<\/li>\n<li><strong>Janek M\u00e4ggi<\/strong> \u2013 riigihalduse minister<\/li>\n<\/ul>\n<p class=\"Body\"><strong>VI Sessioon: Suurobjektide planeerimise v\u00f5imalikkus. Korraldaja: Pille Metspalu (Eesti Planeerijate \u00dching)<\/strong><\/p>\n<ul>\n<li>Pika-ajaline planeerimine \u2013 \u00fcldiselt \u00fcksikule \u2013<a href=\"\/wp-content\/uploads\/sites\/135\/erik_terk.pdf\" target=\"_blank\" rel=\"noopener\"> <strong>Erik Terk<\/strong><\/a> (Tallinna \u00dclikool)<\/li>\n<li>Hiiu mereplaneeringu kohtulahendist \u2013 <a href=\"\/wp-content\/uploads\/sites\/135\/planeerimiskonverents_p._kuusk.pdf\" target=\"_blank\" rel=\"noopener\"><strong>Pihel Kuusk<\/strong><\/a> (Riigikohus)<\/li>\n<li>Kuidas tuule-energeetika ettev\u00f5tja saab Eestis tuuleparki planeerida? \u2013<a href=\"\/wp-content\/uploads\/sites\/135\/tartu_kasonen_02.11.2018.pdf\" target=\"_blank\" rel=\"noopener\"> <strong>Tuuliki Kasonen<\/strong><\/a> (Eesti Tuuleenergia Assotsiatsioon)<\/li>\n<li>Suurarenduste kohalik maks \u2013 v\u00f5imalik mehhanism planeerimiskokkulepete saavutamiseks \u2013 <a href=\"\/wp-content\/uploads\/sites\/135\/r.rass_ettekanne.pdf\" target=\"_blank\" rel=\"noopener\"><strong>Regina Rass<\/strong><\/a> (Majandus- ja Kommunikatsiooniministeerium)<\/li>\n<li>Diskussioon<\/li>\n<\/ul>\n<p class=\"Body\">\n<\/p>","protected":false},"excerpt":{"rendered":"<p>Neljap\u00e4ev, 01.11.2018 Sissejuhatav sessioon. Korraldaja: Siiri Silm (Tartu \u00dclikool) BEAT (BlueHealth Environmental Assessment Tool): Development and validation of a direct-observation audit tool for planning, design, management and post-occupancy evaluation of urban blue spaces \u2013 Himansu Sekhar Mishra (Eesti Maa\u00fclikool) Kooli &#8230;<\/p>\n","protected":false},"author":64,"featured_media":0,"parent":0,"menu_order":0,"comment_status":"closed","ping_status":"closed","template":"","meta":{"_acf_changed":false,"inline_featured_image":false,"footnotes":""},"class_list":["post-12","page","type-page","status-publish","hentry"],"acf":[],"_links":{"self":[{"href":"https:\/\/sisu.ut.ee\/planeerimiskonverents\/wp-json\/wp\/v2\/pages\/12","targetHints":{"allow":["GET"]}}],"collection":[{"href":"https:\/\/sisu.ut.ee\/planeerimiskonverents\/wp-json\/wp\/v2\/pages"}],"about":[{"href":"https:\/\/sisu.ut.ee\/planeerimiskonverents\/wp-json\/wp\/v2\/types\/page"}],"author":[{"embeddable":true,"href":"https:\/\/sisu.ut.ee\/planeerimiskonverents\/wp-json\/wp\/v2\/users\/64"}],"replies":[{"embeddable":true,"href":"https:\/\/sisu.ut.ee\/planeerimiskonverents\/wp-json\/wp\/v2\/comments?post=12"}],"version-history":[{"count":1,"href":"https:\/\/sisu.ut.ee\/planeerimiskonverents\/wp-json\/wp\/v2\/pages\/12\/revisions"}],"predecessor-version":[{"id":1710,"href":"https:\/\/sisu.ut.ee\/planeerimiskonverents\/wp-json\/wp\/v2\/pages\/12\/revisions\/1710"}],"wp:attachment":[{"href":"https:\/\/sisu.ut.ee\/planeerimiskonverents\/wp-json\/wp\/v2\/media?parent=12"}],"curies":[{"name":"wp","href":"https:\/\/api.w.org\/{rel}","templated":true}]}}