{"id":7,"date":"2024-04-04T01:46:18","date_gmt":"2024-04-03T22:46:18","guid":{"rendered":"https:\/\/sisu.ut.ee\/plagiaat_viitamine\/tu-viitamisjuhendid\/"},"modified":"2025-03-16T15:15:02","modified_gmt":"2025-03-16T13:15:02","slug":"tu-viitamisjuhendid","status":"publish","type":"page","link":"https:\/\/sisu.ut.ee\/plagiaat_viitamine\/tu-viitamisjuhendid\/","title":{"rendered":"T\u00dc viitamisjuhendid"},"content":{"rendered":"<p>K\u00f5ik \u00f5ppe- ja teadusasutused on kehtestanud oma viitamise reeglid. Need on tavaliselt veebilehel v\u00e4ljas, m\u00f5nikord koos plagiaadijuhtumite menetlemise korraga. \u00a0Tartu \u00dclikoolis kehtivad igas valdkonnas oma viitamisreeglid.<\/p>\n<p>Humanitaarteaduste ja kunstide valdkond<\/p>\n<ul>\n<li>\u00dcli\u00f5pilast\u00f6\u00f6de koostamise, viitamise ja vormistamise p\u00f5him\u00f5tted usuteaduskonna \u00fcli\u00f5pilastele <a title=\"\" href=\"https:\/\/usuteaduskond.ut.ee\/sites\/default\/files\/inline-files\/karo_kulmar_yliopilastoode_vormistusjuhend_2020_0.pdf\" target=\"_blank\" rel=\"noopener\" data-url=\"https:\/\/usuteaduskond.ut.ee\/sites\/default\/files\/inline-files\/karo_kulmar_yliopilastoode_vormistusjuhend_2020_0.pdf\">https:\/\/usuteaduskond.ut.ee\/sites\/default\/files\/inline-files\/karo_kulmar_yliopilastoode_vormistusjuhend_2020_0.pdf<\/a><\/li>\n<\/ul>\n<p>Sotsiaalteaduste valdkond<\/p>\n<ul>\n<li>Haridusteaduste instituudi l\u00f5put\u00f6\u00f6de n\u00f5uded <a title=\"\" href=\"https:\/\/sotsiaalteadused.ut.ee\/sites\/default\/files\/inline-files\/lisa_6._haridusteaduste_instituudi_loputoode_nouded.pdf\" target=\"_blank\" rel=\"noopener\" data-url=\"https:\/\/sotsiaalteadused.ut.ee\/sites\/default\/files\/inline-files\/lisa_6._haridusteaduste_instituudi_loputoode_nouded.pdf\">https:\/\/sotsiaalteadused.ut.ee\/sites\/default\/files\/inline-files\/lisa_6._haridusteaduste_instituudi_loputoode_nouded.pdf<\/a><\/li>\n<li>Viitamine. \u00dchiskonnateaduste instituut <a href=\"https:\/\/uhiskond.ut.ee\/et\/sisu\/viitamisjuhend\" target=\"_blank\" rel=\"noopener\">https:\/\/uhiskond.ut.ee\/et\/sisu\/viitamisjuhend<\/a><\/li>\n<li>\u00dcli\u00f5pilast\u00f6\u00f6 kirjutamine ja vormistamine. Juhend \u00f5igusteaduskonna \u00fcli\u00f5pilastele\u00a0<a title=\"\" href=\"https:\/\/sotsiaalteadused.ut.ee\/sites\/default\/files\/inline-files\/lisa_2._oigusteaduskonna_loputoode_lisanouded_3.pdf\" target=\"_blank\" rel=\"noopener\" data-url=\"https:\/\/sotsiaalteadused.ut.ee\/sites\/default\/files\/inline-files\/lisa_2._oigusteaduskonna_loputoode_lisanouded_3.pdf\">https:\/\/sotsiaalteadused.ut.ee\/sites\/default\/files\/inline-files\/lisa_2._oigusteaduskonna_loputoode_lisanouded_3.pdf<\/a><\/li>\n<\/ul>\n<p>Meditsiiniteaduste valdkond<\/p>\n<ul>\n<li>Proviisori\u00f5ppe \u00fcli\u00f5pilaste uurimist\u00f6\u00f6de vormistamise juhend\u00a0<a title=\"\" href=\"https:\/\/farmaatsia.ut.ee\/sites\/default\/files\/inline-files\/uurimistoode_koostamise_ja_kaitsmise_juhend_20201_0.pdf\" target=\"_blank\" rel=\"noopener\" data-url=\"https:\/\/farmaatsia.ut.ee\/sites\/default\/files\/inline-files\/uurimistoode_koostamise_ja_kaitsmise_juhend_20201_0.pdf\">https:\/\/farmaatsia.ut.ee\/sites\/default\/files\/inline-files\/uurimistoode_koostamise_ja_kaitsmise_juhend_20201_0.pdf<\/a><\/li>\n<li>\u00d5endusteaduse \u00fcli\u00f5pilaste\u00a0kirjalike t\u00f6\u00f6de vormistamise\u00a0juhend\u00a0<a title=\"\" href=\"https:\/\/tervis.ut.ee\/sites\/default\/files\/inline-files\/ot_kirjalike_toode_vormistamise_juhend.pdf\" target=\"_blank\" rel=\"noopener\" data-url=\"https:\/\/tervis.ut.ee\/sites\/default\/files\/inline-files\/ot_kirjalike_toode_vormistamise_juhend.pdf\">https:\/\/tervis.ut.ee\/sites\/default\/files\/inline-files\/ot_kirjalike_toode_vormistamise_juhend.pdf<\/a><\/li>\n<li>Sporditeaduste ja f\u00fcsioteraapia instituudi \u00f5ppet\u00f6\u00f6 dokumendid:\u00a0<a title=\"\" href=\"https:\/\/sporditeadused.ut.ee\/et\/sisu\/oppetoo-dokumendid\" target=\"_blank\" rel=\"noopener\" data-url=\"https:\/\/sporditeadused.ut.ee\/et\/sisu\/oppetoo-dokumendid\">https:\/\/sporditeadused.ut.ee\/et\/sisu\/oppetoo-dokumendid<\/a><\/li>\n<\/ul>\n<p>Loodus- ja t\u00e4ppisteaduste valdkond<\/p>\n<ul>\n<li>L\u00f5put\u00f6\u00f6dele esitatavad n\u00f5uded ja kaitsmise kord\u00a0<a title=\"\" href=\"https:\/\/reaalteadused.ut.ee\/et\/sisu\/loodus-ja-tappisteaduste-valdkonna-tapsustavad-juhendid-ja-pohimotted-ning-avalduste-vormid\" target=\"_blank\" rel=\"noopener\" data-url=\"https:\/\/reaalteadused.ut.ee\/et\/sisu\/loodus-ja-tappisteaduste-valdkonna-tapsustavad-juhendid-ja-pohimotted-ning-avalduste-vormid\">https:\/\/reaalteadused.ut.ee\/et\/sisu\/loodus-ja-tappisteaduste-valdkonna-tapsustavad-juhendid-ja-pohimotted-ning-avalduste-vormid<\/a><\/li>\n<\/ul>\n<p>Eraldi viitamisreeglid on ka paljudel ajakirjadel, kogumikel ja raamatutel. Need on v\u00e4ljas ajakirja kodulehel. Viidete haldurid (nt vabavaralised Zotero ja Mendeley) v\u00f5imaldavad valida automaatselt tuhandeid erinevaid viitamisstiile ning vormistada t\u00f6\u00f6sse n\u00f5uetekohased viited. T\u00e4psemalt vaata\u00a0<a href=\"https:\/\/sisu.ut.ee\/zoterojuhend\" target=\"_blank\" rel=\"noopener\">Viidete haldurid Zotero ja Mendeley.<\/a><\/p>\n","protected":false},"excerpt":{"rendered":"<p>K\u00f5ik \u00f5ppe- ja teadusasutused on kehtestanud oma viitamise reeglid. Need on tavaliselt veebilehel v\u00e4ljas, m\u00f5nikord koos plagiaadijuhtumite menetlemise korraga. \u00a0Tartu \u00dclikoolis kehtivad igas valdkonnas oma viitamisreeglid. Humanitaarteaduste ja kunstide valdkond \u00dcli\u00f5pilast\u00f6\u00f6de koostamise, viitamise ja vormistamise p\u00f5him\u00f5tted usuteaduskonna \u00fcli\u00f5pilastele https:\/\/usuteaduskond.ut.ee\/sites\/default\/files\/inline-files\/karo_kulmar_yliopilastoode_vormistusjuhend_2020_0.pdf Sotsiaalteaduste &#8230;<\/p>\n","protected":false},"author":5,"featured_media":0,"parent":0,"menu_order":0,"comment_status":"closed","ping_status":"closed","template":"","meta":{"_acf_changed":false,"inline_featured_image":false,"footnotes":""},"class_list":["post-7","page","type-page","status-publish","hentry"],"acf":[],"_links":{"self":[{"href":"https:\/\/sisu.ut.ee\/plagiaat_viitamine\/wp-json\/wp\/v2\/pages\/7","targetHints":{"allow":["GET"]}}],"collection":[{"href":"https:\/\/sisu.ut.ee\/plagiaat_viitamine\/wp-json\/wp\/v2\/pages"}],"about":[{"href":"https:\/\/sisu.ut.ee\/plagiaat_viitamine\/wp-json\/wp\/v2\/types\/page"}],"author":[{"embeddable":true,"href":"https:\/\/sisu.ut.ee\/plagiaat_viitamine\/wp-json\/wp\/v2\/users\/5"}],"replies":[{"embeddable":true,"href":"https:\/\/sisu.ut.ee\/plagiaat_viitamine\/wp-json\/wp\/v2\/comments?post=7"}],"version-history":[{"count":2,"href":"https:\/\/sisu.ut.ee\/plagiaat_viitamine\/wp-json\/wp\/v2\/pages\/7\/revisions"}],"predecessor-version":[{"id":34,"href":"https:\/\/sisu.ut.ee\/plagiaat_viitamine\/wp-json\/wp\/v2\/pages\/7\/revisions\/34"}],"wp:attachment":[{"href":"https:\/\/sisu.ut.ee\/plagiaat_viitamine\/wp-json\/wp\/v2\/media?parent=7"}],"curies":[{"name":"wp","href":"https:\/\/api.w.org\/{rel}","templated":true}]}}