{"id":5,"date":"2024-04-04T01:46:18","date_gmt":"2024-04-03T22:46:18","guid":{"rendered":"https:\/\/sisu.ut.ee\/plagiaat_viitamine\/plagiaadi-valtimine\/"},"modified":"2024-04-04T01:46:20","modified_gmt":"2024-04-03T22:46:20","slug":"plagiaadi-valtimine","status":"publish","type":"page","link":"https:\/\/sisu.ut.ee\/plagiaat_viitamine\/plagiaadi-valtimine\/","title":{"rendered":"Plagiaadi v\u00e4ltimine"},"content":{"rendered":"<p>Plagiaati aitab v\u00e4ltida korrektne viitamine.\u00a0<\/p>\n<p>\u00dcldised reeglid viitamisel:<\/p>\n<p><img loading=\"lazy\" decoding=\"async\" width=\"459\" height=\"407\" class=\"alignnone wp-image-9\" src=\"https:\/\/sisu.ut.ee\/wp-content\/uploads\/sites\/137\/viitamine-skeem2_0.png\" title=\"viitamine-skeem2_0.png\" alt=\"viitamine-skeem2_0.png\" srcset=\"https:\/\/sisu.ut.ee\/wp-content\/uploads\/sites\/137\/viitamine-skeem2_0.png 459w, https:\/\/sisu.ut.ee\/wp-content\/uploads\/sites\/137\/viitamine-skeem2_0-300x266.png 300w\" sizes=\"auto, (max-width: 459px) 100vw, 459px\"><\/p>\n<p>Allikas: Harris, Robert A. The Plagiarism Handbook: Strategies for Preventing, Detecting, and Dealing with Plagiarism. Los Angeles: Pyrczk Publishing, 2001.<\/p>\n<p>Plagiaati aitab v\u00e4ltida ainult t\u00e4pne ja n\u00f5uetele vastav viide. Siin on abi viidete halduritest (nt vabavaralised Zotero ja Mendeley), kuhu on lihtne salvestada huvipakkuvate teoste kirjeid ja nende j\u00e4rgi hiljem teos \u00fcles leida. Viidete halduritest saab paari hiirekl\u00f5psuga n\u00f5uetekohase viite t\u00f6\u00f6sse kopeerida.\u00a0<\/p>\n\n<h3>Mida tuleb t\u00f6\u00f6d kirjutades t\u00e4hele panna?<\/h3>\n<ul>\n<li>\n<ul>\n<li>Kirjutage alati \u00fcles v\u00f5i salvestage j\u00e4rjehoidjasse t\u00e4pne allikas, kust te enda jaoks olulise informatsiooni leidsite, hoolimata sellest, kas teil on plaan seda oma t\u00f6\u00f6s kasutada v\u00f5i mitte.\u00a0<\/li>\n<li>Kui kahtlete, kas m\u00f5te on teie enda oma v\u00f5i kellegi teise poolt kirja pandud, siis kontrollige seda p\u00f5hjalikult. Kahtluse korral j\u00e4tke m\u00f5te oma t\u00f6\u00f6s kasutamata.<\/li>\n<li>Teise isiku s\u00f5nade t\u00e4psel edasiandmisel (tsiteerimisel) kasutage jutum\u00e4rke ning viidake!<\/li>\n<li>\u00c4rge muutke tsitaatides \u00fcksikuid s\u00f5nu. Sel juhul pole see t\u00e4pne tsitaat ning ei saa kasutada jutum\u00e4rke. Kui annate kogu m\u00f5tte edasi oma s\u00f5nadega (refereerite), siis viidake autorile!<\/li>\n<li>Teistest keeltest (vabalt v\u00f5i t\u00e4pselt) t\u00f5lgitud tekstide puhul tuleb viidata autorile ja nimetada t\u00f5lkija.<\/li>\n<li>Kui te esitate veebist mitteametlikelt veebilehtedelt saadud fakte v\u00f5i andmeid, \u00a0kontrollige neid m\u00f5ne teise allika kaudu. Veebis esitatud materjal ise v\u00f5ib olla plagiaat v\u00f5i v\u00f5ltsing.<\/li>\n<li>J\u00e4lgige, et\u00a0k\u00f5ik\u00a0teie t\u00f6\u00f6s esitatud andmed oleksid kontrollitavad, st nende allikat peab saama kindlaks teha\u00a0\u2013\u00a0viidake!<\/li>\n<li>J\u00e4rgige viitamise reegleid ning kontrollige, et k\u00f5ik andmed, mille p\u00f5hjal allikat tuvastada, oleksid olemas.\u00a0Enda ja teiste m\u00f5tted peavad olema selgelt eristatavad.<\/li>\n<li>Hea tava on, et alati tuleb viidata originaalallikale. Kui see ei ole mingil p\u00f5hjusel v\u00f5imalik ning kasutada tuleb viitamist kolmanda autori kaudu, siis tuleb kindlasti k\u00f5ik autorid viitamisel v\u00e4lja tuua.<\/li>\n<li>\u00c4rge lisage kasutatud kirjanduse nimekirja allikaid, millele tekstis pole viidatud.\u00a0<\/li>\n<\/ul>\n<\/li>\n<\/ul>\n<ul>\n<li>\n<p>Lihtne enesekontrollitest plagiaadijuhtumite \u00e4ratundmiseks: Plagiarism pre-test\u00a0<a href=\"https:\/\/canvas.sfu.ca\/courses\/15986\/quizzes\/27055?module_item_id=333018\" target=\"_blank\" rel=\"noopener\">https:\/\/canvas.sfu.ca\/courses\/15986\/quizzes\/27055?module_item_id=333018<\/a><\/p>\n<\/li>\n<\/ul>\n","protected":false},"excerpt":{"rendered":"<p>Plagiaati aitab v\u00e4ltida korrektne viitamine.\u00a0 \u00dcldised reeglid viitamisel: Allikas: Harris, Robert A. The Plagiarism Handbook: Strategies for Preventing, Detecting, and Dealing with Plagiarism. Los Angeles: Pyrczk Publishing, 2001. Plagiaati aitab v\u00e4ltida ainult t\u00e4pne ja n\u00f5uetele vastav viide. Siin on abi &#8230;<\/p>\n","protected":false},"author":5,"featured_media":0,"parent":0,"menu_order":0,"comment_status":"closed","ping_status":"closed","template":"","meta":{"_acf_changed":false,"inline_featured_image":false,"footnotes":""},"class_list":["post-5","page","type-page","status-publish","hentry"],"acf":[],"_links":{"self":[{"href":"https:\/\/sisu.ut.ee\/plagiaat_viitamine\/wp-json\/wp\/v2\/pages\/5","targetHints":{"allow":["GET"]}}],"collection":[{"href":"https:\/\/sisu.ut.ee\/plagiaat_viitamine\/wp-json\/wp\/v2\/pages"}],"about":[{"href":"https:\/\/sisu.ut.ee\/plagiaat_viitamine\/wp-json\/wp\/v2\/types\/page"}],"author":[{"embeddable":true,"href":"https:\/\/sisu.ut.ee\/plagiaat_viitamine\/wp-json\/wp\/v2\/users\/5"}],"replies":[{"embeddable":true,"href":"https:\/\/sisu.ut.ee\/plagiaat_viitamine\/wp-json\/wp\/v2\/comments?post=5"}],"version-history":[{"count":1,"href":"https:\/\/sisu.ut.ee\/plagiaat_viitamine\/wp-json\/wp\/v2\/pages\/5\/revisions"}],"predecessor-version":[{"id":23,"href":"https:\/\/sisu.ut.ee\/plagiaat_viitamine\/wp-json\/wp\/v2\/pages\/5\/revisions\/23"}],"wp:attachment":[{"href":"https:\/\/sisu.ut.ee\/plagiaat_viitamine\/wp-json\/wp\/v2\/media?parent=5"}],"curies":[{"name":"wp","href":"https:\/\/api.w.org\/{rel}","templated":true}]}}