{"id":4,"date":"2024-04-04T01:46:18","date_gmt":"2024-04-03T22:46:18","guid":{"rendered":"https:\/\/sisu.ut.ee\/plagiaat_viitamine\/avaleht\/"},"modified":"2024-04-04T01:46:20","modified_gmt":"2024-04-03T22:46:20","slug":"avaleht","status":"publish","type":"page","link":"https:\/\/sisu.ut.ee\/plagiaat_viitamine\/","title":{"rendered":"Plagiaat"},"content":{"rendered":"<div class=\"contextual-controls-wrapper\">\n<div id=\"ctools-dropdown-1\" class=\"ctools-dropdown add_new btn-group btn-sm ctools-dropdown-processed\"><\/div>\n<div id=\"ctools-dropdown-2\" class=\"ctools-dropdown section_links btn-group btn-sm ctools-dropdown-processed\"><\/div>\n<\/div>\n<div id=\"content-panels\" class=\"at-panel gpanel panel-display content clearfix\">\n<div class=\"region region-content-top  \">\n<div id=\"block-os-pages-main-content\" class=\"block block-os-pages contextual-links-region\">\n<div class=\"contextual-links-wrapper btn-group btn-sm contextual-links-processed\"><\/div>\n<div class=\"content\">\n<div id=\"node-8199\" class=\"node node-page clearfix\">\n<div class=\"content\">\n<div class=\"field field-name-body field-type-text-with-summary field-label-hidden\">\n<div class=\"field-items\">\n<div class=\"field-item even\">\n<p>Andmebaasidest, raamatutest, ajalehtedest, internetist jne leitud materjalide oma t\u00f6\u00f6s kasutamisel tuleb arvestada sellega, et keegi on nende loomise ja koostamisega omakorda k\u00f5vasti t\u00f6\u00f6d teinud ja vaeva n\u00e4inud. Teose autoril on \u00f5igustatud ootus, et\u00a0 tema \u00f5igusi kaitstakse ning nime mainitakse.<\/p>\n<p>Autori\u00f5igusega kaitstakse kirjandus-, kunsti- ja teadusteoseid. Kaitstavad teosed v\u00f5ivad esineda erinevas vormis, nt kirjandusteos, draamateos, audiovisuaalne teos, maaliteos, arhitektuuriteos, arvutiprogramm, loeng, tegelaskuju jne.<\/p>\n<p>Huvi korral saate l\u00e4hemalt lugeda autori\u00f5iguse seadusest\u00a0<a href=\"https:\/\/www.riigiteataja.ee\/akt\/129102014004\" target=\"_blank\" rel=\"noopener\">https:\/\/www.riigiteataja.ee\/akt\/129102014004<\/a>.<\/p>\n<\/div>\n<\/div>\n<\/div>\n<\/div>\n<\/div>\n<\/div>\n<\/div>\n<\/div>\n<\/div>\n<h3>Mis on plagiaat?<\/h3>\n<p>Plagiaat ehk loomevargus on teise inimese t\u00f6\u00f6 esitlemine iseenda omana. Plagiaadi objektiks v\u00f5ivad olla tekst, andmed, pildid, heli v\u00f5i esitlus (nt ettekanne). Plagiaadiga rikutakse teoste autorite \u00f5igusi.\u00a0<\/p>\n\n<h5>Video asukoht:\u00a0<a href=\"http:\/\/www.uttv.ee\/naita?id=23752&amp;sessioon=15864289179473204284\" target=\"_blank\" rel=\"noopener\">http:\/\/www.uttv.ee\/naita?id=23752&amp;sessioon=15864289179473204284<\/a><\/h5>\n<h3>Kuidas tekib plagiaat?<\/h3>\n<p><img loading=\"lazy\" decoding=\"async\" width=\"705\" height=\"194\" class=\"alignnone wp-image-8\" src=\"https:\/\/sisu.ut.ee\/wp-content\/uploads\/sites\/137\/plagiaat-skeem_1.png\" title=\"plagiaat-skeem_1.png\" alt=\"plagiaat-skeem_1.png\" srcset=\"https:\/\/sisu.ut.ee\/wp-content\/uploads\/sites\/137\/plagiaat-skeem_1.png 705w, https:\/\/sisu.ut.ee\/wp-content\/uploads\/sites\/137\/plagiaat-skeem_1-300x83.png 300w\" sizes=\"auto, (max-width: 705px) 100vw, 705px\"><\/p>\n<p>Plagiaat tekib\u00a0peamiselt kolmel juhul:<\/p>\n<ul>\n<li>teiste isikute t\u00f6\u00f6 v\u00f5i ideede kasutamisel ilma neile viitamata. Siia kuuluvad nt tsitaadid teiste t\u00f6\u00f6dest, statistilised andmed, aruanded, raportid, pildid, videod, muusika- ja kunstiteosed, samuti suulised ettekanded;<\/li>\n<li>teise isiku m\u00f5tte refereerimisel (\u00fcmbers\u00f5nastamisel) ilma viitamata.\u00a0 Ka teistest keeltest (vabalt) t\u00f5lgitud tekstide puhul tuleb viidata autorile.\u00a0<\/li>\n<li>Iseenda varasema t\u00f6\u00f6 uuesti esitamine\u00a0(kui t\u00f6\u00f6 on juba hinnatud) v\u00f5i sellest l\u00f5ikude, tabelite, illustratsioonide jne uude t\u00f6\u00f6sse kopeerimine on <a href=\"#\" data-bs-toggle=\"modal\" data-bs-target=\"#popup-modal\" data-title=\"akadeemiline petturlus\" data-content=\"Akadeemiline petturlus on \u00f5piv\u00e4ljundite hindamisel selliste materjalide kasutamine, mida \u00f5ppej\u00f5ud ei ole selges\u00f5naliselt lubanud kasutada teadmiste lubamatu vahetamine (ette\u00fctlemine, mahakirjutamine jms) teise \u00fcli\u00f5pilase eest \u00f5piv\u00e4ljundite hindamisel osalemine kellegi teise kirjaliku t\u00f6\u00f6 esitamine oma nime all v\u00f5i selle osade kasutamine n\u00f5uetekohase akadeemilise viitamiseta iseenda t\u00f6\u00f6 uuesti esitamine, kui selle eest on juba ainepunkte saadud Kui \u00fcli\u00f5pilane on toime pannud akadeemilise petturluse, siis lisaks negatiivse tulemuse saamisele, on dekaanil kohustus teha \u00fcli\u00f5pilasele noomitus v\u00f5i \u00f5ppeprorektorile esildis \u00fcli\u00f5pilase eksmatrikuleerimiseks. Kui akadeemilise petturluse t\u00f5ttu on aines saadud negatiivne tulemus, ei ole korduseksami sooritus samal semestril lubatud. Positiivse tulemuse saamiseks tuleb j\u00e4rgevate semestrite jooksul uuesti ainele registreeruda ja aine l\u00e4bida. V\u00e4\u00e4ritu k\u00e4itumise t\u00f5ttu eksmatrikuleeritud \u00fcli\u00f5pilane ei saa taotleda reimmatrikuleerimist enne, kui eksmatrikuleerimisest on m\u00f6\u00f6dunud \u00fcks aasta. Allikas: https:\/\/wiki.ut.ee\/display\/oppekorraldus\/Akadeemiline+petturlus \">akadeemiline petturlus<\/a>, mis on \u00fcks plagiaadi vorme.\u00a0Ka iseenda t\u00f6\u00f6le tuleb selle uuesti kasutamisel viidata.\u00a0<\/li>\n<\/ul>\n<h3>Mis ei ole plagiaat<\/h3>\n<p>Plagiaadiks ei loeta \u00fcldiste ja laialt tuntud teadmiste ilma viitamata kasutamist. Kui \u00fched ja samad v\u00e4ited korduvad ilma viideteta mitmes teoses, siis v\u00f5ib eeldada, et tegemist on \u00fcldise ja ammutuntud teadmisega ehk tavateadmisega. \u00a0N\u00e4iteks ajalehtedes ja uudistes kajastatud p\u00e4evakajalised faktid ja eelneval kogemusel p\u00f5hinevad v\u00e4ited, n\u00e4iteks:<\/p>\n<ul>\n<li>Mai alguses k\u00fclastas Hispaania kuningapaar Eestit.<\/li>\n<li>Umberto Eco nimetati Tartu \u00dclikooli audoktoriks 1996. aastal.<\/li>\n<li>Majanduskriis toob tavaliselt kaasa ka kuritegevuse suurenemise.<\/li>\n<\/ul>\n","protected":false},"excerpt":{"rendered":"<p>Andmebaasidest, raamatutest, ajalehtedest, internetist jne leitud materjalide oma t\u00f6\u00f6s kasutamisel tuleb arvestada sellega, et keegi on nende loomise ja koostamisega omakorda k\u00f5vasti t\u00f6\u00f6d teinud ja vaeva n\u00e4inud. Teose autoril on \u00f5igustatud ootus, et\u00a0 tema \u00f5igusi kaitstakse ning nime mainitakse. Autori\u00f5igusega &#8230;<\/p>\n","protected":false},"author":5,"featured_media":0,"parent":0,"menu_order":0,"comment_status":"closed","ping_status":"closed","template":"","meta":{"_acf_changed":false,"inline_featured_image":false,"footnotes":""},"class_list":["post-4","page","type-page","status-publish","hentry"],"acf":[],"_links":{"self":[{"href":"https:\/\/sisu.ut.ee\/plagiaat_viitamine\/wp-json\/wp\/v2\/pages\/4","targetHints":{"allow":["GET"]}}],"collection":[{"href":"https:\/\/sisu.ut.ee\/plagiaat_viitamine\/wp-json\/wp\/v2\/pages"}],"about":[{"href":"https:\/\/sisu.ut.ee\/plagiaat_viitamine\/wp-json\/wp\/v2\/types\/page"}],"author":[{"embeddable":true,"href":"https:\/\/sisu.ut.ee\/plagiaat_viitamine\/wp-json\/wp\/v2\/users\/5"}],"replies":[{"embeddable":true,"href":"https:\/\/sisu.ut.ee\/plagiaat_viitamine\/wp-json\/wp\/v2\/comments?post=4"}],"version-history":[{"count":1,"href":"https:\/\/sisu.ut.ee\/plagiaat_viitamine\/wp-json\/wp\/v2\/pages\/4\/revisions"}],"predecessor-version":[{"id":24,"href":"https:\/\/sisu.ut.ee\/plagiaat_viitamine\/wp-json\/wp\/v2\/pages\/4\/revisions\/24"}],"wp:attachment":[{"href":"https:\/\/sisu.ut.ee\/plagiaat_viitamine\/wp-json\/wp\/v2\/media?parent=4"}],"curies":[{"name":"wp","href":"https:\/\/api.w.org\/{rel}","templated":true}]}}