{"id":3,"date":"2024-04-04T01:46:18","date_gmt":"2024-04-03T22:46:18","guid":{"rendered":"https:\/\/sisu.ut.ee\/plagiaat_viitamine\/oigused-teoste-kasutamiseks\/"},"modified":"2024-04-04T01:46:20","modified_gmt":"2024-04-03T22:46:20","slug":"oigused-teoste-kasutamiseks","status":"publish","type":"page","link":"https:\/\/sisu.ut.ee\/plagiaat_viitamine\/oigused-teoste-kasutamiseks\/","title":{"rendered":"\u00d5igused teoste kasutamiseks"},"content":{"rendered":"<p>\n\tAutori\u00f5igus tekib teosele teose loomishetkel ning t\u00e4hendab autori ainu\u00f5igust teose kasutamise lubamiseks ja keelamiseks.\n<\/p>\n<p>\n\tAutori\u00f5igus kehtib autori kogu eluaja jooksul ja 70 aastat p\u00e4rast tema surma. P\u00e4rast seda v\u00f5ib teost kasutada autorilt luba k\u00fcsimata ja selle eest tasu maksmata.\n<\/p>\n<p>\n\tT\u00e4hele tuleb panna, et autori nime, au ja v\u00e4\u00e4rikust ning teose pealkirja kaitstakse t\u00e4htajatult. Tuleb v\u00e4ltida olukordi, kus samaliigilisele teostele pannakse t\u00e4pselt sama pealkiri.\n<\/p>\n<p>\n\t\u00d5ppe- v\u00f5i teaduseesm\u00e4rgil koostatud uurimist\u00f6\u00f6s piisab, kui autorile, teose pealkirjale ja avaldamisallikale korrektselt viidata. Samas tuleb ka uurimist\u00f6\u00f6 puhul silmas pidada, et teiste autorite tekste kasutatakse motiveeritud mahus ning pilte eelk\u00f5ige illustreeriva materjalina. Tsiteerides ja refereerides ei tohi teose m\u00f5tet moonutada.\n<\/p>\n<p>\n\tKui aga soovite teise autori fotot, luuletust v\u00f5i muusikapala avaldada n\u00e4iteks oma veebilehel v\u00f5i blogis, siis tuleks selleks autorilt luba k\u00fcsida. Samuti tuleb luba k\u00fcsida, kui soovite kellegi teost muuta, n\u00e4iteks novellist n\u00e4idendi teha.\n<\/p>\n<p>\n\tAutor saab litsentsilepinguga (CC \u2013\u00a0<em>Creative Commons<\/em>) \u00e4ra n\u00e4idata, kuidas ta oma teost kasutada lubab (n\u00e4iteks kas tohib fotot muuta v\u00f5i millistel tingimustel tohib teost jagada).\n<\/p>\n<p>\n\tKuut p\u00f5hilitsentsi on v\u00f5imalik omavahel kombineerida.\n<\/p>\n<p>\n\t<img loading=\"lazy\" decoding=\"async\" height=\"217\" src=\"\/wp-content\/uploads\/sites\/137\/litsentsid.png\" width=\"599\">\n<\/p>\n<h5>\n\tPildi allikas:\u00a0CC pilt \u2013 Vikipeedia\u00a0<a href=\"https:\/\/et.wikipedia.org\/wiki\/Creative_Commons\" target=\"_blank\" rel=\"noopener\">https:\/\/et.wikipedia.org\/wiki\/Creative_Commons<\/a><br>\n<\/h5>\n<p>\n\tHuvi korral saate litsentside kirjeldustega tutvuda siin:\u00a0<a data-url=\"https:\/\/creativecommons.org\/about\/cclicenses\/\" href=\"https:\/\/creativecommons.org\/about\/cclicenses\/\" target=\"_blank\" title=\"\" rel=\"noopener\">https:\/\/creativecommons.org\/about\/cclicenses\/<\/a>\n<\/p>\n<p>\n\tSiit leiate erinevaid materjale, mille kasutamine on litsentsiga kirjeldatud:\u00a0<a href=\"https:\/\/search.creativecommons.org\/\" target=\"_blank\" rel=\"noopener\">https:\/\/search.creativecommons.org\/<\/a>\n<\/p>\n<p>\n\t\u00a0\n<\/p>\n<h2>\n\tKasutatud allikad<br>\n<\/h2>\n<ol>\n<li>\n\t\tAutori\u00f5iguse seadus,\u00a0<a href=\"https:\/\/www.riigiteataja.ee\/akt\/128122011005\" target=\"_blank\" rel=\"noopener\">https:\/\/www.riigiteataja.ee\/akt\/128122011005<\/a>\u00a0\n\t<\/li>\n<li>\n\t\tWikipedia, Creative Commons,\u00a0<a href=\"https:\/\/et.wikipedia.org\/wiki\/Creative_Commons\" target=\"_blank\" rel=\"noopener\">https:\/\/et.wikipedia.org\/wiki\/Creative_Commons<\/a>\u00a0\n\t<\/li>\n<\/ol>\n","protected":false},"excerpt":{"rendered":"<p>Autori\u00f5igus tekib teosele teose loomishetkel ning t\u00e4hendab autori ainu\u00f5igust teose kasutamise lubamiseks ja keelamiseks. Autori\u00f5igus kehtib autori kogu eluaja jooksul ja 70 aastat p\u00e4rast tema surma. P\u00e4rast seda v\u00f5ib teost kasutada autorilt luba k\u00fcsimata ja selle eest tasu maksmata. T\u00e4hele &#8230;<\/p>\n","protected":false},"author":5,"featured_media":0,"parent":0,"menu_order":0,"comment_status":"closed","ping_status":"closed","template":"","meta":{"_acf_changed":false,"inline_featured_image":false,"footnotes":""},"class_list":["post-3","page","type-page","status-publish","hentry"],"acf":[],"_links":{"self":[{"href":"https:\/\/sisu.ut.ee\/plagiaat_viitamine\/wp-json\/wp\/v2\/pages\/3","targetHints":{"allow":["GET"]}}],"collection":[{"href":"https:\/\/sisu.ut.ee\/plagiaat_viitamine\/wp-json\/wp\/v2\/pages"}],"about":[{"href":"https:\/\/sisu.ut.ee\/plagiaat_viitamine\/wp-json\/wp\/v2\/types\/page"}],"author":[{"embeddable":true,"href":"https:\/\/sisu.ut.ee\/plagiaat_viitamine\/wp-json\/wp\/v2\/users\/5"}],"replies":[{"embeddable":true,"href":"https:\/\/sisu.ut.ee\/plagiaat_viitamine\/wp-json\/wp\/v2\/comments?post=3"}],"version-history":[{"count":1,"href":"https:\/\/sisu.ut.ee\/plagiaat_viitamine\/wp-json\/wp\/v2\/pages\/3\/revisions"}],"predecessor-version":[{"id":25,"href":"https:\/\/sisu.ut.ee\/plagiaat_viitamine\/wp-json\/wp\/v2\/pages\/3\/revisions\/25"}],"wp:attachment":[{"href":"https:\/\/sisu.ut.ee\/plagiaat_viitamine\/wp-json\/wp\/v2\/media?parent=3"}],"curies":[{"name":"wp","href":"https:\/\/api.w.org\/{rel}","templated":true}]}}