{"id":146,"date":"2025-01-03T15:46:50","date_gmt":"2025-01-03T13:46:50","guid":{"rendered":"https:\/\/sisu.ut.ee\/pisitekstid\/?page_id=146"},"modified":"2025-05-19T10:17:11","modified_gmt":"2025-05-19T07:17:11","slug":"kontakt","status":"publish","type":"page","link":"https:\/\/sisu.ut.ee\/pisitekstid\/kontakt\/","title":{"rendered":"Kontakt"},"content":{"rendered":"<p>Kui soovid projekti kohta l\u00e4hemalt teada, sind huvitavad projekti k\u00e4igus saadud tulemused v\u00f5i sooviksid projektiga haakuval teemal teha koost\u00f6\u00f6d v\u00f5i l\u00f5put\u00f6\u00f6d, siis v\u00f5ta \u00fchendust projektijuhiga.<\/p>\n\n\n<div class=\"person-card person-card--wide border-bottom py-2 mb-4\">\n\t\t<div class=\"row px-2 px-lg-1\">\n\t\t\t<div class=\"col-md-4\">\n\t\t\t\t\t\t\t\t\t<h3 class=\"h4 mb-2\">Maria Reile<\/h3>\n\t\t\t\t\t\t\t<\/div>\n\t\t\t<div class=\"col-md-4\">\n\t\t\t\t\t\t\t\t\t<div class=\"person-card__description mb-2 mb-md-0\">\n\t\t\t\t\t\t<p>Projektijuht, eksperimentaalpragmaatika teadur<br>\nT\u00dc eesti ja \u00fcldkeeleteaduse instituut<br>\nJakobi 2-446, Tartu<\/p>\n\n\t\t\t\t\t<\/div>\n\t\t\t\t\t\t\t<\/div>\n\t\t\t<div class=\"col-md-4\">\n\t\t\t\t\t\t\t\t\t<div class=\"person-card__info text-md-end\">\n\t\t\t\t\t\t\t\t\t\t\t\t\t\t\t\t\t\t\t\t\t\t\t\t\t<a href=\"mailto:maria.reile@ut.ee\" class=\"mb-0\">maria.reile@ut.ee<\/a>\n\t\t\t\t\t\t\t\t\t\t\t<\/div>\n\t\t\t\t\t\t\t<\/div>\n\t\t<\/div>\n\t<\/div>\n","protected":false},"excerpt":{"rendered":"<p>Kui soovid projekti kohta l\u00e4hemalt teada, sind huvitavad projekti k\u00e4igus saadud tulemused v\u00f5i sooviksid projektiga haakuval teemal teha koost\u00f6\u00f6d v\u00f5i l\u00f5put\u00f6\u00f6d, siis v\u00f5ta \u00fchendust projektijuhiga.<\/p>\n","protected":false},"author":448,"featured_media":0,"parent":0,"menu_order":0,"comment_status":"closed","ping_status":"closed","template":"","meta":{"_acf_changed":false,"inline_featured_image":false,"footnotes":""},"class_list":["post-146","page","type-page","status-publish","hentry"],"acf":[],"_links":{"self":[{"href":"https:\/\/sisu.ut.ee\/pisitekstid\/wp-json\/wp\/v2\/pages\/146","targetHints":{"allow":["GET"]}}],"collection":[{"href":"https:\/\/sisu.ut.ee\/pisitekstid\/wp-json\/wp\/v2\/pages"}],"about":[{"href":"https:\/\/sisu.ut.ee\/pisitekstid\/wp-json\/wp\/v2\/types\/page"}],"author":[{"embeddable":true,"href":"https:\/\/sisu.ut.ee\/pisitekstid\/wp-json\/wp\/v2\/users\/448"}],"replies":[{"embeddable":true,"href":"https:\/\/sisu.ut.ee\/pisitekstid\/wp-json\/wp\/v2\/comments?post=146"}],"version-history":[{"count":4,"href":"https:\/\/sisu.ut.ee\/pisitekstid\/wp-json\/wp\/v2\/pages\/146\/revisions"}],"predecessor-version":[{"id":175,"href":"https:\/\/sisu.ut.ee\/pisitekstid\/wp-json\/wp\/v2\/pages\/146\/revisions\/175"}],"wp:attachment":[{"href":"https:\/\/sisu.ut.ee\/pisitekstid\/wp-json\/wp\/v2\/media?parent=146"}],"curies":[{"name":"wp","href":"https:\/\/api.w.org\/{rel}","templated":true}]}}