{"id":13,"date":"2024-06-12T14:48:49","date_gmt":"2024-06-12T11:48:49","guid":{"rendered":"https:\/\/sisu.ut.ee\/pisitekstid\/?page_id=13"},"modified":"2026-03-18T12:54:51","modified_gmt":"2026-03-18T10:54:51","slug":"inimesed","status":"publish","type":"page","link":"https:\/\/sisu.ut.ee\/pisitekstid\/inimesed\/","title":{"rendered":"Inimesed"},"content":{"rendered":"<hr class=\"wp-block-separator has-alpha-channel-opacity\">\n\n\n\n<div class=\"wp-block-media-text is-stacked-on-mobile is-image-fill-element\" style=\"grid-template-columns:24% auto\"><figure class=\"wp-block-media-text__media\"><img loading=\"lazy\" decoding=\"async\" width=\"792\" height=\"1024\" src=\"https:\/\/sisu.ut.ee\/wp-content\/uploads\/sites\/704\/Maria2-1-792x1024.png\" alt=\"Portreepilt Maria Reilest, halliseguste pikkade tumedate juustega noor naisterahvas, seljas pruun nahktagi ja kaelas kirju sall.\" class=\"wp-image-65 size-full\" style=\"object-position:47% 36%\" srcset=\"https:\/\/sisu.ut.ee\/wp-content\/uploads\/sites\/704\/Maria2-1-792x1024.png 792w, https:\/\/sisu.ut.ee\/wp-content\/uploads\/sites\/704\/Maria2-1-232x300.png 232w, https:\/\/sisu.ut.ee\/wp-content\/uploads\/sites\/704\/Maria2-1-768x993.png 768w, https:\/\/sisu.ut.ee\/wp-content\/uploads\/sites\/704\/Maria2-1-1188x1536.png 1188w, https:\/\/sisu.ut.ee\/wp-content\/uploads\/sites\/704\/Maria2-1.png 1252w\" sizes=\"auto, (max-width: 792px) 100vw, 792px\"><\/figure><div class=\"wp-block-media-text__content\">\n<h2 class=\"wp-block-heading has-large-font-size\">Maria Reile<\/h2>\n\n\n\n<p class=\"has-regular-font-size\">Maria on projektijuht ja Tartu \u00dclikooli eksperimentaalpragmaatika teadur. Oma uurimist\u00f6\u00f6s huvitab teda eelk\u00f5ige, kuidas s\u00f5nade t\u00e4hendused on seotud k\u00f5neleja tajudega ning kuidas keel kasutuses toimib. Ta kaitses oma doktorit\u00f6\u00f6 Tartu \u00dclikoolis 2019. aastal, kus uuris eesti keele n\u00e4itavate ases\u00f5nade (nt <em>see <\/em>ja <em>too<\/em>) kasutust ruumis viitamisel ning nende s\u00f5nade seotust keele k\u00f5nelejate ruumitajuga. <\/p>\n\n\n\n<p class=\"has-regular-font-size\">Praeguseks on Maria uurimishuvid jaotunud kolmeks. Skaalas\u00f5nade (nt <em>m\u00f5ned <\/em>ja <em>sageli<\/em>) semantika ning t\u00f5lgenduse uurimine seotuna konteksti ja keele k\u00f5neleja sotsiaaldemograafilise taustaga (nt kui sageli on sageli, kui tegemist on alkoholi tarvitamisega v\u00f5rrelduna trenni tegemisega). N\u00e4itavate ases\u00f5nade kasutuse uurimine v\u00e4iksemas mahus Referentsiaalsete Praktikate t\u00f6\u00f6r\u00fchma koosseisus. Keelekasutuse uurimine digitaalsetes keskkondades, keskendudes teksti ja disaini koosk\u00f5lale t\u00e4henduse ja kasutajakogemuse loomisel \u2013 teema, millele k\u00e4esolev projekt keskendubki.<\/p>\n<\/div><\/div>\n\n\n\n<hr class=\"wp-block-separator has-alpha-channel-opacity\">\n\n\n\n<div class=\"wp-block-media-text is-stacked-on-mobile is-image-fill-element\" style=\"grid-template-columns:24% auto\"><figure class=\"wp-block-media-text__media\"><img loading=\"lazy\" decoding=\"async\" width=\"1024\" height=\"1005\" src=\"https:\/\/sisu.ut.ee\/wp-content\/uploads\/sites\/704\/Kristiina-1024x1005.png\" alt=\"\" class=\"wp-image-74 size-full\" style=\"object-position:48% 18%\" srcset=\"https:\/\/sisu.ut.ee\/wp-content\/uploads\/sites\/704\/Kristiina-1024x1005.png 1024w, https:\/\/sisu.ut.ee\/wp-content\/uploads\/sites\/704\/Kristiina-300x294.png 300w, https:\/\/sisu.ut.ee\/wp-content\/uploads\/sites\/704\/Kristiina-768x754.png 768w, https:\/\/sisu.ut.ee\/wp-content\/uploads\/sites\/704\/Kristiina-1536x1508.png 1536w, https:\/\/sisu.ut.ee\/wp-content\/uploads\/sites\/704\/Kristiina-2048x2010.png 2048w, https:\/\/sisu.ut.ee\/wp-content\/uploads\/sites\/704\/Kristiina-1920x1885.png 1920w\" sizes=\"auto, (max-width: 1024px) 100vw, 1024px\"><\/figure><div class=\"wp-block-media-text__content\">\n<h2 class=\"wp-block-heading has-large-font-size\">Kristiina Vaik<\/h2>\n\n\n\n<p class=\"has-regular-font-size\">Kristiina on Tartu \u00dclikooli nooremteadur,\u00a0kelle peamised huvid h\u00f5lmavad arvutuslike meetodite rakendamist keelekorpuste anal\u00fc\u00fcsimisel ning praktiliste oskuste edasiandmist tudengitele. 2024. aastal kaitses Kristiina doktorikraadi Tartu \u00dclikoolis, uurides erinevaid veebist kogutud keelekorpuste liigitamise aluseid. Oma doktorit\u00f6\u00f6s pakkus ta v\u00e4lja alternatiivse teoreetilise raamistiku veebitekstide automaatseks kategoriseerimiseks. <\/p>\n\n\n\n<p class=\"has-regular-font-size\">Lisaks uurimist\u00f6\u00f6le Tartu \u00dclikoolis on Kristiina t\u00f6\u00f6tanud eraettev\u00f5ttes TEXTA andmeteadlasena, osalenud mitmetes keeletehnoloogia projektides ning \u00f5petanud alustavaid arvutilingvistika tudengeid. Talle pakub huvi loomuliku keele automaatne t\u00f6\u00f6tlus, sealhulgas morfoloogia, s\u00fcntaks ja semantika, samuti statistiline andmeanal\u00fc\u00fcs ning struktureerimata tekstide automaatne klassifitseerimine. Kristiinat t\u00f5i pisitekstide projekti juurde soov rakendada oma teadmisi seni eesti keeles v\u00e4heuuritud valdkonnas. Kristiina roll projektis on toetada korpuse loomist ja viia l\u00e4bi korpusandmete anal\u00fc\u00fcsi.<\/p>\n<\/div><\/div>\n\n\n\n<hr class=\"wp-block-separator has-alpha-channel-opacity\">\n\n\n\n<div class=\"wp-block-media-text is-stacked-on-mobile is-image-fill-element\" style=\"grid-template-columns:24% auto\"><figure class=\"wp-block-media-text__media\"><img loading=\"lazy\" decoding=\"async\" width=\"683\" height=\"1024\" src=\"https:\/\/sisu.ut.ee\/wp-content\/uploads\/sites\/704\/Katri-Selg_TWN-1-683x1024.png\" alt=\"\" class=\"wp-image-93 size-full\" style=\"object-position:57% 12%\" srcset=\"https:\/\/sisu.ut.ee\/wp-content\/uploads\/sites\/704\/Katri-Selg_TWN-1-683x1024.png 683w, https:\/\/sisu.ut.ee\/wp-content\/uploads\/sites\/704\/Katri-Selg_TWN-1-200x300.png 200w, https:\/\/sisu.ut.ee\/wp-content\/uploads\/sites\/704\/Katri-Selg_TWN-1-768x1152.png 768w, https:\/\/sisu.ut.ee\/wp-content\/uploads\/sites\/704\/Katri-Selg_TWN-1-1024x1536.png 1024w, https:\/\/sisu.ut.ee\/wp-content\/uploads\/sites\/704\/Katri-Selg_TWN-1-1366x2048.png 1366w, https:\/\/sisu.ut.ee\/wp-content\/uploads\/sites\/704\/Katri-Selg_TWN-1-1920x2880.png 1920w\" sizes=\"auto, (max-width: 683px) 100vw, 683px\"><\/figure><div class=\"wp-block-media-text__content\">\n<h2 class=\"wp-block-heading has-large-font-size\">Katri Selg<\/h2>\n\n\n\n<p class=\"has-regular-font-size\">Katri on teenusedisaini ja kasutajakogemuse disainer ettev\u00f5ttes Trinidad Wiseman. Tal on selles valdkonnas 10-aastane t\u00f6\u00f6kogemus ning omab Tartu \u00dclikooli magistrikraadi teenuste disain ja juhtimise erialal. Katri on kogenud kasutajauuringute ja t\u00f6\u00f6tubade l\u00e4biviija ning tema igap\u00e4evaste t\u00f6\u00f6\u00fclesannete hulka kuuluvad kasutajaintervjuude ja vaatluste l\u00e4biviimine, protot\u00fc\u00fcpide loomine, kasutatavuse testimine ning uute lahenduste elluviimine. <\/p>\n\n\n\n<p class=\"has-regular-font-size\">Pisitekstide projekti t\u00f5i Katrit isiklik huvi teksti ja disaini koostoimimise vastu, sest t\u00f6\u00f6kogemuse p\u00f5hjal oli selge, et see on kasutajakogemusega v\u00e4ga tihedalt seotud. Teda on alati huvitanud k\u00fcsimus, kuidas peaks s\u00fcsteemi vaatest kasutajaga \u201er\u00e4\u00e4kima\u201c, et see oleks ka kasutajale lihtsasti m\u00f5istetav. Milliseid s\u00f5nu milliste funktsionaalsuste korral eelistada ja kuidas tekste s\u00f5nastada?<\/p>\n<\/div><\/div>\n\n\n\n<hr class=\"wp-block-separator has-alpha-channel-opacity\">\n\n\n\n<div class=\"wp-block-media-text is-stacked-on-mobile is-image-fill-element\" style=\"grid-template-columns:24% auto\"><figure class=\"wp-block-media-text__media\"><img loading=\"lazy\" decoding=\"async\" width=\"990\" height=\"1024\" src=\"https:\/\/sisu.ut.ee\/wp-content\/uploads\/sites\/704\/1000030350-1-990x1024.jpg\" alt=\"\" class=\"wp-image-94 size-full\" style=\"object-position:50% 50%\" srcset=\"https:\/\/sisu.ut.ee\/wp-content\/uploads\/sites\/704\/1000030350-1-990x1024.jpg 990w, https:\/\/sisu.ut.ee\/wp-content\/uploads\/sites\/704\/1000030350-1-290x300.jpg 290w, https:\/\/sisu.ut.ee\/wp-content\/uploads\/sites\/704\/1000030350-1-768x795.jpg 768w, https:\/\/sisu.ut.ee\/wp-content\/uploads\/sites\/704\/1000030350-1-1484x1536.jpg 1484w, https:\/\/sisu.ut.ee\/wp-content\/uploads\/sites\/704\/1000030350-1-1979x2048.jpg 1979w, https:\/\/sisu.ut.ee\/wp-content\/uploads\/sites\/704\/1000030350-1-1920x1987.jpg 1920w\" sizes=\"auto, (max-width: 990px) 100vw, 990px\"><\/figure><div class=\"wp-block-media-text__content\">\n<h2 class=\"wp-block-heading has-large-font-size\">Anu Kadri Uustalu<\/h2>\n\n\n\n<p class=\"has-regular-font-size\">Anu Kadri on Tartu \u00dclikooli keeleteaduse eriala magistri\u00f5ppe l\u00f5petanu. Teda huvitavad keeleteaduses mitmed valdkonnad, ent eriti semantika ja muud inimesel\u00e4hedased teemad. Olles varem \u00f5ppinud kunsti ja disaini on see projekt talle p\u00f5nevaks v\u00f5imaluseks kaks huviala, keel ja disain, omavahel \u00fchendada. Ka tema jaanuaris 2026 kaitstud magistrit\u00f6\u00f6 on just pisitekstide teemaline, uurides k\u00fcpsiseteavituste s\u00f5nastust ja disaini kasutaja vaatest.<\/p>\n\n\n\n<p class=\"has-regular-font-size\">Praeguseks on Anu Kadri osalus pisitekstide projektis l\u00f5ppenud. Projektis oli tema \u00fclesandeks andmete kogumine ja m\u00e4rgendamine ning aruteludes osalemine.<\/p>\n<\/div><\/div>\n\n\n\n<hr class=\"wp-block-separator has-alpha-channel-opacity\">\n\n\n\n<div class=\"wp-block-media-text is-stacked-on-mobile is-image-fill-element\" style=\"grid-template-columns:24% auto\"><figure class=\"wp-block-media-text__media\"><img loading=\"lazy\" decoding=\"async\" width=\"683\" height=\"1024\" src=\"https:\/\/sisu.ut.ee\/wp-content\/uploads\/sites\/704\/DSC_9036-1-683x1024.jpg\" alt=\"\" class=\"wp-image-95 size-full\" style=\"object-position:48% 10%\" srcset=\"https:\/\/sisu.ut.ee\/wp-content\/uploads\/sites\/704\/DSC_9036-1-683x1024.jpg 683w, https:\/\/sisu.ut.ee\/wp-content\/uploads\/sites\/704\/DSC_9036-1-200x300.jpg 200w, https:\/\/sisu.ut.ee\/wp-content\/uploads\/sites\/704\/DSC_9036-1-768x1152.jpg 768w, https:\/\/sisu.ut.ee\/wp-content\/uploads\/sites\/704\/DSC_9036-1-1024x1536.jpg 1024w, https:\/\/sisu.ut.ee\/wp-content\/uploads\/sites\/704\/DSC_9036-1.jpg 1365w\" sizes=\"auto, (max-width: 683px) 100vw, 683px\"><\/figure><div class=\"wp-block-media-text__content\">\n<h2 class=\"wp-block-heading has-large-font-size\">Meelika Tiilen<\/h2>\n\n\n\n<p class=\"has-regular-font-size\">Meelika on eraettev\u00f5tja, kelle p\u00f5hit\u00f6\u00f6 on eesti keele \u00f5petamine t\u00e4iskasvanutele. Lisaks \u00f5pib Meelika Tartu \u00dclikooli \u00f5petajakoolitusel magistrantuuris ning tal on bakalaureusekraad eesti keele erialal.<\/p>\n\n\n\n<p class=\"has-regular-font-size\">Meelikale on olnud l\u00e4bi aastate v\u00e4ga huvitav j\u00e4lgida, kuidas internetikeel on ajas kiiresti loomuliku k\u00f5ne sarnaseks muutumas. Just seet\u00f5ttu on tema magistrit\u00f6\u00f6 seotud viisakuse uurimisega pisitekstides, t\u00e4psemalt eesti ja vene dominantkeelega k\u00f5nelejate viisakustaju erinevuste ja\/v\u00f5i sarnasustega eestikeelsete pisitekstide vastuv\u00f5tus.<\/p>\n\n\n\n<p class=\"has-regular-font-size\">Hetkel on Meelika projektist eemal. Projekti esimesel aastal (2024 jaanuar kuni 2024 november) oli tema \u00fclesandeks andmete kogumine ja m\u00e4rgendamine ning aruteludes osalemine.<\/p>\n<\/div><\/div>\n\n\n\n<hr class=\"wp-block-separator has-alpha-channel-opacity\">\n\n\n\n<div class=\"wp-block-media-text is-stacked-on-mobile is-image-fill-element\" style=\"grid-template-columns:24% auto\"><figure class=\"wp-block-media-text__media\"><img loading=\"lazy\" decoding=\"async\" width=\"1024\" height=\"778\" src=\"https:\/\/sisu.ut.ee\/wp-content\/uploads\/sites\/704\/IMG_3598-1024x778.jpeg\" alt=\"\" class=\"wp-image-179 size-full\" style=\"object-position:56% 38%\" srcset=\"https:\/\/sisu.ut.ee\/wp-content\/uploads\/sites\/704\/IMG_3598-1024x778.jpeg 1024w, https:\/\/sisu.ut.ee\/wp-content\/uploads\/sites\/704\/IMG_3598-300x228.jpeg 300w, https:\/\/sisu.ut.ee\/wp-content\/uploads\/sites\/704\/IMG_3598-768x583.jpeg 768w, https:\/\/sisu.ut.ee\/wp-content\/uploads\/sites\/704\/IMG_3598.jpeg 1421w\" sizes=\"auto, (max-width: 1024px) 100vw, 1024px\"><\/figure><div class=\"wp-block-media-text__content\">\n<h2 class=\"wp-block-heading has-large-font-size\">Anastasia \u0160epilenko<\/h2>\n\n\n\n<p>Anastasia on Tartu \u00dclikooli keeleteaduse eriala eriala l\u00f5petanud, kelle uurimishuviks on eesk\u00e4tt skaalas\u00f5nade semantika. Tal on eelnevalt bakalaureusekraad saksa keele erialal. Pisitekstide projekti juurde t\u00f5i Anastasiat soov saada kogemusi keeleteaduse eri valdkondades, osaledes mitmetes keeleteaduslikes projektides.<\/p>\n\n\n\n<p>Praeguseks on Anastasia osalus pisitekstide projektis l\u00f5ppenud. Projektis oli Anastasia \u00fclesandeks andmete kogumine ja m\u00e4rgendamine ning aruteludes osalemine.<\/p>\n<\/div><\/div>\n\n\n\n<hr class=\"wp-block-separator has-alpha-channel-opacity\">\n\n\n\n<h2 class=\"wp-block-heading has-extra-large-font-size\">Mentorid ja konsultandid<\/h2>\n\n\n\n<p>Lisaks uurimisr\u00fchma liikmetele aitavad n\u00f5u ja j\u00f5uga projekti \u00f5nnestumisele kaasa ka mentorid ja konsultandid.<\/p>\n\n\n\n<ul class=\"wp-block-list\">\n<li>Renate Pajusalu, \u00fcldkeeleteaduse professor, eesti ja \u00fcdlkeeleteaduse instituut, Tartu \u00dclikool<\/li>\n\n\n\n<li>Piia Taremaa, \u00fcldkeeleteaduse teadur, eesti ja \u00fcldkeeleteaduse instutuut, Tartu \u00dclikool<\/li>\n<\/ul>\n\n\n\n<p><\/p>\n","protected":false},"excerpt":{"rendered":"<p>Maria Reile Maria on projektijuht ja Tartu \u00dclikooli eksperimentaalpragmaatika teadur. Oma uurimist\u00f6\u00f6s huvitab teda eelk\u00f5ige, kuidas s\u00f5nade t\u00e4hendused on seotud k\u00f5neleja tajudega ning kuidas keel kasutuses toimib. Ta kaitses oma doktorit\u00f6\u00f6 Tartu \u00dclikoolis 2019. aastal, kus uuris eesti keele n\u00e4itavate &#8230;<\/p>\n","protected":false},"author":448,"featured_media":0,"parent":0,"menu_order":0,"comment_status":"closed","ping_status":"closed","template":"","meta":{"_acf_changed":false,"inline_featured_image":false,"footnotes":""},"class_list":["post-13","page","type-page","status-publish","hentry"],"acf":[],"_links":{"self":[{"href":"https:\/\/sisu.ut.ee\/pisitekstid\/wp-json\/wp\/v2\/pages\/13","targetHints":{"allow":["GET"]}}],"collection":[{"href":"https:\/\/sisu.ut.ee\/pisitekstid\/wp-json\/wp\/v2\/pages"}],"about":[{"href":"https:\/\/sisu.ut.ee\/pisitekstid\/wp-json\/wp\/v2\/types\/page"}],"author":[{"embeddable":true,"href":"https:\/\/sisu.ut.ee\/pisitekstid\/wp-json\/wp\/v2\/users\/448"}],"replies":[{"embeddable":true,"href":"https:\/\/sisu.ut.ee\/pisitekstid\/wp-json\/wp\/v2\/comments?post=13"}],"version-history":[{"count":26,"href":"https:\/\/sisu.ut.ee\/pisitekstid\/wp-json\/wp\/v2\/pages\/13\/revisions"}],"predecessor-version":[{"id":371,"href":"https:\/\/sisu.ut.ee\/pisitekstid\/wp-json\/wp\/v2\/pages\/13\/revisions\/371"}],"wp:attachment":[{"href":"https:\/\/sisu.ut.ee\/pisitekstid\/wp-json\/wp\/v2\/media?parent=13"}],"curies":[{"name":"wp","href":"https:\/\/api.w.org\/{rel}","templated":true}]}}