{"id":251,"date":"2024-06-12T14:58:21","date_gmt":"2024-06-12T11:58:21","guid":{"rendered":"https:\/\/sisu.ut.ee\/pisitekstid\/?page_id=251"},"modified":"2026-03-19T11:32:06","modified_gmt":"2026-03-19T09:32:06","slug":"publications","status":"publish","type":"page","link":"https:\/\/sisu.ut.ee\/pisitekstid\/en\/publications\/","title":{"rendered":"Publications"},"content":{"rendered":"<p>You will soon find references to various publications that have been published during the project and after the project has ended. The publications will include scientific papers, master theses, conference paper abstracts, and texts aimed at the general public. At the moment, the publications list is empty, as the first year of the project (01.01.2024\u201331.12.2024) has been dedicated in gathering, compiling and tagging the corpus data. We will begin analysing the data and publishing our first findings in the second year of the project (2025).<\/p>\n\n\n\n<hr class=\"wp-block-separator has-alpha-channel-opacity\">\n\n\n\n<h2 class=\"wp-block-heading\">Scientific papers and defended theses<\/h2>\n\n\n\n<p>Anu Kadri Uustalu. 2026.<em> <a href=\"https:\/\/hdl.handle.net\/10062\/118819\" data-type=\"link\" data-id=\"https:\/\/hdl.handle.net\/10062\/118819\" target=\"_blank\" rel=\"noreferrer noopener\">\u201c\u00c4rge pressige, jobud\u201d. Keeleliste ja visuaalsete vahendite kasutamine n\u00f5usoleku k\u00fcsimisel ja andmisel eesti avaliku ja erasektori veebilehtede k\u00fcpsiseteadetes<\/a><\/em> [Linguistic and visual tools used for asking and hiving consent in cookie notices on Estonian public and private sector websites]. University of Tartu, Institute of Estonian and General Linguistics. Master\u2019s thesis. <\/p>\n\n\n\n<hr class=\"wp-block-separator has-alpha-channel-opacity\">\n\n\n\n<h2 class=\"wp-block-heading\">Conference abstracts<\/h2>\n\n\n\n<p>Reile, Maria, Kristiina Vaik, Grace Eden, Anu Kadri Uustalu, Anastasia \u0160epilenko &amp; Katri Selg. 2025. <em><a href=\"https:\/\/drive.google.com\/file\/d\/1FQjEk84iZF8nXcV4FbjS9PZWfbdlZEOa\/view?usp=sharing\" data-type=\"link\" data-id=\"https:\/\/drive.google.com\/file\/d\/1FQjEk84iZF8nXcV4FbjS9PZWfbdlZEOa\/view?usp=sharing\" target=\"_blank\" rel=\"noreferrer noopener\">Creating Meaning in the User Interface: Combining Linguistic Devices with Design Elements<\/a><\/em>. Conference Abstract of <a href=\"https:\/\/events.tuni.fi\/skysymposium2025\/\" data-type=\"link\" data-id=\"https:\/\/events.tuni.fi\/skysymposium2025\/\" target=\"_blank\" rel=\"noreferrer noopener\">SKY Symposium<\/a> on 2-3 October 2025, Tampere, Finland.  <\/p>\n\n\n\n<hr class=\"wp-block-separator has-alpha-channel-opacity\">\n\n\n\n<h2 class=\"wp-block-heading\">For microcopy and linguistics enthusiasts<\/h2>\n\n\n\n<p><\/p>\n","protected":false},"excerpt":{"rendered":"<p>You will soon find references to various publications that have been published during the project and after the project has ended. The publications will include scientific papers, master theses, conference paper abstracts, and texts aimed at the general public. At &#8230;<\/p>\n","protected":false},"author":448,"featured_media":0,"parent":0,"menu_order":0,"comment_status":"closed","ping_status":"closed","template":"","meta":{"_acf_changed":false,"inline_featured_image":false,"footnotes":""},"class_list":["post-251","page","type-page","status-publish","hentry"],"acf":[],"_links":{"self":[{"href":"https:\/\/sisu.ut.ee\/pisitekstid\/en\/wp-json\/wp\/v2\/pages\/251","targetHints":{"allow":["GET"]}}],"collection":[{"href":"https:\/\/sisu.ut.ee\/pisitekstid\/en\/wp-json\/wp\/v2\/pages"}],"about":[{"href":"https:\/\/sisu.ut.ee\/pisitekstid\/en\/wp-json\/wp\/v2\/types\/page"}],"author":[{"embeddable":true,"href":"https:\/\/sisu.ut.ee\/pisitekstid\/en\/wp-json\/wp\/v2\/users\/448"}],"replies":[{"embeddable":true,"href":"https:\/\/sisu.ut.ee\/pisitekstid\/en\/wp-json\/wp\/v2\/comments?post=251"}],"version-history":[{"count":6,"href":"https:\/\/sisu.ut.ee\/pisitekstid\/en\/wp-json\/wp\/v2\/pages\/251\/revisions"}],"predecessor-version":[{"id":383,"href":"https:\/\/sisu.ut.ee\/pisitekstid\/en\/wp-json\/wp\/v2\/pages\/251\/revisions\/383"}],"wp:attachment":[{"href":"https:\/\/sisu.ut.ee\/pisitekstid\/en\/wp-json\/wp\/v2\/media?parent=251"}],"curies":[{"name":"wp","href":"https:\/\/api.w.org\/{rel}","templated":true}]}}