{"id":9,"date":"2024-04-04T06:24:28","date_gmt":"2024-04-04T03:24:28","guid":{"rendered":"https:\/\/sisu.ut.ee\/perseus1\/avaleht\/"},"modified":"2024-04-24T22:46:06","modified_gmt":"2024-04-24T19:46:06","slug":"avaleht","status":"publish","type":"page","link":"https:\/\/sisu.ut.ee\/perseus1\/","title":{"rendered":"Avaleht"},"content":{"rendered":"<p>Salve!<\/p>\n<p>Kui eelmine s\u00f5na j\u00e4i arusaamatuks, siis olete leidnud endale just sobiva \u00f5pivara \u2013 see nimelt tutvustab antiikkeelte ja -kirjanduse ning kultuuriga tegelejale v\u00e4ga olulisel veebilehel Perseus Digital Library asuvaid v\u00f5imalusi. Sinna on koondatud olulisemad vanakreeka ja ladinakeelsete autorite tekstid, sageli koos t\u00f5lgetega, vanakreeka ja ladina s\u00f5nastikud ning vormim\u00e4\u00e4rajad. Lisaks pakub Perseus Digital Library veebileht v\u00f5imaluse otsida erinevaid antiikajast p\u00e4rit objekte erinevate muuseumide kataloogidest ning suunab teid edasi muudelegi antiikkeeli ja -kultuure k\u00e4sitlevatele internetiallikatele.<\/p>\n<p>\u00d5piobjekt koosneb kolmest videoklipist, milles esimeses tutvustatakse veebilehe v\u00f5imalusi \u00fcldiselt, teises ladina keele s\u00f5nastike-vormim\u00e4\u00e4raja-tekstide kasutamist ning kolmas vanakreeka keele s\u00f5nastike-vormim\u00e4\u00e4raja-tekstide kasutamist. Igale videoklipile on lisatud v\u00e4iksed \u00fclesanded, milles saate videos k\u00e4sitletut ise l\u00e4bi proovida.<\/p>\n<p>\u00d5piobjektide videod ja \u00fclesanded l\u00e4binuna omate \u00fclevaadet Perseus Digital Library veebikeskkonna kasutusv\u00f5imalustest ja oskate kasutada keele\u00f5ppes vajalikke abivahendeid \u2013 s\u00f5nastikke ja vormim\u00e4\u00e4rajaid \u2013 ning oskate leida edasiseks uurimist\u00f6\u00f6ks vajalikke antiikautorite tekste ning nende t\u00f5lkeid.<\/p>\n<p>\u00a0<\/p>\n<p>K\u00e4esoleva \u00f5ppematerjali on loonud <strong>Kadri Novikov\u00a0<\/strong>Haridus-ja noorteameti IT-akadeemia toetusel arendusprojektis \u201cV\u00f5\u00f5rkeeltega seotud erialaste digip\u00e4devuste arendamine Tartu \u00dclikooli maailma keelte ja kultuuride kolled\u017eis.\u201d\u00a0<\/p>\n<p>\u00a0<\/p>\n<p>\u00a0<\/p>\n\n\n<div class=\"wp-block-columns is-layout-flex wp-container-core-columns-is-layout-9d6595d7 wp-block-columns-is-layout-flex\">\n<div class=\"wp-block-column is-layout-flow wp-block-column-is-layout-flow\">\n<figure class=\"wp-block-image size-full\"><img loading=\"lazy\" decoding=\"async\" width=\"1000\" height=\"292\" src=\"https:\/\/sisu.ut.ee\/wp-content\/uploads\/sites\/448\/it_akadeemia_logo_rgb.jpg\" alt=\"\" class=\"wp-image-12\" srcset=\"https:\/\/sisu.ut.ee\/wp-content\/uploads\/sites\/448\/it_akadeemia_logo_rgb.jpg 1000w, https:\/\/sisu.ut.ee\/wp-content\/uploads\/sites\/448\/it_akadeemia_logo_rgb-300x88.jpg 300w, https:\/\/sisu.ut.ee\/wp-content\/uploads\/sites\/448\/it_akadeemia_logo_rgb-768x224.jpg 768w\" sizes=\"auto, (max-width: 1000px) 100vw, 1000px\"><\/figure>\n<\/div>\n\n\n\n<div class=\"wp-block-column is-layout-flow wp-block-column-is-layout-flow\">\n<figure class=\"wp-block-image size-large\"><img loading=\"lazy\" decoding=\"async\" width=\"1024\" height=\"334\" src=\"https:\/\/sisu.ut.ee\/wp-content\/uploads\/sites\/448\/haridus-_ja_noorteamet_vapp_est_rgb-1024x334.jpg\" alt=\"\" class=\"wp-image-11\" srcset=\"https:\/\/sisu.ut.ee\/wp-content\/uploads\/sites\/448\/haridus-_ja_noorteamet_vapp_est_rgb-1024x334.jpg 1024w, https:\/\/sisu.ut.ee\/wp-content\/uploads\/sites\/448\/haridus-_ja_noorteamet_vapp_est_rgb-300x98.jpg 300w, https:\/\/sisu.ut.ee\/wp-content\/uploads\/sites\/448\/haridus-_ja_noorteamet_vapp_est_rgb-768x250.jpg 768w, https:\/\/sisu.ut.ee\/wp-content\/uploads\/sites\/448\/haridus-_ja_noorteamet_vapp_est_rgb-1536x501.jpg 1536w, https:\/\/sisu.ut.ee\/wp-content\/uploads\/sites\/448\/haridus-_ja_noorteamet_vapp_est_rgb.jpg 1883w\" sizes=\"auto, (max-width: 1024px) 100vw, 1024px\"><\/figure>\n<\/div>\n<\/div>\n","protected":false},"excerpt":{"rendered":"<p>Salve! Kui eelmine s\u00f5na j\u00e4i arusaamatuks, siis olete leidnud endale just sobiva \u00f5pivara \u2013 see nimelt tutvustab antiikkeelte ja -kirjanduse ning kultuuriga tegelejale v\u00e4ga olulisel veebilehel Perseus Digital Library asuvaid v\u00f5imalusi. Sinna on koondatud olulisemad vanakreeka ja ladinakeelsete autorite tekstid, &#8230;<\/p>\n","protected":false},"author":233,"featured_media":0,"parent":0,"menu_order":0,"comment_status":"closed","ping_status":"closed","template":"","meta":{"_acf_changed":false,"inline_featured_image":false,"footnotes":""},"class_list":["post-9","page","type-page","status-publish","hentry"],"acf":[],"_links":{"self":[{"href":"https:\/\/sisu.ut.ee\/perseus1\/wp-json\/wp\/v2\/pages\/9","targetHints":{"allow":["GET"]}}],"collection":[{"href":"https:\/\/sisu.ut.ee\/perseus1\/wp-json\/wp\/v2\/pages"}],"about":[{"href":"https:\/\/sisu.ut.ee\/perseus1\/wp-json\/wp\/v2\/types\/page"}],"author":[{"embeddable":true,"href":"https:\/\/sisu.ut.ee\/perseus1\/wp-json\/wp\/v2\/users\/233"}],"replies":[{"embeddable":true,"href":"https:\/\/sisu.ut.ee\/perseus1\/wp-json\/wp\/v2\/comments?post=9"}],"version-history":[{"count":5,"href":"https:\/\/sisu.ut.ee\/perseus1\/wp-json\/wp\/v2\/pages\/9\/revisions"}],"predecessor-version":[{"id":42,"href":"https:\/\/sisu.ut.ee\/perseus1\/wp-json\/wp\/v2\/pages\/9\/revisions\/42"}],"wp:attachment":[{"href":"https:\/\/sisu.ut.ee\/perseus1\/wp-json\/wp\/v2\/media?parent=9"}],"curies":[{"name":"wp","href":"https:\/\/api.w.org\/{rel}","templated":true}]}}