{"id":8,"date":"2024-04-04T06:24:28","date_gmt":"2024-04-04T03:24:28","guid":{"rendered":"https:\/\/sisu.ut.ee\/perseus1\/kasulikke-napunaiteid\/"},"modified":"2024-04-24T22:52:02","modified_gmt":"2024-04-24T19:52:02","slug":"kasulikke-napunaiteid","status":"publish","type":"page","link":"https:\/\/sisu.ut.ee\/perseus1\/kasulikke-napunaiteid\/","title":{"rendered":"Kasulikke n\u00e4pun\u00e4iteid"},"content":{"rendered":"<p>Nagu ikka, juhtub aeg-ajalt ka Perseus Digital Library lehel \u00fcht-teist arusaamatut. Siia on koondatud m\u00f5ned n\u00e4pun\u00e4ited, mida \u00fchel v\u00f5i teisel puhul teha.<\/p>\n<ol>\n<li>Nii m\u00f5nigi kord juhtub, et Perseus Digital Library veebileht v\u00f5i m\u00f5ni osa sellest lihtsalt ei t\u00f6\u00f6ta (veebileht l\u00f6\u00f6b ette m\u00e4rke \u201cerror\u201d). Sel juhul tuleks proovida\u00a0 kas veebilehte uuendada, valida teine s\u00f5nastik (nt. kesktaseme asemel suur s\u00f5nastik) v\u00f5i siseneda s\u00fcsteemi teisest kohast (nt. s\u00f5nastikku vormim\u00e4\u00e4raja kaudu). M\u00f5nel puhul aga ei aita muu, kui tuleb pisut oodata. M\u00f5ne aja p\u00e4rast t\u00f6\u00f6tab j\u00e4lle.<\/li>\n<li>Aeg-ajalt ei n\u00e4ita veebileht originaalteksti k\u00f5rval t\u00f5lke v\u00f5i kommentaaride olemasolu. M\u00f5ne teksti juures t\u00f5epoolest t\u00f5lget ei olegi (seda saab kontrollida Greek &amp; Roman Materials alajaotsel kl\u00f5psates autorite nimede juures olevate tekstide loetelust \u2013 seal on v\u00e4lja toodud k\u00f5ik nii origiaalkeelsed kui t\u00f5lkev\u00e4ljaanded, mis lehel olemas). Lihtsam viis on aga liikuda noolega nt \u00fcks lehek\u00fclg\/peat\u00fckk edasi ja kui siis t\u00f5lge ja kommentaarid teksti k\u00f5rvale ilmuvad, saab noolega taas vajaliku tekstikoha juurde tagasi liikuda ja n\u00e4ha sealgi t\u00f5lget ning kommentaare.<\/li>\n<\/ol>\n","protected":false},"excerpt":{"rendered":"<p>Nagu ikka, juhtub aeg-ajalt ka Perseus Digital Library lehel \u00fcht-teist arusaamatut. Siia on koondatud m\u00f5ned n\u00e4pun\u00e4ited, mida \u00fchel v\u00f5i teisel puhul teha. Nii m\u00f5nigi kord juhtub, et Perseus Digital Library veebileht v\u00f5i m\u00f5ni osa sellest lihtsalt ei t\u00f6\u00f6ta (veebileht l\u00f6\u00f6b &#8230;<\/p>\n","protected":false},"author":233,"featured_media":0,"parent":0,"menu_order":0,"comment_status":"closed","ping_status":"closed","template":"","meta":{"_acf_changed":false,"inline_featured_image":false,"footnotes":""},"class_list":["post-8","page","type-page","status-publish","hentry"],"acf":[],"_links":{"self":[{"href":"https:\/\/sisu.ut.ee\/perseus1\/wp-json\/wp\/v2\/pages\/8","targetHints":{"allow":["GET"]}}],"collection":[{"href":"https:\/\/sisu.ut.ee\/perseus1\/wp-json\/wp\/v2\/pages"}],"about":[{"href":"https:\/\/sisu.ut.ee\/perseus1\/wp-json\/wp\/v2\/types\/page"}],"author":[{"embeddable":true,"href":"https:\/\/sisu.ut.ee\/perseus1\/wp-json\/wp\/v2\/users\/233"}],"replies":[{"embeddable":true,"href":"https:\/\/sisu.ut.ee\/perseus1\/wp-json\/wp\/v2\/comments?post=8"}],"version-history":[{"count":2,"href":"https:\/\/sisu.ut.ee\/perseus1\/wp-json\/wp\/v2\/pages\/8\/revisions"}],"predecessor-version":[{"id":46,"href":"https:\/\/sisu.ut.ee\/perseus1\/wp-json\/wp\/v2\/pages\/8\/revisions\/46"}],"wp:attachment":[{"href":"https:\/\/sisu.ut.ee\/perseus1\/wp-json\/wp\/v2\/media?parent=8"}],"curies":[{"name":"wp","href":"https:\/\/api.w.org\/{rel}","templated":true}]}}