{"id":6,"date":"2024-04-04T06:24:28","date_gmt":"2024-04-04T03:24:28","guid":{"rendered":"https:\/\/sisu.ut.ee\/perseus1\/vanakreeka-keel\/"},"modified":"2024-04-24T22:51:11","modified_gmt":"2024-04-24T19:51:11","slug":"vanakreeka-keel","status":"publish","type":"page","link":"https:\/\/sisu.ut.ee\/perseus1\/vanakreeka-keel\/","title":{"rendered":"Vanakreeka keel"},"content":{"rendered":"<p>Suur Liddel-Scott-Jones vanakreeka-inglise s\u00f5nastik asub\u00a0<a title=\"\" href=\"http:\/\/www.perseus.tufts.edu\/hopper\/text?doc=Perseus%3atext%3a1999.04.0057\" target=\"_blank\" rel=\"noopener\" data-url=\"http:\/\/www.perseus.tufts.edu\/hopper\/text?doc=Perseus%3atext%3a1999.04.0057\">siin<\/a>, kesktaseme Liddel-Scott vanakreeka-inglise s\u00f5nastik aga\u00a0<a title=\"\" href=\"http:\/\/www.perseus.tufts.edu\/hopper\/text?doc=Perseus%3atext%3a1999.04.0058\" target=\"_blank\" rel=\"noopener\" data-url=\"http:\/\/www.perseus.tufts.edu\/hopper\/text?doc=Perseus%3atext%3a1999.04.0058\">siin<\/a>. Vanakreeka vormim\u00e4\u00e4raja leiate\u00a0<a title=\"\" href=\"https:\/\/www.perseus.tufts.edu\/hopper\/morph?\" target=\"_blank\" rel=\"noopener\" data-url=\"https:\/\/www.perseus.tufts.edu\/hopper\/morph?\">siit<\/a>.<\/p>\n<p>Kesktaseme s\u00f5nastik annab s\u00f5nadele p\u00f5hilised t\u00e4hendused, viitab autoritele, kes seda s\u00f5na on kasutanud, ent ei anna konkreetseid tekstikohti. Suur s\u00f5nastik annab t\u00e4hendused p\u00f5hjalikumalt (nii otsesed t\u00e4hendused (l\u00fchend Lit.) kui ka kaudsed (Transf.)), koos n\u00e4idetega, lisaks ka viidetega konkreetsetele autoritele-teostele. Erinevalt ladina s\u00f5nastikest tuleb\/saab vanakreeka s\u00f5nastikes vaadata tegus\u00f5nade juures ka keerulisemaid v\u00f5i ebareeglip\u00e4rasemaid verbivorme, kontrollida, millised on erinevates s\u00f5navormides toimuvad h\u00e4\u00e4likumuutused.<\/p>\n<p>Sisestades s\u00f5na vanakreeka keele vormim\u00e4\u00e4rajasse saate olenevalt s\u00f5nast ja s\u00f5navormist \u00fche v\u00f5i mitu vastust. Viimasel juhul tuleb paraku ise osata otsustada, kas otsitav s\u00f5na tekstis on 1)\u00a0k\u00e4\u00e4nd- v\u00f5i p\u00f6\u00f6rds\u00f5na v\u00f5i hoopis k\u00e4\u00e4ndumatu s\u00f5na; 2) mitme sarnase tulemuse puhul, milline t\u00e4hendus konteksti paremini sobib. Vormim\u00e4\u00e4rajast saate kohe edasi liikuda ka s\u00f5nastikusissekannete juurde, et viimast kontrollida.<\/p>\n<p>Nagu mainitud Perseus Digital Libraryt sissejuhatavas videos, on v\u00f5imalik ka otse autoritekstide sees kl\u00f5psata m\u00f5nele s\u00f5nale, misj\u00e4rel avaneb automaatselt vormim\u00e4\u00e4raja ning v\u00f5imalus vaadata s\u00f5nastikusissekannet.<\/p>\n<p>P\u00f5hjalikumat tutvustust s\u00f5nastike ja vormim\u00e4\u00e4raja kasutamisest ning autoritekstide kaudu nendeni j\u00f5udmisest vaata siit:\u00a0<span class=\"file media-element file-os-files-link-icon\" data-file_info=\"%7B%22fid%22:%2264136%22,%22view_mode%22:%22os_files_link_icon%22,%22type%22:%22media%22%7D\"><img decoding=\"async\" class=\"file-icon\" src=\"\/profiles\/openscholar\/modules\/os\/modules\/os_files\/icons\/video-x-generic.svg\" alt=\"\"> <a href=\"https:\/\/sisu.ut.ee\/wp-content\/uploads\/sites\/448\/vanakreeka_sonastikud-vormimaaraja.mp4\">Vanakreeka s\u00f5nastike ja vormim\u00e4\u00e4raja kasutamine<\/a>.<\/span><\/p>\n<p><strong>Juhendiga \u00fclesanne:<\/strong><\/p>\n<p><em>Leidke\u00a0Perseus Digital Library v\u00f5imalusi kasutades s\u00f5na\u00a0<\/em><em>\u03ba\u03c1\u1f7b\u03c0\u03c4\u03b5\u03b9\u03c2 <\/em>vorm ja t\u00e4hendus.<\/p>\n<ol>\n<li>Avage \u00f5piobjekti avalehel toodid lingi kaudu v\u00f5i Google\u2019i otsingut kasutades Greek Word Study Tool;<\/li>\n<li>tr\u00fckkige sisse s\u00f5na <em style=\"font-size: revert; font-weight: var(--bs-body-font-weight); text-align: var(--bs-body-text-align);\">\u03ba\u03c1\u1f7b\u03c0\u03c4\u03b5\u03b9\u03c2 <\/em><span style=\"font-size: revert; font-weight: var(--bs-body-font-weight); text-align: var(--bs-body-text-align);\">(kasutades ladina t\u00e4hestikus klahve<\/span><i style=\"font-size: revert; font-weight: var(--bs-body-font-weight); text-align: var(--bs-body-text-align);\">\u00a0krypteis<\/i><span style=\"font-size: revert; font-weight: var(--bs-body-font-weight); text-align: var(--bs-body-text-align);\">, r\u00f5hud-h\u00f5ngused v\u00f5ib j\u00e4tta m\u00e4rkimata);<\/span><\/li>\n<li>vormiotsingust n\u00e4ete, et see on verbi\u00a0<em style=\"font-size: revert; font-weight: var(--bs-body-font-weight); text-align: var(--bs-body-text-align);\">\u03ba\u03c1\u1f7b\u03c0\u03c4\u03c9\u00a0<\/em><span style=\"font-size: revert; font-weight: var(--bs-body-font-weight); text-align: var(--bs-body-text-align);\">oleviku indikatiivi aktiivi sg. 2 p\u00f6\u00f6re;<\/span><\/li>\n<li>kl\u00f5psake vastavalt vajadusele kas LSJ, Middell Liddell v\u00f5i muul s\u00f5nastikul t\u00e4henduse leidmiseks;<\/li>\n<li>leiate t\u00e4henduseks<i style=\"font-size: revert; font-weight: var(--bs-body-font-weight); text-align: var(--bs-body-text-align);\">\u00a0peitma, katma, varjama<\/i><span style=\"font-size: revert; font-weight: var(--bs-body-font-weight); text-align: var(--bs-body-text-align);\">, seega s\u00f5na\u00a0<\/span><em style=\"font-size: revert; font-weight: var(--bs-body-font-weight); text-align: var(--bs-body-text-align);\">\u03ba\u03c1\u1f7b\u03c0\u03c4\u03b5\u03b9\u03c2 <\/em><span style=\"font-size: revert; font-weight: var(--bs-body-font-weight); text-align: var(--bs-body-text-align);\">t\u00e4hendab<\/span><i style=\"font-size: revert; font-weight: var(--bs-body-font-weight); text-align: var(--bs-body-text-align);\">\u00a0 sa peidad, varjad, katad.<\/i><\/li>\n<\/ol>\n<p><em><strong>Juhendita \u00fclesanne:<\/strong><\/em><\/p>\n<p><em>Leidke Perseus Digital Library v\u00f5imalusi kasutades s\u00f5na \u1f00\u03c0\u03bf\u03ba\u03c1\u1f77\u03bd\u03b5\u03c3\u03b8\u03b1\u03b9 <\/em>vorm ja t\u00e4hendus.<\/p>\n<p><\/p><div class=\"accordion mb-3\">\n        <div class=\"accordion-item accordion-item--white\">\n        <h2 class=\"accordion-header\" id=\"accordion-69db9ccc0c7df-heading\">\n            <button class=\"accordion-button collapsed\" type=\"button\" data-bs-toggle=\"collapse\" data-bs-target=\"#accordion-69db9ccc0c7df-collapse\" aria-expanded=\"true\" aria-controls=\"accordion-69db9ccc0c7df-collapse\">Vastus:<\/button>\n        <\/h2>\n        <div id=\"accordion-69db9ccc0c7df-collapse\" class=\"accordion-collapse collapse\" aria-labelledby=\"accordion-69db9ccc0c7df-heading\">\n            <div class=\"accordion-body\">\n<ol>\n<li>Avage \u00f5piobjekti avalehel toodid lingi kaudu v\u00f5i Google\u2019i otsingut kasutades Greek Word Study Tool;<\/li>\n<li>tr\u00fckkige sisse s\u00f5na \u1f00\u03c0\u03bf\u03ba\u03c1\u1f77\u03bd\u03b5\u03c3\u03b8\u03b1\u03b9 (kasutades ladina t\u00e4hestikus klahve apokrinesqai, r\u00f5hud-h\u00f5ngused v\u00f5ib j\u00e4tta m\u00e4rkimata);<\/li>\n<li>vormiotsingust n\u00e4ete, et see on verbi \u1f00\u03c0\u03bf\u03ba\u03c1\u1f77\u03bd\u03c9 oleviku medio-passiivi infinitiiv;<\/li>\n<li>kl\u00f5psake vastavalt vajadusele kas LSJ, Middell Liddell v\u00f5i muul s\u00f5nastikul t\u00e4henduse leidmiseks;<\/li>\n<li>leiate, et sel verbil on aktiivis t\u00e4hendus eristan, valin, aga meediumis ja passiivis vastan, vastan s\u00fc\u00fcdistustele (e kaitsen end). Seega v\u00f5iks medio-passiivi infinitiivi t\u00f5lkida\u00a0\u00a0vastama, (end) kaitsma\/vastata, (end) kaitsta.<\/li><\/ol><\/div>\n        <\/div>\n        <\/div>\n    <\/div>\n\n","protected":false},"excerpt":{"rendered":"<p>Suur Liddel-Scott-Jones vanakreeka-inglise s\u00f5nastik asub\u00a0siin, kesktaseme Liddel-Scott vanakreeka-inglise s\u00f5nastik aga\u00a0siin. Vanakreeka vormim\u00e4\u00e4raja leiate\u00a0siit. Kesktaseme s\u00f5nastik annab s\u00f5nadele p\u00f5hilised t\u00e4hendused, viitab autoritele, kes seda s\u00f5na on kasutanud, ent ei anna konkreetseid tekstikohti. Suur s\u00f5nastik annab t\u00e4hendused p\u00f5hjalikumalt (nii otsesed t\u00e4hendused (l\u00fchend &#8230;<\/p>\n","protected":false},"author":233,"featured_media":0,"parent":0,"menu_order":0,"comment_status":"closed","ping_status":"closed","template":"","meta":{"_acf_changed":false,"inline_featured_image":false,"footnotes":""},"class_list":["post-6","page","type-page","status-publish","hentry"],"acf":[],"_links":{"self":[{"href":"https:\/\/sisu.ut.ee\/perseus1\/wp-json\/wp\/v2\/pages\/6","targetHints":{"allow":["GET"]}}],"collection":[{"href":"https:\/\/sisu.ut.ee\/perseus1\/wp-json\/wp\/v2\/pages"}],"about":[{"href":"https:\/\/sisu.ut.ee\/perseus1\/wp-json\/wp\/v2\/types\/page"}],"author":[{"embeddable":true,"href":"https:\/\/sisu.ut.ee\/perseus1\/wp-json\/wp\/v2\/users\/233"}],"replies":[{"embeddable":true,"href":"https:\/\/sisu.ut.ee\/perseus1\/wp-json\/wp\/v2\/comments?post=6"}],"version-history":[{"count":2,"href":"https:\/\/sisu.ut.ee\/perseus1\/wp-json\/wp\/v2\/pages\/6\/revisions"}],"predecessor-version":[{"id":45,"href":"https:\/\/sisu.ut.ee\/perseus1\/wp-json\/wp\/v2\/pages\/6\/revisions\/45"}],"wp:attachment":[{"href":"https:\/\/sisu.ut.ee\/perseus1\/wp-json\/wp\/v2\/media?parent=6"}],"curies":[{"name":"wp","href":"https:\/\/api.w.org\/{rel}","templated":true}]}}