{"id":5,"date":"2024-04-04T06:24:28","date_gmt":"2024-04-04T03:24:28","guid":{"rendered":"https:\/\/sisu.ut.ee\/perseus1\/ladina-keel\/"},"modified":"2024-04-24T22:49:42","modified_gmt":"2024-04-24T19:49:42","slug":"ladina-keel","status":"publish","type":"page","link":"https:\/\/sisu.ut.ee\/perseus1\/ladina-keel\/","title":{"rendered":"Ladina keel"},"content":{"rendered":"<header id=\"main-content-header\">\n<p id=\"page-title\"><span style=\"font-size: revert; font-weight: var(--bs-body-font-weight); text-align: var(--bs-body-text-align);\">\u00a0 \u00a0 \u00a0Lewis-Short ladina-inglise kesktaseme s\u00f5nastik asub\u00a0<\/span><a style=\"font-size: revert; font-weight: var(--bs-body-font-weight); text-align: var(--bs-body-text-align);\" title=\"\" href=\"http:\/\/www.perseus.tufts.edu\/hopper\/text?doc=Perseus%3atext%3a1999.04.0060\" target=\"_blank\" rel=\"noopener\">siin<\/a><span style=\"font-size: revert; font-weight: var(--bs-body-font-weight); text-align: var(--bs-body-text-align);\">, suur Lewis-Short ladina-inglise s\u00f5nastik aga\u00a0<\/span><a style=\"font-size: revert; font-weight: var(--bs-body-font-weight); text-align: var(--bs-body-text-align);\" title=\"\" href=\"http:\/\/www.perseus.tufts.edu\/hopper\/text;jsessionid=CC40BB6E1C8CF816FAD61FD594E6C899?doc=Perseus%3atext%3a1999.04.0059\" target=\"_blank\" rel=\"noopener\">siin<\/a><span style=\"font-size: revert; font-weight: var(--bs-body-font-weight); text-align: var(--bs-body-text-align);\">. Ladina vormim\u00e4\u00e4raja leiate\u00a0<\/span><a style=\"font-size: revert; font-weight: var(--bs-body-font-weight); text-align: var(--bs-body-text-align);\" title=\"\" href=\"https:\/\/www.perseus.tufts.edu\/hopper\/morph?\" target=\"_blank\" rel=\"noopener\">siit<\/a><span style=\"font-size: revert; font-weight: var(--bs-body-font-weight); text-align: var(--bs-body-text-align);\">.<\/span><\/p>\n<\/header>\n<p>\u00a0 \u00a0 \u00a0Kesktaseme s\u00f5nastik annab s\u00f5nadele p\u00f5hilised t\u00e4hendused, viitab autoritele, kes seda s\u00f5na on kasutanud, ent ei anna konkreetseid tekstikohti. Suur s\u00f5nastik annab t\u00e4hendused p\u00f5hjalikumalt (nii otsesed t\u00e4hendused (l\u00fchend Lit.) kui ka kaudsed (Transf.)), koos n\u00e4idetega, lisaks ka viidetega konkreetsetele autoritele-teostele.<\/p>\n<p>Sisestades s\u00f5na ladina vormim\u00e4\u00e4rajasse saate olenevalt s\u00f5nast ja s\u00f5navormist \u00fche v\u00f5i mitu vastust. Viimasel juhul tuleb paraku ise osata otsustada, kas otsitav s\u00f5na tekstis on 1)\u00a0k\u00e4\u00e4nd- v\u00f5i p\u00f6\u00f6rds\u00f5na v\u00f5i hoopis k\u00e4\u00e4ndumatu s\u00f5na; 2) mitme sarnase tulemuse puhul, milline t\u00e4hendus konteksti paremini sobib. Vormim\u00e4\u00e4rajast saate kohe edasi liikuda ka s\u00f5nastikusissekannete juurde, et viimast kontrollida.<\/p>\n<p>Nagu mainitud Perseus Digital Libraryt sissejuhatavas videos, on v\u00f5imalik ka otse autoritekstide sees kl\u00f5psata m\u00f5nele s\u00f5nale, misj\u00e4rel avaneb automaatselt vormim\u00e4\u00e4raja ning v\u00f5imalus vaadata s\u00f5nastikusissekannet.<\/p>\n<p>P\u00f5hjalikumat tutvustust s\u00f5nastike ja vormim\u00e4\u00e4raja kasutamisest ning autoritekstide kaudu nendeni j\u00f5udmisest vaata siit:\u00a0<span class=\"file media-element file-os-files-link\" data-file_info=\"%7B%22fid%22:%2263191%22,%22view_mode%22:%22os_files_link%22,%22type%22:%22media%22%7D\"><img decoding=\"async\" class=\"file-icon\" src=\"\/profiles\/openscholar\/modules\/os\/modules\/os_files\/icons\/video-x-generic.svg\" alt=\"\"> <a href=\"https:\/\/sisu.ut.ee\/wp-content\/uploads\/sites\/448\/ladina_sonastikud-vormimaaraja.mp4\">Ladina s\u00f5nastike ja vormim\u00e4\u00e4raja kasutamine<\/a>.<\/span><\/p>\n<p><strong><span class=\"file media-element file-os-files-link\" data-file_info=\"%7B%22fid%22:%2263191%22,%22view_mode%22:%22os_files_link%22,%22type%22:%22media%22%7D\">Juhendiga \u00fclesanne:<\/span><\/strong><\/p>\n<p><em><strong><span class=\"file media-element file-os-files-link\" data-file_info=\"%7B%22fid%22:%2263191%22,%22view_mode%22:%22os_files_link%22,%22type%22:%22media%22%7D\">Leidke\u00a0veebilehe v\u00f5imalusi kasutades\u00a0s\u00f5na\u00a0consularibus\u00a0vorm ja t\u00e4hendus.<\/span><\/strong><\/em><\/p>\n<p><span class=\"file media-element file-os-files-link\" data-file_info=\"%7B%22fid%22:%2263191%22,%22view_mode%22:%22os_files_link%22,%22type%22:%22media%22%7D\">1) Avage ladina vormim\u00e4\u00e4raja (Latin Word Study tool) avalehel oleva lingi kaudu.<\/span><\/p>\n<p><span class=\"file media-element file-os-files-link\" data-file_info=\"%7B%22fid%22:%2263191%22,%22view_mode%22:%22os_files_link%22,%22type%22:%22media%22%7D\">2) Tr\u00fckkige otsilahtrisse s\u00f5na\u00a0<em>consularibus.<\/em><\/span><\/p>\n<p>3) Leiate, et tegu v\u00f5ib olla\u00a0meesoost nimis\u00f5naga\u00a0<em>consularis<\/em>, selle mitmuse daativi v\u00f5i ablatiivi vorm; v\u00f5i on tegu omaduss\u00f5naga <i>consularis, e<\/i>, samuti mitmuse mees-, nais- v\u00f5i kesksoo daativi v\u00f5i ablatiivi vormiga .<\/p>\n<p><span class=\"file media-element file-os-files-link\" data-file_info=\"%7B%22fid%22:%2263191%22,%22view_mode%22:%22os_files_link%22,%22type%22:%22media%22%7D\">4) T\u00e4henduse leidmiseks avage vastavalt vajadusele kas Lewis&amp;Short s\u00f5nastik (suur) v\u00f5i Elementary Lewis (kesktaseme) s\u00f5nastik.<\/span><\/p>\n<p><span class=\"file media-element file-os-files-link\" data-file_info=\"%7B%22fid%22:%2263191%22,%22view_mode%22:%22os_files_link%22,%22type%22:%22media%22%7D\">5) Leiate, et nimis\u00f5na\u00a0<em>consularis<\/em>\u00a0t\u00e4hendab\u00a0<em>endist\u00a0<\/em><em>konsulit<\/em>\u00a0(rooma riigiametnikku),\u00a0<em>konsuliametis olnut\u00a0<\/em>v\u00f5i\u00a0<em>provintsi saadetud riigiametnikku.<\/em>\u00a0Omaduss\u00f5na\u00a0<em>consularis, e<\/em>\u00a0t\u00e4hendus on\u00a0<em>konsulisse<\/em>\u00a0v\u00f5i\u00a0<em>konsuliametisse puutuv<\/em>. Seega saab mitmuse daatiivi t\u00e4hendus olla<i>\u00a0<\/i>nimis\u00f5na puhul <i>endisel(e) konsulil(e)\/riigiametnikule<\/i>\u00a0ja ablatiivi t\u00e4hendus<em>\u00a0endise konsuliga\/riigiametnikuga<\/em>. Omaduss\u00f5na t\u00e4hendus daatiivis on\u00a0<em>konsuliametisse\/konsulisse puutuvel(e)<\/em>, ablatiivi t\u00e4hendus<i>\u00a0konsuliametisse\/konsulisse puutuvaga.<\/i><\/span><\/p>\n<p><strong>Juhendita \u00fclesanne:\u00a0<\/strong><\/p>\n<p><em><strong>Leidke veebilehe v\u00f5imalusi kasutades s\u00f5na\u00a0viventium\u00a0vorm ja t\u00e4hendus.<\/strong><\/em><\/p>\n<p><\/p><div class=\"accordion mb-3\">\n        <div class=\"accordion-item accordion-item--white\">\n        <h2 class=\"accordion-header\" id=\"accordion-69db8aa064d59-heading\">\n            <button class=\"accordion-button collapsed\" type=\"button\" data-bs-toggle=\"collapse\" data-bs-target=\"#accordion-69db8aa064d59-collapse\" aria-expanded=\"true\" aria-controls=\"accordion-69db8aa064d59-collapse\">Vastus:<\/button>\n        <\/h2>\n        <div id=\"accordion-69db8aa064d59-collapse\" class=\"accordion-collapse collapse\" aria-labelledby=\"accordion-69db8aa064d59-heading\">\n            <div class=\"accordion-body\">1) Avage ladina vormim\u00e4\u00e4raja (Latin Word Study tool) avalehel oleva lingi kaudu.\n<p>2) Tr\u00fckkige otsilahtrisse s\u00f5na\u00a0viventium.<\/p>\n<p>3) Leiate, et tegu v\u00f5ib olla oleviku partitsiibi vormiga verbist \u00a0vivo, vivere,t\u00e4psemalt selle\u00a0mees-, nais- v\u00f5i kesksoo mitmuse genitiivi vormiga .<\/p>\n<p>4) T\u00e4henduse leidmiseks avage vastavalt vajadusele kas Lewis&amp;Short s\u00f5nastik (suur) v\u00f5i Elementary Lewis (kesktaseme) s\u00f5nastik.<\/p>\n<p>5) Leiate, et verb vivo, vivere\u00a0on 3. p\u00f6\u00f6rdkonna verb, mis t\u00e4hendab\u00a0elama, elus olema.\u00a0Selle mitmuse genitiivi vormi v\u00f5iks t\u00f5lkida seega\u00a0elus olijate\/elavate\u00a0(nt.\u00a0inimeste). LIsaks v\u00f5ib olla sel aga t\u00e4hendus end elatama\u00a0\u00a0v\u00f5i\u00a0elu nautima,\u00a0partitsiibi t\u00f5lge vastavalt oleks\u00a0end elatajate\u00a0v\u00f5i\u00a0elu nautijate.<\/p><\/div>\n        <\/div>\n        <\/div>\n    <\/div>\n","protected":false},"excerpt":{"rendered":"<p>\u00a0 \u00a0 \u00a0Lewis-Short ladina-inglise kesktaseme s\u00f5nastik asub\u00a0siin, suur Lewis-Short ladina-inglise s\u00f5nastik aga\u00a0siin. Ladina vormim\u00e4\u00e4raja leiate\u00a0siit. \u00a0 \u00a0 \u00a0Kesktaseme s\u00f5nastik annab s\u00f5nadele p\u00f5hilised t\u00e4hendused, viitab autoritele, kes seda s\u00f5na on kasutanud, ent ei anna konkreetseid tekstikohti. Suur s\u00f5nastik annab t\u00e4hendused p\u00f5hjalikumalt &#8230;<\/p>\n","protected":false},"author":233,"featured_media":0,"parent":0,"menu_order":0,"comment_status":"closed","ping_status":"closed","template":"","meta":{"_acf_changed":false,"inline_featured_image":false,"footnotes":""},"class_list":["post-5","page","type-page","status-publish","hentry"],"acf":[],"_links":{"self":[{"href":"https:\/\/sisu.ut.ee\/perseus1\/wp-json\/wp\/v2\/pages\/5","targetHints":{"allow":["GET"]}}],"collection":[{"href":"https:\/\/sisu.ut.ee\/perseus1\/wp-json\/wp\/v2\/pages"}],"about":[{"href":"https:\/\/sisu.ut.ee\/perseus1\/wp-json\/wp\/v2\/types\/page"}],"author":[{"embeddable":true,"href":"https:\/\/sisu.ut.ee\/perseus1\/wp-json\/wp\/v2\/users\/233"}],"replies":[{"embeddable":true,"href":"https:\/\/sisu.ut.ee\/perseus1\/wp-json\/wp\/v2\/comments?post=5"}],"version-history":[{"count":2,"href":"https:\/\/sisu.ut.ee\/perseus1\/wp-json\/wp\/v2\/pages\/5\/revisions"}],"predecessor-version":[{"id":43,"href":"https:\/\/sisu.ut.ee\/perseus1\/wp-json\/wp\/v2\/pages\/5\/revisions\/43"}],"wp:attachment":[{"href":"https:\/\/sisu.ut.ee\/perseus1\/wp-json\/wp\/v2\/media?parent=5"}],"curies":[{"name":"wp","href":"https:\/\/api.w.org\/{rel}","templated":true}]}}