{"id":7,"date":"2024-04-04T09:08:03","date_gmt":"2024-04-04T06:08:03","guid":{"rendered":"https:\/\/sisu.ut.ee\/peatlandn2o\/outcomes\/"},"modified":"2026-04-14T10:23:59","modified_gmt":"2026-04-14T07:23:59","slug":"outcomes","status":"publish","type":"page","link":"https:\/\/sisu.ut.ee\/peatlandn2o\/outcomes\/","title":{"rendered":"Outcomes"},"content":{"rendered":"<h2>Publications<\/h2>\n\n\n\n<figure class=\"wp-block-table is-style-regular\"><table class=\"table table-hover\"><tbody><tr><td><\/td><td><strong>2023<\/strong><\/td><\/tr><tr><td>1<\/td><td>Mander, \u00dc., Espenberg, M., Melling, L., Kull. A., 2023. <strong>Peatland restoration pathways to mitigate greenhouse gas emissions and retain peat carbon<\/strong>. <em>Biogeochemistry<\/em>.\u00a0<a href=\"https:\/\/doi.org\/10.1007\/s10533-023-01103-1\" target=\"_blank\" rel=\"noreferrer noopener\">https:\/\/doi.org\/10.1007\/s10533-023-01103-1<\/a><\/td><\/tr><tr><td><\/td><td><strong>2024<\/strong><\/td><\/tr><tr><td>2<\/td><td>P\u00e4rn, J., Espenberg, M., Soosaar, K., Kasak, K., Thayamkottu, S., Schindler, T., Ranniku, R., Sohar, K., Fach\u00edn Malaverri, L., Melling, L., and Mander, \u00dc., 2024. <strong>Nitrous oxide as second most important greenhouse gas in tropical peatlands<\/strong>, <em>EGUsphere [preprint]<\/em>. <a href=\"https:\/\/doi.org\/10.5194\/egusphere-2024-24\" target=\"_blank\" rel=\"noreferrer noopener\">https:\/\/doi.org\/10.5194\/egusphere-2024-24<\/a><\/td><\/tr><tr><td>3<\/td><td>Jauhiainen, J., Heikkinen, J., Clarke, N., He, H.X., Dalsgaard, L., Minkkinen, K., Ojanen, P., Vesterdal, L., Alm, J., Butlers, A., Callesen, I., Jordan, S., Lohila, A., Mander, \u00dc., \u00d3skarsson, H., Sigurdsson, B.D., S\u00f8gaard, G., Soosaar, K., Kasimir, \u00c5., Bjarnadottir, B., Lazdins, A., Laiho, R., 2023. <strong>Greenhouse gas emissions from drained organic forest soils \u2013 synthesizing data for site-specific emission factors for boreal and cool temperate<\/strong> <strong>regions<\/strong>. <em>Biogeosciences <\/em>20, 4819\u20134839. <a href=\"https:\/\/doi.org\/10.5194\/bg-20-4819-2023\" target=\"_blank\" rel=\"noreferrer noopener\">https:\/\/doi.org\/10.5194\/bg-20-4819-2023<\/a><\/td><\/tr><tr><td>4<\/td><td>Kazmi, F.A., Espenberg, M., P\u00e4rn, J., Masta, M., Ranniku, R., Thayamkottu, S., Mander, \u00dc<strong>.<\/strong> 2024. <strong>Meltwater of freeze-thaw cycles drives N<sub>2<\/sub>O-governing microbial communities in a drained peatland forest soil<\/strong>. <em>Biology and Fertility of Soils<\/em>. <a href=\"https:\/\/doi.org\/10.1007\/s00374-023-01790-w\" target=\"_blank\" rel=\"noreferrer noopener\">https:\/\/doi.org\/10.1007\/s00374-023-01790-w<\/a><\/td><\/tr><tr><td>5<\/td><td>Espenberg, M., Pille, K., Yang, B, Maddison, M., Abdalla, M., Smith, P., \u00a0Li, X., Chan, P-L., Mander, \u00dc., 2024. <strong>Towards an integrated view on microbial CH4, N2O and N2 cycles in brackish coastal marsh soils: A comparative analysis of two sites<\/strong>, <em>Science of The Total Environment<\/em>, Volume 918.\u00a0<a href=\"https:\/\/doi.org\/10.1016\/j.scitotenv.2024.170641\">https:\/\/doi.org\/10.1016\/j.scitotenv.2024.170641<\/a>\u00a0<\/td><\/tr><tr><td>6<\/td><td>Ranniku, R., Mander, \u00dc., Escuer-Gatius, J., Schindler, T., Kupper, P., Sellin, A., Soosaar, K. 2024. <strong>Dry and wet periods determine stem and soil greenhouse gas fluxes in a northern drained peatland forest<\/strong>. Science of the Total Environment. 928, 172452.\u00a0 <a href=\"https:\/\/doi.org\/10.1016\/j.scitotenv.2024.172452\">https:\/\/doi.org\/10.1016\/j.scitotenv.2024.172452<\/a><\/td><\/tr><tr><td>7<\/td><td>Ranniku, R., Kazmi, F.A., Espenberg, M., Truup\u00f5ld, J., Escuer-Gatius, J., Mander, \u00dc., Soosaar, K. 2024. <strong>Spring-time soil and tree stem greenhouse gas fluxes and the related soil microbiome pattern in a drained peatland forest<\/strong>. <em>Submitted<\/em>.<\/td><\/tr><tr><td>8<\/td><td>Ranniku, R., 2024.<strong> Impact of environmental conditions and soil microbiome on greenhouse gas fluxes from soil and tree stems in hemiboreal drained peatland forest<\/strong>. PhD Thesis. <a href=\"https:\/\/hdl.handle.net\/10062\/101982\">https:\/\/hdl.handle.net\/10062\/101982<\/a><\/td><\/tr><tr><td>9<\/td><td>Gios, E., Verbruggen, E., Audet, J., Rachel Burns,\u00a0R., Butterbach-Bahl,\u00a0K., Espenberg,\u00a0M., Fritz,\u00a0C., Glatzel,\u00a0S., Jurasinski,\u00a0G., Larmola,\u00a0T., Mander,\u00a0\u00dc., Nielsen,\u00a0C., Rodriguez,\u00a0A.F., Scheer,\u00a0C., Zak, D. and\u00a0 Silvennoinen, H.M., 2024. <strong>Unravelling microbial processes involved in carbon and nitrogen cycling and greenhouse gas emissions in rewetted peatlands by molecular biology<\/strong>.\u00a0<em>Biogeochemistry<\/em>\u00a0167, 609\u2013629 (2024). <a href=\"https:\/\/doi.org\/10.1007\/s10533-024-01122-6\">https:\/\/doi.org\/10.1007\/s10533-024-01122-6<\/a><\/td><\/tr><tr><td>10<\/td><td>Thayamkottu, S., Smallman, T. L., P\u00e4rn, J., Mander, U., Euskirchen, E., Kane, E. S., 2024. <strong>Greening of a boreal rich fen driven by CO2 fertilisation<\/strong><br>Agricultural and Forest Meteorology, 359, ARTN 110261. <a href=\"https:\/\/doi.org\/10.1016\/j.agrformet.2024.110261\">https:\/\/doi.org\/10.1016\/j.agrformet.2024.110261<\/a><\/td><\/tr><tr><td>11<\/td><td>Reiss, K., Mander, \u00dc., \u00d6pik, M., Soosaar, K., Espenberg, M., 2024. <strong>L\u00fchiajalise \u00fcleujutuse m\u00f5ju mulla mikrobioloogilisele s\u00fcsiniku- ja l\u00e4mmastikuringele kalda\u00e4\u00e4rses lepikus<\/strong>. Publicationes Instituti Geographici Universitatis Tartuensis: Uurimusi eestikeelse geograafia 105. aastap\u00e4eval. (168\u2212186). Pae, T., P\u00e4rn, J. (Edit.),<br>Tartu: Tartu \u00dclikooli Kirjastus.<\/td><\/tr><tr><td>12<\/td><td>Espenberg, M., Pille, K., Yang, B., Maddison, M., Abdalla, M., Smith, P., Li, X., Chan, \u00a0P.-L., Mander, \u00dc., 2024. <strong>Towards an integrated view on microbial CH4, N2O and N2 cycles in brackish coastal marsh soils: A comparative analysis of two sites<\/strong>. Science of the Total Environment, 918, 170641. DOI: 10.1016\/j.scitotenv.2024.170641.<\/td><\/tr><tr><td><\/td><td><strong>2025<\/strong><\/td><\/tr><tr><td>13<\/td><td>Thayamkottu, S., Masta, M., Skeeter, J., P\u00e4rn, J., Knox, S. H., Smallman, T. L., Mander, \u00dc., 2025. <strong>Dual controls of vapour pressure deficit and soil moisture on photosynthesis in a restored temperate bog.<\/strong> The Science of The Total Environment, 963 (178366), 178366. DOI: <a href=\"https:\/\/doi.org\/10.1016\/j.scitotenv.2024.178366\">https:\/\/doi.org\/10.1016\/j.scitotenv.2024.178366<\/a><\/td><\/tr><tr><td>14<\/td><td>Wong, G.X., Hirata, R., Hirano, T., Kiew, F., Waili, J.W., Mander, \u00dc., Soosaar, K., Melling, L., 2025. <strong>Impact of land conversion on environmental conditions and methane emissions from a tropical peatland.<\/strong> The Science of The Total Environment, 962, 178466. <a href=\"https:\/\/doi.org\/10.1016\/j.scitotenv.2025.178466\">https:\/\/doi.org\/10.1016\/j.scitotenv.2025.178466<\/a><\/td><\/tr><tr><td>15<\/td><td>Midot F.,Goh K. M., Liew K. J., Lau Sharon Y. L., Espenberg M., Mander \u00dc., Melling L., 2025. <strong>Temporal dynamics of soil microbial C and N cycles with GHG fluxes in the transition from tropical peatland forest to oil palm plantation.<\/strong> Applied and Environmental Microbiology, 91, e01986-24. <a href=\"https:\/\/doi.org\/10.1128\/aem.01986-24\">https:\/\/doi.org\/10.1128\/aem.01986-24<\/a><\/td><\/tr><tr><td>16<\/td><td>Kuusemets, L.; Mander, \u00dc.; Escuer-Gatius, J.; Astover, A.; Kauer, K.; Soosaar, K.; Espenberg, M., 2025. <strong>Interactions of fertilisation and crop productivity in soil nitrogen cycle microbiome and gas emissions<\/strong>. Soil, 11 (1), 1\u221215. <a href=\"https:\/\/doi.org\/10.5194\/soil-11-1-2025\">https:\/\/doi.org\/10.5194\/soil-11-1-2025<\/a><\/td><\/tr><tr><td>17<\/td><td>Mander, \u00dc., \u00d6pik, M., Espenberg, M., 2025. <strong>Global peatland greenhouse gas dynamics: state of the art, processes, and perspectives<\/strong>. New Phytologist, 246 (1), 94\u2212102. <a href=\"https:\/\/doi.org\/10.1111\/nph.20436\">https:\/\/doi.org\/10.1111\/nph.20436<\/a><\/td><\/tr><tr><td>18<\/td><td>P\u00e4rn, J.,\u00a0Thayamkottu, S., \u00d6pik, M., Bahram, M., Tedersoo, L., Espenberg, M., Davison, J.A., Kasak, K., Maddison, M., Niinemets, \u00dc., Ostonen, I., Soosaar, K., Sohar, K., Zobel, M.,\u00a0Mander, \u00dc., 2025.\u00a0<strong>Soil moisture and microbiome explain greenhouse gas exchange in global peatlands.\u00a0<\/strong><em>Scientific Reports<\/em>\u00a015, 10153.\u00a0<br><a href=\"https:\/\/doi.org\/10.1038\/s41598-025-92891-z\" target=\"_blank\" rel=\"noreferrer noopener\">https:\/\/doi.org\/10.1038\/s41598-025-92891-z<\/a><\/td><\/tr><tr><td>19<\/td><td>P\u00e4rn, J., Espenberg, M., Soosaar, K., Kasak, K., Thayamkottu, S., Schindler, T., Ranniku, R., Sohar, K., Fachin, L., Melling, L.,\u00a0Mander, \u00dc., 2025. <strong>Importance of N<sub>2<\/sub>O in greenhouse gas budgets of tropical peatlands.\u00a0<\/strong><em>Frontiers in Environmental Science<\/em>.\u00a0<em>Biogeochemical Dynamics<\/em>\u00a0Volume 13|, 1585537.\u00a0<br><a href=\"https:\/\/doi.org\/10.3389\/fenvs.2025.1585537\" target=\"_blank\" rel=\"noreferrer noopener\">https:\/\/doi.org\/10.3389\/fenvs.2025.1585537<\/a><\/td><\/tr><tr><td>20<\/td><td>Mander, \u00dc., P\u00e4rn, J., Espenberg, M., Pe\u00f1uelas, J. 2025.\u00a0<strong>Human-impacted natural ecosystems drive climate warming.<\/strong>\u00a0<em>Global Change Biology<\/em>\u00a031, 8, e70449.\u00a0<a href=\"https:\/\/doi.org\/10.1111\/gcb.70449\" target=\"_blank\" rel=\"noreferrer noopener\">https:\/\/doi.org\/10.1111\/gcb.70449<\/a><\/td><\/tr><tr><td>21<\/td><td>Kazmi, F.A.,\u00a0Mander, \u00dc., Ranniku, R., \u00d6pik, M., P\u00fcssa, K., Soosaar, K., Kasak, K., Masta, M., Ah-Peng, C., Espenberg, M., 2025. <strong>Nitrogen cycling genes abundance in soil and aboveground compartments of tropical peatland cloud forests and a wetland on R\u00e9union Island.\u00a0<\/strong><em>Scientific Reports<\/em>\u00a015, 27155.<br>\u00a0<a href=\"https:\/\/doi.org\/10.1038\/s41598-025-12367-y\">https:\/\/doi.org\/10.1038\/s41598-025-12367-y<\/a><\/td><\/tr><tr><td>22<\/td><td>Deb, S., Espenberg, M., Well, R., Bucha, M., Jakubiak, M.,\u00a0Mander, \u00dc., Lewicka-Szczebak, D., 2025.\u00a0<br><strong>N-transformations in nitrate-rich groundwaters: combined isotope and microbial approach.\u00a0<\/strong><br>Biogeosciences 22, 5535\u20135556. <a href=\"https:\/\/doi.org\/10.5194\/bg-22-5535-2025\">https:\/\/doi.org\/10.5194\/bg-22-5535-2025<\/a><\/td><\/tr><tr><td>23<\/td><td>Krasnova, A., Soosaar, K., Rogozin, S., Krasnov, D.,\u00a0Mander, \u00dc., 2025.\u00a0<strong>Mature riparian alder forest acts as a strong and consistent carbon sink.<em>\u00a0<\/em><\/strong>. Biogeosciences, 22, 7089\u20137116. <a href=\"https:\/\/doi.org\/10.5194\/bg-22-7089-2025\">https:\/\/doi.org\/10.5194\/bg-22-7089-2025<\/a><\/td><\/tr><tr><td>24<\/td><td>Kasak, K., Dronova, I., Soosaar, K., Melling, L., Wong, X., Sangok, F., Ranniku, R., Villa, J., Bansal, S., Peac21ock, M., Mander, \u00dc. 2025. <strong>Greenhouse gas emissions from ditches in oil palm plantations on tropical peatlands in Malaysia<\/strong>. Scientific Reports 15, 37126. <a href=\"https:\/\/doi.org\/10.1038\/s41598-025-21094-3\">https:\/\/doi.org\/10.1038\/s41598-025-21094-3<\/a><\/td><\/tr><tr><td>25<\/td><td>Krishnankutty, N., Gelbrecht, J., Petersen, R.J., Rayner, D., Lau, M.P., Frank, S., Andersen, R., P\u00e4rn, J., Mander, \u00dc., Kotowski, W., Liu, H., Iversen, B.V., Heckrath, G., Hansen, H.C.B., Hoffmann, C.C., M\u00e4enp\u00e4\u00e4, M.I., Goldhammer, T., Kull, A., Florea, A.F., Zak, D. 2025. <strong>A comprehensive porewater survey of European peatlands reveals sustained elevated phosphorus levels after 10\u201320 years of rewetting<\/strong>. Geoderma 463, 117554.<br><a href=\"https:\/\/doi.org\/10.1016\/j.geoderma.2025.117554\">https:\/\/doi.org\/10.1016\/j.geoderma.2025.117554<\/a><\/td><\/tr><tr><td>26<\/td><td>Kuusemets, L., Mander, \u00dc., Escuer-Gatius, J., Astover, A., Kauer, K., Soosaar, K., Espenberg, M. 2025.<br><strong>Interactions of fertilisation and crop productivity in soil nitrogen cycle microbiome and gas emissions.<\/strong> SOIL 11, 1\u201315, <a href=\"https:\/\/doi.org\/10.5194\/soil-11-1-2025\">https:\/\/doi.org\/10.5194\/soil-11-1-2025<\/a>\u00a0<\/td><\/tr><tr><td><\/td><td><strong>2026<\/strong><\/td><\/tr><tr><td>27<\/td><td>Kiew, F., Hirata, R., Hirano, T., Xhuan, W.G., Wenceslaus, J., San, L.K., Soosaar, K., Kasak, K., Mander, \u00dc., Melling, L. 2026.<strong> Carbon dioxide dynamics across three stages of tropical peatland conversion to oil palm plantations. <\/strong>Agricultural and Forest Meteorology 378, 110956. <a href=\"https:\/\/doi.org\/10.1016\/j.agrformet.2025.110956\">https:\/\/doi.org\/10.1016\/j.agrformet.2025.110956<\/a><\/td><\/tr><tr><td>28<\/td><td>Rogozin, S., Krasnova, A., Mander, \u00dc., Uri, V., Soosaar, K. 2026. <strong>Long-term carbon sequestration and heatwave resilience in an old hemiboreal upland coniferous forest<\/strong>. Agricultural and Forest Meteorology 376, 110895. <a href=\"https:\/\/doi.org\/10.1016\/j.agrformet.2025.110895\">https:\/\/doi.org\/10.1016\/j.agrformet.2025.110895<\/a><\/td><\/tr><\/tbody><\/table><\/figure>\n\n\n\n<p><\/p>\n","protected":false},"excerpt":{"rendered":"<p>Publications 2023 1 Mander, \u00dc., Espenberg, M., Melling, L., Kull. A., 2023. Peatland restoration pathways to mitigate greenhouse gas emissions and retain peat carbon. Biogeochemistry.\u00a0https:\/\/doi.org\/10.1007\/s10533-023-01103-1 2024 2 P\u00e4rn, J., Espenberg, M., Soosaar, K., Kasak, K., Thayamkottu, S., Schindler, T., Ranniku, &#8230;<\/p>\n","protected":false},"author":325,"featured_media":0,"parent":0,"menu_order":0,"comment_status":"closed","ping_status":"closed","template":"","meta":{"_acf_changed":false,"inline_featured_image":false,"footnotes":""},"class_list":["post-7","page","type-page","status-publish","hentry"],"acf":[],"_links":{"self":[{"href":"https:\/\/sisu.ut.ee\/peatlandn2o\/wp-json\/wp\/v2\/pages\/7","targetHints":{"allow":["GET"]}}],"collection":[{"href":"https:\/\/sisu.ut.ee\/peatlandn2o\/wp-json\/wp\/v2\/pages"}],"about":[{"href":"https:\/\/sisu.ut.ee\/peatlandn2o\/wp-json\/wp\/v2\/types\/page"}],"author":[{"embeddable":true,"href":"https:\/\/sisu.ut.ee\/peatlandn2o\/wp-json\/wp\/v2\/users\/325"}],"replies":[{"embeddable":true,"href":"https:\/\/sisu.ut.ee\/peatlandn2o\/wp-json\/wp\/v2\/comments?post=7"}],"version-history":[{"count":22,"href":"https:\/\/sisu.ut.ee\/peatlandn2o\/wp-json\/wp\/v2\/pages\/7\/revisions"}],"predecessor-version":[{"id":325,"href":"https:\/\/sisu.ut.ee\/peatlandn2o\/wp-json\/wp\/v2\/pages\/7\/revisions\/325"}],"wp:attachment":[{"href":"https:\/\/sisu.ut.ee\/peatlandn2o\/wp-json\/wp\/v2\/media?parent=7"}],"curies":[{"name":"wp","href":"https:\/\/api.w.org\/{rel}","templated":true}]}}