{"id":3,"date":"2024-04-03T23:29:18","date_gmt":"2024-04-03T20:29:18","guid":{"rendered":"https:\/\/sisu.ut.ee\/pbl\/avaleht\/"},"modified":"2024-04-10T11:23:47","modified_gmt":"2024-04-10T08:23:47","slug":"avaleht","status":"publish","type":"page","link":"https:\/\/sisu.ut.ee\/pbl\/","title":{"rendered":"Avaleht"},"content":{"rendered":"<p><img loading=\"lazy\" decoding=\"async\" width=\"250\" height=\"249\" class=\"wp-image-23 alignleft\" style=\"float: left; margin-top: 10px; margin-bottom: 10px;\" title=\"pilt1.png\" src=\"https:\/\/sisu.ut.ee\/wp-content\/uploads\/sites\/102\/pilt1.png\" alt=\"pilt1.png\" srcset=\"https:\/\/sisu.ut.ee\/wp-content\/uploads\/sites\/102\/pilt1.png 250w, https:\/\/sisu.ut.ee\/wp-content\/uploads\/sites\/102\/pilt1-150x150.png 150w\" sizes=\"auto, (max-width: 250px) 100vw, 250px\">\u00d5pik\u00e4situse muutumisega areneb ka arusaam \u00f5ppimisest ja \u00f5ppemeetoditest. K\u00f5rgkoolides leiab \u00fcha enam kasutust probleemip\u00f5hise \u00f5ppe metoodika. Probleemip\u00f5hine \u00f5pe (PP\u00d5, inglise keeles\u00a0<em>p<\/em><em>roblem-based learning<\/em><em>\u00a0<\/em>ehk<em>\u00a0<\/em><em>PBL<\/em>) kui metoodika on levinud viimase 40-50 aasta jooksul. Selle keskmeks on \u00f5ppija vastutus oma \u00f5ppimise eest, reaalsetele t\u00f6\u00f6situatsioonidele sarnanevad v\u00f5i neist p\u00e4rinevad probleem\u00fclesanded ning meeskondades mitmete \u00fclekantavate p\u00e4devuste arendamine.<\/p>\n<p>K\u00e4esolev juhendmaterjal on koostatud eelk\u00f5ige k\u00f5rgkooli \u00f5ppej\u00f5ududele m\u00f5eldes, kuid see sobib ka kutse\u00f5ppeasutuse ja \u00fcldhariduskooli \u00f5petajale, samuti kasutamiseks t\u00e4iskasvanu\u00f5ppes ja huvihariduses. Materjalis luuakse raamistik metoodika m\u00f5istmiseks, antakse konkreetseid ideid selle teostamiseks ja pakutakse n\u00e4iteid, kuidas probleemip\u00f5hise \u00f5ppe metoodikat kasutada.<\/p>\n<p>Juhendmaterjal on kasvanud v\u00e4lja nii k\u00f5rgkooli \u00f5ppej\u00f5udude kui taseme\u00f5ppe koolitustest, mida autor on l\u00e4bi viinud. Juhendmaterjalis kasutatud naited p\u00e4rinevadki nendel koolitustel osalenute t\u00f6\u00f6dest ning k\u00f5iki kirjeldusi on peale l\u00e4biproovimist ja tagasisidet veel parandatud. Ait\u00e4h Maia Boltovskyle, Svetlana Ganinale, \u00dclle Liiberile, Piia Postile, Merle Seerale, Marge Tooming-Pullisaarele ja Marge T\u00e4ksile n\u00e4idetega materjali panustamast! \u00a0Samuti suur t\u00e4nu Triin Marandile k\u00fcmnenda alapeat\u00fcki kirjutamise ning kogu juhendi tehnilise teostuse eest!<\/p>\n<p>Einike Pilli<br>\nTartu \u00dclikool, 2014<\/p>\n\n\n<figure class=\"wp-block-image aligncenter size-full\"><img loading=\"lazy\" decoding=\"async\" width=\"559\" height=\"100\" src=\"https:\/\/sisu.ut.ee\/wp-content\/uploads\/sites\/102\/Screenshot-2024-04-10-at-11.23.23.png\" alt=\"\" class=\"wp-image-117\" srcset=\"https:\/\/sisu.ut.ee\/wp-content\/uploads\/sites\/102\/Screenshot-2024-04-10-at-11.23.23.png 559w, https:\/\/sisu.ut.ee\/wp-content\/uploads\/sites\/102\/Screenshot-2024-04-10-at-11.23.23-300x54.png 300w\" sizes=\"auto, (max-width: 559px) 100vw, 559px\"><\/figure>\n","protected":false},"excerpt":{"rendered":"<p>\u00d5pik\u00e4situse muutumisega areneb ka arusaam \u00f5ppimisest ja \u00f5ppemeetoditest. K\u00f5rgkoolides leiab \u00fcha enam kasutust probleemip\u00f5hise \u00f5ppe metoodika. Probleemip\u00f5hine \u00f5pe (PP\u00d5, inglise keeles\u00a0problem-based learning\u00a0ehk\u00a0PBL) kui metoodika on levinud viimase 40-50 aasta jooksul. Selle keskmeks on \u00f5ppija vastutus oma \u00f5ppimise eest, reaalsetele t\u00f6\u00f6situatsioonidele &#8230;<\/p>\n","protected":false},"author":8,"featured_media":0,"parent":0,"menu_order":0,"comment_status":"closed","ping_status":"closed","template":"","meta":{"_acf_changed":false,"inline_featured_image":false,"footnotes":""},"class_list":["post-3","page","type-page","status-publish","hentry"],"acf":[],"_links":{"self":[{"href":"https:\/\/sisu.ut.ee\/pbl\/wp-json\/wp\/v2\/pages\/3","targetHints":{"allow":["GET"]}}],"collection":[{"href":"https:\/\/sisu.ut.ee\/pbl\/wp-json\/wp\/v2\/pages"}],"about":[{"href":"https:\/\/sisu.ut.ee\/pbl\/wp-json\/wp\/v2\/types\/page"}],"author":[{"embeddable":true,"href":"https:\/\/sisu.ut.ee\/pbl\/wp-json\/wp\/v2\/users\/8"}],"replies":[{"embeddable":true,"href":"https:\/\/sisu.ut.ee\/pbl\/wp-json\/wp\/v2\/comments?post=3"}],"version-history":[{"count":3,"href":"https:\/\/sisu.ut.ee\/pbl\/wp-json\/wp\/v2\/pages\/3\/revisions"}],"predecessor-version":[{"id":118,"href":"https:\/\/sisu.ut.ee\/pbl\/wp-json\/wp\/v2\/pages\/3\/revisions\/118"}],"wp:attachment":[{"href":"https:\/\/sisu.ut.ee\/pbl\/wp-json\/wp\/v2\/media?parent=3"}],"curies":[{"name":"wp","href":"https:\/\/api.w.org\/{rel}","templated":true}]}}