{"id":11,"date":"2024-04-03T23:29:18","date_gmt":"2024-04-03T20:29:18","guid":{"rendered":"https:\/\/sisu.ut.ee\/pbl\/lisalugemine\/"},"modified":"2024-04-03T23:29:26","modified_gmt":"2024-04-03T20:29:26","slug":"lisalugemine","status":"publish","type":"page","link":"https:\/\/sisu.ut.ee\/pbl\/lisalugemine\/","title":{"rendered":"Kasutatud materjalid ja lisalugemist"},"content":{"rendered":"<ol>\n<li>Barrett, T.,\u00a0 Cashman, D. (ed.) (2010). A Practitioner\u2019s Guide to Enquiry and Problem-Based Learning: Case Studies from University College Dublin. <a href=\"http:\/\/www.ucd.ie\/t4cms\/UCDTLI0041.pdf\" target=\"_blank\" rel=\"noopener\">http:\/\/www.ucd.ie\/t4cms\/UCDTLI0041.pdf<\/a><\/li>\n<li>Barrett, T, Moore, S (Eds.) (2011). New Approaches To Problem-Based Learning. New York; London. Routledge<\/li>\n<li>Belbeck, L., Jiang, S., Nutiu, N. (2007). Innovative Assessment and Learning in a Problem Based Environment. In: Frankland, S. Enhancing teaching and Learning through Assessment. Springer.<\/li>\n<li>Biggs, J., Tang, C. (2008). \u00d5ppimist v\u00e4\u00e4rtustav \u00f5petamine \u00fclikoolis. Tartu \u00dclikooli Kirjastus. (vt indeksist probleem\u00f5ppe lehek\u00fclgi ja soovitusi hindamise kohta).<\/li>\n<li>Boud, D, Feletti, G. (Eds.) (1997). The challenge of problem-based learning \u00a0London; New York : Routledge, c1997<\/li>\n<li>Di Marco, S., Maneira, A., Ribeiro, P., Maneira, M.J.P. (2009). Blended-learning in Science and Technology. A Collaborative Project-Based Course in Experimental Physics.\u00a0<a href=\"http:\/\/www.elearningeuropa.info\/files\/media\/media20250.pdf\" target=\"_blank\" rel=\"noopener\">http:\/\/www.elearningeuropa.info\/files\/media\/media20250.pdf<\/a><\/li>\n<li>Donnelly, R. (2009). The nexus of problem-based learning and learning technology: Does it enable transformative practice? <a href=\"http:\/\/www.eurodl.org\/?p=current&amp;article=371\" target=\"_blank\" rel=\"noopener\">http:\/\/www.eurodl.org\/?p=current&amp;article=371<\/a><\/li>\n<li>Donnelly, R. (2006). Blended problem-based learning for teacher education: lessons learnt. <a href=\"http:\/\/www.informaworld.com\/smpp\/section?content=a747722428&amp;fulltext=713240928\" target=\"_blank\" rel=\"noopener\">http:\/\/www.informaworld.com\/smpp\/section?content=a747722428&amp;fulltext=713240928<\/a><\/li>\n<li>Donnelly, R. (2005). Using technology to support project and Problem-based learning in Handbook of Enquiry &amp; Problem Based Learning. Barrett, T., Mac Labhrainn, I., Fallon, H. (Eds). Galway: CELT.\u00a0<a href=\"http:\/\/www.nuigalway.ie\/celt\/pblbook\/chapter16.pdf\" target=\"_blank\" rel=\"noopener\">http:\/\/www.nuigalway.ie\/celt\/pblbook\/chapter16.pdf<\/a><\/li>\n<li>Fink, D. Creating Significant Learning Experiences. (2013). San Francisco (Calif.): Jossey-Bass<\/li>\n<li>Hakkarainen, K., Lonka, K. (2005). Probleemip\u00f5hine \u00f5ppimine. Kogumikus: Pilli, E., J\u00f5gi, L., Ristolainen, T. (Toim.), \u00d5ppimine ja \u00f5petamine avatud \u00fclikoolis, lk 262-272. Tartu \u00dclikooli Kirjastus.<\/li>\n<li>Jonassen, D.H. (2004). Learning to Solve Problems. An Instructional Design Guide.<\/li>\n<li>Karm, M. (2014). \u00d5ppemeetodid k\u00f5rgkoolis. Primus. <a href=\"http:\/\/primus.archimedes.ee\/sites\/default\/files\/Oppemeetodid.pdf\" target=\"_blank\" rel=\"noopener\">http:\/\/primus.archimedes.ee\/sites\/default\/files\/Oppemeetodid.pdf<\/a><\/li>\n<li>McCall, I. (2010). Online enhanced problem-based learning: assessing a blended learning framework.\u00a0<a href=\"http:\/\/www.informaworld.com\/smpp\/section?content=a919240049&amp;fulltext=713240928\" target=\"_blank\" rel=\"noopener\">http:\/\/www.informaworld.com\/smpp\/section?content=a919240049&amp;fulltext=713240928<\/a><\/li>\n<li>McAlpine, I., Pannan L. and Fitzmaurice K. (2008). Steps towards using an enquiry-based blended learning design for curriculum change in Health Sciences. <a href=\"http:\/\/www.ascilite.org.au\/conferences\/melbourne08\/procs\/mcalpine.pdf\" target=\"_blank\" rel=\"noopener\">http:\/\/www.ascilite.org.au\/conferences\/melbourne08\/procs\/mcalpine.pdf<\/a><\/li>\n<li>Mikk, J., Asser, H. (2000). Probleem\u00f5pe k\u00f5rgkoolis. Maastrichti kogemus. <a style=\"background-color: #ffffff\" href=\"http:\/\/raud.ut.ee\/~jaanm\/probleemope.htm\" target=\"_blank\" rel=\"noopener\">http:\/\/raud.ut.ee\/~jaanm\/probleemope.htm<\/a><\/li>\n<li>Pilli, E. (2009). V\u00e4ljundip\u00f5hine hindamine k\u00f5rgkoolis. <a style=\"background-color: #ffffff\" href=\"http:\/\/primus.archimedes.ee\/sites\/default\/files\/oppejoud\/Hindamisraamat.pdf\" target=\"_blank\" rel=\"noopener\">http:\/\/primus.archimedes.ee\/sites\/default\/files\/oppejoud\/Hindamisraamat.pdf<\/a><\/li>\n<li>Pilli, E., Kuusk, T. Eriala- ja \u00fcldharidus\u00f5pingute l\u00f5imimine kutse\u00f5ppes. (2012). Tallinn: Innove.\u00a0<a style=\"background-color: #ffffff\" href=\"http:\/\/www.ekk.edu.ee\/vvfiles\/0\/l6imimise_juhendmaterjal_kokku.pdf\" target=\"_blank\" rel=\"noopener\">http:\/\/www.ekk.edu.ee\/vvfiles\/0\/l6imimise_juhendmaterjal_kokku.pdf<\/a><\/li>\n<li>Pilli, E., Vaikj\u00e4rv, T. (2013). \u00dcmberp\u00f6\u00f6ratud klassiruum. \u00d5piobjekt. <a style=\"background-color: #ffffff\" href=\"https:\/\/sisu.ut.ee\/auditoorium\" target=\"_blank\" rel=\"noopener\">https:\/\/sisu.ut.ee\/auditoorium<\/a><\/li>\n<li>Prince,\u00a0K.J.,\u00a0van\u00a0Eijs,\u00a0P.W.,\u00a0Boshuizen,\u00a0H.P.,\u00a0van\u00a0der\u00a0Vleuten,\u00a0C.P.\u00a0&amp;\u00a0Scherpbier,\u00a0A.J.\u00a0(2005).\u00a0General\u00a0Competencies\u00a0of\u00a0Problem\u2010Based\u00a0Learning\u00a0(PBL)\u00a0and\u00a0Non\u2010PBL\u00a0Graduates.\u00a0Medical\u00a0Education\u00a039(4):\u00a0394\u2010401. \u00a0<a style=\"background-color: #ffffff\" href=\"http:\/\/onlinelibrary.wiley.com\/doi\/10.1111\/j.1365-2929.2005.02107.x\/pdf\" target=\"_blank\" rel=\"noopener\">http:\/\/onlinelibrary.wiley.com\/doi\/10.1111\/j.1365-2929.2005.02107.x\/pdf<\/a><\/li>\n<li>Rutiku, S. (2014). \u00dclekantavate p\u00e4devuste arendamine k\u00f5rghariduses. <a href=\"http:\/\/primus.archimedes.ee\/sites\/default\/files\/Ylekantavate%20p2devuste%20arendamine%20k6rghariduses.pdf\" target=\"_blank\" rel=\"noopener\">http:\/\/primus.archimedes.ee\/sites\/default\/files\/Ylekantavate%20p2devuste%20arendamine%20k6rghariduses.pdf<\/a><\/li>\n<li>Rutiku, S., Lorenz, A., Pedak. E. (2013).\u00a0Projektip\u00f5hine praktika k\u00f5rgkoolis. <a href=\"http:\/\/primus.archimedes.ee\/sites\/default\/files\/projektip%C3%B5hine%20praktika%20k%C3%B5rgkoolis.pdf\" target=\"_blank\" rel=\"noopener\">http:\/\/primus.archimedes.ee\/sites\/default\/files\/projektip%C3%B5hine%20praktika%20k%C3%B5rgkoolis.pdf<\/a><\/li>\n<li>Taradi, S. K., Taradi, M., Radi, K. and Pokrajac, N. (2005). Blending problem-based learning with Web technology positively impacts student learning outcomes in acid-base physiology.\u00a0<a style=\"background-color: #ffffff\" href=\"http:\/\/advan.physiology.org\/cgi\/content\/full\/29\/1\/35\" target=\"_blank\" rel=\"noopener\">http:\/\/advan.physiology.org\/cgi\/content\/full\/29\/1\/35<\/a><\/li>\n<li>Tulving, E. (2002). M\u00e4lu. Tartu \u00dclikooli Kirjastus.<\/li>\n<li>Von Berkel, H., Scherpbier, A. <em>et al<\/em> (Eds) (2010). Lessons from Problem-Based Learning. Oxford University Press.<\/li>\n<li>Wee Keng Neo, L. (2004). Jump Start: Authentic Problem-based Learning. Pearson: Prentice Hall.<\/li>\n<\/ol>\n","protected":false},"excerpt":{"rendered":"<p>Barrett, T.,\u00a0 Cashman, D. (ed.) (2010). A Practitioner\u2019s Guide to Enquiry and Problem-Based Learning: Case Studies from University College Dublin. http:\/\/www.ucd.ie\/t4cms\/UCDTLI0041.pdf Barrett, T, Moore, S (Eds.) (2011). New Approaches To Problem-Based Learning. New York; London. Routledge Belbeck, L., Jiang, S., &#8230;<\/p>\n","protected":false},"author":8,"featured_media":0,"parent":0,"menu_order":0,"comment_status":"closed","ping_status":"closed","template":"","meta":{"_acf_changed":false,"inline_featured_image":false,"footnotes":""},"class_list":["post-11","page","type-page","status-publish","hentry"],"acf":[],"_links":{"self":[{"href":"https:\/\/sisu.ut.ee\/pbl\/wp-json\/wp\/v2\/pages\/11","targetHints":{"allow":["GET"]}}],"collection":[{"href":"https:\/\/sisu.ut.ee\/pbl\/wp-json\/wp\/v2\/pages"}],"about":[{"href":"https:\/\/sisu.ut.ee\/pbl\/wp-json\/wp\/v2\/types\/page"}],"author":[{"embeddable":true,"href":"https:\/\/sisu.ut.ee\/pbl\/wp-json\/wp\/v2\/users\/8"}],"replies":[{"embeddable":true,"href":"https:\/\/sisu.ut.ee\/pbl\/wp-json\/wp\/v2\/comments?post=11"}],"version-history":[{"count":1,"href":"https:\/\/sisu.ut.ee\/pbl\/wp-json\/wp\/v2\/pages\/11\/revisions"}],"predecessor-version":[{"id":103,"href":"https:\/\/sisu.ut.ee\/pbl\/wp-json\/wp\/v2\/pages\/11\/revisions\/103"}],"wp:attachment":[{"href":"https:\/\/sisu.ut.ee\/pbl\/wp-json\/wp\/v2\/media?parent=11"}],"curies":[{"name":"wp","href":"https:\/\/api.w.org\/{rel}","templated":true}]}}