{"id":94,"date":"2024-04-26T13:23:34","date_gmt":"2024-04-26T10:23:34","guid":{"rendered":"https:\/\/sisu.ut.ee\/parandusfestival2024\/?page_id=94"},"modified":"2024-10-03T12:30:57","modified_gmt":"2024-10-03T09:30:57","slug":"paranduspidu","status":"publish","type":"page","link":"https:\/\/sisu.ut.ee\/parandusfestival2024\/paranduspidu\/","title":{"rendered":"P\u00e4randuspidu"},"content":{"rendered":"<p class=\"has-extra-large-font-size\"><br><strong>R,\u00a04. oktoober 2024\u00a0kell 11-18<br>L, 5. oktoober 2024\u00a0kell 10-17<\/strong><\/p>\n\n\n\n<p class=\"has-large-font-size\"><strong>P\u00e4randuspeo s\u00fcdameks on p\u00e4randoskuste ja vaimse kultuurip\u00e4randi n\u00e4htuste esitlusele p\u00fchendatud n\u00e4ituse- ja messiala Viljandi spordihoones, P\u00e4rimusmuusika Aidas ja seda \u00fcmbritseval alal.<\/strong> Koos samal ajal toimuva parandusfestivali ja P\u00e4rimusmuusika L\u00f5ikuspeoga muutub Viljandi selleks n\u00e4dalavahetuseks terveks Eesti kultuurip\u00e4randi pealinnaks.\u00a0<br><br>P\u00e4randuspeol ootab sind ees mitmekesine ja kaasahaarav programm, kus saab tutvuda nii vaimse kultuurip\u00e4randi, k\u00e4sit\u00f6\u00f6oskuste kui ka praktiliste parandusv\u00f5tetega. Peo aladel toimuvad erinevad \u00f5pitoad ja meistriklassid, mis annavad v\u00f5imaluse \u00f5ppida uusi oskusi ja teadmisi nii kultuurip\u00e4randi s\u00e4ilitamisest kui ka kaasaegsetest j\u00e4tkusuutlikkuse lahendustest. P\u00e4randuslava pakub nii muusikalisi etteasteid, etendusi kui harivaid esitlusi.<br><br>Festivali v\u00e4lialal, Vabaduse platsil, saab osa traditsiooniliste t\u00f6\u00f6de ja tehnikate demonstratsioonist. Lisaks rikastavad programmi <strong>p\u00e4randusspordi v\u00f5istlused<\/strong>, et lustakalt tutvust teha ununud, kuid vajalike oskustega. Samuti <strong>p\u00e4randiteemalised <a href=\"https:\/\/sisu.ut.ee\/parandusfestival2024\/naitused\/\">n\u00e4itused<\/a><\/strong> (festivali alal, R\u00fcki galeriis ning mujal linnaruumis) ning <strong>p\u00e4randmaitsed<\/strong>, mida pakkuvad Viljandi linna toitlustuskohad.<\/p>\n\n\n\n<p class=\"has-large-font-size\"><strong>Vaata p\u00e4randuspeo programmi suuremalt <a href=\"https:\/\/sisu.ut.ee\/wp-content\/uploads\/sites\/693\/P4randuspeo_programm_A2_05c-1.pdf\" target=\"_blank\" rel=\"noreferrer noopener\">siin<\/a><\/strong>. <\/p>\n\n\n\n<p class=\"has-large-font-size\"><strong>*Etteregistreerimine tagab koha publikus. Registreeru\u00a0<a href=\"https:\/\/forms.gle\/ghdQ4FbRs6ugFdWB9\" target=\"_blank\" rel=\"noreferrer noopener\">siin<\/a>.<\/strong> <strong>Kogu programm (v.a teisiti m\u00e4rgitu) on TASUTA!<\/strong><\/p>\n\n\n\n<figure class=\"wp-block-image size-large\"><img loading=\"lazy\" decoding=\"async\" width=\"724\" height=\"1024\" src=\"https:\/\/sisu.ut.ee\/wp-content\/uploads\/sites\/693\/P4randuspeo_programm_A2_05c.pdf-724x1024.png\" alt=\"\" class=\"wp-image-1222\" srcset=\"https:\/\/sisu.ut.ee\/wp-content\/uploads\/sites\/693\/P4randuspeo_programm_A2_05c.pdf-724x1024.png 724w, https:\/\/sisu.ut.ee\/wp-content\/uploads\/sites\/693\/P4randuspeo_programm_A2_05c.pdf-212x300.png 212w, https:\/\/sisu.ut.ee\/wp-content\/uploads\/sites\/693\/P4randuspeo_programm_A2_05c.pdf-768x1086.png 768w, https:\/\/sisu.ut.ee\/wp-content\/uploads\/sites\/693\/P4randuspeo_programm_A2_05c.pdf-1086x1536.png 1086w, https:\/\/sisu.ut.ee\/wp-content\/uploads\/sites\/693\/P4randuspeo_programm_A2_05c.pdf-1448x2048.png 1448w, https:\/\/sisu.ut.ee\/wp-content\/uploads\/sites\/693\/P4randuspeo_programm_A2_05c.pdf.png 1587w\" sizes=\"auto, (max-width: 724px) 100vw, 724px\"><\/figure>\n","protected":false},"excerpt":{"rendered":"<p>R,\u00a04. oktoober 2024\u00a0kell 11-18L, 5. oktoober 2024\u00a0kell 10-17 P\u00e4randuspeo s\u00fcdameks on p\u00e4randoskuste ja vaimse kultuurip\u00e4randi n\u00e4htuste esitlusele p\u00fchendatud n\u00e4ituse- ja messiala Viljandi spordihoones, P\u00e4rimusmuusika Aidas ja seda \u00fcmbritseval alal. Koos samal ajal toimuva parandusfestivali ja P\u00e4rimusmuusika L\u00f5ikuspeoga muutub Viljandi selleks &#8230;<\/p>\n","protected":false},"author":342,"featured_media":0,"parent":0,"menu_order":0,"comment_status":"closed","ping_status":"closed","template":"","meta":{"_acf_changed":false,"inline_featured_image":false,"footnotes":""},"class_list":["post-94","page","type-page","status-publish","hentry"],"acf":[],"_links":{"self":[{"href":"https:\/\/sisu.ut.ee\/parandusfestival2024\/wp-json\/wp\/v2\/pages\/94","targetHints":{"allow":["GET"]}}],"collection":[{"href":"https:\/\/sisu.ut.ee\/parandusfestival2024\/wp-json\/wp\/v2\/pages"}],"about":[{"href":"https:\/\/sisu.ut.ee\/parandusfestival2024\/wp-json\/wp\/v2\/types\/page"}],"author":[{"embeddable":true,"href":"https:\/\/sisu.ut.ee\/parandusfestival2024\/wp-json\/wp\/v2\/users\/342"}],"replies":[{"embeddable":true,"href":"https:\/\/sisu.ut.ee\/parandusfestival2024\/wp-json\/wp\/v2\/comments?post=94"}],"version-history":[{"count":27,"href":"https:\/\/sisu.ut.ee\/parandusfestival2024\/wp-json\/wp\/v2\/pages\/94\/revisions"}],"predecessor-version":[{"id":1266,"href":"https:\/\/sisu.ut.ee\/parandusfestival2024\/wp-json\/wp\/v2\/pages\/94\/revisions\/1266"}],"wp:attachment":[{"href":"https:\/\/sisu.ut.ee\/parandusfestival2024\/wp-json\/wp\/v2\/media?parent=94"}],"curies":[{"name":"wp","href":"https:\/\/api.w.org\/{rel}","templated":true}]}}