{"id":9,"date":"2024-04-04T09:15:45","date_gmt":"2024-04-04T06:15:45","guid":{"rendered":"https:\/\/sisu.ut.ee\/parandusfestival2024\/kontakt\/"},"modified":"2024-10-03T10:00:12","modified_gmt":"2024-10-03T07:00:12","slug":"kontakt","status":"publish","type":"page","link":"https:\/\/sisu.ut.ee\/parandusfestival2024\/kontakt\/","title":{"rendered":"Kontakt"},"content":{"rendered":"<p class=\"has-extra-large-font-size\"><strong>Projekti meeskond:<\/strong><\/p>\n\n\n\n<p class=\"has-large-font-size\"><strong>Ave Matsin<br><\/strong>ave.matsin@ut.ee<br>Viljandi P\u00e4randusfestivali programmijuht<\/p>\n\n\n\n<p class=\"has-large-font-size\"><strong>Evelin Lagle-N\u00f5mm<br><\/strong>evelin.lagle-nomm@ut.ee<br>Viljandi P\u00e4randusfestivali projektijuht<\/p>\n\n\n\n<p class=\"has-large-font-size\"><strong>Lembe Lahtmaa<br><\/strong>lembe.lahtmaa@ut.ee<br>Konverentsi projektijuht<\/p>\n\n\n\n<p class=\"has-large-font-size\"><strong>K\u00e4trin Hanschmidt<br><\/strong>katrin.hanschmidt@viljandimaa.ee<br>UNESCO ala projektijuht<\/p>\n\n\n\n<p class=\"has-large-font-size\"><strong>Kadi Remann<br><\/strong>kadi5649@gmail.com<br>Parandusfestivali projektijuht<\/p>\n\n\n\n<p class=\"has-large-font-size\"><strong>Astrid Uus<br><\/strong>astrid.uus@ut.ee<br>P\u00e4randuspeo haridusprogrammi koordinaator<\/p>\n\n\n\n<p class=\"has-large-font-size\"><strong>Greete Paaskivi<\/strong><br>greete.paaskivi@ut.ee<br>Vabatahtlike koordinaator<\/p>\n\n\n\n<p class=\"has-large-font-size\"><strong>K\u00fcllike Pihkva<\/strong><br>kyllike.pihkva@ut.ee<br>N\u00e4ituste koordinaator<\/p>\n\n\n\n<p class=\"has-large-font-size\"><strong>Elerin Laurim\u00e4e<\/strong><br>elerin.laurimae@ut.ee<br>Eelarve spetsialist<\/p>\n\n\n\n<p class=\"has-large-font-size\">P\u00e4randusfestivalist mujal:<\/p>\n\n\n\n<ul class=\"wp-block-list\">\n<li class=\"has-large-font-size\"><a title=\"\" data-url=\"https:\/\/tartu2024.ee\/en\/parandusfestival\/\" href=\"https:\/\/tartu2024.ee\/en\/parandusfestival\/\" target=\"_blank\" rel=\"noopener\">P\u00e4randusfestival Tartu 2024 kodulehel<\/a><\/li>\n\n\n\n<li class=\"has-large-font-size\"><a title=\"\" data-url=\"https:\/\/www.facebook.com\/profile.php?id=100081388137017\" href=\"https:\/\/www.facebook.com\/events\/3706098346308076?ref=newsfeed\" target=\"_blank\" rel=\"noopener\">P\u00e4randusfestival Facebookis<\/a><\/li>\n\n\n\n<li class=\"has-large-font-size\"><a title=\"\" data-url=\"https:\/\/www.instagram.com\/parandilinnviljandi\/\" href=\"https:\/\/www.instagram.com\/parandilinnviljandi\/\" target=\"_blank\" rel=\"noopener\">P\u00e4randilinn Viljandi Instagram<\/a><\/li>\n<\/ul>\n","protected":false},"excerpt":{"rendered":"<p>Projekti meeskond: Ave Matsinave.matsin@ut.eeViljandi P\u00e4randusfestivali programmijuht Evelin Lagle-N\u00f5mmevelin.lagle-nomm@ut.eeViljandi P\u00e4randusfestivali projektijuht Lembe Lahtmaalembe.lahtmaa@ut.eeKonverentsi projektijuht K\u00e4trin Hanschmidtkatrin.hanschmidt@viljandimaa.eeUNESCO ala projektijuht Kadi Remannkadi5649@gmail.comParandusfestivali projektijuht Astrid Uusastrid.uus@ut.eeP\u00e4randuspeo haridusprogrammi koordinaator Greete Paaskivigreete.paaskivi@ut.eeVabatahtlike koordinaator K\u00fcllike Pihkvakyllike.pihkva@ut.eeN\u00e4ituste koordinaator Elerin Laurim\u00e4eelerin.laurimae@ut.eeEelarve spetsialist P\u00e4randusfestivalist mujal:<\/p>\n","protected":false},"author":342,"featured_media":0,"parent":0,"menu_order":0,"comment_status":"closed","ping_status":"closed","template":"","meta":{"_acf_changed":false,"inline_featured_image":false,"footnotes":""},"class_list":["post-9","page","type-page","status-publish","hentry"],"acf":[],"_links":{"self":[{"href":"https:\/\/sisu.ut.ee\/parandusfestival2024\/wp-json\/wp\/v2\/pages\/9","targetHints":{"allow":["GET"]}}],"collection":[{"href":"https:\/\/sisu.ut.ee\/parandusfestival2024\/wp-json\/wp\/v2\/pages"}],"about":[{"href":"https:\/\/sisu.ut.ee\/parandusfestival2024\/wp-json\/wp\/v2\/types\/page"}],"author":[{"embeddable":true,"href":"https:\/\/sisu.ut.ee\/parandusfestival2024\/wp-json\/wp\/v2\/users\/342"}],"replies":[{"embeddable":true,"href":"https:\/\/sisu.ut.ee\/parandusfestival2024\/wp-json\/wp\/v2\/comments?post=9"}],"version-history":[{"count":13,"href":"https:\/\/sisu.ut.ee\/parandusfestival2024\/wp-json\/wp\/v2\/pages\/9\/revisions"}],"predecessor-version":[{"id":1212,"href":"https:\/\/sisu.ut.ee\/parandusfestival2024\/wp-json\/wp\/v2\/pages\/9\/revisions\/1212"}],"wp:attachment":[{"href":"https:\/\/sisu.ut.ee\/parandusfestival2024\/wp-json\/wp\/v2\/media?parent=9"}],"curies":[{"name":"wp","href":"https:\/\/api.w.org\/{rel}","templated":true}]}}