{"id":813,"date":"2024-09-13T11:52:49","date_gmt":"2024-09-13T08:52:49","guid":{"rendered":"https:\/\/sisu.ut.ee\/parandusfestival2024\/?page_id=813"},"modified":"2024-09-13T12:08:56","modified_gmt":"2024-09-13T09:08:56","slug":"tule-vabatahtlikuks","status":"publish","type":"page","link":"https:\/\/sisu.ut.ee\/parandusfestival2024\/tule-vabatahtlikuks\/","title":{"rendered":"Tule p\u00e4randusfestivali vabatahtlikuks\u00a0"},"content":{"rendered":"<p><\/p>\n\n\n\n<p class=\"has-large-font-size\"><strong>Viljandi p\u00e4randusfestival otsib 1.-5. oktoobriks tuge festivali edukaks toimimiseks. Kandideerima on oodatud erineva taustaga inimesed: need, kes soovivad arendada endas uusi oskusi aga ka professionaalid, kes on valmis oma oskusi teistega jagama.\u00a0<\/strong><\/p>\n\n\n\n<p class=\"has-large-font-size\">Vabatahtlikel on v\u00f5imalik l\u00fc\u00fca kaasa erinevate t\u00f6\u00f6\u00fclesannete t\u00e4itmisel. Nende hulka kuuluvad muuhulgas info edastamine, k\u00fclaliste saatmine, tehnika \u00fclesseadmine, keskkonnahoidlikkuse tagamine, sotsiaalmeedia sisu loomine ja \u00fcrituste j\u00e4\u00e4dvustamine. Kandidaadid saavad anda m\u00e4rku oma eelistustest ja soovidest.\u00a0<\/p>\n\n\n\n<p><\/p>\n\n\n\n<figure class=\"wp-block-image size-large is-resized\"><img loading=\"lazy\" decoding=\"async\" width=\"1024\" height=\"576\" src=\"https:\/\/sisu.ut.ee\/wp-content\/uploads\/sites\/693\/v2-1024x576.png\" alt=\"\" class=\"wp-image-814\" style=\"width:1042px;height:auto\" srcset=\"https:\/\/sisu.ut.ee\/wp-content\/uploads\/sites\/693\/v2-1024x576.png 1024w, https:\/\/sisu.ut.ee\/wp-content\/uploads\/sites\/693\/v2-300x169.png 300w, https:\/\/sisu.ut.ee\/wp-content\/uploads\/sites\/693\/v2-768x432.png 768w, https:\/\/sisu.ut.ee\/wp-content\/uploads\/sites\/693\/v2-1536x864.png 1536w, https:\/\/sisu.ut.ee\/wp-content\/uploads\/sites\/693\/v2.png 1920w\" sizes=\"auto, (max-width: 1024px) 100vw, 1024px\"><\/figure>\n\n\n\n<p class=\"has-large-font-size\"><\/p>\n\n\n\n<p class=\"has-extra-large-font-size\"><strong>Kandideerimine<\/strong><\/p>\n\n\n\n<div class=\"wp-block-buttons is-layout-flex wp-block-buttons-is-layout-flex\">\n<div class=\"wp-block-button has-custom-font-size has-regular-font-size\"><a class=\"wp-block-button__link has-primary-background-color has-background wp-element-button\" href=\"https:\/\/forms.gle\/a6C3CzC4FQ4g53gY8\" target=\"_blank\" rel=\"noreferrer noopener\"><strong>KANDIDEERI SIIN<\/strong><\/a><\/div>\n<\/div>\n\n\n\n<p><\/p>\n\n\n\n<p class=\"has-large-font-size\"><strong>Kandideerimise t\u00e4htaeg:<\/strong> 23.09.2024 kell 23:59.\u00a0<\/p>\n\n\n\n<p class=\"has-large-font-size\">P\u00e4rast ankeedi t\u00e4itmist v\u00f5etakse kandideerijatega \u00fchendust ning selgitatakse v\u00e4lja, millised \u00fclesandeid kandidaat t\u00e4itma hakkab.\u00a0<\/p>\n\n\n\n<p class=\"has-extra-large-font-size\"><strong>Mida pakub Viljandi p\u00e4randusfestival vabatahtlikule?<\/strong>\u00a0<\/p>\n\n\n\n<p class=\"has-large-font-size\">Vabatahtliku t\u00f6\u00f6 pakub palju r\u00f5\u00f5mu ja hariduslikku t\u00f6\u00f6kogemust. P\u00e4randusfestivali vabatahtlikud saavad olla osa kokkuhoidvast tiimist. Vabatahtliku kogemus annab v\u00f5imaluse luua kontakte ja kasvatada oma v\u00f5rgustikku, mis koosneb suurep\u00e4rastest esinejatest, korraldajatest, vision\u00e4\u00e4ridest ja kogukondade esindajatest. Lisaks saavad k\u00f5ik vabatahtlikud p\u00e4randusfestivali s\u00e4rgi, t\u00e4nukoti, koolitust vastavalt ametikohale, toitlustust vastavalt t\u00f6\u00f6vahetusele ning vajadusel majutust. Lisaks toimub 4. oktoobri \u00f5htul t\u00e4nupidu k\u00f5igile vabatahtlikele.\u00a0<\/p>\n\n\n\n<p class=\"has-large-font-size\">K\u00fcsimused on oodatud aadressil <a href=\"mailto:greete.paaskivi@ut.ee\" target=\"_blank\" rel=\"noreferrer noopener\">greete.paaskivi@ut.ee<\/a> v\u00f5i telefonil +372 5333 1367.\u00a0<\/p>\n","protected":false},"excerpt":{"rendered":"<p>Viljandi p\u00e4randusfestival otsib 1.-5. oktoobriks tuge festivali edukaks toimimiseks. Kandideerima on oodatud erineva taustaga inimesed: need, kes soovivad arendada endas uusi oskusi aga ka professionaalid, kes on valmis oma oskusi teistega jagama.\u00a0 Vabatahtlikel on v\u00f5imalik l\u00fc\u00fca kaasa erinevate t\u00f6\u00f6\u00fclesannete t\u00e4itmisel. &#8230;<\/p>\n","protected":false},"author":615,"featured_media":0,"parent":0,"menu_order":0,"comment_status":"closed","ping_status":"closed","template":"","meta":{"_acf_changed":false,"inline_featured_image":false,"footnotes":""},"class_list":["post-813","page","type-page","status-publish","hentry"],"acf":[],"_links":{"self":[{"href":"https:\/\/sisu.ut.ee\/parandusfestival2024\/wp-json\/wp\/v2\/pages\/813","targetHints":{"allow":["GET"]}}],"collection":[{"href":"https:\/\/sisu.ut.ee\/parandusfestival2024\/wp-json\/wp\/v2\/pages"}],"about":[{"href":"https:\/\/sisu.ut.ee\/parandusfestival2024\/wp-json\/wp\/v2\/types\/page"}],"author":[{"embeddable":true,"href":"https:\/\/sisu.ut.ee\/parandusfestival2024\/wp-json\/wp\/v2\/users\/615"}],"replies":[{"embeddable":true,"href":"https:\/\/sisu.ut.ee\/parandusfestival2024\/wp-json\/wp\/v2\/comments?post=813"}],"version-history":[{"count":5,"href":"https:\/\/sisu.ut.ee\/parandusfestival2024\/wp-json\/wp\/v2\/pages\/813\/revisions"}],"predecessor-version":[{"id":823,"href":"https:\/\/sisu.ut.ee\/parandusfestival2024\/wp-json\/wp\/v2\/pages\/813\/revisions\/823"}],"wp:attachment":[{"href":"https:\/\/sisu.ut.ee\/parandusfestival2024\/wp-json\/wp\/v2\/media?parent=813"}],"curies":[{"name":"wp","href":"https:\/\/api.w.org\/{rel}","templated":true}]}}