{"id":8,"date":"2024-04-04T09:15:45","date_gmt":"2024-04-04T06:15:45","guid":{"rendered":"https:\/\/sisu.ut.ee\/parandusfestival2024\/parandusfestival\/"},"modified":"2024-10-03T12:38:35","modified_gmt":"2024-10-03T09:38:35","slug":"parandusfestival","status":"publish","type":"page","link":"https:\/\/sisu.ut.ee\/parandusfestival2024\/parandusfestival\/","title":{"rendered":"Parandusala"},"content":{"rendered":"<p class=\"has-large-font-size\">Parandusala asub Viljandi Spordihoone vanas majas.<\/p>\n\n\n\n<p class=\"has-extra-large-font-size\"><strong>R,<\/strong> <strong>4. oktoober 2024<\/strong> <strong>kell 11-18<\/strong><br><strong>L, 5. oktoober 2024<\/strong> <strong>kell 10-17<\/strong><\/p>\n\n\n\n<figure class=\"wp-block-gallery has-nested-images columns-default is-cropped wp-block-gallery-1 is-layout-flex wp-block-gallery-is-layout-flex\">\n<figure class=\"wp-block-image size-large\"><img loading=\"lazy\" decoding=\"async\" width=\"1024\" height=\"683\" data-id=\"477\" src=\"https:\/\/sisu.ut.ee\/wp-content\/uploads\/sites\/693\/53221449596_3f0acae9ac_o-1024x683.jpg\" alt=\"\" class=\"wp-image-477\" srcset=\"https:\/\/sisu.ut.ee\/wp-content\/uploads\/sites\/693\/53221449596_3f0acae9ac_o-1024x683.jpg 1024w, https:\/\/sisu.ut.ee\/wp-content\/uploads\/sites\/693\/53221449596_3f0acae9ac_o-300x200.jpg 300w, https:\/\/sisu.ut.ee\/wp-content\/uploads\/sites\/693\/53221449596_3f0acae9ac_o-768x512.jpg 768w, https:\/\/sisu.ut.ee\/wp-content\/uploads\/sites\/693\/53221449596_3f0acae9ac_o-1536x1024.jpg 1536w, https:\/\/sisu.ut.ee\/wp-content\/uploads\/sites\/693\/53221449596_3f0acae9ac_o-2048x1365.jpg 2048w, https:\/\/sisu.ut.ee\/wp-content\/uploads\/sites\/693\/53221449596_3f0acae9ac_o-1920x1280.jpg 1920w\" sizes=\"auto, (max-width: 1024px) 100vw, 1024px\"><\/figure>\n\n\n\n<figure class=\"wp-block-image size-large\"><img loading=\"lazy\" decoding=\"async\" width=\"1024\" height=\"683\" data-id=\"471\" src=\"https:\/\/sisu.ut.ee\/wp-content\/uploads\/sites\/693\/52368894294_c205112e20_o-1024x683.jpg\" alt=\"\" class=\"wp-image-471\" srcset=\"https:\/\/sisu.ut.ee\/wp-content\/uploads\/sites\/693\/52368894294_c205112e20_o-1024x683.jpg 1024w, https:\/\/sisu.ut.ee\/wp-content\/uploads\/sites\/693\/52368894294_c205112e20_o-300x200.jpg 300w, https:\/\/sisu.ut.ee\/wp-content\/uploads\/sites\/693\/52368894294_c205112e20_o-768x512.jpg 768w, https:\/\/sisu.ut.ee\/wp-content\/uploads\/sites\/693\/52368894294_c205112e20_o-1536x1024.jpg 1536w, https:\/\/sisu.ut.ee\/wp-content\/uploads\/sites\/693\/52368894294_c205112e20_o-2048x1365.jpg 2048w, https:\/\/sisu.ut.ee\/wp-content\/uploads\/sites\/693\/52368894294_c205112e20_o-1920x1280.jpg 1920w\" sizes=\"auto, (max-width: 1024px) 100vw, 1024px\"><\/figure>\n\n\n\n<figure class=\"wp-block-image size-large\"><img loading=\"lazy\" decoding=\"async\" width=\"1024\" height=\"683\" data-id=\"469\" src=\"https:\/\/sisu.ut.ee\/wp-content\/uploads\/sites\/693\/52369010105_79cafd01a5_o-1024x683.jpg\" alt=\"\" class=\"wp-image-469\" srcset=\"https:\/\/sisu.ut.ee\/wp-content\/uploads\/sites\/693\/52369010105_79cafd01a5_o-1024x683.jpg 1024w, https:\/\/sisu.ut.ee\/wp-content\/uploads\/sites\/693\/52369010105_79cafd01a5_o-300x200.jpg 300w, https:\/\/sisu.ut.ee\/wp-content\/uploads\/sites\/693\/52369010105_79cafd01a5_o-768x512.jpg 768w, https:\/\/sisu.ut.ee\/wp-content\/uploads\/sites\/693\/52369010105_79cafd01a5_o-1536x1024.jpg 1536w, https:\/\/sisu.ut.ee\/wp-content\/uploads\/sites\/693\/52369010105_79cafd01a5_o-2048x1365.jpg 2048w, https:\/\/sisu.ut.ee\/wp-content\/uploads\/sites\/693\/52369010105_79cafd01a5_o-1920x1280.jpg 1920w\" sizes=\"auto, (max-width: 1024px) 100vw, 1024px\"><\/figure>\n<\/figure>\n\n\n\n<p class=\"has-large-font-size\">Parandusalal saad osaleda erinevates t\u00f6\u00f6tubades ja loengutes, mis pakuvad k\u00fclastajale v\u00f5imalust uusi oskusi omandada ja oma armsaks saanud, ent kulunud v\u00f5i katkisi esemeid turgutada. Nii v\u00f5id r\u00f5ivad, prillid, kellad kui kere \u00e4ra parandada ning hooldust vajavad ehted ja jalgrattad justkui uuele elule aidata.<\/p>\n\n\n\n<p class=\"has-large-font-size\">T\u00f6\u00f6tubades on v\u00f5imalik osaleda 4. oktoobril vahemikus 11-18 ja 5. oktoobril vahemikus 10-17. Tule oma katkise esemega v\u00f5i k\u00fcsi lihtsalt meistrilt n\u00f5u!<br>Toimub ka Eesti suurim <strong>sokiparanduss\u00fcndmus SOKATON!<\/strong><\/p>\n\n\n\n<p class=\"has-large-font-size\"><strong>Vaata paranaduseala programmi suuremalt <a href=\"https:\/\/sisu.ut.ee\/wp-content\/uploads\/sites\/693\/P4randus_t66toad_A2_01c-2.pdf\" target=\"_blank\" rel=\"noreferrer noopener\">siit<\/a>.  Loengutesse saad registreeruda <a href=\"https:\/\/forms.gle\/MGqvjpX9dUYfcTJG9\">s<\/a><a href=\"https:\/\/forms.gle\/MGqvjpX9dUYfcTJG9\" target=\"_blank\" rel=\"noreferrer noopener\">iin<\/a>.<\/strong><\/p>\n\n\n\n<figure class=\"wp-block-image size-large\"><img loading=\"lazy\" decoding=\"async\" width=\"724\" height=\"1024\" src=\"https:\/\/sisu.ut.ee\/wp-content\/uploads\/sites\/693\/P4randus_t66toad_A2_01c.pdf-724x1024.png\" alt=\"\" class=\"wp-image-1243\" srcset=\"https:\/\/sisu.ut.ee\/wp-content\/uploads\/sites\/693\/P4randus_t66toad_A2_01c.pdf-724x1024.png 724w, https:\/\/sisu.ut.ee\/wp-content\/uploads\/sites\/693\/P4randus_t66toad_A2_01c.pdf-212x300.png 212w, https:\/\/sisu.ut.ee\/wp-content\/uploads\/sites\/693\/P4randus_t66toad_A2_01c.pdf-768x1086.png 768w, https:\/\/sisu.ut.ee\/wp-content\/uploads\/sites\/693\/P4randus_t66toad_A2_01c.pdf-1086x1536.png 1086w, https:\/\/sisu.ut.ee\/wp-content\/uploads\/sites\/693\/P4randus_t66toad_A2_01c.pdf-1448x2048.png 1448w, https:\/\/sisu.ut.ee\/wp-content\/uploads\/sites\/693\/P4randus_t66toad_A2_01c.pdf.png 1587w\" sizes=\"auto, (max-width: 724px) 100vw, 724px\"><\/figure>\n\n\n\n<p class=\"has-extra-large-font-size\"><\/p>\n","protected":false},"excerpt":{"rendered":"<p>Parandusala asub Viljandi Spordihoone vanas majas. R, 4. oktoober 2024 kell 11-18L, 5. oktoober 2024 kell 10-17 Parandusalal saad osaleda erinevates t\u00f6\u00f6tubades ja loengutes, mis pakuvad k\u00fclastajale v\u00f5imalust uusi oskusi omandada ja oma armsaks saanud, ent kulunud v\u00f5i katkisi esemeid &#8230;<\/p>\n","protected":false},"author":342,"featured_media":0,"parent":0,"menu_order":0,"comment_status":"closed","ping_status":"closed","template":"","meta":{"_acf_changed":false,"inline_featured_image":false,"footnotes":""},"class_list":["post-8","page","type-page","status-publish","hentry"],"acf":[],"_links":{"self":[{"href":"https:\/\/sisu.ut.ee\/parandusfestival2024\/wp-json\/wp\/v2\/pages\/8","targetHints":{"allow":["GET"]}}],"collection":[{"href":"https:\/\/sisu.ut.ee\/parandusfestival2024\/wp-json\/wp\/v2\/pages"}],"about":[{"href":"https:\/\/sisu.ut.ee\/parandusfestival2024\/wp-json\/wp\/v2\/types\/page"}],"author":[{"embeddable":true,"href":"https:\/\/sisu.ut.ee\/parandusfestival2024\/wp-json\/wp\/v2\/users\/342"}],"replies":[{"embeddable":true,"href":"https:\/\/sisu.ut.ee\/parandusfestival2024\/wp-json\/wp\/v2\/comments?post=8"}],"version-history":[{"count":30,"href":"https:\/\/sisu.ut.ee\/parandusfestival2024\/wp-json\/wp\/v2\/pages\/8\/revisions"}],"predecessor-version":[{"id":1280,"href":"https:\/\/sisu.ut.ee\/parandusfestival2024\/wp-json\/wp\/v2\/pages\/8\/revisions\/1280"}],"wp:attachment":[{"href":"https:\/\/sisu.ut.ee\/parandusfestival2024\/wp-json\/wp\/v2\/media?parent=8"}],"curies":[{"name":"wp","href":"https:\/\/api.w.org\/{rel}","templated":true}]}}